{"id":5402,"date":"2025-10-31T11:55:55","date_gmt":"2025-10-31T10:55:55","guid":{"rendered":"https:\/\/agora.xtec.cat\/ceipjosepmontserrat\/?page_id=5402"},"modified":"2026-03-25T11:56:43","modified_gmt":"2026-03-25T10:56:43","slug":"musicaccio","status":"publish","type":"page","link":"https:\/\/agora.xtec.cat\/ceipjosepmontserrat\/musicaccio\/","title":{"rendered":"MUSICACCI\u00d3"},"content":{"rendered":"\n<p>&#8220;<em>Musicacci\u00f3 <\/em>&#8221; \u00e9s un projecte de l&#8217;Escola Municipal de M\u00fasica de Matar\u00f3 que inclou diverses activitats musicals per a les escoles de prim\u00e0ria. Aquest curs hem realitzat l&#8217;activitat de GOSPEL durant aquest 2n trimestre. Aqu\u00ed us deixem una imatge del petit concert presentaci\u00f3 de final de l&#8217;activitat.<\/p>\n\n\n\n<figure class=\"wp-block-image size-large is-style-default\"><a href=\"https:\/\/agora.xtec.cat\/ceipjosepmontserrat\/wp-content\/uploads\/usu2501\/2026\/03\/Gospel-pres.png\"><img loading=\"lazy\" decoding=\"async\" width=\"1024\" height=\"703\" src=\"https:\/\/agora.xtec.cat\/ceipjosepmontserrat\/wp-content\/uploads\/usu2501\/2026\/03\/Gospel-pres-1024x703.png\" alt=\"\" class=\"wp-image-5899\" srcset=\"https:\/\/agora.xtec.cat\/ceipjosepmontserrat\/wp-content\/uploads\/usu2501\/2026\/03\/Gospel-pres-1024x703.png 1024w, https:\/\/agora.xtec.cat\/ceipjosepmontserrat\/wp-content\/uploads\/usu2501\/2026\/03\/Gospel-pres-300x206.png 300w, https:\/\/agora.xtec.cat\/ceipjosepmontserrat\/wp-content\/uploads\/usu2501\/2026\/03\/Gospel-pres-768x527.png 768w, https:\/\/agora.xtec.cat\/ceipjosepmontserrat\/wp-content\/uploads\/usu2501\/2026\/03\/Gospel-pres.png 1213w\" sizes=\"auto, (max-width: 1024px) 100vw, 1024px\" \/><\/a><\/figure>\n\n\n\n<p><\/p>\n","protected":false},"excerpt":{"rendered":"<p>&#8220;Musicacci\u00f3 &#8221; \u00e9s un projecte de l&#8217;Escola Municipal de M\u00fasica de Matar\u00f3 que inclou diverses activitats musicals per a les escoles de prim\u00e0ria. Aquest curs hem realitzat l&#8217;activitat de GOSPEL durant aquest 2n trimestre. Aqu\u00ed us deixem una imatge del petit concert presentaci\u00f3 de final de l&#8217;activitat.<\/p>\n","protected":false},"author":1,"featured_media":0,"parent":0,"menu_order":0,"comment_status":"closed","ping_status":"close","template":"","meta":{"_bbp_topic_count":0,"_bbp_reply_count":0,"_bbp_total_topic_count":0,"_bbp_total_reply_count":0,"_bbp_voice_count":0,"_bbp_anonymous_reply_count":0,"_bbp_topic_count_hidden":0,"_bbp_reply_count_hidden":0,"_bbp_forum_subforum_count":0,"site-sidebar-layout":"default","site-content-layout":"","ast-site-content-layout":"default","site-content-style":"default","site-sidebar-style":"default","ast-global-header-display":"","ast-banner-title-visibility":"","ast-main-header-display":"","ast-hfb-above-header-display":"","ast-hfb-below-header-display":"","ast-hfb-mobile-header-display":"","site-post-title":"","ast-breadcrumbs-content":"","ast-featured-img":"","footer-sml-layout":"","theme-transparent-header-meta":"","adv-header-id-meta":"","stick-header-meta":"","header-above-stick-meta":"","header-main-stick-meta":"","header-below-stick-meta":"","astra-migrate-meta-layouts":"set","ast-page-background-enabled":"default","ast-page-background-meta":{"desktop":{"background-color":"var(--ast-global-color-4)","background-image":"","background-repeat":"repeat","background-position":"center center","background-size":"auto","background-attachment":"scroll","background-type":"","background-media":"","overlay-type":"","overlay-color":"","overlay-opacity":"","overlay-gradient":""},"tablet":{"background-color":"","background-image":"","background-repeat":"repeat","background-position":"center center","background-size":"auto","background-attachment":"scroll","background-type":"","background-media":"","overlay-type":"","overlay-color":"","overlay-opacity":"","overlay-gradient":""},"mobile":{"background-color":"","background-image":"","background-repeat":"repeat","background-position":"center center","background-size":"auto","background-attachment":"scroll","background-type":"","background-media":"","overlay-type":"","overlay-color":"","overlay-opacity":"","overlay-gradient":""}},"ast-content-background-meta":{"desktop":{"background-color":"var(--ast-global-color-5)","background-image":"","background-repeat":"repeat","background-position":"center center","background-size":"auto","background-attachment":"scroll","background-type":"","background-media":"","overlay-type":"","overlay-color":"","overlay-opacity":"","overlay-gradient":""},"tablet":{"background-color":"var(--ast-global-color-5)","background-image":"","background-repeat":"repeat","background-position":"center center","background-size":"auto","background-attachment":"scroll","background-type":"","background-media":"","overlay-type":"","overlay-color":"","overlay-opacity":"","overlay-gradient":""},"mobile":{"background-color":"var(--ast-global-color-5)","background-image":"","background-repeat":"repeat","background-position":"center center","background-size":"auto","background-attachment":"scroll","background-type":"","background-media":"","overlay-type":"","overlay-color":"","overlay-opacity":"","overlay-gradient":""}},"footnotes":""},"class_list":["post-5402","page","type-page","status-publish","hentry"],"post_mailing_queue_ids":[],"_links":{"self":[{"href":"https:\/\/agora.xtec.cat\/ceipjosepmontserrat\/wp-json\/wp\/v2\/pages\/5402","targetHints":{"allow":["GET"]}}],"collection":[{"href":"https:\/\/agora.xtec.cat\/ceipjosepmontserrat\/wp-json\/wp\/v2\/pages"}],"about":[{"href":"https:\/\/agora.xtec.cat\/ceipjosepmontserrat\/wp-json\/wp\/v2\/types\/page"}],"author":[{"embeddable":true,"href":"https:\/\/agora.xtec.cat\/ceipjosepmontserrat\/wp-json\/wp\/v2\/users\/1"}],"replies":[{"embeddable":true,"href":"https:\/\/agora.xtec.cat\/ceipjosepmontserrat\/wp-json\/wp\/v2\/comments?post=5402"}],"version-history":[{"count":4,"href":"https:\/\/agora.xtec.cat\/ceipjosepmontserrat\/wp-json\/wp\/v2\/pages\/5402\/revisions"}],"predecessor-version":[{"id":5902,"href":"https:\/\/agora.xtec.cat\/ceipjosepmontserrat\/wp-json\/wp\/v2\/pages\/5402\/revisions\/5902"}],"wp:attachment":[{"href":"https:\/\/agora.xtec.cat\/ceipjosepmontserrat\/wp-json\/wp\/v2\/media?parent=5402"}],"curies":[{"name":"wp","href":"https:\/\/api.w.org\/{rel}","templated":true}]}}