{"id":5353,"date":"2025-10-08T12:05:05","date_gmt":"2025-10-08T10:05:05","guid":{"rendered":"https:\/\/agora.xtec.cat\/ceipjosepmontserrat\/?page_id=5353"},"modified":"2026-03-23T10:33:44","modified_gmt":"2026-03-23T09:33:44","slug":"cantania","status":"publish","type":"page","link":"https:\/\/agora.xtec.cat\/ceipjosepmontserrat\/cantania\/","title":{"rendered":"CANTANIA"},"content":{"rendered":"\n<p>Els alumnes de 5\u00e8 com cada any participaran en el projecte CANTANIA que fa l&#8217;auditori de Barcelona.<\/p>\n\n\n\n<p>Al mes de maig es nostres alumnes participaran en aquesta obra musical conjuntament amb altres escoles de la ciutat, al Teatre Monumental de Matar\u00f3.<\/p>\n\n\n\n<h1 class=\"wp-block-heading has-text-align-center has-white-color has-ast-global-color-1-background-color has-text-color has-background has-link-color has-medium-font-size wp-elements-71712f96ba75f6b5ce90e907be352770\">CANT\u00c0NIA 2026 L\u2019\u00daLTIM RELLOTGE<\/h1>\n\n\n\n<p><strong>Composici\u00f3<\/strong><br><a href=\"https:\/\/www.auditori.cat\/ca\/artist\/jordi-cornudella\/\" data-type=\"artist\" data-id=\"105457\">Jordi Cornudella Heras<\/a><\/p>\n\n\n\n<p><strong>Dramat\u00fargia<\/strong><br><a href=\"https:\/\/www.auditori.cat\/ca\/artist\/tina-valles\/\" data-type=\"artist\" data-id=\"105455\">Tina Vall\u00e8s<\/a><\/p>\n\n\n\n<p><strong>Direcci\u00f3 musical<br><\/strong><a href=\"https:\/\/www.auditori.cat\/artist\/elisenda-carrasco\/\">Elisenda Carrasco<\/a>,&nbsp;<a href=\"https:\/\/www.auditori.cat\/artist\/oriol-castanyer\/\">Oriol Castanyer<\/a>,&nbsp;<a href=\"https:\/\/www.auditori.cat\/artist\/eva-martinez\/\">Eva Mart\u00ednez<\/a>&nbsp;i Ana Boixeda<\/p>\n\n\n\n<p><strong>Direcci\u00f3 esc\u00e8nica<br><\/strong><a href=\"https:\/\/www.auditori.cat\/artist\/adria-aubert\/\">Adri\u00e0 Aubert<\/a>&nbsp;i&nbsp;<a href=\"https:\/\/www.auditori.cat\/artist\/cristina-marti\/\">Cristina Mart\u00ed<\/a><\/p>\n\n\n\n<p><strong>Coordinaci\u00f3 musical<br><\/strong>Josep Prats<\/p>\n\n\n\n<p><strong>Int\u00e8rprets<\/strong>&nbsp;<strong>(m\u00fasics) enregistrament:<\/strong><br><strong>VEUS SOLISTES<\/strong>&nbsp;Mariona Llobera \/ Jordi Vidal<strong>&nbsp;\u00b7 PIANO&nbsp;<\/strong>Marc Serra<strong>&nbsp;\u00b7 CONTRABAIX\/BAIX EL\u00c8CTRIC<\/strong>&nbsp;Guillermo Prats<strong>&nbsp;\u00b7&nbsp;VIOLONCEL&nbsp;<\/strong>Jordi Claret<strong>&nbsp;\u00b7 VIOL\u00cd&nbsp;<\/strong>Anna Roca<strong>&nbsp;\u00b7 TROMB\u00d3&nbsp;<\/strong>Albert Costa<strong>&nbsp;\u00b7 TROMPETA&nbsp;<\/strong>Iv\u00f3 Oller&nbsp;<strong>\u00b7 CLARINET\/SAXOS&nbsp;<\/strong>Jordi Cornudella i Jordi Santanach &nbsp;<strong>\u00b7 PERCUSSI\u00d3&nbsp;<\/strong>Pol Rib\u00f3<\/p>\n\n\n\n<p>&nbsp;<\/p>\n\n\n\n<p>V\u00cdDEO ON S&#8217;EXPLICA EN QU\u00c8 CONSISTEIX EL PROJECTE CANT\u00c0NIA<\/p>\n\n\n\n<figure class=\"wp-block-embed is-type-video is-provider-youtube wp-block-embed-youtube wp-embed-aspect-16-9 wp-has-aspect-ratio\"><div class=\"wp-block-embed__wrapper\">\n<div class=\"ast-oembed-container \" style=\"height: 100%;\"><iframe loading=\"lazy\" title=\"Cant\u00e0nia, descobreix el projecte\" width=\"500\" height=\"281\" src=\"https:\/\/www.youtube.com\/embed\/Th8x2zymfJM?feature=oembed\" frameborder=\"0\" allow=\"accelerometer; autoplay; clipboard-write; encrypted-media; gyroscope; picture-in-picture; web-share\" referrerpolicy=\"strict-origin-when-cross-origin\" allowfullscreen><\/iframe><\/div>\n<\/div><\/figure>\n","protected":false},"excerpt":{"rendered":"<p>Els alumnes de 5\u00e8 com cada any participaran en el projecte CANTANIA que fa l&#8217;auditori de Barcelona. Al mes de maig es nostres alumnes participaran en aquesta obra musical conjuntament amb altres escoles de la ciutat, al Teatre Monumental de Matar\u00f3. CANT\u00c0NIA 2026 L\u2019\u00daLTIM RELLOTGE Composici\u00f3Jordi Cornudella Heras Dramat\u00fargiaTina Vall\u00e8s Direcci\u00f3 musicalElisenda Carrasco,&nbsp;Oriol Castanyer,&nbsp;Eva Mart\u00ednez&nbsp;i [&hellip;]<\/p>\n","protected":false},"author":1,"featured_media":0,"parent":0,"menu_order":0,"comment_status":"closed","ping_status":"closed","template":"","meta":{"_bbp_topic_count":0,"_bbp_reply_count":0,"_bbp_total_topic_count":0,"_bbp_total_reply_count":0,"_bbp_voice_count":0,"_bbp_anonymous_reply_count":0,"_bbp_topic_count_hidden":0,"_bbp_reply_count_hidden":0,"_bbp_forum_subforum_count":0,"site-sidebar-layout":"default","site-content-layout":"","ast-site-content-layout":"default","site-content-style":"default","site-sidebar-style":"default","ast-global-header-display":"","ast-banner-title-visibility":"","ast-main-header-display":"","ast-hfb-above-header-display":"","ast-hfb-below-header-display":"","ast-hfb-mobile-header-display":"","site-post-title":"","ast-breadcrumbs-content":"","ast-featured-img":"","footer-sml-layout":"","theme-transparent-header-meta":"","adv-header-id-meta":"","stick-header-meta":"","header-above-stick-meta":"","header-main-stick-meta":"","header-below-stick-meta":"","astra-migrate-meta-layouts":"set","ast-page-background-enabled":"default","ast-page-background-meta":{"desktop":{"background-color":"var(--ast-global-color-4)","background-image":"","background-repeat":"repeat","background-position":"center center","background-size":"auto","background-attachment":"scroll","background-type":"","background-media":"","overlay-type":"","overlay-color":"","overlay-opacity":"","overlay-gradient":""},"tablet":{"background-color":"","background-image":"","background-repeat":"repeat","background-position":"center center","background-size":"auto","background-attachment":"scroll","background-type":"","background-media":"","overlay-type":"","overlay-color":"","overlay-opacity":"","overlay-gradient":""},"mobile":{"background-color":"","background-image":"","background-repeat":"repeat","background-position":"center center","background-size":"auto","background-attachment":"scroll","background-type":"","background-media":"","overlay-type":"","overlay-color":"","overlay-opacity":"","overlay-gradient":""}},"ast-content-background-meta":{"desktop":{"background-color":"var(--ast-global-color-5)","background-image":"","background-repeat":"repeat","background-position":"center center","background-size":"auto","background-attachment":"scroll","background-type":"","background-media":"","overlay-type":"","overlay-color":"","overlay-opacity":"","overlay-gradient":""},"tablet":{"background-color":"var(--ast-global-color-5)","background-image":"","background-repeat":"repeat","background-position":"center center","background-size":"auto","background-attachment":"scroll","background-type":"","background-media":"","overlay-type":"","overlay-color":"","overlay-opacity":"","overlay-gradient":""},"mobile":{"background-color":"var(--ast-global-color-5)","background-image":"","background-repeat":"repeat","background-position":"center center","background-size":"auto","background-attachment":"scroll","background-type":"","background-media":"","overlay-type":"","overlay-color":"","overlay-opacity":"","overlay-gradient":""}},"footnotes":""},"class_list":["post-5353","page","type-page","status-publish","hentry"],"post_mailing_queue_ids":[],"_links":{"self":[{"href":"https:\/\/agora.xtec.cat\/ceipjosepmontserrat\/wp-json\/wp\/v2\/pages\/5353","targetHints":{"allow":["GET"]}}],"collection":[{"href":"https:\/\/agora.xtec.cat\/ceipjosepmontserrat\/wp-json\/wp\/v2\/pages"}],"about":[{"href":"https:\/\/agora.xtec.cat\/ceipjosepmontserrat\/wp-json\/wp\/v2\/types\/page"}],"author":[{"embeddable":true,"href":"https:\/\/agora.xtec.cat\/ceipjosepmontserrat\/wp-json\/wp\/v2\/users\/1"}],"replies":[{"embeddable":true,"href":"https:\/\/agora.xtec.cat\/ceipjosepmontserrat\/wp-json\/wp\/v2\/comments?post=5353"}],"version-history":[{"count":6,"href":"https:\/\/agora.xtec.cat\/ceipjosepmontserrat\/wp-json\/wp\/v2\/pages\/5353\/revisions"}],"predecessor-version":[{"id":5801,"href":"https:\/\/agora.xtec.cat\/ceipjosepmontserrat\/wp-json\/wp\/v2\/pages\/5353\/revisions\/5801"}],"wp:attachment":[{"href":"https:\/\/agora.xtec.cat\/ceipjosepmontserrat\/wp-json\/wp\/v2\/media?parent=5353"}],"curies":[{"name":"wp","href":"https:\/\/api.w.org\/{rel}","templated":true}]}}