{"id":4571,"date":"2023-07-13T12:43:03","date_gmt":"2023-07-13T10:43:03","guid":{"rendered":"https:\/\/agora.xtec.cat\/ceipjosepmontserrat\/?page_id=4571"},"modified":"2026-03-23T12:21:15","modified_gmt":"2026-03-23T11:21:15","slug":"gep","status":"publish","type":"page","link":"https:\/\/agora.xtec.cat\/ceipjosepmontserrat\/gep\/","title":{"rendered":"GEP"},"content":{"rendered":"<p><b><a href=\"https:\/\/agora.xtec.cat\/ceipjosepmontserrat\/wp-content\/uploads\/usu2501\/2023\/07\/gepweb.jpg\"><img loading=\"lazy\" decoding=\"async\" class=\"wp-image-4574 alignleft\" src=\"https:\/\/agora.xtec.cat\/ceipjosepmontserrat\/wp-content\/uploads\/usu2501\/2023\/07\/gepweb.jpg\" alt=\"\" width=\"170\" height=\"233\" srcset=\"https:\/\/agora.xtec.cat\/ceipjosepmontserrat\/wp-content\/uploads\/usu2501\/2023\/07\/gepweb.jpg 567w, https:\/\/agora.xtec.cat\/ceipjosepmontserrat\/wp-content\/uploads\/usu2501\/2023\/07\/gepweb-219x300.jpg 219w\" sizes=\"auto, (max-width: 170px) 100vw, 170px\" \/><\/a><\/b><\/p>\n<h4><b>GENERACI\u00d3 PLURILING\u00dcE (GEP)<\/b><\/h4>\n<p><span style=\"font-weight: 400;\">El GEP \u00e9s un programa del Departament d\u2019Ensenyament en qu\u00e8 participen un conjunt de centres de tot Catalunya i que t\u00e9 com a objectiu millorar la compet\u00e8ncia ling\u00fc\u00edstica i pluriling\u00fce de l\u2019alumnat.\u00a0<\/span><\/p>\n<p><span style=\"font-weight: 400;\">A trav\u00e9s d\u2019aquest projecte els alumnes tenen m\u00e9s oportunitats d\u2019utilitzar l\u2019angl\u00e8s com a llengua de comunicaci\u00f3 i aprenentatge amb activitats integrades de llengua i contingut des d\u2019Infantil fins a sis\u00e8.<\/span><\/p>\n<h3><span style=\"background-color: #ff6600;\"><b>Educaci\u00f3 infantil<\/b><\/span><\/h3>\n<p><b>I4 i I5<\/b><\/p>\n<ul>\n<li style=\"font-weight: 400;\" aria-level=\"1\"><span style=\"font-weight: 400;\">Sessions amb <\/span><b>grup desdoblat<\/b><span style=\"font-weight: 400;\"> on els infants treballen les rutines, contes, can\u00e7ons, jocs amb vocabulari i resposta f\u00edsica.<\/span><\/li>\n<\/ul>\n<h3><span style=\"background-color: #339966;\"><b>Educaci\u00f3 prim\u00e0ria<\/b><\/span><\/h3>\n<ul>\n<li style=\"font-weight: 400;\" aria-level=\"1\"><b>Tallers de medi i ci\u00e8ncia <\/b><span style=\"font-weight: 400;\">amb grup desdoblat <\/span><b>\u00a0<\/b><span style=\"font-weight: 400;\">.\u00a0<\/span><\/li>\n<li style=\"font-weight: 400;\" aria-level=\"1\"><span style=\"font-weight: 400;\">Duem a terme projectes amb metodologia<\/span><b> PBL<\/b><span style=\"font-weight: 400;\"> i apliquem metodologia <\/span><b>AICLE<\/b><span style=\"font-weight: 400;\">.<\/span><\/li>\n<li style=\"font-weight: 400;\" aria-level=\"1\"><span style=\"font-weight: 400;\">Activitats de<\/span><b> teatre en angl\u00e8s<\/b><span style=\"font-weight: 400;\"> a cada nivell.<\/span><\/li>\n<\/ul>\n<ul>\n<li style=\"font-weight: 400;\" aria-level=\"1\"><span style=\"font-weight: 400;\">Duem a terme <\/span><b>projectes<\/b><span style=\"font-weight: 400;\"> amb metodologia<\/span><b> PBL<\/b><span style=\"font-weight: 400;\"> i apliquem metodologia <\/span><b>AICLE.<\/b><\/li>\n<\/ul>\n<p>El projecte GEP ens apropa a la ci\u00e8ncia. Tota la prim\u00e0ria gaudeix d\u2019uns tallers on la llengua vehicular \u00e9s l\u2019angl\u00e8s.<\/p>\n<p>Durant el tercer trimestre l&#8217;alumnat de sis\u00e8 han treballat<strong> Magnets and magnetism.<\/strong><\/p>\n<p><a href=\"https:\/\/agora.xtec.cat\/ceipjosepmontserrat\/wp-content\/uploads\/usu2501\/2025\/05\/magnet-1.jpg\"><img loading=\"lazy\" decoding=\"async\" class=\"alignnone  wp-image-5291\" src=\"https:\/\/agora.xtec.cat\/ceipjosepmontserrat\/wp-content\/uploads\/usu2501\/2025\/05\/magnet-1-1024x768.jpg\" alt=\"\" width=\"985\" height=\"739\" srcset=\"https:\/\/agora.xtec.cat\/ceipjosepmontserrat\/wp-content\/uploads\/usu2501\/2025\/05\/magnet-1-1024x768.jpg 1024w, https:\/\/agora.xtec.cat\/ceipjosepmontserrat\/wp-content\/uploads\/usu2501\/2025\/05\/magnet-1-300x225.jpg 300w, https:\/\/agora.xtec.cat\/ceipjosepmontserrat\/wp-content\/uploads\/usu2501\/2025\/05\/magnet-1-768x576.jpg 768w, https:\/\/agora.xtec.cat\/ceipjosepmontserrat\/wp-content\/uploads\/usu2501\/2025\/05\/magnet-1-1536x1152.jpg 1536w, https:\/\/agora.xtec.cat\/ceipjosepmontserrat\/wp-content\/uploads\/usu2501\/2025\/05\/magnet-1-200x150.jpg 200w, https:\/\/agora.xtec.cat\/ceipjosepmontserrat\/wp-content\/uploads\/usu2501\/2025\/05\/magnet-1.jpg 2000w\" sizes=\"auto, (max-width: 985px) 100vw, 985px\" \/><\/a><\/p>\n<p>Durant el segon trimestre l&#8217;alumnat de cinqu\u00e8 ha treballat<strong> Mixtures and solutions.<\/strong><\/p>\n<p><a href=\"https:\/\/agora.xtec.cat\/ceipjosepmontserrat\/wp-content\/uploads\/usu2501\/2025\/02\/baixa.png\"><img loading=\"lazy\" decoding=\"async\" class=\"alignnone size-full wp-image-5174\" src=\"https:\/\/agora.xtec.cat\/ceipjosepmontserrat\/wp-content\/uploads\/usu2501\/2025\/02\/baixa.png\" alt=\"\" width=\"1000\" height=\"1000\" srcset=\"https:\/\/agora.xtec.cat\/ceipjosepmontserrat\/wp-content\/uploads\/usu2501\/2025\/02\/baixa.png 1000w, https:\/\/agora.xtec.cat\/ceipjosepmontserrat\/wp-content\/uploads\/usu2501\/2025\/02\/baixa-300x300.png 300w, https:\/\/agora.xtec.cat\/ceipjosepmontserrat\/wp-content\/uploads\/usu2501\/2025\/02\/baixa-150x150.png 150w, https:\/\/agora.xtec.cat\/ceipjosepmontserrat\/wp-content\/uploads\/usu2501\/2025\/02\/baixa-768x768.png 768w\" sizes=\"auto, (max-width: 1000px) 100vw, 1000px\" \/><\/a><\/p>\n<p><strong>Durant el segon trimestre l&#8217;alumnat de sis\u00e8 ha treballat Energy sources.<\/strong><\/p>\n<p><a href=\"https:\/\/agora.xtec.cat\/ceipjosepmontserrat\/wp-content\/uploads\/usu2501\/2025\/02\/Blank-4-Grids-Collage.png\"><img loading=\"lazy\" decoding=\"async\" class=\"alignnone size-full wp-image-5168\" src=\"https:\/\/agora.xtec.cat\/ceipjosepmontserrat\/wp-content\/uploads\/usu2501\/2025\/02\/Blank-4-Grids-Collage.png\" alt=\"\" width=\"1000\" height=\"1000\" srcset=\"https:\/\/agora.xtec.cat\/ceipjosepmontserrat\/wp-content\/uploads\/usu2501\/2025\/02\/Blank-4-Grids-Collage.png 1000w, https:\/\/agora.xtec.cat\/ceipjosepmontserrat\/wp-content\/uploads\/usu2501\/2025\/02\/Blank-4-Grids-Collage-300x300.png 300w, https:\/\/agora.xtec.cat\/ceipjosepmontserrat\/wp-content\/uploads\/usu2501\/2025\/02\/Blank-4-Grids-Collage-150x150.png 150w, https:\/\/agora.xtec.cat\/ceipjosepmontserrat\/wp-content\/uploads\/usu2501\/2025\/02\/Blank-4-Grids-Collage-768x768.png 768w\" sizes=\"auto, (max-width: 1000px) 100vw, 1000px\" \/><\/a><\/p>\n<p><strong>Durant el primer trimestre l&#8217;alumnat de primer ha treballat vertebrates and invertebrates.<\/strong><\/p>\n<p><a href=\"https:\/\/agora.xtec.cat\/ceipjosepmontserrat\/wp-content\/uploads\/usu2501\/2025\/01\/IMG_20241119_155126.jpg\"><img loading=\"lazy\" decoding=\"async\" class=\"alignnone wp-image-5112\" src=\"https:\/\/agora.xtec.cat\/ceipjosepmontserrat\/wp-content\/uploads\/usu2501\/2025\/01\/IMG_20241119_155126.jpg\" alt=\"\" width=\"303\" height=\"227\" srcset=\"https:\/\/agora.xtec.cat\/ceipjosepmontserrat\/wp-content\/uploads\/usu2501\/2025\/01\/IMG_20241119_155126.jpg 1000w, https:\/\/agora.xtec.cat\/ceipjosepmontserrat\/wp-content\/uploads\/usu2501\/2025\/01\/IMG_20241119_155126-300x225.jpg 300w, https:\/\/agora.xtec.cat\/ceipjosepmontserrat\/wp-content\/uploads\/usu2501\/2025\/01\/IMG_20241119_155126-768x576.jpg 768w, https:\/\/agora.xtec.cat\/ceipjosepmontserrat\/wp-content\/uploads\/usu2501\/2025\/01\/IMG_20241119_155126-200x150.jpg 200w\" sizes=\"auto, (max-width: 303px) 100vw, 303px\" \/><\/a><a href=\"https:\/\/agora.xtec.cat\/ceipjosepmontserrat\/wp-content\/uploads\/usu2501\/2025\/01\/IMG_20241126_160216.jpg\"><img loading=\"lazy\" decoding=\"async\" class=\"alignnone wp-image-5114\" src=\"https:\/\/agora.xtec.cat\/ceipjosepmontserrat\/wp-content\/uploads\/usu2501\/2025\/01\/IMG_20241126_160216.jpg\" alt=\"\" width=\"302\" height=\"227\" srcset=\"https:\/\/agora.xtec.cat\/ceipjosepmontserrat\/wp-content\/uploads\/usu2501\/2025\/01\/IMG_20241126_160216.jpg 1000w, https:\/\/agora.xtec.cat\/ceipjosepmontserrat\/wp-content\/uploads\/usu2501\/2025\/01\/IMG_20241126_160216-300x225.jpg 300w, https:\/\/agora.xtec.cat\/ceipjosepmontserrat\/wp-content\/uploads\/usu2501\/2025\/01\/IMG_20241126_160216-768x576.jpg 768w, https:\/\/agora.xtec.cat\/ceipjosepmontserrat\/wp-content\/uploads\/usu2501\/2025\/01\/IMG_20241126_160216-200x150.jpg 200w\" sizes=\"auto, (max-width: 302px) 100vw, 302px\" \/><\/a><a href=\"https:\/\/agora.xtec.cat\/ceipjosepmontserrat\/wp-content\/uploads\/usu2501\/2025\/01\/IMG_20241119_161653.jpg\"><img loading=\"lazy\" decoding=\"async\" class=\"alignnone wp-image-5113\" src=\"https:\/\/agora.xtec.cat\/ceipjosepmontserrat\/wp-content\/uploads\/usu2501\/2025\/01\/IMG_20241119_161653.jpg\" alt=\"\" width=\"303\" height=\"227\" srcset=\"https:\/\/agora.xtec.cat\/ceipjosepmontserrat\/wp-content\/uploads\/usu2501\/2025\/01\/IMG_20241119_161653.jpg 1000w, https:\/\/agora.xtec.cat\/ceipjosepmontserrat\/wp-content\/uploads\/usu2501\/2025\/01\/IMG_20241119_161653-300x225.jpg 300w, https:\/\/agora.xtec.cat\/ceipjosepmontserrat\/wp-content\/uploads\/usu2501\/2025\/01\/IMG_20241119_161653-768x576.jpg 768w, https:\/\/agora.xtec.cat\/ceipjosepmontserrat\/wp-content\/uploads\/usu2501\/2025\/01\/IMG_20241119_161653-200x150.jpg 200w\" sizes=\"auto, (max-width: 303px) 100vw, 303px\" \/><\/a><\/p>\n<p><strong>Durant el primer trimestre l&#8217;alumnat de quart ha fet el taller Green cities.\u00a0<\/strong><\/p>\n<p><a href=\"https:\/\/agora.xtec.cat\/ceipjosepmontserrat\/wp-content\/uploads\/usu2501\/2025\/01\/sketch.heic\"><img decoding=\"async\" class=\"alignnone size-full wp-image-5107\" src=\"https:\/\/agora.xtec.cat\/ceipjosepmontserrat\/wp-content\/uploads\/usu2501\/2025\/01\/sketch.heic\" alt=\"\" \/><\/a><a href=\"https:\/\/agora.xtec.cat\/ceipjosepmontserrat\/wp-content\/uploads\/usu2501\/2025\/01\/sketch.heic\"><img decoding=\"async\" class=\"alignnone size-full wp-image-5107\" src=\"https:\/\/agora.xtec.cat\/ceipjosepmontserrat\/wp-content\/uploads\/usu2501\/2025\/01\/sketch.heic\" alt=\"\" \/><\/a> <a href=\"https:\/\/agora.xtec.cat\/ceipjosepmontserrat\/wp-content\/uploads\/usu2501\/2025\/01\/sketch.jpg\"><img loading=\"lazy\" decoding=\"async\" class=\"alignnone wp-image-5108\" src=\"https:\/\/agora.xtec.cat\/ceipjosepmontserrat\/wp-content\/uploads\/usu2501\/2025\/01\/sketch-1024x879.jpg\" alt=\"\" width=\"345\" height=\"296\" srcset=\"https:\/\/agora.xtec.cat\/ceipjosepmontserrat\/wp-content\/uploads\/usu2501\/2025\/01\/sketch-1024x879.jpg 1024w, https:\/\/agora.xtec.cat\/ceipjosepmontserrat\/wp-content\/uploads\/usu2501\/2025\/01\/sketch-300x258.jpg 300w, https:\/\/agora.xtec.cat\/ceipjosepmontserrat\/wp-content\/uploads\/usu2501\/2025\/01\/sketch-768x659.jpg 768w, https:\/\/agora.xtec.cat\/ceipjosepmontserrat\/wp-content\/uploads\/usu2501\/2025\/01\/sketch-1536x1319.jpg 1536w, https:\/\/agora.xtec.cat\/ceipjosepmontserrat\/wp-content\/uploads\/usu2501\/2025\/01\/sketch.jpg 1761w\" sizes=\"auto, (max-width: 345px) 100vw, 345px\" \/> <\/a><a href=\"https:\/\/agora.xtec.cat\/ceipjosepmontserrat\/wp-content\/uploads\/usu2501\/2025\/01\/model1.jpg\"><img loading=\"lazy\" decoding=\"async\" class=\"alignnone wp-image-5109\" src=\"https:\/\/agora.xtec.cat\/ceipjosepmontserrat\/wp-content\/uploads\/usu2501\/2025\/01\/model1-972x1024.jpg\" alt=\"\" width=\"285\" height=\"300\" srcset=\"https:\/\/agora.xtec.cat\/ceipjosepmontserrat\/wp-content\/uploads\/usu2501\/2025\/01\/model1-972x1024.jpg 972w, https:\/\/agora.xtec.cat\/ceipjosepmontserrat\/wp-content\/uploads\/usu2501\/2025\/01\/model1-285x300.jpg 285w, https:\/\/agora.xtec.cat\/ceipjosepmontserrat\/wp-content\/uploads\/usu2501\/2025\/01\/model1-768x809.jpg 768w, https:\/\/agora.xtec.cat\/ceipjosepmontserrat\/wp-content\/uploads\/usu2501\/2025\/01\/model1.jpg 1435w\" sizes=\"auto, (max-width: 285px) 100vw, 285px\" \/><\/a><a href=\"https:\/\/agora.xtec.cat\/ceipjosepmontserrat\/wp-content\/uploads\/usu2501\/2025\/01\/model.jpg\"><img loading=\"lazy\" decoding=\"async\" class=\"wp-image-5110 alignleft\" src=\"https:\/\/agora.xtec.cat\/ceipjosepmontserrat\/wp-content\/uploads\/usu2501\/2025\/01\/model-900x1024.jpg\" alt=\"\" width=\"260\" height=\"296\" srcset=\"https:\/\/agora.xtec.cat\/ceipjosepmontserrat\/wp-content\/uploads\/usu2501\/2025\/01\/model-900x1024.jpg 900w, https:\/\/agora.xtec.cat\/ceipjosepmontserrat\/wp-content\/uploads\/usu2501\/2025\/01\/model-264x300.jpg 264w, https:\/\/agora.xtec.cat\/ceipjosepmontserrat\/wp-content\/uploads\/usu2501\/2025\/01\/model-768x874.jpg 768w, https:\/\/agora.xtec.cat\/ceipjosepmontserrat\/wp-content\/uploads\/usu2501\/2025\/01\/model-1350x1536.jpg 1350w, https:\/\/agora.xtec.cat\/ceipjosepmontserrat\/wp-content\/uploads\/usu2501\/2025\/01\/model.jpg 1404w\" sizes=\"auto, (max-width: 260px) 100vw, 260px\" \/><\/a><\/p>\n<p><strong>En aquestes imatges podeu veure com treballem els circuits el\u00e8ctrics amb l\u2019alumnat de sis\u00e8.\u00a0<\/strong><\/p>\n<p><a href=\"https:\/\/agora.xtec.cat\/ceipjosepmontserrat\/wp-content\/uploads\/usu2501\/2024\/12\/Mix-ciencies-GEP.jpg\"><img loading=\"lazy\" decoding=\"async\" class=\"alignnone size-full wp-image-5050\" src=\"https:\/\/agora.xtec.cat\/ceipjosepmontserrat\/wp-content\/uploads\/usu2501\/2024\/12\/Mix-ciencies-GEP.jpg\" alt=\"\" width=\"618\" height=\"460\" srcset=\"https:\/\/agora.xtec.cat\/ceipjosepmontserrat\/wp-content\/uploads\/usu2501\/2024\/12\/Mix-ciencies-GEP.jpg 618w, https:\/\/agora.xtec.cat\/ceipjosepmontserrat\/wp-content\/uploads\/usu2501\/2024\/12\/Mix-ciencies-GEP-300x223.jpg 300w, https:\/\/agora.xtec.cat\/ceipjosepmontserrat\/wp-content\/uploads\/usu2501\/2024\/12\/Mix-ciencies-GEP-200x150.jpg 200w\" sizes=\"auto, (max-width: 618px) 100vw, 618px\" \/><\/a><\/p>\n<h2>CURS 25-26<\/h2>\n<p><strong>Durant el mes de gener, l&#8217;alumnat de l&#8217;escola ha pogut gaudir de tallers d&#8217;angl\u00e8s.<\/strong><\/p>\n<p><a href=\"https:\/\/agora.xtec.cat\/ceipjosepmontserrat\/wp-content\/uploads\/usu2501\/2026\/01\/a1T-e1770293045178.jpg\"><img loading=\"lazy\" decoding=\"async\" class=\"alignnone wp-image-5562 size-full\" src=\"https:\/\/agora.xtec.cat\/ceipjosepmontserrat\/wp-content\/uploads\/usu2501\/2026\/01\/a1T.jpg\" alt=\"\" width=\"497\" height=\"515\" srcset=\"https:\/\/agora.xtec.cat\/ceipjosepmontserrat\/wp-content\/uploads\/usu2501\/2026\/01\/a1T.jpg 497w, https:\/\/agora.xtec.cat\/ceipjosepmontserrat\/wp-content\/uploads\/usu2501\/2026\/01\/a1T-290x300.jpg 290w\" sizes=\"auto, (max-width: 497px) 100vw, 497px\" \/><\/a><\/p>\n<p><a href=\"https:\/\/agora.xtec.cat\/ceipjosepmontserrat\/wp-content\/uploads\/usu2501\/2026\/01\/IMG_4375.jpeg\"><img loading=\"lazy\" decoding=\"async\" class=\" wp-image-5586\" src=\"https:\/\/agora.xtec.cat\/ceipjosepmontserrat\/wp-content\/uploads\/usu2501\/2026\/01\/IMG_4375.jpeg\" alt=\"\" width=\"498\" height=\"494\" srcset=\"https:\/\/agora.xtec.cat\/ceipjosepmontserrat\/wp-content\/uploads\/usu2501\/2026\/01\/IMG_4375.jpeg 877w, https:\/\/agora.xtec.cat\/ceipjosepmontserrat\/wp-content\/uploads\/usu2501\/2026\/01\/IMG_4375-300x298.jpeg 300w, https:\/\/agora.xtec.cat\/ceipjosepmontserrat\/wp-content\/uploads\/usu2501\/2026\/01\/IMG_4375-150x150.jpeg 150w, https:\/\/agora.xtec.cat\/ceipjosepmontserrat\/wp-content\/uploads\/usu2501\/2026\/01\/IMG_4375-768x762.jpeg 768w\" sizes=\"auto, (max-width: 498px) 100vw, 498px\" \/><\/a><\/p>\n<h2>CURS 24-25<\/h2>\n<p><strong>Durant dues setmanes l\u2019alumnat de prim\u00e0ria ha pogut gaudir d\u2019uns tallers de sciences dins del projecte Gep de l\u2019escola.<\/strong><\/p>\n<p>A trav\u00e9s de diferents experiments ha pogut utilitzar l\u2019angl\u00e8s en l\u2019\u00e0rea de medi.<\/p>\n<p>A<strong> prime<\/strong>r han treballat la roda de Newton creant una il\u2022lusi\u00f3 \u00f2ptica.<\/p>\n<p><a href=\"https:\/\/agora.xtec.cat\/ceipjosepmontserrat\/wp-content\/uploads\/usu2501\/2024\/12\/MIXGEPPrimer.jpg\"><img loading=\"lazy\" decoding=\"async\" class=\"alignnone size-full wp-image-5017\" src=\"https:\/\/agora.xtec.cat\/ceipjosepmontserrat\/wp-content\/uploads\/usu2501\/2024\/12\/MIXGEPPrimer.jpg\" alt=\"\" width=\"612\" height=\"451\" srcset=\"https:\/\/agora.xtec.cat\/ceipjosepmontserrat\/wp-content\/uploads\/usu2501\/2024\/12\/MIXGEPPrimer.jpg 612w, https:\/\/agora.xtec.cat\/ceipjosepmontserrat\/wp-content\/uploads\/usu2501\/2024\/12\/MIXGEPPrimer-300x221.jpg 300w\" sizes=\"auto, (max-width: 612px) 100vw, 612px\" \/><\/a><\/p>\n<p>Durant dues setmanes l\u2019alumnat de prim\u00e0ria ha pogut gaudir d\u2019uns tallers de sciences dins del projecte Gep de l\u2019escola.<\/p>\n<p>A trav\u00e9s de diferents experiments ha pogut utilitzar l\u2019angl\u00e8s en l\u2019\u00e0rea de medi.<\/p>\n<p>A <strong>segon<\/strong> han treballat a milk rainbow creant un arc de Sant Mart\u00ed sobre una base de llet.<\/p>\n<p><a href=\"https:\/\/agora.xtec.cat\/ceipjosepmontserrat\/wp-content\/uploads\/usu2501\/2024\/12\/MIXGEP3r.jpg\"><img loading=\"lazy\" decoding=\"async\" class=\"alignnone size-full wp-image-5019\" src=\"https:\/\/agora.xtec.cat\/ceipjosepmontserrat\/wp-content\/uploads\/usu2501\/2024\/12\/MIXGEP3r.jpg\" alt=\"\" width=\"609\" height=\"451\" srcset=\"https:\/\/agora.xtec.cat\/ceipjosepmontserrat\/wp-content\/uploads\/usu2501\/2024\/12\/MIXGEP3r.jpg 609w, https:\/\/agora.xtec.cat\/ceipjosepmontserrat\/wp-content\/uploads\/usu2501\/2024\/12\/MIXGEP3r-300x222.jpg 300w\" sizes=\"auto, (max-width: 609px) 100vw, 609px\" \/><\/a><\/p>\n<p>Durant dues setmanes l\u2019alumnat de prim\u00e0ria ha pogut gaudir d\u2019uns tallers de sciences dins del projecte Gep de l\u2019escola.<\/p>\n<p>A trav\u00e9s de diferents experiments ha pogut utilitzar l\u2019angl\u00e8s en l\u2019\u00e0rea de medi.<\/p>\n<p>A <strong>tercer<\/strong> han treballat a homemade lava lamp creant una l\u00e0mpada de lava juganera gr\u00e0cies a una reacci\u00f3 qu\u00edmica.<\/p>\n<p><a href=\"https:\/\/agora.xtec.cat\/ceipjosepmontserrat\/wp-content\/uploads\/usu2501\/2024\/12\/1MIXGEP3r.jpg\"><img loading=\"lazy\" decoding=\"async\" class=\"alignnone size-large wp-image-5023\" src=\"https:\/\/agora.xtec.cat\/ceipjosepmontserrat\/wp-content\/uploads\/usu2501\/2024\/12\/1MIXGEP3r.jpg\" alt=\"\" width=\"623\" height=\"459\" srcset=\"https:\/\/agora.xtec.cat\/ceipjosepmontserrat\/wp-content\/uploads\/usu2501\/2024\/12\/1MIXGEP3r.jpg 623w, https:\/\/agora.xtec.cat\/ceipjosepmontserrat\/wp-content\/uploads\/usu2501\/2024\/12\/1MIXGEP3r-300x221.jpg 300w\" sizes=\"auto, (max-width: 623px) 100vw, 623px\" \/><\/a><\/p>\n<p>Durant dues setmanes l\u2019alumnat de prim\u00e0ria ha pogut gaudir d\u2019uns tallers de sciences dins del projecte Gep de l\u2019escola.<\/p>\n<p>A trav\u00e9s de diferents experiments ha pogut utilitzar l\u2019angl\u00e8s en l\u2019\u00e0rea de medi.<\/p>\n<p>A <strong>quart<\/strong> han treballat liquid density tower amb diferents densitats han descobert quins l\u00edquids han d\u2019incorporar per fer una torre m\u00e0gica.<\/p>\n<p><a href=\"https:\/\/agora.xtec.cat\/ceipjosepmontserrat\/wp-content\/uploads\/usu2501\/2024\/12\/MIXGEPQuart.jpg\"><img loading=\"lazy\" decoding=\"async\" class=\"alignnone size-full wp-image-5020\" src=\"https:\/\/agora.xtec.cat\/ceipjosepmontserrat\/wp-content\/uploads\/usu2501\/2024\/12\/MIXGEPQuart.jpg\" alt=\"\" width=\"615\" height=\"436\" srcset=\"https:\/\/agora.xtec.cat\/ceipjosepmontserrat\/wp-content\/uploads\/usu2501\/2024\/12\/MIXGEPQuart.jpg 615w, https:\/\/agora.xtec.cat\/ceipjosepmontserrat\/wp-content\/uploads\/usu2501\/2024\/12\/MIXGEPQuart-300x213.jpg 300w\" sizes=\"auto, (max-width: 615px) 100vw, 615px\" \/><\/a><\/p>\n<p>Durant dues setmanes l\u2019alumnat de prim\u00e0ria ha pogut gaudir d\u2019uns tallers de sciences dins del projecte Gep de l\u2019escola.<\/p>\n<p>A trav\u00e9s de diferents experiments ha pogut utilitzar l\u2019angl\u00e8s en l\u2019\u00e0rea de medi.<\/p>\n<p>A <strong>cinqu\u00e8<\/strong> han treballat a baking soda volcano on han constu\u00eft un volc\u00e0 molt realista<\/p>\n<p><a href=\"https:\/\/agora.xtec.cat\/ceipjosepmontserrat\/wp-content\/uploads\/usu2501\/2024\/12\/MIXGEPCinque.jpg\"><img loading=\"lazy\" decoding=\"async\" class=\"alignnone size-full wp-image-5021\" src=\"https:\/\/agora.xtec.cat\/ceipjosepmontserrat\/wp-content\/uploads\/usu2501\/2024\/12\/MIXGEPCinque.jpg\" alt=\"\" width=\"610\" height=\"444\" srcset=\"https:\/\/agora.xtec.cat\/ceipjosepmontserrat\/wp-content\/uploads\/usu2501\/2024\/12\/MIXGEPCinque.jpg 610w, https:\/\/agora.xtec.cat\/ceipjosepmontserrat\/wp-content\/uploads\/usu2501\/2024\/12\/MIXGEPCinque-300x218.jpg 300w\" sizes=\"auto, (max-width: 610px) 100vw, 610px\" \/><\/a><\/p>\n<h2><strong>CURS 23-24<\/strong><\/h2>\n<div style=\"width: 1920px;\" class=\"wp-video\"><!--[if lt IE 9]><script>document.createElement('video');<\/script><![endif]-->\n<video class=\"wp-video-shortcode\" id=\"video-4571-1\" width=\"1920\" height=\"1080\" preload=\"metadata\" controls=\"controls\"><source type=\"video\/mp4\" src=\"https:\/\/agora.xtec.cat\/ceipjosepmontserrat\/wp-content\/uploads\/usu2501\/2024\/01\/NATURAL-SCIENCES-YEAR-SIX.mp4?_=1\" \/><a href=\"https:\/\/agora.xtec.cat\/ceipjosepmontserrat\/wp-content\/uploads\/usu2501\/2024\/01\/NATURAL-SCIENCES-YEAR-SIX.mp4\">https:\/\/agora.xtec.cat\/ceipjosepmontserrat\/wp-content\/uploads\/usu2501\/2024\/01\/NATURAL-SCIENCES-YEAR-SIX.mp4<\/a><\/video><\/div>\n<div style=\"width: 1920px;\" class=\"wp-video\"><video class=\"wp-video-shortcode\" id=\"video-4571-2\" width=\"1920\" height=\"1080\" preload=\"metadata\" controls=\"controls\"><source type=\"video\/mp4\" src=\"https:\/\/agora.xtec.cat\/ceipjosepmontserrat\/wp-content\/uploads\/usu2501\/2024\/01\/NATURAL-SCIENCES-YEAR-FIVE.mp4?_=2\" \/><a href=\"https:\/\/agora.xtec.cat\/ceipjosepmontserrat\/wp-content\/uploads\/usu2501\/2024\/01\/NATURAL-SCIENCES-YEAR-FIVE.mp4\">https:\/\/agora.xtec.cat\/ceipjosepmontserrat\/wp-content\/uploads\/usu2501\/2024\/01\/NATURAL-SCIENCES-YEAR-FIVE.mp4<\/a><\/video><\/div>\n","protected":false},"excerpt":{"rendered":"<p>GENERACI\u00d3 PLURILING\u00dcE (GEP) El GEP \u00e9s un programa del Departament d\u2019Ensenyament en qu\u00e8 participen un conjunt de centres de tot Catalunya i que t\u00e9 com a objectiu millorar la compet\u00e8ncia ling\u00fc\u00edstica i pluriling\u00fce de l\u2019alumnat.\u00a0 A trav\u00e9s d\u2019aquest projecte els alumnes tenen m\u00e9s oportunitats d\u2019utilitzar l\u2019angl\u00e8s com a llengua de comunicaci\u00f3 i aprenentatge amb activitats [&hellip;]<\/p>\n","protected":false},"author":1,"featured_media":0,"parent":0,"menu_order":2,"comment_status":"closed","ping_status":"closed","template":"","meta":{"_bbp_topic_count":0,"_bbp_reply_count":0,"_bbp_total_topic_count":0,"_bbp_total_reply_count":0,"_bbp_voice_count":0,"_bbp_anonymous_reply_count":0,"_bbp_topic_count_hidden":0,"_bbp_reply_count_hidden":0,"_bbp_forum_subforum_count":0,"site-sidebar-layout":"default","site-content-layout":"","ast-site-content-layout":"default","site-content-style":"default","site-sidebar-style":"default","ast-global-header-display":"","ast-banner-title-visibility":"","ast-main-header-display":"","ast-hfb-above-header-display":"","ast-hfb-below-header-display":"","ast-hfb-mobile-header-display":"","site-post-title":"","ast-breadcrumbs-content":"","ast-featured-img":"","footer-sml-layout":"","theme-transparent-header-meta":"","adv-header-id-meta":"","stick-header-meta":"","header-above-stick-meta":"","header-main-stick-meta":"","header-below-stick-meta":"","astra-migrate-meta-layouts":"set","ast-page-background-enabled":"default","ast-page-background-meta":{"desktop":{"background-color":"var(--ast-global-color-4)","background-image":"","background-repeat":"repeat","background-position":"center center","background-size":"auto","background-attachment":"scroll","background-type":"","background-media":"","overlay-type":"","overlay-color":"","overlay-opacity":"","overlay-gradient":""},"tablet":{"background-color":"","background-image":"","background-repeat":"repeat","background-position":"center center","background-size":"auto","background-attachment":"scroll","background-type":"","background-media":"","overlay-type":"","overlay-color":"","overlay-opacity":"","overlay-gradient":""},"mobile":{"background-color":"","background-image":"","background-repeat":"repeat","background-position":"center center","background-size":"auto","background-attachment":"scroll","background-type":"","background-media":"","overlay-type":"","overlay-color":"","overlay-opacity":"","overlay-gradient":""}},"ast-content-background-meta":{"desktop":{"background-color":"var(--ast-global-color-5)","background-image":"","background-repeat":"repeat","background-position":"center center","background-size":"auto","background-attachment":"scroll","background-type":"","background-media":"","overlay-type":"","overlay-color":"","overlay-opacity":"","overlay-gradient":""},"tablet":{"background-color":"var(--ast-global-color-5)","background-image":"","background-repeat":"repeat","background-position":"center center","background-size":"auto","background-attachment":"scroll","background-type":"","background-media":"","overlay-type":"","overlay-color":"","overlay-opacity":"","overlay-gradient":""},"mobile":{"background-color":"var(--ast-global-color-5)","background-image":"","background-repeat":"repeat","background-position":"center center","background-size":"auto","background-attachment":"scroll","background-type":"","background-media":"","overlay-type":"","overlay-color":"","overlay-opacity":"","overlay-gradient":""}},"footnotes":""},"class_list":["post-4571","page","type-page","status-publish","hentry"],"post_mailing_queue_ids":[],"_links":{"self":[{"href":"https:\/\/agora.xtec.cat\/ceipjosepmontserrat\/wp-json\/wp\/v2\/pages\/4571","targetHints":{"allow":["GET"]}}],"collection":[{"href":"https:\/\/agora.xtec.cat\/ceipjosepmontserrat\/wp-json\/wp\/v2\/pages"}],"about":[{"href":"https:\/\/agora.xtec.cat\/ceipjosepmontserrat\/wp-json\/wp\/v2\/types\/page"}],"author":[{"embeddable":true,"href":"https:\/\/agora.xtec.cat\/ceipjosepmontserrat\/wp-json\/wp\/v2\/users\/1"}],"replies":[{"embeddable":true,"href":"https:\/\/agora.xtec.cat\/ceipjosepmontserrat\/wp-json\/wp\/v2\/comments?post=4571"}],"version-history":[{"count":6,"href":"https:\/\/agora.xtec.cat\/ceipjosepmontserrat\/wp-json\/wp\/v2\/pages\/4571\/revisions"}],"predecessor-version":[{"id":5808,"href":"https:\/\/agora.xtec.cat\/ceipjosepmontserrat\/wp-json\/wp\/v2\/pages\/4571\/revisions\/5808"}],"wp:attachment":[{"href":"https:\/\/agora.xtec.cat\/ceipjosepmontserrat\/wp-json\/wp\/v2\/media?parent=4571"}],"curies":[{"name":"wp","href":"https:\/\/api.w.org\/{rel}","templated":true}]}}