{"id":4359,"date":"2023-05-24T16:02:35","date_gmt":"2023-05-24T14:02:35","guid":{"rendered":"https:\/\/agora.xtec.cat\/ceipjosepmontserrat\/?page_id=4359"},"modified":"2026-03-09T13:18:35","modified_gmt":"2026-03-09T12:18:35","slug":"raco-de-poesia","status":"publish","type":"page","link":"https:\/\/agora.xtec.cat\/ceipjosepmontserrat\/raco-de-poesia\/","title":{"rendered":"Rac\u00f3 de poesia"},"content":{"rendered":"<p style=\"text-align: left;\"><em><strong>En un espai especial del nostre vest\u00edbul hi ha el nostre &#8220;Rac\u00f3 de poesia&#8221;<\/strong><\/em><\/p>\n<p style=\"text-align: left;\"><em><strong>Durant el curs, cada nivell va exposant un poema que han treballat a l&#8217;aula.<\/strong><\/em><\/p>\n<p><strong>CURS 25\/26<\/strong><\/p>\n<p>\ud83c\udf3c\u2728 Mar\u00e7 ja \u00e9s aqu\u00ed! \u2728\ud83c\udf3c<\/p>\n<p>El vest\u00edbul s\u2019ha tenyit de groc amb el poema &#8220;La Mimosa&#8221; de Joan Maragall que l\u2019alumnat de 3r ha treballat i que aquests dies floreix amb for\u00e7a.<\/p>\n<p>Un cistell de mimosa perfuma l\u2019espai i ens recorda que la primavera aquest mes arribar\u00e0. \ud83d\udc9b\ud83c\udf3f<\/p>\n<p>Passeu, llegiu i deixeu-vos endur per la m\u00e0gia dels seus versos.<\/p>\n<p><a href=\"https:\/\/agora.xtec.cat\/ceipjosepmontserrat\/wp-content\/uploads\/usu2501\/2026\/03\/WhatsApp-Image-2026-03-04-at-14.43.14.jpeg\"><img loading=\"lazy\" decoding=\"async\" class=\"alignnone  wp-image-5720\" src=\"https:\/\/agora.xtec.cat\/ceipjosepmontserrat\/wp-content\/uploads\/usu2501\/2026\/03\/WhatsApp-Image-2026-03-04-at-14.43.14-1024x768.jpeg\" alt=\"\" width=\"761\" height=\"571\" srcset=\"https:\/\/agora.xtec.cat\/ceipjosepmontserrat\/wp-content\/uploads\/usu2501\/2026\/03\/WhatsApp-Image-2026-03-04-at-14.43.14-1024x768.jpeg 1024w, https:\/\/agora.xtec.cat\/ceipjosepmontserrat\/wp-content\/uploads\/usu2501\/2026\/03\/WhatsApp-Image-2026-03-04-at-14.43.14-300x225.jpeg 300w, https:\/\/agora.xtec.cat\/ceipjosepmontserrat\/wp-content\/uploads\/usu2501\/2026\/03\/WhatsApp-Image-2026-03-04-at-14.43.14-768x576.jpeg 768w, https:\/\/agora.xtec.cat\/ceipjosepmontserrat\/wp-content\/uploads\/usu2501\/2026\/03\/WhatsApp-Image-2026-03-04-at-14.43.14-1536x1152.jpeg 1536w, https:\/\/agora.xtec.cat\/ceipjosepmontserrat\/wp-content\/uploads\/usu2501\/2026\/03\/WhatsApp-Image-2026-03-04-at-14.43.14-200x150.jpeg 200w, https:\/\/agora.xtec.cat\/ceipjosepmontserrat\/wp-content\/uploads\/usu2501\/2026\/03\/WhatsApp-Image-2026-03-04-at-14.43.14.jpeg 2000w\" sizes=\"auto, (max-width: 761px) 100vw, 761px\" \/><\/a><\/p>\n<p><a href=\"https:\/\/agora.xtec.cat\/ceipjosepmontserrat\/wp-content\/uploads\/usu2501\/2026\/03\/WhatsApp-Image-2026-03-09-at-13.05.47.jpeg\"><img loading=\"lazy\" decoding=\"async\" class=\"alignnone size-large wp-image-5724\" src=\"https:\/\/agora.xtec.cat\/ceipjosepmontserrat\/wp-content\/uploads\/usu2501\/2026\/03\/WhatsApp-Image-2026-03-09-at-13.05.47-768x1024.jpeg\" alt=\"\" width=\"768\" height=\"1024\" srcset=\"https:\/\/agora.xtec.cat\/ceipjosepmontserrat\/wp-content\/uploads\/usu2501\/2026\/03\/WhatsApp-Image-2026-03-09-at-13.05.47-768x1024.jpeg 768w, https:\/\/agora.xtec.cat\/ceipjosepmontserrat\/wp-content\/uploads\/usu2501\/2026\/03\/WhatsApp-Image-2026-03-09-at-13.05.47-225x300.jpeg 225w, https:\/\/agora.xtec.cat\/ceipjosepmontserrat\/wp-content\/uploads\/usu2501\/2026\/03\/WhatsApp-Image-2026-03-09-at-13.05.47-1152x1536.jpeg 1152w, https:\/\/agora.xtec.cat\/ceipjosepmontserrat\/wp-content\/uploads\/usu2501\/2026\/03\/WhatsApp-Image-2026-03-09-at-13.05.47.jpeg 1200w\" sizes=\"auto, (max-width: 768px) 100vw, 768px\" \/><\/a><\/p>\n<p>L&#8217;alumnat de cinqu\u00e8 s&#8217;ha encarregat de decorar el vest\u00edbul aquest mes, i quin millor dia que el 30 de gener per recordar la import\u00e0ncia de cuidar la pau amb el poema &#8220;Si el m\u00f3n fos&#8230;&#8221; de la Joana Raspall.<\/p>\n<p><a href=\"https:\/\/agora.xtec.cat\/ceipjosepmontserrat\/wp-content\/uploads\/usu2501\/2026\/01\/raco5.jpeg\"><img loading=\"lazy\" decoding=\"async\" class=\"alignnone size-large wp-image-5582\" src=\"https:\/\/agora.xtec.cat\/ceipjosepmontserrat\/wp-content\/uploads\/usu2501\/2026\/01\/raco5-769x1024.jpeg\" alt=\"\" width=\"769\" height=\"1024\" srcset=\"https:\/\/agora.xtec.cat\/ceipjosepmontserrat\/wp-content\/uploads\/usu2501\/2026\/01\/raco5-769x1024.jpeg 769w, https:\/\/agora.xtec.cat\/ceipjosepmontserrat\/wp-content\/uploads\/usu2501\/2026\/01\/raco5-225x300.jpeg 225w, https:\/\/agora.xtec.cat\/ceipjosepmontserrat\/wp-content\/uploads\/usu2501\/2026\/01\/raco5-768x1023.jpeg 768w, https:\/\/agora.xtec.cat\/ceipjosepmontserrat\/wp-content\/uploads\/usu2501\/2026\/01\/raco5-1153x1536.jpeg 1153w, https:\/\/agora.xtec.cat\/ceipjosepmontserrat\/wp-content\/uploads\/usu2501\/2026\/01\/raco5.jpeg 1537w\" sizes=\"auto, (max-width: 769px) 100vw, 769px\" \/><\/a><\/p>\n<p><a href=\"https:\/\/agora.xtec.cat\/ceipjosepmontserrat\/wp-content\/uploads\/usu2501\/2025\/12\/Imatge-de-WhatsApp-2025-12-11-a-les-14.19.58_9c6b04a4-2.jpg\"><img loading=\"lazy\" decoding=\"async\" class=\"alignnone  wp-image-5475\" src=\"https:\/\/agora.xtec.cat\/ceipjosepmontserrat\/wp-content\/uploads\/usu2501\/2025\/12\/Imatge-de-WhatsApp-2025-12-11-a-les-14.19.58_9c6b04a4-2-768x1024.jpg\" alt=\"\" width=\"580\" height=\"773\" srcset=\"https:\/\/agora.xtec.cat\/ceipjosepmontserrat\/wp-content\/uploads\/usu2501\/2025\/12\/Imatge-de-WhatsApp-2025-12-11-a-les-14.19.58_9c6b04a4-2-768x1024.jpg 768w, https:\/\/agora.xtec.cat\/ceipjosepmontserrat\/wp-content\/uploads\/usu2501\/2025\/12\/Imatge-de-WhatsApp-2025-12-11-a-les-14.19.58_9c6b04a4-2-225x300.jpg 225w, https:\/\/agora.xtec.cat\/ceipjosepmontserrat\/wp-content\/uploads\/usu2501\/2025\/12\/Imatge-de-WhatsApp-2025-12-11-a-les-14.19.58_9c6b04a4-2-1152x1536.jpg 1152w, https:\/\/agora.xtec.cat\/ceipjosepmontserrat\/wp-content\/uploads\/usu2501\/2025\/12\/Imatge-de-WhatsApp-2025-12-11-a-les-14.19.58_9c6b04a4-2.jpg 1200w\" sizes=\"auto, (max-width: 580px) 100vw, 580px\" \/><\/a><\/p>\n<p><a href=\"https:\/\/agora.xtec.cat\/ceipjosepmontserrat\/wp-content\/uploads\/usu2501\/2025\/11\/Imatge-de-WhatsApp-2025-11-14-a-les-11.36.20_5befb597.jpg\"><img loading=\"lazy\" decoding=\"async\" class=\"alignnone size-large wp-image-5425\" src=\"https:\/\/agora.xtec.cat\/ceipjosepmontserrat\/wp-content\/uploads\/usu2501\/2025\/11\/Imatge-de-WhatsApp-2025-11-14-a-les-11.36.20_5befb597-582x1024.jpg\" alt=\"\" width=\"582\" height=\"1024\" srcset=\"https:\/\/agora.xtec.cat\/ceipjosepmontserrat\/wp-content\/uploads\/usu2501\/2025\/11\/Imatge-de-WhatsApp-2025-11-14-a-les-11.36.20_5befb597-582x1024.jpg 582w, https:\/\/agora.xtec.cat\/ceipjosepmontserrat\/wp-content\/uploads\/usu2501\/2025\/11\/Imatge-de-WhatsApp-2025-11-14-a-les-11.36.20_5befb597-171x300.jpg 171w, https:\/\/agora.xtec.cat\/ceipjosepmontserrat\/wp-content\/uploads\/usu2501\/2025\/11\/Imatge-de-WhatsApp-2025-11-14-a-les-11.36.20_5befb597-768x1351.jpg 768w, https:\/\/agora.xtec.cat\/ceipjosepmontserrat\/wp-content\/uploads\/usu2501\/2025\/11\/Imatge-de-WhatsApp-2025-11-14-a-les-11.36.20_5befb597-873x1536.jpg 873w, https:\/\/agora.xtec.cat\/ceipjosepmontserrat\/wp-content\/uploads\/usu2501\/2025\/11\/Imatge-de-WhatsApp-2025-11-14-a-les-11.36.20_5befb597.jpg 1164w\" sizes=\"auto, (max-width: 582px) 100vw, 582px\" \/><\/a><\/p>\n<p><a href=\"https:\/\/agora.xtec.cat\/ceipjosepmontserrat\/wp-content\/uploads\/usu2501\/2025\/10\/Imatge-de-WhatsApp-2025-10-30-a-les-13.01.03_81fc04b8.jpg\"><img loading=\"lazy\" decoding=\"async\" class=\"alignnone  wp-image-5379\" src=\"https:\/\/agora.xtec.cat\/ceipjosepmontserrat\/wp-content\/uploads\/usu2501\/2025\/10\/Imatge-de-WhatsApp-2025-10-30-a-les-13.01.03_81fc04b8-734x1024.jpg\" alt=\"\" width=\"578\" height=\"806\" srcset=\"https:\/\/agora.xtec.cat\/ceipjosepmontserrat\/wp-content\/uploads\/usu2501\/2025\/10\/Imatge-de-WhatsApp-2025-10-30-a-les-13.01.03_81fc04b8-734x1024.jpg 734w, https:\/\/agora.xtec.cat\/ceipjosepmontserrat\/wp-content\/uploads\/usu2501\/2025\/10\/Imatge-de-WhatsApp-2025-10-30-a-les-13.01.03_81fc04b8-215x300.jpg 215w, https:\/\/agora.xtec.cat\/ceipjosepmontserrat\/wp-content\/uploads\/usu2501\/2025\/10\/Imatge-de-WhatsApp-2025-10-30-a-les-13.01.03_81fc04b8-768x1071.jpg 768w, https:\/\/agora.xtec.cat\/ceipjosepmontserrat\/wp-content\/uploads\/usu2501\/2025\/10\/Imatge-de-WhatsApp-2025-10-30-a-les-13.01.03_81fc04b8-1101x1536.jpg 1101w, https:\/\/agora.xtec.cat\/ceipjosepmontserrat\/wp-content\/uploads\/usu2501\/2025\/10\/Imatge-de-WhatsApp-2025-10-30-a-les-13.01.03_81fc04b8.jpg 1468w\" sizes=\"auto, (max-width: 578px) 100vw, 578px\" \/><\/a><\/p>\n<p><strong>CURS 24\/25<\/strong><\/p>\n<p>Aquest mes de gener el grup de<strong> 4t<\/strong> ha treballat el poema\u00a0 &#8220;L&#8217;HIVERN&#8221; Creat per diferents autors.<\/p>\n<p><a href=\"https:\/\/agora.xtec.cat\/ceipjosepmontserrat\/wp-content\/uploads\/usu2501\/2025\/01\/poesia4t-rotated.jpg\"><img loading=\"lazy\" decoding=\"async\" class=\"alignnone wp-image-5124\" src=\"https:\/\/agora.xtec.cat\/ceipjosepmontserrat\/wp-content\/uploads\/usu2501\/2025\/01\/poesia4t-rotated.jpg\" alt=\"\" width=\"507\" height=\"676\" srcset=\"https:\/\/agora.xtec.cat\/ceipjosepmontserrat\/wp-content\/uploads\/usu2501\/2025\/01\/poesia4t-rotated.jpg 756w, https:\/\/agora.xtec.cat\/ceipjosepmontserrat\/wp-content\/uploads\/usu2501\/2025\/01\/poesia4t-225x300.jpg 225w\" sizes=\"auto, (max-width: 507px) 100vw, 507px\" \/>s<\/a><\/p>\n<p>Aquest mes de desembre el grup de<strong> 1r<\/strong> ha treballat el poema &#8220;L&#8217;OLIVERA I LES OLIVES&#8221; Autor an\u00f2nim.<\/p>\n<p><a href=\"https:\/\/agora.xtec.cat\/ceipjosepmontserrat\/wp-content\/uploads\/usu2501\/2025\/01\/1rpoesia-rotated.jpg\"><img loading=\"lazy\" decoding=\"async\" class=\"alignnone wp-image-5122\" src=\"https:\/\/agora.xtec.cat\/ceipjosepmontserrat\/wp-content\/uploads\/usu2501\/2025\/01\/1rpoesia-rotated.jpg\" alt=\"\" width=\"458\" height=\"611\" srcset=\"https:\/\/agora.xtec.cat\/ceipjosepmontserrat\/wp-content\/uploads\/usu2501\/2025\/01\/1rpoesia-rotated.jpg 756w, https:\/\/agora.xtec.cat\/ceipjosepmontserrat\/wp-content\/uploads\/usu2501\/2025\/01\/1rpoesia-225x300.jpg 225w\" sizes=\"auto, (max-width: 458px) 100vw, 458px\" \/><\/a> <a href=\"https:\/\/agora.xtec.cat\/ceipjosepmontserrat\/wp-content\/uploads\/usu2501\/2025\/01\/1rpoesia2-rotated.jpg\"><img loading=\"lazy\" decoding=\"async\" class=\"alignnone wp-image-5123\" src=\"https:\/\/agora.xtec.cat\/ceipjosepmontserrat\/wp-content\/uploads\/usu2501\/2025\/01\/1rpoesia2-rotated.jpg\" alt=\"\" width=\"455\" height=\"607\" srcset=\"https:\/\/agora.xtec.cat\/ceipjosepmontserrat\/wp-content\/uploads\/usu2501\/2025\/01\/1rpoesia2-rotated.jpg 756w, https:\/\/agora.xtec.cat\/ceipjosepmontserrat\/wp-content\/uploads\/usu2501\/2025\/01\/1rpoesia2-225x300.jpg 225w\" sizes=\"auto, (max-width: 455px) 100vw, 455px\" \/><\/a><\/p>\n<p>Aquest mes de novembre el grup de<strong> 2n<\/strong> ha treballat el poema\/can\u00e7\u00f3 &#8220;A LA CUINA&#8221; (Lola Casas \/ \u00c0ngel Valverde)<\/p>\n<p>del llibre CD &#8220;LES QUATRE ESTACIONS&#8221; Publicacions de l&#8217;Abadia de Montserrat.<\/p>\n<p><a href=\"https:\/\/agora.xtec.cat\/ceipjosepmontserrat\/wp-content\/uploads\/usu2501\/2024\/11\/Imatge-de-WhatsApp-2024-11-22-a-les-16.03.51_e003effb.jpg\"><img loading=\"lazy\" decoding=\"async\" class=\"alignnone size-large wp-image-5003\" src=\"https:\/\/agora.xtec.cat\/ceipjosepmontserrat\/wp-content\/uploads\/usu2501\/2024\/11\/Imatge-de-WhatsApp-2024-11-22-a-les-16.03.51_e003effb-768x1024.jpg\" alt=\"\" width=\"768\" height=\"1024\" srcset=\"https:\/\/agora.xtec.cat\/ceipjosepmontserrat\/wp-content\/uploads\/usu2501\/2024\/11\/Imatge-de-WhatsApp-2024-11-22-a-les-16.03.51_e003effb-768x1023.jpg 768w, https:\/\/agora.xtec.cat\/ceipjosepmontserrat\/wp-content\/uploads\/usu2501\/2024\/11\/Imatge-de-WhatsApp-2024-11-22-a-les-16.03.51_e003effb-225x300.jpg 225w, https:\/\/agora.xtec.cat\/ceipjosepmontserrat\/wp-content\/uploads\/usu2501\/2024\/11\/Imatge-de-WhatsApp-2024-11-22-a-les-16.03.51_e003effb.jpg 800w\" sizes=\"auto, (max-width: 768px) 100vw, 768px\" \/><\/a><\/p>\n<p><strong>Curs 23\/24<\/strong><\/p>\n<p>Aquest mes de febrer els alumnes de <strong>3r<\/strong> han escollit el poema &#8220;L&#8217;hivern&#8221; de la Lola Casas.<\/p>\n<p><a href=\"https:\/\/agora.xtec.cat\/ceipjosepmontserrat\/wp-content\/uploads\/usu2501\/2024\/02\/2racopo.jpg\"><img loading=\"lazy\" decoding=\"async\" class=\"alignnone wp-image-4756 size-full\" src=\"https:\/\/agora.xtec.cat\/ceipjosepmontserrat\/wp-content\/uploads\/usu2501\/2024\/02\/2racopo.jpg\" alt=\"\" width=\"704\" height=\"1600\" srcset=\"https:\/\/agora.xtec.cat\/ceipjosepmontserrat\/wp-content\/uploads\/usu2501\/2024\/02\/2racopo.jpg 704w, https:\/\/agora.xtec.cat\/ceipjosepmontserrat\/wp-content\/uploads\/usu2501\/2024\/02\/2racopo-132x300.jpg 132w, https:\/\/agora.xtec.cat\/ceipjosepmontserrat\/wp-content\/uploads\/usu2501\/2024\/02\/2racopo-451x1024.jpg 451w, https:\/\/agora.xtec.cat\/ceipjosepmontserrat\/wp-content\/uploads\/usu2501\/2024\/02\/2racopo-676x1536.jpg 676w\" sizes=\"auto, (max-width: 704px) 100vw, 704px\" \/><\/a><\/p>\n<p style=\"text-align: left;\">Aquest mes de gener els alumnes de<strong> 5\u00e8<\/strong> han escollit un poema de J. M Sala Valldaura:<\/p>\n<p style=\"text-align: left;\">&#8220;Conjur per a desvetllar secrets&#8221;<\/p>\n<p style=\"text-align: left;\">L&#8217;han il\u00b7lustrat per exposar-lo a nostre Rac\u00f3 de poesia.<\/p>\n<p style=\"text-align: left;\">Aqu\u00ed us deixem la foto.<\/p>\n<p><a href=\"https:\/\/agora.xtec.cat\/ceipjosepmontserrat\/wp-content\/uploads\/usu2501\/2024\/01\/01Raco-5e-.jpg\"><img loading=\"lazy\" decoding=\"async\" class=\"wp-image-4723 size-full alignleft\" src=\"https:\/\/agora.xtec.cat\/ceipjosepmontserrat\/wp-content\/uploads\/usu2501\/2024\/01\/01Raco-5e-.jpg\" alt=\"\" width=\"781\" height=\"1024\" srcset=\"https:\/\/agora.xtec.cat\/ceipjosepmontserrat\/wp-content\/uploads\/usu2501\/2024\/01\/01Raco-5e-.jpg 781w, https:\/\/agora.xtec.cat\/ceipjosepmontserrat\/wp-content\/uploads\/usu2501\/2024\/01\/01Raco-5e--229x300.jpg 229w, https:\/\/agora.xtec.cat\/ceipjosepmontserrat\/wp-content\/uploads\/usu2501\/2024\/01\/01Raco-5e--768x1007.jpg 768w\" sizes=\"auto, (max-width: 781px) 100vw, 781px\" \/><\/a><\/p>\n<p style=\"text-align: left;\">Poema de la Lola Casas &#8220;Baralla&#8221;- Mes de desembre<\/p>\n<p style=\"text-align: left;\">Els alumnes de <strong>6\u00e8<\/strong> a l&#8217;aula han llegit uns quants poemes sobre la guerra i la pau.<\/p>\n<p>Donem gr\u00e0cies a la Lola per la seva col\u00b7laboraci\u00f3.<\/p>\n<p style=\"text-align: left;\">Van escollir aquest i vam decidir representar-lo teatralment i fer-ne fotos.<\/p>\n<p style=\"text-align: left;\">Aqu\u00ed us deixem una imatge del rac\u00f3.<\/p>\n<p><a href=\"https:\/\/agora.xtec.cat\/ceipjosepmontserrat\/wp-content\/uploads\/usu2501\/2023\/12\/Raco-poesia-6e-Baralla-Lola-Casas.jpg\"><img loading=\"lazy\" decoding=\"async\" class=\"wp-image-4697 size-large alignleft\" src=\"https:\/\/agora.xtec.cat\/ceipjosepmontserrat\/wp-content\/uploads\/usu2501\/2023\/12\/Raco-poesia-6e-Baralla-Lola-Casas-768x1024.jpg\" alt=\"\" width=\"768\" height=\"1024\" srcset=\"https:\/\/agora.xtec.cat\/ceipjosepmontserrat\/wp-content\/uploads\/usu2501\/2023\/12\/Raco-poesia-6e-Baralla-Lola-Casas-768x1024.jpg 768w, https:\/\/agora.xtec.cat\/ceipjosepmontserrat\/wp-content\/uploads\/usu2501\/2023\/12\/Raco-poesia-6e-Baralla-Lola-Casas-225x300.jpg 225w, https:\/\/agora.xtec.cat\/ceipjosepmontserrat\/wp-content\/uploads\/usu2501\/2023\/12\/Raco-poesia-6e-Baralla-Lola-Casas-1152x1536.jpg 1152w, https:\/\/agora.xtec.cat\/ceipjosepmontserrat\/wp-content\/uploads\/usu2501\/2023\/12\/Raco-poesia-6e-Baralla-Lola-Casas.jpg 1536w\" sizes=\"auto, (max-width: 768px) 100vw, 768px\" \/><\/a><\/p>\n<p style=\"text-align: center;\">\u00a0<\/p>\n\n","protected":false},"excerpt":{"rendered":"<p>En un espai especial del nostre vest\u00edbul hi ha el nostre &#8220;Rac\u00f3 de poesia&#8221; Durant el curs, cada nivell va exposant un poema que han treballat a l&#8217;aula. CURS 25\/26 \ud83c\udf3c\u2728 Mar\u00e7 ja \u00e9s aqu\u00ed! \u2728\ud83c\udf3c El vest\u00edbul s\u2019ha tenyit de groc amb el poema &#8220;La Mimosa&#8221; de Joan Maragall que l\u2019alumnat de 3r ha [&hellip;]<\/p>\n","protected":false},"author":1,"featured_media":0,"parent":0,"menu_order":0,"comment_status":"closed","ping_status":"closed","template":"","meta":{"_bbp_topic_count":0,"_bbp_reply_count":0,"_bbp_total_topic_count":0,"_bbp_total_reply_count":0,"_bbp_voice_count":0,"_bbp_anonymous_reply_count":0,"_bbp_topic_count_hidden":0,"_bbp_reply_count_hidden":0,"_bbp_forum_subforum_count":0,"site-sidebar-layout":"default","site-content-layout":"","ast-site-content-layout":"","site-content-style":"default","site-sidebar-style":"default","ast-global-header-display":"","ast-banner-title-visibility":"","ast-main-header-display":"","ast-hfb-above-header-display":"","ast-hfb-below-header-display":"","ast-hfb-mobile-header-display":"","site-post-title":"","ast-breadcrumbs-content":"","ast-featured-img":"","footer-sml-layout":"","theme-transparent-header-meta":"","adv-header-id-meta":"","stick-header-meta":"","header-above-stick-meta":"","header-main-stick-meta":"","header-below-stick-meta":"","astra-migrate-meta-layouts":"default","ast-page-background-enabled":"default","ast-page-background-meta":{"desktop":{"background-color":"var(--ast-global-color-4)","background-image":"","background-repeat":"repeat","background-position":"center center","background-size":"auto","background-attachment":"scroll","background-type":"","background-media":"","overlay-type":"","overlay-color":"","overlay-opacity":"","overlay-gradient":""},"tablet":{"background-color":"","background-image":"","background-repeat":"repeat","background-position":"center center","background-size":"auto","background-attachment":"scroll","background-type":"","background-media":"","overlay-type":"","overlay-color":"","overlay-opacity":"","overlay-gradient":""},"mobile":{"background-color":"","background-image":"","background-repeat":"repeat","background-position":"center center","background-size":"auto","background-attachment":"scroll","background-type":"","background-media":"","overlay-type":"","overlay-color":"","overlay-opacity":"","overlay-gradient":""}},"ast-content-background-meta":{"desktop":{"background-color":"var(--ast-global-color-5)","background-image":"","background-repeat":"repeat","background-position":"center center","background-size":"auto","background-attachment":"scroll","background-type":"","background-media":"","overlay-type":"","overlay-color":"","overlay-opacity":"","overlay-gradient":""},"tablet":{"background-color":"var(--ast-global-color-5)","background-image":"","background-repeat":"repeat","background-position":"center center","background-size":"auto","background-attachment":"scroll","background-type":"","background-media":"","overlay-type":"","overlay-color":"","overlay-opacity":"","overlay-gradient":""},"mobile":{"background-color":"var(--ast-global-color-5)","background-image":"","background-repeat":"repeat","background-position":"center center","background-size":"auto","background-attachment":"scroll","background-type":"","background-media":"","overlay-type":"","overlay-color":"","overlay-opacity":"","overlay-gradient":""}},"footnotes":""},"class_list":["post-4359","page","type-page","status-publish","hentry"],"post_mailing_queue_ids":[],"_links":{"self":[{"href":"https:\/\/agora.xtec.cat\/ceipjosepmontserrat\/wp-json\/wp\/v2\/pages\/4359","targetHints":{"allow":["GET"]}}],"collection":[{"href":"https:\/\/agora.xtec.cat\/ceipjosepmontserrat\/wp-json\/wp\/v2\/pages"}],"about":[{"href":"https:\/\/agora.xtec.cat\/ceipjosepmontserrat\/wp-json\/wp\/v2\/types\/page"}],"author":[{"embeddable":true,"href":"https:\/\/agora.xtec.cat\/ceipjosepmontserrat\/wp-json\/wp\/v2\/users\/1"}],"replies":[{"embeddable":true,"href":"https:\/\/agora.xtec.cat\/ceipjosepmontserrat\/wp-json\/wp\/v2\/comments?post=4359"}],"version-history":[{"count":6,"href":"https:\/\/agora.xtec.cat\/ceipjosepmontserrat\/wp-json\/wp\/v2\/pages\/4359\/revisions"}],"predecessor-version":[{"id":5728,"href":"https:\/\/agora.xtec.cat\/ceipjosepmontserrat\/wp-json\/wp\/v2\/pages\/4359\/revisions\/5728"}],"wp:attachment":[{"href":"https:\/\/agora.xtec.cat\/ceipjosepmontserrat\/wp-json\/wp\/v2\/media?parent=4359"}],"curies":[{"name":"wp","href":"https:\/\/api.w.org\/{rel}","templated":true}]}}