{"id":4353,"date":"2023-05-24T16:00:07","date_gmt":"2023-05-24T14:00:07","guid":{"rendered":"https:\/\/agora.xtec.cat\/ceipjosepmontserrat\/?page_id=4353"},"modified":"2026-03-23T12:11:38","modified_gmt":"2026-03-23T11:11:38","slug":"ilec","status":"publish","type":"page","link":"https:\/\/agora.xtec.cat\/ceipjosepmontserrat\/ilec\/","title":{"rendered":"ILEC"},"content":{"rendered":"<p style=\"text-align: center;\">Si feu un clic a la imatge podreu trobar tota la informaci\u00f3 sobre el programa ILEC<\/p>\n<p style=\"text-align: center;\"><a href=\"https:\/\/xtec.gencat.cat\/ca\/innovacio\/programes_innovacio\/educacio-infantil-i-primaria\/impuls-de-la-lectura-ilec\/\"><img loading=\"lazy\" decoding=\"async\" class=\"aligncenter wp-image-4444 size-medium\" src=\"https:\/\/agora.xtec.cat\/ceipjosepmontserrat\/wp-content\/uploads\/usu2501\/2023\/05\/Logo-ILEC-2-300x240.png\" alt=\"\" width=\"300\" height=\"240\" srcset=\"https:\/\/agora.xtec.cat\/ceipjosepmontserrat\/wp-content\/uploads\/usu2501\/2023\/05\/Logo-ILEC-2-300x240.png 300w, https:\/\/agora.xtec.cat\/ceipjosepmontserrat\/wp-content\/uploads\/usu2501\/2023\/05\/Logo-ILEC-2.png 720w\" sizes=\"auto, (max-width: 300px) 100vw, 300px\" \/><\/a><\/p>\n<p style=\"text-align: center;\"><span style=\"background-color: #ff6600;\">DINAMITZACI\u00d3 DE LA LECTURA &#8211; LLENG\u00dcES MATERNES\u00a0 &#8211; BIBLIOTECA ESCOLAR<\/span><\/p>\n<p style=\"text-align: center;\"><a href=\"https:\/\/agora.xtec.cat\/ceipjosepmontserrat\/wp-content\/uploads\/usu2501\/2024\/02\/Imatge-de-WhatsApp-2024-02-16-a-les-15.18.32_e9e0887d.jpg\"><img loading=\"lazy\" decoding=\"async\" class=\"alignnone size-medium wp-image-4751\" src=\"https:\/\/agora.xtec.cat\/ceipjosepmontserrat\/wp-content\/uploads\/usu2501\/2024\/02\/Imatge-de-WhatsApp-2024-02-16-a-les-15.18.32_e9e0887d-300x225.jpg\" alt=\"\" width=\"300\" height=\"225\" srcset=\"https:\/\/agora.xtec.cat\/ceipjosepmontserrat\/wp-content\/uploads\/usu2501\/2024\/02\/Imatge-de-WhatsApp-2024-02-16-a-les-15.18.32_e9e0887d-300x225.jpg 300w, https:\/\/agora.xtec.cat\/ceipjosepmontserrat\/wp-content\/uploads\/usu2501\/2024\/02\/Imatge-de-WhatsApp-2024-02-16-a-les-15.18.32_e9e0887d-1024x768.jpg 1024w, https:\/\/agora.xtec.cat\/ceipjosepmontserrat\/wp-content\/uploads\/usu2501\/2024\/02\/Imatge-de-WhatsApp-2024-02-16-a-les-15.18.32_e9e0887d-768x576.jpg 768w, https:\/\/agora.xtec.cat\/ceipjosepmontserrat\/wp-content\/uploads\/usu2501\/2024\/02\/Imatge-de-WhatsApp-2024-02-16-a-les-15.18.32_e9e0887d-1536x1152.jpg 1536w, https:\/\/agora.xtec.cat\/ceipjosepmontserrat\/wp-content\/uploads\/usu2501\/2024\/02\/Imatge-de-WhatsApp-2024-02-16-a-les-15.18.32_e9e0887d-200x150.jpg 200w, https:\/\/agora.xtec.cat\/ceipjosepmontserrat\/wp-content\/uploads\/usu2501\/2024\/02\/Imatge-de-WhatsApp-2024-02-16-a-les-15.18.32_e9e0887d.jpg 1600w\" sizes=\"auto, (max-width: 300px) 100vw, 300px\" \/><\/a><\/p>\n<p style=\"text-align: center;\"><a href=\"https:\/\/agora.xtec.cat\/ceipjosepmontserrat\/wp-content\/uploads\/usu2501\/2024\/02\/Imatge-de-WhatsApp-2024-02-16-a-les-15.18.32_c664d207.jpg\"><img loading=\"lazy\" decoding=\"async\" class=\"alignnone size-medium wp-image-4750\" src=\"https:\/\/agora.xtec.cat\/ceipjosepmontserrat\/wp-content\/uploads\/usu2501\/2024\/02\/Imatge-de-WhatsApp-2024-02-16-a-les-15.18.32_c664d207-300x169.jpg\" alt=\"\" width=\"300\" height=\"169\" srcset=\"https:\/\/agora.xtec.cat\/ceipjosepmontserrat\/wp-content\/uploads\/usu2501\/2024\/02\/Imatge-de-WhatsApp-2024-02-16-a-les-15.18.32_c664d207-300x169.jpg 300w, https:\/\/agora.xtec.cat\/ceipjosepmontserrat\/wp-content\/uploads\/usu2501\/2024\/02\/Imatge-de-WhatsApp-2024-02-16-a-les-15.18.32_c664d207-1024x576.jpg 1024w, https:\/\/agora.xtec.cat\/ceipjosepmontserrat\/wp-content\/uploads\/usu2501\/2024\/02\/Imatge-de-WhatsApp-2024-02-16-a-les-15.18.32_c664d207-768x432.jpg 768w, https:\/\/agora.xtec.cat\/ceipjosepmontserrat\/wp-content\/uploads\/usu2501\/2024\/02\/Imatge-de-WhatsApp-2024-02-16-a-les-15.18.32_c664d207-1536x864.jpg 1536w, https:\/\/agora.xtec.cat\/ceipjosepmontserrat\/wp-content\/uploads\/usu2501\/2024\/02\/Imatge-de-WhatsApp-2024-02-16-a-les-15.18.32_c664d207.jpg 1600w\" sizes=\"auto, (max-width: 300px) 100vw, 300px\" \/><\/a><\/p>\n<p style=\"text-align: center;\"><a href=\"https:\/\/agora.xtec.cat\/ceipjosepmontserrat\/wp-content\/uploads\/usu2501\/2024\/02\/Imatge-de-WhatsApp-2024-02-16-a-les-15.18.32_95741542.jpg\"><img loading=\"lazy\" decoding=\"async\" class=\"alignnone size-medium wp-image-4749\" src=\"https:\/\/agora.xtec.cat\/ceipjosepmontserrat\/wp-content\/uploads\/usu2501\/2024\/02\/Imatge-de-WhatsApp-2024-02-16-a-les-15.18.32_95741542-300x225.jpg\" alt=\"\" width=\"300\" height=\"225\" srcset=\"https:\/\/agora.xtec.cat\/ceipjosepmontserrat\/wp-content\/uploads\/usu2501\/2024\/02\/Imatge-de-WhatsApp-2024-02-16-a-les-15.18.32_95741542-300x225.jpg 300w, https:\/\/agora.xtec.cat\/ceipjosepmontserrat\/wp-content\/uploads\/usu2501\/2024\/02\/Imatge-de-WhatsApp-2024-02-16-a-les-15.18.32_95741542-1024x768.jpg 1024w, https:\/\/agora.xtec.cat\/ceipjosepmontserrat\/wp-content\/uploads\/usu2501\/2024\/02\/Imatge-de-WhatsApp-2024-02-16-a-les-15.18.32_95741542-768x576.jpg 768w, https:\/\/agora.xtec.cat\/ceipjosepmontserrat\/wp-content\/uploads\/usu2501\/2024\/02\/Imatge-de-WhatsApp-2024-02-16-a-les-15.18.32_95741542-1536x1152.jpg 1536w, https:\/\/agora.xtec.cat\/ceipjosepmontserrat\/wp-content\/uploads\/usu2501\/2024\/02\/Imatge-de-WhatsApp-2024-02-16-a-les-15.18.32_95741542-200x150.jpg 200w, https:\/\/agora.xtec.cat\/ceipjosepmontserrat\/wp-content\/uploads\/usu2501\/2024\/02\/Imatge-de-WhatsApp-2024-02-16-a-les-15.18.32_95741542.jpg 1600w\" sizes=\"auto, (max-width: 300px) 100vw, 300px\" \/><\/a><\/p>\n<p><a href=\"https:\/\/agora.xtec.cat\/ceipjosepmontserrat\/wp-content\/uploads\/usu2501\/2024\/02\/Imatge-de-WhatsApp-2024-02-16-a-les-15.18.32_f1e4329d.jpg\"><img loading=\"lazy\" decoding=\"async\" class=\"alignnone size-medium wp-image-4752 aligncenter\" src=\"https:\/\/agora.xtec.cat\/ceipjosepmontserrat\/wp-content\/uploads\/usu2501\/2024\/02\/Imatge-de-WhatsApp-2024-02-16-a-les-15.18.32_f1e4329d-300x225.jpg\" alt=\"\" width=\"300\" height=\"225\" srcset=\"https:\/\/agora.xtec.cat\/ceipjosepmontserrat\/wp-content\/uploads\/usu2501\/2024\/02\/Imatge-de-WhatsApp-2024-02-16-a-les-15.18.32_f1e4329d-300x225.jpg 300w, https:\/\/agora.xtec.cat\/ceipjosepmontserrat\/wp-content\/uploads\/usu2501\/2024\/02\/Imatge-de-WhatsApp-2024-02-16-a-les-15.18.32_f1e4329d-1024x768.jpg 1024w, https:\/\/agora.xtec.cat\/ceipjosepmontserrat\/wp-content\/uploads\/usu2501\/2024\/02\/Imatge-de-WhatsApp-2024-02-16-a-les-15.18.32_f1e4329d-768x576.jpg 768w, https:\/\/agora.xtec.cat\/ceipjosepmontserrat\/wp-content\/uploads\/usu2501\/2024\/02\/Imatge-de-WhatsApp-2024-02-16-a-les-15.18.32_f1e4329d-1536x1152.jpg 1536w, https:\/\/agora.xtec.cat\/ceipjosepmontserrat\/wp-content\/uploads\/usu2501\/2024\/02\/Imatge-de-WhatsApp-2024-02-16-a-les-15.18.32_f1e4329d-200x150.jpg 200w, https:\/\/agora.xtec.cat\/ceipjosepmontserrat\/wp-content\/uploads\/usu2501\/2024\/02\/Imatge-de-WhatsApp-2024-02-16-a-les-15.18.32_f1e4329d.jpg 1600w\" sizes=\"auto, (max-width: 300px) 100vw, 300px\" \/><\/a><\/p>\n","protected":false},"excerpt":{"rendered":"<p>Si feu un clic a la imatge podreu trobar tota la informaci\u00f3 sobre el programa ILEC DINAMITZACI\u00d3 DE LA LECTURA &#8211; LLENG\u00dcES MATERNES\u00a0 &#8211; BIBLIOTECA ESCOLAR<\/p>\n","protected":false},"author":1,"featured_media":0,"parent":0,"menu_order":0,"comment_status":"closed","ping_status":"closed","template":"","meta":{"_bbp_topic_count":0,"_bbp_reply_count":0,"_bbp_total_topic_count":0,"_bbp_total_reply_count":0,"_bbp_voice_count":0,"_bbp_anonymous_reply_count":0,"_bbp_topic_count_hidden":0,"_bbp_reply_count_hidden":0,"_bbp_forum_subforum_count":0,"site-sidebar-layout":"default","site-content-layout":"","ast-site-content-layout":"default","site-content-style":"default","site-sidebar-style":"default","ast-global-header-display":"","ast-banner-title-visibility":"","ast-main-header-display":"","ast-hfb-above-header-display":"","ast-hfb-below-header-display":"","ast-hfb-mobile-header-display":"","site-post-title":"","ast-breadcrumbs-content":"","ast-featured-img":"","footer-sml-layout":"","theme-transparent-header-meta":"","adv-header-id-meta":"","stick-header-meta":"","header-above-stick-meta":"","header-main-stick-meta":"","header-below-stick-meta":"","astra-migrate-meta-layouts":"set","ast-page-background-enabled":"default","ast-page-background-meta":{"desktop":{"background-color":"var(--ast-global-color-4)","background-image":"","background-repeat":"repeat","background-position":"center center","background-size":"auto","background-attachment":"scroll","background-type":"","background-media":"","overlay-type":"","overlay-color":"","overlay-opacity":"","overlay-gradient":""},"tablet":{"background-color":"","background-image":"","background-repeat":"repeat","background-position":"center center","background-size":"auto","background-attachment":"scroll","background-type":"","background-media":"","overlay-type":"","overlay-color":"","overlay-opacity":"","overlay-gradient":""},"mobile":{"background-color":"","background-image":"","background-repeat":"repeat","background-position":"center center","background-size":"auto","background-attachment":"scroll","background-type":"","background-media":"","overlay-type":"","overlay-color":"","overlay-opacity":"","overlay-gradient":""}},"ast-content-background-meta":{"desktop":{"background-color":"var(--ast-global-color-5)","background-image":"","background-repeat":"repeat","background-position":"center center","background-size":"auto","background-attachment":"scroll","background-type":"","background-media":"","overlay-type":"","overlay-color":"","overlay-opacity":"","overlay-gradient":""},"tablet":{"background-color":"var(--ast-global-color-5)","background-image":"","background-repeat":"repeat","background-position":"center center","background-size":"auto","background-attachment":"scroll","background-type":"","background-media":"","overlay-type":"","overlay-color":"","overlay-opacity":"","overlay-gradient":""},"mobile":{"background-color":"var(--ast-global-color-5)","background-image":"","background-repeat":"repeat","background-position":"center center","background-size":"auto","background-attachment":"scroll","background-type":"","background-media":"","overlay-type":"","overlay-color":"","overlay-opacity":"","overlay-gradient":""}},"footnotes":""},"class_list":["post-4353","page","type-page","status-publish","hentry"],"post_mailing_queue_ids":[],"_links":{"self":[{"href":"https:\/\/agora.xtec.cat\/ceipjosepmontserrat\/wp-json\/wp\/v2\/pages\/4353","targetHints":{"allow":["GET"]}}],"collection":[{"href":"https:\/\/agora.xtec.cat\/ceipjosepmontserrat\/wp-json\/wp\/v2\/pages"}],"about":[{"href":"https:\/\/agora.xtec.cat\/ceipjosepmontserrat\/wp-json\/wp\/v2\/types\/page"}],"author":[{"embeddable":true,"href":"https:\/\/agora.xtec.cat\/ceipjosepmontserrat\/wp-json\/wp\/v2\/users\/1"}],"replies":[{"embeddable":true,"href":"https:\/\/agora.xtec.cat\/ceipjosepmontserrat\/wp-json\/wp\/v2\/comments?post=4353"}],"version-history":[{"count":6,"href":"https:\/\/agora.xtec.cat\/ceipjosepmontserrat\/wp-json\/wp\/v2\/pages\/4353\/revisions"}],"predecessor-version":[{"id":5807,"href":"https:\/\/agora.xtec.cat\/ceipjosepmontserrat\/wp-json\/wp\/v2\/pages\/4353\/revisions\/5807"}],"wp:attachment":[{"href":"https:\/\/agora.xtec.cat\/ceipjosepmontserrat\/wp-json\/wp\/v2\/media?parent=4353"}],"curies":[{"name":"wp","href":"https:\/\/api.w.org\/{rel}","templated":true}]}}