{"id":2486,"date":"2021-11-15T10:13:18","date_gmt":"2021-11-15T09:13:18","guid":{"rendered":"https:\/\/agora.xtec.cat\/ceipjosepmontserrat\/?page_id=2486"},"modified":"2023-02-01T11:31:52","modified_gmt":"2023-02-01T10:31:52","slug":"edc","status":"publish","type":"page","link":"https:\/\/agora.xtec.cat\/ceipjosepmontserrat\/edc\/","title":{"rendered":"ESTRAT\u00c8GIA DIGITAL DE CENTRE"},"content":{"rendered":"<p><span style=\"font-size: xx-large;\">ESTRAT\u00c8GIA DIGITAL DE CENTRE<\/span><\/p>\n<p><a href=\"https:\/\/agora.xtec.cat\/ceipjosepmontserrat\/wp-content\/uploads\/usu2501\/2021\/12\/Captura-logo-Pep.png\"><img loading=\"lazy\" decoding=\"async\" class=\"alignnone wp-image-2605 size-medium\" src=\"https:\/\/agora.xtec.cat\/ceipjosepmontserrat\/wp-content\/uploads\/usu2501\/2021\/12\/Captura-logo-Pep-300x139.png\" alt=\"\" width=\"300\" height=\"139\" srcset=\"https:\/\/agora.xtec.cat\/ceipjosepmontserrat\/wp-content\/uploads\/usu2501\/2021\/12\/Captura-logo-Pep-300x139.png 300w, https:\/\/agora.xtec.cat\/ceipjosepmontserrat\/wp-content\/uploads\/usu2501\/2021\/12\/Captura-logo-Pep.png 436w\" sizes=\"auto, (max-width: 300px) 100vw, 300px\" \/><\/a><\/p>\n<p><span style=\"font-size: large;\"><i><u><b>Part estrat\u00e8gica<\/b><\/u><\/i><\/span><\/p>\n<p><b>Diagnosi<\/b><\/p>\n<p><b> Objectius <\/b><\/p>\n<p>Objectius vinculats al PEC<\/p>\n<p>Objectius a partir de la diagnosi<\/p>\n<p>Temporitzaci\u00f3 i indicadors<\/p>\n<p><b>Planificaci\u00f3 i seguiment<\/b><\/p>\n<p><b> Avaluaci\u00f3 i millora<\/b><\/p>\n<p>&nbsp;<\/p>\n<p><span style=\"font-size: large;\"><i><u><b>Cultura digital<\/b><\/u><\/i><\/span><\/p>\n<p><b>Documentaci\u00f3 b\u00e0sica<\/b><\/p>\n<p><b>Usuaris de centre<\/b><\/p>\n<p>Domini propi de centre: josepmontserrat.org<\/p>\n<p><b>Comunicaci\u00f3<\/b><\/p>\n<p>WEB\/BLOCS<\/p>\n<p>COMUNICACIONS AMB LES FAM\u00cdLIES<\/p>\n<p><b>Compet\u00e8ncia alumnat<\/b><\/p>\n<p><b>Compet\u00e8ncia professorat<\/b><\/p>\n<p><b>Calendaris<\/b><\/p>\n<p><b>Maquinari<\/b><\/p>\n","protected":false},"excerpt":{"rendered":"<p>ESTRAT\u00c8GIA DIGITAL DE CENTRE Part estrat\u00e8gica Diagnosi Objectius Objectius vinculats al PEC Objectius a partir de la diagnosi Temporitzaci\u00f3 i indicadors Planificaci\u00f3 i seguiment Avaluaci\u00f3 i millora &nbsp; Cultura digital Documentaci\u00f3 b\u00e0sica Usuaris de centre Domini propi de centre: josepmontserrat.org Comunicaci\u00f3 WEB\/BLOCS COMUNICACIONS AMB LES FAM\u00cdLIES Compet\u00e8ncia alumnat Compet\u00e8ncia professorat Calendaris Maquinari<\/p>\n","protected":false},"author":1,"featured_media":0,"parent":0,"menu_order":0,"comment_status":"closed","ping_status":"closed","template":"","meta":{"_bbp_topic_count":0,"_bbp_reply_count":0,"_bbp_total_topic_count":0,"_bbp_total_reply_count":0,"_bbp_voice_count":0,"_bbp_anonymous_reply_count":0,"_bbp_topic_count_hidden":0,"_bbp_reply_count_hidden":0,"_bbp_forum_subforum_count":0,"site-sidebar-layout":"default","site-content-layout":"","ast-site-content-layout":"","site-content-style":"default","site-sidebar-style":"default","ast-global-header-display":"","ast-banner-title-visibility":"","ast-main-header-display":"","ast-hfb-above-header-display":"","ast-hfb-below-header-display":"","ast-hfb-mobile-header-display":"","site-post-title":"","ast-breadcrumbs-content":"","ast-featured-img":"","footer-sml-layout":"","theme-transparent-header-meta":"","adv-header-id-meta":"","stick-header-meta":"","header-above-stick-meta":"","header-main-stick-meta":"","header-below-stick-meta":"","astra-migrate-meta-layouts":"default","ast-page-background-enabled":"default","ast-page-background-meta":{"desktop":{"background-color":"var(--ast-global-color-4)","background-image":"","background-repeat":"repeat","background-position":"center center","background-size":"auto","background-attachment":"scroll","background-type":"","background-media":"","overlay-type":"","overlay-color":"","overlay-opacity":"","overlay-gradient":""},"tablet":{"background-color":"","background-image":"","background-repeat":"repeat","background-position":"center center","background-size":"auto","background-attachment":"scroll","background-type":"","background-media":"","overlay-type":"","overlay-color":"","overlay-opacity":"","overlay-gradient":""},"mobile":{"background-color":"","background-image":"","background-repeat":"repeat","background-position":"center center","background-size":"auto","background-attachment":"scroll","background-type":"","background-media":"","overlay-type":"","overlay-color":"","overlay-opacity":"","overlay-gradient":""}},"ast-content-background-meta":{"desktop":{"background-color":"var(--ast-global-color-5)","background-image":"","background-repeat":"repeat","background-position":"center center","background-size":"auto","background-attachment":"scroll","background-type":"","background-media":"","overlay-type":"","overlay-color":"","overlay-opacity":"","overlay-gradient":""},"tablet":{"background-color":"var(--ast-global-color-5)","background-image":"","background-repeat":"repeat","background-position":"center center","background-size":"auto","background-attachment":"scroll","background-type":"","background-media":"","overlay-type":"","overlay-color":"","overlay-opacity":"","overlay-gradient":""},"mobile":{"background-color":"var(--ast-global-color-5)","background-image":"","background-repeat":"repeat","background-position":"center center","background-size":"auto","background-attachment":"scroll","background-type":"","background-media":"","overlay-type":"","overlay-color":"","overlay-opacity":"","overlay-gradient":""}},"footnotes":""},"class_list":["post-2486","page","type-page","status-publish","hentry"],"post_mailing_queue_ids":[],"_links":{"self":[{"href":"https:\/\/agora.xtec.cat\/ceipjosepmontserrat\/wp-json\/wp\/v2\/pages\/2486","targetHints":{"allow":["GET"]}}],"collection":[{"href":"https:\/\/agora.xtec.cat\/ceipjosepmontserrat\/wp-json\/wp\/v2\/pages"}],"about":[{"href":"https:\/\/agora.xtec.cat\/ceipjosepmontserrat\/wp-json\/wp\/v2\/types\/page"}],"author":[{"embeddable":true,"href":"https:\/\/agora.xtec.cat\/ceipjosepmontserrat\/wp-json\/wp\/v2\/users\/1"}],"replies":[{"embeddable":true,"href":"https:\/\/agora.xtec.cat\/ceipjosepmontserrat\/wp-json\/wp\/v2\/comments?post=2486"}],"version-history":[{"count":3,"href":"https:\/\/agora.xtec.cat\/ceipjosepmontserrat\/wp-json\/wp\/v2\/pages\/2486\/revisions"}],"predecessor-version":[{"id":4153,"href":"https:\/\/agora.xtec.cat\/ceipjosepmontserrat\/wp-json\/wp\/v2\/pages\/2486\/revisions\/4153"}],"wp:attachment":[{"href":"https:\/\/agora.xtec.cat\/ceipjosepmontserrat\/wp-json\/wp\/v2\/media?parent=2486"}],"curies":[{"name":"wp","href":"https:\/\/api.w.org\/{rel}","templated":true}]}}