{"id":71,"date":"2019-10-25T11:13:56","date_gmt":"2019-10-25T09:13:56","guid":{"rendered":"http:\/\/agora.xtec.cat\/ceipjosepmadrenys\/?page_id=71"},"modified":"2019-10-25T11:47:16","modified_gmt":"2019-10-25T09:47:16","slug":"serveis-digitals","status":"publish","type":"page","link":"https:\/\/agora.xtec.cat\/ceipjosepmadrenys\/serveis\/serveis-digitals\/","title":{"rendered":"Compte Google d&#8217;escola"},"content":{"rendered":"<p style=\"text-align: justify;\">L&#8217;alumnat de cicle mitj\u00e0 i superior de l&#8217;escola gaudeix d&#8217;un domini personal\u00a0 de l&#8217;estil: <a href=\"https:\/\/accounts.google.com\/ServiceLogin\/signinchooser?flowName=GlifWebSignIn&amp;flowEntry=ServiceLogin\" target=\"_blank\" rel=\"noopener noreferrer\"><strong><span style=\"color: #ff6600;\">nomcognom<\/span><span style=\"color: #0000ff;\">@escolajosepmadrenys.cat <\/span><\/strong><\/a><span style=\"color: #0000ff;\"><span style=\"color: #000000;\">al que pot accedir <a href=\"https:\/\/accounts.google.com\/ServiceLogin\/signinchooser?flowName=GlifWebSignIn&amp;flowEntry=ServiceLogin\" target=\"_blank\" rel=\"noopener noreferrer\">des d&#8217;aqu\u00ed<\/a> i tamb\u00e9 amb el corresponent bot\u00f3 del men\u00fa superior.<\/span><\/span><\/p>\n<p id=\"h.p_x_rQF7mZ4Mg8\" class=\"zfr3Q\" style=\"text-align: justify;\">Entre molts altres avantatges, el fet que els alumnes puguin disposar de google Suite, b\u00e0sicament ens suposa:<\/p>\n<ul class=\"n8H08c UVNKR\">\n<li id=\"h.p_lma6PXUe4fXo\" class=\"TYR86d zfr3Q\" style=\"text-align: justify;\">Al disposar del Drive, tenen tots els seus treballs desats al n\u00favol i hi poden accedir des de qualsevol dispositiu i a qualsevol lloc (a casa). Ara nom\u00e9s ho poden fer des del centre educatiu o mitjan\u00e7ant mem\u00f2ries port\u00e0tils.<\/li>\n<li id=\"h.p_v7yjUZCl43RW\" class=\"TYR86d zfr3Q\" style=\"text-align: justify;\">Tots els alumnes poden utilitzar les mateixes eines de treball (docs, fulls de c\u00e0lcul, presentacions&#8230;) A casa poden continuar utilitzant les mateixes eines que fan servir al centre educatiu. No les han de comprar ni instal\u00b7lar.<\/li>\n<li id=\"h.p_XtXCFZNa-8UD\" class=\"TYR86d zfr3Q\" style=\"text-align: justify;\">Possibilitat d&#8217;utilitzar classes virtuals amb el Classroom, permetent el treball cooperatiu que necessitem pel correcte funcionament dels projectes.<\/li>\n<\/ul>\n<p><center><br \/>\n<iframe loading=\"lazy\" title=\"\u2705Introducci\u00f3n a Google Workspace\" width=\"500\" height=\"281\" src=\"https:\/\/www.youtube.com\/embed\/Im2Oxd4oxUc?feature=oembed\" frameborder=\"0\" allow=\"accelerometer; autoplay; clipboard-write; encrypted-media; gyroscope; picture-in-picture; web-share\" referrerpolicy=\"strict-origin-when-cross-origin\" allowfullscreen><\/iframe><\/p>\n<p>&nbsp;<\/p>\n<p><\/center><\/p>\n","protected":false},"excerpt":{"rendered":"<p>L&#8217;alumnat de cicle mitj\u00e0 i superior de l&#8217;escola gaudeix d&#8217;un domini personal\u00a0 de l&#8217;estil: <a href=\"https:\/\/accounts.google.com\/ServiceLogin\/signinchooser?flowName=GlifWebSignIn&amp;flowEntry=ServiceLogin\" target=\"_blank\" rel=\"noopener noreferrer\">nomcognom@escolajosepmadrenys.cat <\/a>al que pot accedir <a href=\"https:\/\/accounts.google.com\/ServiceLogin\/signinchooser?flowName=GlifWebSignIn&amp;flowEntry=ServiceLogin\" target=\"_blank\" rel=\"noopener noreferrer\">des d&#8217;aqu\u00ed<\/a> i tamb\u00e9 amb el corresponent bot\u00f3 del men\u00fa superior.<br \/>\nEntre molts altres avantatges, el fet que els&hellip;  <a href=\"https:\/\/agora.xtec.cat\/ceipjosepmadrenys\/serveis\/serveis-digitals\/\" title=\"Read Compte Google d&#8217;escola\">Llegeix m\u00e9s\u00bb<\/a><\/p>\n","protected":false},"author":1,"featured_media":0,"parent":66,"menu_order":10,"comment_status":"closed","ping_status":"closed","template":"page-templates\/side-menu.php","meta":{"_bbp_topic_count":0,"_bbp_reply_count":0,"_bbp_total_topic_count":0,"_bbp_total_reply_count":0,"_bbp_voice_count":0,"_bbp_anonymous_reply_count":0,"_bbp_topic_count_hidden":0,"_bbp_reply_count_hidden":0,"_bbp_forum_subforum_count":0,"footnotes":""},"class_list":["post-71","page","type-page","status-publish","hentry"],"post_mailing_queue_ids":[],"_links":{"self":[{"href":"https:\/\/agora.xtec.cat\/ceipjosepmadrenys\/wp-json\/wp\/v2\/pages\/71","targetHints":{"allow":["GET"]}}],"collection":[{"href":"https:\/\/agora.xtec.cat\/ceipjosepmadrenys\/wp-json\/wp\/v2\/pages"}],"about":[{"href":"https:\/\/agora.xtec.cat\/ceipjosepmadrenys\/wp-json\/wp\/v2\/types\/page"}],"author":[{"embeddable":true,"href":"https:\/\/agora.xtec.cat\/ceipjosepmadrenys\/wp-json\/wp\/v2\/users\/1"}],"replies":[{"embeddable":true,"href":"https:\/\/agora.xtec.cat\/ceipjosepmadrenys\/wp-json\/wp\/v2\/comments?post=71"}],"version-history":[{"count":4,"href":"https:\/\/agora.xtec.cat\/ceipjosepmadrenys\/wp-json\/wp\/v2\/pages\/71\/revisions"}],"predecessor-version":[{"id":656,"href":"https:\/\/agora.xtec.cat\/ceipjosepmadrenys\/wp-json\/wp\/v2\/pages\/71\/revisions\/656"}],"up":[{"embeddable":true,"href":"https:\/\/agora.xtec.cat\/ceipjosepmadrenys\/wp-json\/wp\/v2\/pages\/66"}],"wp:attachment":[{"href":"https:\/\/agora.xtec.cat\/ceipjosepmadrenys\/wp-json\/wp\/v2\/media?parent=71"}],"curies":[{"name":"wp","href":"https:\/\/api.w.org\/{rel}","templated":true}]}}