{"id":554,"date":"2019-10-07T13:26:23","date_gmt":"2019-10-07T11:26:23","guid":{"rendered":"https:\/\/agora.xtec.cat\/ceipjosepmadrenys\/?page_id=554"},"modified":"2026-01-19T15:06:18","modified_gmt":"2026-01-19T14:06:18","slug":"personal","status":"publish","type":"page","link":"https:\/\/agora.xtec.cat\/ceipjosepmadrenys\/lescola\/personal\/","title":{"rendered":"Claustre de mestres i personal"},"content":{"rendered":"<h3 style=\"text-align: center;\"><b> CURS ACAD\u00c8MIC 2025-2026<\/b><\/h3>\n<p style=\"text-align: center;\"><b>(Entre par\u00e8ntesis hi ha la dedicaci\u00f3 hor\u00e0ria de cada persona)<\/b><\/p>\n<table style=\"height: 2411px; width: 89.6084%;\" border=\"8\" cellspacing=\"1\" cellpadding=\"1\" align=\"center\">\n<tbody>\n<tr style=\"height: 81px;\">\n<td style=\"text-align: center; height: 81px; width: 19.3062%;\" bgcolor=\"#087EB6\"><span style=\"color: #ffffff;\"><b>NIVELL<\/b><\/span><\/td>\n<td style=\"text-align: center; height: 81px; width: 41.9306%;\" bgcolor=\"#FF5A26\"><span style=\"color: #ffffff;\"><b>MESTRE\/A TITULAR<\/b><\/span><\/td>\n<td style=\"text-align: center; height: 81px; width: 38.1599%;\" bgcolor=\"#087EB6\"><span style=\"color: #ffffff;\"><b>MESTRE\/A COMPLEMENTARI\/A<\/b><\/span><\/p>\n<p><span style=\"color: #ffffff;\"><b>O SUBSTITUT\/A<\/b><\/span><\/td>\n<\/tr>\n<tr style=\"height: 70px;\">\n<td style=\"text-align: center; height: 70px; width: 99.3967%;\" colspan=\"3\" bgcolor=\"B3E9F5\"><b>EDUCACI\u00d3 INFANTIL<\/b><\/td>\n<\/tr>\n<tr style=\"height: 55px;\">\n<td style=\"text-align: center; height: 55px; width: 19.3062%;\"><b>EI3 A<\/b><\/td>\n<td style=\"width: 41.9306%; text-align: center; height: 55px;\"><b>ALBA M.V. (1)<\/b><\/td>\n<td style=\"text-align: center; width: 38.1599%; height: 55px;\"><\/td>\n<\/tr>\n<tr style=\"height: 55px;\">\n<td style=\"text-align: center; height: 55px; width: 19.3062%;\"><b>EI3 B<\/b><\/td>\n<td style=\"width: 41.9306%; text-align: center; height: 55px;\"><b>LAIA T. P. (2\/3)<\/b><\/td>\n<td style=\"text-align: center; width: 38.1599%; height: 55px;\"><b>ANA B. S. (1\/2)<\/b><\/td>\n<\/tr>\n<tr style=\"height: 55px;\">\n<td style=\"text-align: center; height: 55px; width: 19.3062%;\"><b>EI4 A<\/b><\/td>\n<td style=\"width: 41.9306%; text-align: center; height: 55px;\"><b>OLGA C.T. (1)<\/b><\/td>\n<td style=\"text-align: center; height: 55px; width: 38.1599%;\"><\/td>\n<\/tr>\n<tr style=\"height: 55px;\">\n<td style=\"text-align: center; height: 55px; width: 19.3062%;\"><b>EI4 B<\/b><\/td>\n<td style=\"width: 41.9306%; text-align: center; height: 55px;\"><b>BETH\u00a0 R.G. (1)<\/b><\/td>\n<td style=\"text-align: center; height: 55px; width: 38.1599%;\"><\/td>\n<\/tr>\n<tr style=\"height: 55px;\">\n<td style=\"text-align: center; height: 55px; width: 19.3062%;\"><b>EI5 A<\/b><\/td>\n<td style=\"width: 41.9306%; text-align: center; height: 55px;\"><b>GEMMA H.R. (1)\u00a0<\/b><\/td>\n<td style=\"text-align: center; height: 55px; width: 38.1599%;\"><\/td>\n<\/tr>\n<tr style=\"height: 55px;\">\n<td style=\"text-align: center; height: 55px; width: 19.3062%;\"><b>EI5 B<\/b><\/td>\n<td style=\"width: 41.9306%; text-align: center; height: 55px;\"><b>DOLORS D.R. (1)<\/b><\/td>\n<td style=\"text-align: center; height: 55px; width: 38.1599%;\"><\/td>\n<\/tr>\n<tr style=\"height: 55px;\">\n<td style=\"text-align: center; height: 55px; width: 19.3062%;\"><b>SUP. EI\u00a0\u00a0\u00a0<\/b><\/td>\n<td style=\"width: 41.9306%; text-align: center; height: 55px;\"><b>VER\u00d2NICA G.B. (1)<\/b><\/td>\n<td style=\"text-align: center; height: 55px; width: 38.1599%;\"><\/td>\n<\/tr>\n<tr style=\"height: 70px;\">\n<td style=\"text-align: center; height: 70px; width: 99.3967%;\" colspan=\"3\" bgcolor=\"B3E9F5\"><b>EDUCACI\u00d3 PRIM\u00c0RIA<\/b><\/td>\n<\/tr>\n<tr style=\"height: 55px;\">\n<td style=\"text-align: center; height: 55px; width: 19.3062%;\"><b>PRIMER A<\/b><\/td>\n<td style=\"width: 41.9306%; text-align: center; height: 55px;\"><b>IRENE R.G. (1)<\/b><\/td>\n<td style=\"text-align: center; width: 38.1599%; height: 55px;\"><\/td>\n<\/tr>\n<tr style=\"height: 55px;\">\n<td style=\"text-align: center; height: 55px; width: 19.3062%;\"><b>PRIMER B<\/b><\/td>\n<td style=\"width: 41.9306%; text-align: center; height: 55px;\"><b>MIREIA L. T. (2\/3)<\/b><\/td>\n<td style=\"text-align: center; width: 38.1599%; height: 55px;\"><b>ROCIO R. R. (1\/2)<\/b><\/td>\n<\/tr>\n<tr style=\"height: 55px;\">\n<td style=\"text-align: center; height: 55px; width: 19.3062%;\"><b>SEGON A<\/b><\/td>\n<td style=\"width: 41.9306%; text-align: center; height: 55px;\"><b>S\u00cdLVIA T.B. (1)<\/b><\/td>\n<td style=\"text-align: center; height: 55px; width: 38.1599%;\"><\/td>\n<\/tr>\n<tr style=\"height: 55px;\">\n<td style=\"text-align: center; height: 55px; width: 19.3062%;\"><b>SEGON B<\/b><\/td>\n<td style=\"width: 41.9306%; text-align: center; height: 55px;\"><b>CARLOTA M.R. (1)<\/b><\/td>\n<td style=\"text-align: center; height: 55px; width: 38.1599%;\"><\/td>\n<\/tr>\n<tr style=\"height: 55px;\">\n<td style=\"text-align: center; height: 55px; width: 19.3062%;\"><b>TERCER A<\/b><\/td>\n<td style=\"width: 41.9306%; text-align: center; height: 55px;\"><strong>CRISTINA G. G. (1)<\/strong><\/td>\n<td style=\"text-align: center; height: 55px; width: 38.1599%;\"><\/td>\n<\/tr>\n<tr style=\"height: 55px;\">\n<td style=\"text-align: center; height: 55px; width: 19.3062%;\"><b>TERCER B<\/b><\/td>\n<td style=\"width: 41.9306%; text-align: center; height: 55px;\"><strong>IRENE S. S. (1)<\/strong><\/td>\n<td style=\"text-align: center; height: 55px; width: 38.1599%;\"><\/td>\n<\/tr>\n<tr style=\"height: 55px;\">\n<td style=\"text-align: center; height: 55px; width: 19.3062%;\"><b>QUART A<\/b><\/td>\n<td style=\"width: 41.9306%; text-align: center; height: 55px;\"><b>ANNA R.J. (1)<\/b><\/td>\n<td style=\"text-align: center; height: 55px; width: 38.1599%;\"><\/td>\n<\/tr>\n<tr style=\"height: 57px;\">\n<td style=\"text-align: center; width: 19.3062%; height: 57px;\"><b>QUART B<\/b><\/td>\n<td style=\"width: 41.9306%; text-align: center; height: 57px;\"><b>CARLA F.C. (1)<\/b><\/td>\n<td style=\"text-align: center; width: 38.1599%; height: 57px;\"><\/td>\n<\/tr>\n<tr style=\"height: 59px;\">\n<td style=\"text-align: center; height: 59px; width: 19.3062%;\"><b>CINQU\u00c8 A<\/b><\/td>\n<td style=\"width: 41.9306%; text-align: center; height: 59px;\"><strong>NEUS C. G. (1)<\/strong><\/td>\n<td style=\"text-align: center; height: 59px; width: 38.1599%;\"><strong>MONTSE E. R. (1\/2)<\/strong><\/td>\n<\/tr>\n<tr style=\"height: 55px;\">\n<td style=\"text-align: center; height: 55px; width: 19.3062%;\"><b>SIS\u00c8 A<\/b><\/td>\n<td style=\"width: 41.9306%; text-align: center; height: 55px;\"><b>MARC A.M. (1)<\/b><\/td>\n<td style=\"text-align: center; height: 55px; width: 38.1599%;\"><\/td>\n<\/tr>\n<tr style=\"height: 55px;\">\n<td style=\"text-align: center; width: 19.3062%; height: 55px;\"><b>SIS\u00c8 B<\/b><\/td>\n<td style=\"width: 41.9306%; text-align: center; height: 55px;\"><b>J\u00daLIA D. M. (1)<\/b><\/td>\n<td style=\"text-align: center; height: 55px; width: 38.1599%;\"><\/td>\n<\/tr>\n<tr style=\"height: 51px;\">\n<td style=\"text-align: center; width: 19.3062%; height: 51px;\"><b>SUP. CI<\/b><\/td>\n<td style=\"width: 41.9306%; text-align: center; height: 51px;\"><b>AINA L.C. (1\/2)<\/b><\/td>\n<td style=\"text-align: center; width: 38.1599%; height: 51px;\"><\/td>\n<\/tr>\n<tr style=\"height: 70px;\">\n<td style=\"text-align: center; height: 70px; width: 99.3967%;\" colspan=\"3\" bgcolor=\"B3E9F5\"><b>ESPECIALISTES<\/b><\/td>\n<\/tr>\n<tr style=\"height: 55px;\">\n<td style=\"text-align: center; height: 55px; width: 19.3062%;\"><b>MESI 1<\/b><\/td>\n<td style=\"width: 41.9306%; text-align: center; height: 55px;\"><strong>JUDITH C.P. (2\/3)<\/strong><\/td>\n<td style=\"text-align: center; height: 55px; width: 38.1599%;\"><\/td>\n<\/tr>\n<tr style=\"height: 51px;\">\n<td style=\"text-align: center; width: 19.3062%; height: 51px;\"><b>MESI 2<\/b><\/td>\n<td style=\"width: 41.9306%; text-align: center; height: 51px;\"><strong>ESTEL G.C. (1\/2)<\/strong><\/td>\n<td style=\"text-align: center; width: 38.1599%; height: 51px;\"><\/td>\n<\/tr>\n<tr style=\"height: 32px;\">\n<td style=\"text-align: center; width: 19.3062%; height: 32px;\"><b>MESI 3<\/b><\/td>\n<td style=\"width: 41.9306%; text-align: center; height: 32px;\"><strong>MARINA M. V. (1)<\/strong><\/td>\n<td style=\"text-align: center; width: 38.1599%; height: 32px;\"><\/td>\n<\/tr>\n<tr style=\"height: 32px;\">\n<td style=\"text-align: center; width: 19.3062%; height: 32px;\"><b>MESI 4<\/b><\/td>\n<td style=\"width: 41.9306%; text-align: center; height: 32px;\"><b>ELENA B.M. (2\/3)<\/b><\/td>\n<td style=\"text-align: center; width: 38.1599%; height: 32px;\"><b> ELISABET M. M. (1\/2)<\/b><\/td>\n<\/tr>\n<tr style=\"height: 55px;\">\n<td style=\"text-align: center; height: 55px; width: 19.3062%;\"><b>ED. F\u00cdSICA<\/b><\/td>\n<td style=\"width: 41.9306%; text-align: center; height: 55px;\"><b>LORENA S.G. (1)<\/b><\/td>\n<td style=\"text-align: center; height: 55px; width: 38.1599%;\"><\/td>\n<\/tr>\n<tr style=\"height: 55px;\">\n<td style=\"text-align: center; height: 55px; width: 19.3062%;\"><b>ED. MUS.\u00a0<\/b><\/td>\n<td style=\"width: 41.9306%; text-align: center; height: 55px;\"><b>LAURA T.T. (1)<\/b><\/td>\n<td style=\"text-align: center; height: 55px; width: 38.1599%;\"><\/td>\n<\/tr>\n<tr style=\"height: 55px;\">\n<td style=\"text-align: center; height: 55px; width: 19.3062%;\"><b>LL. ANGLESA 1<\/b><\/td>\n<td style=\"width: 41.9306%; text-align: center; height: 55px;\"><b>N\u00daRIA R.C (2\/3)<\/b><\/td>\n<td style=\"text-align: center; height: 55px; width: 38.1599%;\"><\/td>\n<\/tr>\n<tr style=\"height: 55px;\">\n<td style=\"text-align: center; height: 55px; width: 19.3062%;\"><b>LL. ANGLESA 2<\/b><\/td>\n<td style=\"width: 41.9306%; text-align: center; height: 55px;\"><strong>JOS\u00c9-JAVIER C. L. (1\/2)<\/strong><\/td>\n<td style=\"text-align: center; height: 55px; width: 38.1599%;\"><\/td>\n<\/tr>\n<tr style=\"height: 55px;\">\n<td style=\"text-align: center; height: 55px; width: 19.3062%;\"><b>LL. ANGLESA\u00a0 3\u00a0<\/b><\/td>\n<td style=\"width: 41.9306%; text-align: center; height: 55px;\"><strong>LAURA R.C. (2\/3)<\/strong><\/td>\n<td style=\"text-align: center; height: 55px; width: 38.1599%;\"><strong>LAIA C.R.<\/strong><\/td>\n<\/tr>\n<tr style=\"height: 55px;\">\n<td style=\"text-align: center; height: 55px; width: 19.3062%;\"><b>RELIGI\u00d3<\/b><\/td>\n<td style=\"width: 41.9306%; text-align: center; height: 55px;\"><b>MIREIA P. M. (1\/2)<\/b><\/td>\n<td style=\"text-align: center; height: 55px; width: 38.1599%;\"><strong>JORDI A.M. (1\/2)<\/strong><\/td>\n<\/tr>\n<tr style=\"height: 70px;\">\n<td style=\"text-align: center; height: 70px; width: 99.3967%;\" colspan=\"3\" bgcolor=\"B3E9F5\"><b>EQUIP DIRECTIU<\/b><\/td>\n<\/tr>\n<tr style=\"height: 55px;\">\n<td style=\"text-align: center; height: 55px; width: 19.3062%;\"><b>SECRET\u00c0RIA<\/b><\/td>\n<td style=\"width: 41.9306%; text-align: center; height: 55px;\"><b>VER\u00d2NICA G.B. (1)<\/b><\/td>\n<td style=\"text-align: center; height: 55px; width: 38.1599%;\"><\/td>\n<\/tr>\n<tr style=\"height: 55px;\">\n<td style=\"text-align: center; height: 55px; width: 19.3062%;\"><b>CAP D\u2019ESTUDIS<\/b><\/td>\n<td style=\"width: 41.9306%; text-align: center; height: 55px;\"><b>MARTA G.S. (1)<\/b><\/td>\n<td style=\"text-align: center; height: 55px; width: 38.1599%;\"><\/td>\n<\/tr>\n<tr style=\"height: 55px;\">\n<td style=\"text-align: center; height: 55px; width: 19.3062%;\"><b>DIRECCI\u00d3<\/b><\/td>\n<td style=\"width: 41.9306%; text-align: center; height: 55px;\"><b>MAGDA R.B. (1)<\/b><\/td>\n<td style=\"text-align: center; height: 55px; width: 38.1599%;\"><\/td>\n<\/tr>\n<tr style=\"height: 70px;\">\n<td style=\"text-align: center; height: 70px; width: 99.3967%;\" colspan=\"3\" bgcolor=\"B3E9F5\"><b>ADMINISTRACI\u00d3 I SERVEIS<\/b><\/td>\n<\/tr>\n<tr style=\"height: 55px;\">\n<td style=\"text-align: center; height: 55px; width: 19.3062%;\"><b>ADMIN.(P.A.S.)<\/b><\/td>\n<td style=\"width: 41.9306%; text-align: center; height: 55px;\"><b>CLAUDI LL.F. (1)<\/b><\/td>\n<td style=\"text-align: center; height: 55px; width: 38.1599%;\"><\/td>\n<\/tr>\n<tr style=\"height: 55px;\">\n<td style=\"text-align: center; height: 55px; width: 19.3062%;\"><b>CONSERGE<\/b><\/td>\n<td style=\"width: 41.9306%; text-align: center; height: 55px;\"><b>MERCHE S.C. (8.45 -12.45 h.)<\/b><\/td>\n<td style=\"text-align: center; height: 55px; width: 38.1599%;\"><\/td>\n<\/tr>\n<tr style=\"height: 55px;\">\n<td style=\"text-align: center; height: 55px; width: 19.3062%;\"><b>VETLLADORA<\/b><\/td>\n<td style=\"width: 41.9306%; text-align: center; height: 55px;\"><b>S\u00cdLVIA B.C.<\/b><\/td>\n<td style=\"text-align: center; height: 55px; width: 38.1599%;\"><\/td>\n<\/tr>\n<tr style=\"height: 55px;\">\n<td style=\"text-align: center; height: 55px; width: 19.3062%;\"><b>TEI<\/b><\/td>\n<td style=\"width: 41.9306%; text-align: center; height: 55px;\"><b>ANNA V.C. (1)<\/b><\/td>\n<td style=\"text-align: center; height: 55px; width: 38.1599%;\"><\/td>\n<\/tr>\n<tr style=\"height: 48px;\">\n<td style=\"text-align: center; width: 19.3062%; height: 48px;\"><b>EDUCADORA ED. ESPECIAL<\/b><\/td>\n<td style=\"width: 41.9306%; text-align: center; height: 48px;\"><strong>IMMA A. M. (1)<\/strong><b><br \/>\n<\/b><\/td>\n<td style=\"text-align: center; width: 38.1599%; height: 48px;\"><\/td>\n<\/tr>\n<\/tbody>\n<\/table>\n<p>&nbsp;<\/p>\n<p>&nbsp;<\/p>\n","protected":false},"excerpt":{"rendered":"<p> CURS ACAD\u00c8MIC 2025-2026<br \/>\n(Entre par\u00e8ntesis hi ha la dedicaci\u00f3 hor\u00e0ria de cada persona)<\/p>\n<p>NIVELL<br \/>\nMESTRE\/A TITULAR<br \/>\nMESTRE\/A COMPLEMENTARI\/A<br \/>\nO SUBSTITUT\/A<\/p>\n<p>EDUCACI\u00d3 INFANTIL<\/p>\n<p>EI3 A<br \/>\nALBA M.V. (1)<\/p>\n<p>EI3 B<br \/>\nLAIA T. P. (2\/3)<br \/>\nANA B. S. (1\/2)<\/p>\n<p>EI4 A<br \/>\nOLGA C.T. (1)<\/p>\n<p>EI4 B<br \/>\nBETH\u00a0 R.G. (1)<\/p>\n<p>EI5 A<br \/>\nGEMMA H.R. (1)\u00a0<\/p>\n<p>EI5 B<br \/>\nDOLORS D.R. (1)<\/p>\n<p>SUP. EI\u00a0\u00a0\u00a0<br \/>\nVER\u00d2NICA G.B. (1)<\/p>\n<p>EDUCACI\u00d3 PRIM\u00c0RIA<\/p>\n<p>PRIMER A<br \/>\nIRENE R.G.&hellip;  <a href=\"https:\/\/agora.xtec.cat\/ceipjosepmadrenys\/lescola\/personal\/\" title=\"Read Claustre de mestres i personal\">Llegeix m\u00e9s\u00bb<\/a><\/p>\n","protected":false},"author":3,"featured_media":0,"parent":22,"menu_order":50,"comment_status":"closed","ping_status":"closed","template":"page-templates\/side-menu.php","meta":{"_bbp_topic_count":0,"_bbp_reply_count":0,"_bbp_total_topic_count":0,"_bbp_total_reply_count":0,"_bbp_voice_count":0,"_bbp_anonymous_reply_count":0,"_bbp_topic_count_hidden":0,"_bbp_reply_count_hidden":0,"_bbp_forum_subforum_count":0,"footnotes":""},"class_list":["post-554","page","type-page","status-publish","hentry"],"post_mailing_queue_ids":[],"_links":{"self":[{"href":"https:\/\/agora.xtec.cat\/ceipjosepmadrenys\/wp-json\/wp\/v2\/pages\/554","targetHints":{"allow":["GET"]}}],"collection":[{"href":"https:\/\/agora.xtec.cat\/ceipjosepmadrenys\/wp-json\/wp\/v2\/pages"}],"about":[{"href":"https:\/\/agora.xtec.cat\/ceipjosepmadrenys\/wp-json\/wp\/v2\/types\/page"}],"author":[{"embeddable":true,"href":"https:\/\/agora.xtec.cat\/ceipjosepmadrenys\/wp-json\/wp\/v2\/users\/3"}],"replies":[{"embeddable":true,"href":"https:\/\/agora.xtec.cat\/ceipjosepmadrenys\/wp-json\/wp\/v2\/comments?post=554"}],"version-history":[{"count":7,"href":"https:\/\/agora.xtec.cat\/ceipjosepmadrenys\/wp-json\/wp\/v2\/pages\/554\/revisions"}],"predecessor-version":[{"id":5496,"href":"https:\/\/agora.xtec.cat\/ceipjosepmadrenys\/wp-json\/wp\/v2\/pages\/554\/revisions\/5496"}],"up":[{"embeddable":true,"href":"https:\/\/agora.xtec.cat\/ceipjosepmadrenys\/wp-json\/wp\/v2\/pages\/22"}],"wp:attachment":[{"href":"https:\/\/agora.xtec.cat\/ceipjosepmadrenys\/wp-json\/wp\/v2\/media?parent=554"}],"curies":[{"name":"wp","href":"https:\/\/api.w.org\/{rel}","templated":true}]}}