{"id":850,"date":"2017-04-09T23:59:10","date_gmt":"2017-04-09T21:59:10","guid":{"rendered":"http:\/\/agora.xtec.cat\/ceipjosepguinovart\/?page_id=850"},"modified":"2021-11-25T11:25:17","modified_gmt":"2021-11-25T10:25:17","slug":"pagines-dinteres","status":"publish","type":"page","link":"https:\/\/agora.xtec.cat\/ceipjosepguinovart\/pagines-dinteres\/","title":{"rendered":"P\u00e0gines d&#8217;inter\u00e8s"},"content":{"rendered":"<p><span style=\"text-decoration: underline;\"><span style=\"color: #3366ff;\"><strong>EDUCACI\u00d3 EN GENERAL<\/strong><\/span><\/span><\/p>\n<p><a href=\"http:\/\/www.xtec.cat\" target=\"_blank\" rel=\"noopener\">Xtec<\/a>: Xarxa telem\u00e0tica educativa de catalunya.<\/p>\n<p><a href=\"http:\/\/www.edu365.cat\" target=\"_blank\" rel=\"noopener\">Edu365<\/a>: Web recomanada per totes les edats. Continguts: Catal\u00e0, Castell\u00e0, Angl\u00e8s, Franc\u00e8s, Socials, Naturals, Educaci\u00f3 art\u00edstica, Matem\u00e0tica i Religi\u00f3. Jocs, contes i v\u00eddeos.<\/p>\n<p><a href=\"http:\/\/www.supersaber.com\" target=\"_blank\" rel=\"noopener\">Super Saber<\/a>: Web recomanada per a nens interessats en sumes, restes, c\u00e0lcul, mam\u00edfers, aparell digestiu i les normes de la b i la v en castell\u00e0.<\/p>\n<p><a href=\"http:\/\/clic.xtec.net\/ca\/index.htm\" target=\"_blank\" rel=\"noopener\">Zona Clic<\/a>: El Clic est\u00e0 format per un conjunt d&#8217;aplicacions de programari lliure que permeten crear diversos tipus d&#8217;activitats educatives multim\u00e8dia. La zonaClic \u00e9s un servei creat amb l&#8217;objectiu de compartir els materials did\u00e0ctics creats amb el programa.<\/p>\n<p><a href=\"http:\/\/www.educaplay.com\" target=\"_blank\" rel=\"noopener\">Educaplay<\/a>: Educaplay es una plataforma per la creaci\u00f3n d&#8217;activitats educatives multimedia. Crea les teves activitats educatives amb un resultat atractiu i profesional.<\/p>\n<p><a href=\"http:\/\/www.ceip-diputacio.com\/portadaCM-CS.htm\" target=\"_blank\" rel=\"noopener\">La Motxilla:<\/a> Molt\u00edssims recursos de la genial web del ceip Diputaci\u00f3.<\/p>\n<p><span style=\"text-decoration: underline;\"><strong><span style=\"color: #3366ff; text-decoration: underline;\">MEDI<\/span><\/strong><\/span><\/p>\n<p><a href=\"http:\/\/www.aquariumbcn.com\" target=\"_blank\" rel=\"noopener\">Aquarium Barcelona<\/a>: Web amb vistes lliures a l&#8217;aqu\u00e0rium de Barcelona i amb informaci\u00f3 sobre totes les activitats d&#8217;aquesta peixera gegant.<\/p>\n<p><a href=\"http:\/\/www.zoobarcelona.com\">Zoo de Barcelona<\/a>: Web per a saber-ho tot sobre el zoo de Barcelona.<\/p>\n<p><a href=\"http:\/\/www.curiosikid.com\/view\/index.asp\" target=\"_blank\" rel=\"noopener\">Curiosikid<\/a>: Web on et resolen les preguntes que et fas sobre la ci\u00e8ncia i fons per l&#8217;escritori.<\/p>\n<p><a href=\"http:\/\/kids.nationalgeographic.com\" target=\"_blank\" rel=\"noopener\">Kids<\/a>: P\u00e0gina en angl\u00e8s. Jocs, sorolls, sorpreses&#8230;tot relacionat amb els animals.<\/p>\n<p><a href=\"http:\/\/kids.msfc.nasa.gov\" target=\"_blank\" rel=\"noopener\">Nasa<\/a>: P\u00e0gina en angl\u00e8s. Jocs i informaci\u00f3 sobre l&#8217;espai.<\/p>\n<p><a href=\"http:\/\/spaceplace.jpl.nasa.gov\/espanol\/spacepl.htm%20\" target=\"_blank\" rel=\"noopener\">Space Place<\/a>: Una web en castell\u00e0 que \u00e9s per aprendre com \u00e9s l&#8217;espai per\u00f2 amb jocs.<\/p>\n<p><a href=\"http:\/\/www.xtec.net\/%7Ermolins1\/solar\/cat\" target=\"_blank\" rel=\"noopener\">Sistema Solar B\u00e0sic<\/a>: Web amb informaci\u00f3 planet\u00e0ria.<\/p>\n<p><span style=\"text-decoration: underline;\"><span style=\"color: #3366ff;\"><strong>MATEM\u00c0TIQUES<\/strong><\/span><\/span><\/p>\n<p><a href=\"http:\/\/www.matematicasdivertidas.com\/\" target=\"_blank\" rel=\"noopener\">Matem\u00e0tiques divertides:<\/a> Recull d&#8217;activitats per treballar conceptes, problemes<br \/>\ni c\u00e0lcul matem\u00e0tics.<\/p>\n<p><a href=\"http:\/\/www.xtec.net\/%7Eepuig124\/mates\/geometria\" target=\"_blank\" rel=\"noopener\">Geometria<\/a>: Unitat did\u00e0ctica de geometria per cicle mitj\u00e0<\/p>\n<p><a href=\"http:\/\/www.edu365.com\/primaria\/muds\/matematiques\/index.htm\" target=\"_blank\" rel=\"noopener\">Edu365 de matem\u00e0tiques<\/a>: Web per a totes les edats amb inter\u00e8s sobre operacions, l&#8217;euro, el c\u00e0lcul, problemes i geometria.<\/p>\n<p><span style=\"text-decoration: underline;\"><strong><span style=\"color: #3366ff; text-decoration: underline;\">M\u00daSICA<\/span><\/strong><\/span><\/p>\n<p><a href=\"http:\/\/www.xtec.es\/%7Edmarchan\" target=\"_blank\" rel=\"noopener\">Tot m\u00fasica<\/a><a href=\"http:\/\/www.xtec.es\/%7Edmarchan\">:<\/a>\u00a0Material de m\u00fasica: can\u00e7ons, audicions, danses, flauta.<\/p>\n<p><a href=\"http:\/\/www.aprendomusica.com\/aprendreMusica.htm\" target=\"_blank\" rel=\"noopener\">Aprende M\u00fasica<\/a>: Activitats i jocs per practicar i aprendre el llenguatge musical.<\/p>\n<p><a href=\"http:\/\/www.prodiemus.com\" target=\"_blank\" rel=\"noopener\">Prodiemus<\/a>: Acr\u00f2nim de Propostes, Reflexions, Orientacions i Did\u00e0ctica Interdisciplin\u00e0ria per a educar a trav\u00e9s de la m\u00fasica.<\/p>\n<p><a href=\"http:\/\/quicanta.blogspot.com\/\" target=\"_blank\" rel=\"noopener\">Quicanta els seus mals espanta<\/a>: Can\u00e7ons per treballar a l\u00b4escola, experiments musicals, laboratori creatiu.<\/p>\n<p><a href=\"http:\/\/phobos.xtec.net\/clopez13\/\" target=\"_blank\" rel=\"noopener\">Raconet de m\u00fasica<\/a>: Espai col\u00b7laboratiu dels especialistes de m\u00fasica on trobar un recull de fitxes, sessions, imatges i materials per treballar a l&#8217;aula. Intercanvi de formes de fer les coses. Per participar de forma activa cal donar-se d&#8217;alta.<\/p>\n<p><a href=\"http:\/\/grups.blanquerna.url.edu\/musical\/\" target=\"_blank\" rel=\"noopener\">Calaix de m\u00fasic<\/a>: Dotaci\u00f3\u00a0als estudiants i professors de m\u00fasica de material did\u00e0ctic i recursos a trav\u00e9s de les noves tecnologies.Espai col\u00b7laboratiu dels especialistes de m\u00fasica on trobar un recull de fitxes, sessions, imatges i materials per treballar a l&#8217;aula.<\/p>\n<p><a href=\"http:\/\/www.educacontic.es\/blog\/un-mundo-infinito-de-apps-musicales-educativas\" target=\"_blank\" rel=\"noopener\">Educ@conTIC<\/a>: Recopilaci\u00f3 de recursos per l&#8217;\u00e0rea de m\u00fasica i aplicacions diverses per a dispositius m\u00f2bils i tablets.<\/p>\n<p><a href=\"http:\/\/juegosmusicalesenelaula.blogspot.com\/\" target=\"_blank\" rel=\"noopener\">Juegos musicales<\/a>: Jocs musicals i enlla\u00e7os la fitxes imprimibles.<\/p>\n<p><span style=\"text-decoration: underline;\"><strong><span style=\"color: #3366ff; text-decoration: underline;\">ANGL\u00c8S<\/span><\/strong><\/span><\/p>\n<p><a href=\"http:\/\/www.findout.mac-english.com\" target=\"_blank\" rel=\"noopener\">Find Out<\/a>: En aquesta p\u00e0gina web est\u00e0 adre\u00e7ada als alumnes de 3r, 4t, 5\u00e8. i 6\u00e8. i podreu repassar\/ampliar el que hem apr\u00e8s a la classe d&#8217;angl\u00e8s de l&#8217;escola Josep Guinovart.<\/p>\n<p><a href=\"http:\/\/www.learningplanet.com\" target=\"_blank\" rel=\"noopener\">Learning Planet<\/a>: Web amb jocs adaptats a totes les edats per aprendre angl\u00e8s.<\/p>\n<p><a href=\"http:\/\/www.angles365.com\/\" target=\"_blank\" rel=\"noopener\">Angl\u00e8s365<\/a>: Conjunt de recursos per a mestres d&#8217;angl\u00e8s que es poden fer servir com a base per una activitat, com a refor\u00e7 o com a complement i, fins i tot, com entreteniment.<\/p>\n<p><a href=\"http:\/\/www.oup.com\/elt\/global\/products\/galaxy\/\" target=\"_blank\" rel=\"noopener\">Galaxy<\/a>: Diferents activitats per treballar vocabulari i frases en angl\u00e8s.<\/p>\n<p><span style=\"text-decoration: underline;\"><span style=\"color: #3366ff;\"><strong>JOCS EDUCATIUS I D&#8217;ENTRETENIMENT<\/strong><\/span><\/span><\/p>\n<p><a href=\"http:\/\/www.cavallfort.cat\" target=\"_blank\" rel=\"noopener\">Cavallfort<\/a>: Web on hi ha moltes coses sobre el c\u00f2mic i jocs de Cavall Fort!<\/p>\n<p><a href=\"http:\/\/www.5aldia.es\" target=\"_blank\" rel=\"noopener\">5 al dia<\/a>: Web interesant realitzada per mercabarna i l&#8217;AGEM sobre el menjar i els \u00e0pats. Hi ha molts jocs sobre<br \/>\nel tema i unitats did\u00e0ctiques \u00fatils pel professorat.<\/p>\n<p><span style=\"text-decoration: underline;\"><span style=\"color: #3366ff;\"><strong>ALTRES WEBS INTERESSANTS<\/strong><\/span><\/span><\/p>\n<p><a href=\"http:\/\/www.dibujosparapintar.com\" target=\"_blank\" rel=\"noopener\">Dibujos para pintar<\/a>: Surtit de dibuixos varis per descarregar per nens, joves, per l&#8217;estiu i la resta de l&#8217;any: l\u00e0mines, carotes, m\u00e0scares, manualitats&#8230;<\/p>\n<p><a href=\"http:\/\/www.waece.org\/colorear\/indice.htm\" target=\"_blank\" rel=\"noopener\">L\u00e1minas para colorear<\/a>: L\u00e0mines per a colorejar.<\/p>\n<p><a href=\"http:\/\/www.bestofkids.net\/dibujos-para-colorear.shtml\" target=\"_blank\" rel=\"noopener\">Best of kids<\/a>: M\u00e9s dibuixos per pintar.<\/p>\n<p><a href=\"http:\/\/www.doslourdes.net\" target=\"_blank\" rel=\"noopener\">Doslourde<\/a>: L&#8217;ordinador com a instrument i recolzament en l&#8217;aprenentatge de la lectoescriptura, la m\u00fasica els jocs.<\/p>\n<p><a href=\"http:\/\/www.dibujosparacolorear.info\/\" target=\"_blank\" rel=\"noopener\">Dibujos para colorear<\/a>: Dibuixos per colorejar i pintar.<\/p>\n<p><a href=\"http:\/\/es.hellokids.com\/\" target=\"_blank\" rel=\"noopener\">Hellokids<\/a>:\u00a0Una dels millors webs per activitats amb nens. Ofereix coloraci\u00f3 de p\u00e0gines que es poden imprimir o dibuixar en l\u00ednia, dibuixos i classes de dibuix, diverses activitats de manualitats per als nens de totes les edats, videos, jocs, can\u00e7ons i incl\u00fas meravelloses lectures a l&#8217;hora d&#8217;anar a dormir.<\/p>\n<p><a href=\"http:\/\/www.edu365.cat\/infantil\/poesia\/portada.htm\" target=\"_blank\" rel=\"noopener\">Recull de poemes<\/a>: Poemes bon\u00edssims, naturals, bestials i de nadal.<\/p>\n","protected":false},"excerpt":{"rendered":"<p>EDUCACI\u00d3 EN GENERAL<br \/>\n<a href=\"http:\/\/www.xtec.cat\" target=\"_blank\" rel=\"noopener\">Xtec<\/a>: Xarxa telem\u00e0tica educativa de catalunya.<br \/>\n<a href=\"http:\/\/www.edu365.cat\" target=\"_blank\" rel=\"noopener\">Edu365<\/a>: Web recomanada per totes les edats. Continguts: Catal\u00e0, Castell\u00e0, Angl\u00e8s, Franc\u00e8s, Socials, Naturals, Educaci\u00f3 art\u00edstica, Matem\u00e0tica i Religi\u00f3. Jocs, contes i v\u00eddeos.<br \/>\n<a href=\"http:\/\/www.supersaber.com\" target=\"_blank\" rel=\"noopener\">Super Saber<\/a>: Web recomanada per a nens&hellip;  <a href=\"https:\/\/agora.xtec.cat\/ceipjosepguinovart\/pagines-dinteres\/\" title=\"Read P\u00e0gines d&#8217;inter\u00e8s\">Llegeix m\u00e9s\u00bb<\/a><\/p>\n","protected":false},"author":1,"featured_media":0,"parent":0,"menu_order":0,"comment_status":"closed","ping_status":"closed","template":"page-templates\/side-menu.php","meta":{"_bbp_topic_count":0,"_bbp_reply_count":0,"_bbp_total_topic_count":0,"_bbp_total_reply_count":0,"_bbp_voice_count":0,"_bbp_anonymous_reply_count":0,"_bbp_topic_count_hidden":0,"_bbp_reply_count_hidden":0,"_bbp_forum_subforum_count":0,"footnotes":""},"class_list":["post-850","page","type-page","status-publish","hentry"],"post_mailing_queue_ids":[],"_links":{"self":[{"href":"https:\/\/agora.xtec.cat\/ceipjosepguinovart\/wp-json\/wp\/v2\/pages\/850","targetHints":{"allow":["GET"]}}],"collection":[{"href":"https:\/\/agora.xtec.cat\/ceipjosepguinovart\/wp-json\/wp\/v2\/pages"}],"about":[{"href":"https:\/\/agora.xtec.cat\/ceipjosepguinovart\/wp-json\/wp\/v2\/types\/page"}],"author":[{"embeddable":true,"href":"https:\/\/agora.xtec.cat\/ceipjosepguinovart\/wp-json\/wp\/v2\/users\/1"}],"replies":[{"embeddable":true,"href":"https:\/\/agora.xtec.cat\/ceipjosepguinovart\/wp-json\/wp\/v2\/comments?post=850"}],"version-history":[{"count":4,"href":"https:\/\/agora.xtec.cat\/ceipjosepguinovart\/wp-json\/wp\/v2\/pages\/850\/revisions"}],"predecessor-version":[{"id":18487,"href":"https:\/\/agora.xtec.cat\/ceipjosepguinovart\/wp-json\/wp\/v2\/pages\/850\/revisions\/18487"}],"wp:attachment":[{"href":"https:\/\/agora.xtec.cat\/ceipjosepguinovart\/wp-json\/wp\/v2\/media?parent=850"}],"curies":[{"name":"wp","href":"https:\/\/api.w.org\/{rel}","templated":true}]}}