{"id":84,"date":"2014-09-18T14:11:31","date_gmt":"2014-09-18T13:11:31","guid":{"rendered":"http:\/\/agora.xtec.cat\/ceipjosepguinovart\/?page_id=84"},"modified":"2025-10-05T18:58:06","modified_gmt":"2025-10-05T16:58:06","slug":"activitats-extraescolars","status":"publish","type":"page","link":"https:\/\/agora.xtec.cat\/ceipjosepguinovart\/serveis\/activitats-extraescolars\/","title":{"rendered":"Activitats extraescolars"},"content":{"rendered":"<p>L&#8217;escola ofereix activitats l\u00fadico-formatives al migdia a trav\u00e9s de les empreses <em>Paranoia Studi<\/em>, <em>Kids&amp;Us i Tokemxtu-playart.\u00a0 A<\/em> la tarda a trav\u00e9s de <em>Diver Esports<\/em>. Les activitats comen\u00e7en l&#8217;<strong>1 d&#8217;octubre<\/strong>.<\/p>\n<h5><strong><span style=\"color: #3366ff;\">Graella d&#8217;activitats extraescolars 2025-26<\/span><\/strong><\/h5>\n<p><a href=\"https:\/\/agora.xtec.cat\/ceipjosepguinovart\/wp-content\/uploads\/usu421\/2025\/10\/Extraescolasr-25-26.jpg\"><img loading=\"lazy\" decoding=\"async\" class=\"alignnone size-large wp-image-20029\" src=\"https:\/\/agora.xtec.cat\/ceipjosepguinovart\/wp-content\/uploads\/usu421\/2025\/10\/Extraescolasr-25-26-1024x677.jpg\" alt=\"\" width=\"1024\" height=\"677\" srcset=\"https:\/\/agora.xtec.cat\/ceipjosepguinovart\/wp-content\/uploads\/usu421\/2025\/10\/Extraescolasr-25-26-1024x677.jpg 1024w, https:\/\/agora.xtec.cat\/ceipjosepguinovart\/wp-content\/uploads\/usu421\/2025\/10\/Extraescolasr-25-26-300x198.jpg 300w, https:\/\/agora.xtec.cat\/ceipjosepguinovart\/wp-content\/uploads\/usu421\/2025\/10\/Extraescolasr-25-26-768x508.jpg 768w, https:\/\/agora.xtec.cat\/ceipjosepguinovart\/wp-content\/uploads\/usu421\/2025\/10\/Extraescolasr-25-26.jpg 1082w\" sizes=\"auto, (max-width: 1024px) 100vw, 1024px\" \/><\/a><\/p>\n<ul>\n<li><span style=\"text-decoration: underline;\"><span style=\"color: #000080; text-decoration: underline;\"><strong>TEATRE Paranoia Studi<\/strong>:<\/span><\/span>\u00a0inscripcions presencial a PARANOIA STUDI,\u00a0<a href=\"https:\/\/www.google.com\/maps\/place\/Paranoia+Studi+-Rac%C3%B3+d'expressi%C3%B3-\/@41.2869842,1.9764138,17z\/data=!3m1!4b1!4m5!3m4!1s0x12a482b605c80053:0x53b5b29a05b91ee4!8m2!3d41.2869842!4d1.9786025\" target=\"_blank\" rel=\"noopener noreferrer\">Rambla Blas Infant, n\u00ba 1, baixos<\/a>, de dilluns a divendres de 17h a 20h o per e-mail a <a href=\"hola@paranoiastudi.com\" target=\"_blank\" rel=\"noopener noreferrer\">hola@paranoiastudi.com <\/a>\u00a0o per tel\u00e8fon <strong>93 007 44 58<\/strong>. <a href=\"https:\/\/agora.xtec.cat\/ceipjosepguinovart\/wp-content\/uploads\/usu421\/2025\/09\/inscripcio-teatre-2025-2026.pdf\" target=\"_blank\" rel=\"noopener\">Full d&#8217;inscripci\u00f3.<\/a><\/li>\n<li><span style=\"color: #000080;\"><strong><u>ANGL\u00c8S Kids&amp;US<\/u><\/strong>:<\/span>\u00a0es realitzen les inscripcions al seu establiment del\u00a0<a href=\"https:\/\/www.google.com\/maps\/place\/Kids%26Us+-+Angl%C3%A8s+per+a+nens\/@41.2815115,1.9767845,17z\/data=!3m1!4b1!4m5!3m4!1s0x12a482bb592d2859:0xbd282dd0048ff85e!8m2!3d41.2815115!4d1.9789732\" target=\"_blank\" rel=\"noopener noreferrer\" data-saferedirecturl=\"https:\/\/www.google.com\/url?q=https:\/\/maps.google.com\/?q%3DCarrer%2BMajor%2Bn%25C2%25BA%2B3%26entry%3Dgmail%26source%3Dg&amp;source=gmail&amp;ust=1569001823222000&amp;usg=AFQjCNF0KV5kNqzzpxep04m7kZq8ShE3UQ\">Carrer Major n\u00ba 3<\/a>\u00a0de Castelldefels. M\u00e9s informaci\u00f3 a\u00a0<a href=\"mailto:castelldefels@kidsandus.es\" target=\"_blank\" rel=\"noopener noreferrer\">castelldefels@kidsandus.es<\/a>\u00a0o als tel\u00e8fons\u00a0<strong>93 664 04 99<\/strong>\u00a0i\u00a0<strong>638 604 927<\/strong>.<\/li>\n<li><span style=\"text-decoration: underline; color: #000080;\"><strong>TOKEMXTU- PLAYART:<\/strong><\/span>\u00a0es podran fer les inscripcions on-line <a href=\"https:\/\/docs.google.com\/forms\/d\/e\/1FAIpQLSfOH5vyj8vXEP6nc74g5IxhEKqzyLEhth3DqHIlQDpQpe1XbA\/viewform\" target=\"_blank\" rel=\"noopener\">AQU\u00cd<\/a>.\u00a0Per qualsevol dubte o consulta podeu posar-vos en contacte enviant un correu a <a href=\"mailto:info@escuelaplayart.com\" target=\"_blank\" rel=\"noopener noreferrer\">info@escuelaplayart.com<\/a> o trucant al n\u00famero de tel\u00e8fon <strong>627 60 80 35<\/strong> (Ricard).<\/li>\n<li><span style=\"text-decoration: underline; color: #000080;\"><strong>\u00c9POCA DE JAZMINES:<\/strong><\/span>\u00a0es podran fer les inscripcions on-line <a href=\"https:\/\/docs.google.com\/forms\/d\/e\/1FAIpQLSe4ucaFrqN_683btFjlqjXvJjiF9kqKmbehshAyPcVk-8pUpA\/viewform?usp=header\" target=\"_blank\" rel=\"noopener\">AQU\u00cd<\/a>. Per qualsevol dubte o consulta podeu posar-vos en contacte enviant un correu <a id=\"guten-g9KKZJ\" style=\"font-family: inherit; font-size: 1em;\" href=\"mailto:epocadejazmines@gmail.com\"><span class=\"list-text no-icon\">epocadejazmines<span class=\"\">@gmail.com<\/span><\/span><\/a> o trucant a Maru <strong>663 40 26 59.<\/strong><\/li>\n<li><span style=\"color: #000080;\"><strong><u>ACTIVITATS DE TARDA Diver Esport<\/u><\/strong>:<\/span> es podran fer les inscripcions on-line en el seg\u00fcent enlla\u00e7: <a href=\"https:\/\/forms.gle\/KSbAv5nJykfQQ3Zx6\" target=\"_blank\" rel=\"noopener noreferrer\">https:\/\/forms.gle\/KSbAv5nJykfQQ3Zx6<\/a> fins el 20 de setembre. Per qualsevol dubte o consulta podeu posar-vos en contacte enviant un correu a <a href=\"mailto:extraescolarsjosepguinovart@gmail.com\" target=\"_blank\" rel=\"noopener noreferrer\">extraescolarsjosepguinovart@gmail.com<\/a> o trucant al n\u00famero de tel\u00e8fon <strong>654 15 65 90<\/strong> en horari de 16:30h a 18:00h.<\/li>\n<\/ul>\n<p style=\"text-align: center;\"><a href=\"https:\/\/agora.xtec.cat\/ceipjosepguinovart\/wp-content\/uploads\/usu421\/2025\/09\/Extraescolares-2025_2026-amb-preus.pdf\" target=\"_blank\" rel=\"noopener\">+info PREUS DE LES ACTIVITATS<\/a><\/p>\n<p><em>Ampliem informaci\u00f3 amb els seg\u00fcent enlla\u00e7os:<\/em><br \/>\nDiver Esports: <a href=\"https:\/\/agora.xtec.cat\/ceipjosepguinovart\/wp-content\/uploads\/usu421\/2025\/08\/Diver-esport-25-26.pdf\" target=\"_blank\" rel=\"noopener\">+info i preus<\/a><br \/>\nParanoiaStudi: <a href=\"https:\/\/agora.xtec.cat\/ceipjosepguinovart\/wp-content\/uploads\/usu421\/2023\/09\/CARTELL.pdf\" target=\"_blank\" rel=\"noopener\">Cartell<\/a> | \u00a0<a href=\"https:\/\/agora.xtec.cat\/ceipjosepguinovart\/wp-content\/uploads\/usu421\/2023\/09\/Projecte-teatre-escoles-.pdf\" target=\"_blank\" rel=\"noopener\">Projecte teatre a les escoles<\/a><br \/>\nKids&amp;Us: <a href=\"https:\/\/agora.xtec.cat\/ceipjosepguinovart\/wp-content\/uploads\/usu421\/2021\/09\/presentacioiescola.pdf\" target=\"_blank\" rel=\"noopener\">presentaci\u00f3<\/a><br \/>\nTokemxtu-Playart: <a href=\"https:\/\/agora.xtec.cat\/ceipjosepguinovart\/wp-content\/uploads\/usu421\/2025\/09\/Preus-25-26-Tokemxtu-playart.jpg\" target=\"_blank\" rel=\"noopener\">preus<\/a><br \/>\n\u00c9poca de jazmines: <a href=\"https:\/\/agora.xtec.cat\/ceipjosepguinovart\/wp-content\/uploads\/usu421\/2025\/09\/Taller-de-Ceramica-para-peques-en-la-escuela.pdf\" target=\"_blank\" rel=\"noopener\">presentaci\u00f3<\/a><\/p>\n<p><a href=\"https:\/\/blocs.xtec.cat\/afaguinovart\/\"><img loading=\"lazy\" decoding=\"async\" class=\"alignnone wp-image-16983\" src=\"https:\/\/agora.xtec.cat\/ceipjosepguinovart\/wp-content\/uploads\/usu421\/2020\/07\/Logo-AFA-150x150.png\" alt=\"\" width=\"125\" height=\"222\" srcset=\"https:\/\/agora.xtec.cat\/ceipjosepguinovart\/wp-content\/uploads\/usu421\/2020\/07\/Logo-AFA-169x300.png 169w, https:\/\/agora.xtec.cat\/ceipjosepguinovart\/wp-content\/uploads\/usu421\/2020\/07\/Logo-AFA-576x1024.png 576w, https:\/\/agora.xtec.cat\/ceipjosepguinovart\/wp-content\/uploads\/usu421\/2020\/07\/Logo-AFA.png 750w\" sizes=\"auto, (max-width: 125px) 100vw, 125px\" \/><\/a><a href=\"https:\/\/www.diveresports.com\/\"><img loading=\"lazy\" decoding=\"async\" class=\"alignnone wp-image-16296\" src=\"https:\/\/agora.xtec.cat\/ceipjosepguinovart\/wp-content\/uploads\/usu421\/2019\/09\/logodiveresport-150x131.jpg\" alt=\"\" width=\"125\" height=\"98\" \/><\/a> <a href=\"https:\/\/castelldefels.kidsandus.es\/es\/\"><img loading=\"lazy\" decoding=\"async\" class=\"alignnone wp-image-16294 size-full\" src=\"https:\/\/agora.xtec.cat\/ceipjosepguinovart\/wp-content\/uploads\/usu421\/2019\/09\/logokidsnus.jpg\" alt=\"\" width=\"171\" height=\"71\" \/><\/a> <a href=\"http:\/\/paranoiastudi.com\/\"><img loading=\"lazy\" decoding=\"async\" class=\"alignnone wp-image-17062 size-full\" src=\"https:\/\/agora.xtec.cat\/ceipjosepguinovart\/wp-content\/uploads\/usu421\/2020\/09\/logoparanoia.png\" alt=\"\" width=\"122\" height=\"113\" \/><\/a> <a href=\"https:\/\/agora.xtec.cat\/ceipjosepguinovart\/wp-content\/uploads\/usu421\/2024\/09\/playart.jpg\"><img loading=\"lazy\" decoding=\"async\" class=\"alignnone wp-image-19649\" src=\"https:\/\/agora.xtec.cat\/ceipjosepguinovart\/wp-content\/uploads\/usu421\/2024\/09\/playart.jpg\" alt=\"\" width=\"116\" height=\"113\" \/> <\/a><a href=\"https:\/\/agora.xtec.cat\/ceipjosepguinovart\/wp-content\/uploads\/usu421\/2022\/09\/Logo-PEE-V2-colors-cambiats.jpg\"><img loading=\"lazy\" decoding=\"async\" class=\"alignnone size-full wp-image-18984\" src=\"https:\/\/agora.xtec.cat\/ceipjosepguinovart\/wp-content\/uploads\/usu421\/2022\/09\/Logo-PEE-V2-colors-cambiats.jpg\" alt=\"\" width=\"120\" height=\"96\" \/><\/a><\/p>\n","protected":false},"excerpt":{"rendered":"<p>L&#8217;escola ofereix activitats l\u00fadico-formatives al migdia a trav\u00e9s de les empreses Paranoia Studi, Kids&amp;Us i Tokemxtu-playart.\u00a0 A la tarda a trav\u00e9s de Diver Esports. Les activitats comen\u00e7en l&#8217;1 d&#8217;octubre.<br \/>\nGraella d&#8217;activitats extraescolars 2025-26<br \/>\n<a href=\"https:\/\/agora.xtec.cat\/ceipjosepguinovart\/wp-content\/uploads\/usu421\/2025\/10\/Extraescolasr-25-26.jpg\"><\/a><\/p>\n<ul>\n<li>TEATRE Paranoia Studi:\u00a0inscripcions presencial a PARANOIA STUDI,\u00a0<a href=\"https:\/\/www.google.com\/maps\/place\/Paranoia+Studi+-Rac%C3%B3+d'expressi%C3%B3-\/@41.2869842,1.9764138,17z\/data=!3m1!4b1!4m5!3m4!1s0x12a482b605c80053:0x53b5b29a05b91ee4!8m2!3d41.2869842!4d1.9786025\" target=\"_blank\" rel=\"noopener noreferrer\">Rambla Blas Infant,&hellip;  <a href=\"https:\/\/agora.xtec.cat\/ceipjosepguinovart\/serveis\/activitats-extraescolars\/\" title=\"Read Activitats extraescolars\">Llegeix m\u00e9s\u00bb<\/a><br \/>\n","protected":false},"author":1,"featured_media":0,"parent":66,"menu_order":60,"comment_status":"closed","ping_status":"closed","template":"page-templates\/side-menu.php","meta":{"_bbp_topic_count":0,"_bbp_reply_count":0,"_bbp_total_topic_count":0,"_bbp_total_reply_count":0,"_bbp_voice_count":0,"_bbp_anonymous_reply_count":0,"_bbp_topic_count_hidden":0,"_bbp_reply_count_hidden":0,"_bbp_forum_subforum_count":0,"footnotes":""},"class_list":["post-84","page","type-page","status-publish","hentry"],"post_mailing_queue_ids":[],"_links":{"self":[{"href":"https:\/\/agora.xtec.cat\/ceipjosepguinovart\/wp-json\/wp\/v2\/pages\/84","targetHints":{"allow":["GET"]}}],"collection":[{"href":"https:\/\/agora.xtec.cat\/ceipjosepguinovart\/wp-json\/wp\/v2\/pages"}],"about":[{"href":"https:\/\/agora.xtec.cat\/ceipjosepguinovart\/wp-json\/wp\/v2\/types\/page"}],"author":[{"embeddable":true,"href":"https:\/\/agora.xtec.cat\/ceipjosepguinovart\/wp-json\/wp\/v2\/users\/1"}],"replies":[{"embeddable":true,"href":"https:\/\/agora.xtec.cat\/ceipjosepguinovart\/wp-json\/wp\/v2\/comments?post=84"}],"version-history":[{"count":7,"href":"https:\/\/agora.xtec.cat\/ceipjosepguinovart\/wp-json\/wp\/v2\/pages\/84\/revisions"}],"predecessor-version":[{"id":20032,"href":"https:\/\/agora.xtec.cat\/ceipjosepguinovart\/wp-json\/wp\/v2\/pages\/84\/revisions\/20032"}],"up":[{"embeddable":true,"href":"https:\/\/agora.xtec.cat\/ceipjosepguinovart\/wp-json\/wp\/v2\/pages\/66"}],"wp:attachment":[{"href":"https:\/\/agora.xtec.cat\/ceipjosepguinovart\/wp-json\/wp\/v2\/media?parent=84"}],"curies":[{"name":"wp","href":"https:\/\/api.w.org\/{rel}","templated":true}]}}