{"id":766,"date":"2017-04-05T10:17:10","date_gmt":"2017-04-05T08:17:10","guid":{"rendered":"http:\/\/agora.xtec.cat\/ceipjosepguinovart\/?page_id=766"},"modified":"2025-11-17T10:49:09","modified_gmt":"2025-11-17T09:49:09","slug":"menjador-escolar","status":"publish","type":"page","link":"https:\/\/agora.xtec.cat\/ceipjosepguinovart\/serveis\/menjador-escolar\/","title":{"rendered":"Menjador escolar"},"content":{"rendered":"<p align=\"left\">Disposem de servei de menjador i cuina pr\u00f2pia gestionat per l&#8217;empresa privada Scolarest.<\/p>\n<p align=\"left\">En la franja hor\u00e0ria del migdia, de 12&#8217;30 a 15:00 hores, un grup de monitors\/es (cada grup en t\u00e9 un\/a d\u2019assignat) coordinats amb el professorat del centre atenen a l\u2019alumnat tot acompanyant-los i ajudant-los en el menjador aix\u00ed com, posteriorment, proposant una colla d\u2019activitats que afavoreixen la comunicaci\u00f3 i el joc social de tots els implicats. Les activitats es proposen en funci\u00f3 de l\u2019edat de l&#8217;alumnat, tenint-ne unes d\u2019espec\u00edfiques pels m\u00e9s petits i d\u2019altres pels de Prim\u00e0ria. Als infants de I3 se&#8217;ls oferir\u00e0 migdiada despr\u00e9s de dinar.<\/p>\n<table class=\" aligncenter\" style=\"height: 208px; width: 38.402%; border-collapse: collapse; border-style: solid; border-color: #000000;\">\n<tbody>\n<tr style=\"height: 48px;\">\n<td style=\"width: 41.5459%; height: 48px; background-color: #26c7bf;\"><span style=\"color: #333399;\"><strong>SERVEI MENJADOR<\/strong><\/span><\/td>\n<td style=\"width: 32.5107%; height: 48px; background-color: #26c7bf;\"><span style=\"color: #333399;\"><strong>PREUS 25-26<\/strong><\/span><\/td>\n<\/tr>\n<tr style=\"height: 32px;\">\n<td style=\"width: 41.5459%; height: 32px;\">Men\u00fa infant<\/td>\n<td style=\"width: 32.5107%; height: 32px; text-align: center;\">7,35\u20ac<\/td>\n<\/tr>\n<tr style=\"height: 32px;\">\n<td style=\"width: 41.5459%; height: 32px;\">Men\u00fa segon germ\u00e0<\/td>\n<td style=\"width: 32.5107%; height: 32px; text-align: center;\">7,29\u20ac<\/td>\n<\/tr>\n<tr style=\"height: 32px;\">\n<td style=\"width: 41.5459%; height: 32px;\">Men\u00fa tercer germ\u00e0<\/td>\n<td style=\"width: 32.5107%; height: 32px; text-align: center;\">7,00\u20ac<\/td>\n<\/tr>\n<tr style=\"height: 32px;\">\n<td style=\"width: 41.5459%; height: 32px;\">Espor\u00e0dic<\/td>\n<td style=\"width: 32.5107%; height: 32px; text-align: center;\">8,17\u20ac<\/td>\n<\/tr>\n<tr style=\"height: 32px;\">\n<td style=\"width: 41.5459%; height: 32px;\">Entrepans<\/td>\n<td style=\"width: 32.5107%; height: 32px; text-align: center;\">1,20e<\/td>\n<\/tr>\n<\/tbody>\n<\/table>\n<p align=\"left\">Per qualsevol consulta podeu adre\u00e7ar-vos al menjador de l&#8217;escola 9-9:30h. (atenci\u00f3 a les fam\u00edlies). Per tractar temes relacionats amb el menjador o acollida.<br \/>\nTel\u00e8fons de contacte \u00e9s:<strong> 607 50 36 71<br \/>\n<\/strong>Correu coordinadora menjador: <a href=\"mailto:elisa.buenaventura@eurest.es\" target=\"_blank\" rel=\"noopener noreferrer\">elisa.buenaventura@eurest.es\u00a0<\/a><\/p>\n<hr \/>\n<p align=\"left\"><a href=\"https:\/\/play.google.com\/store\/apps\/details?id=load.iarascolarest&amp;hl=es_419&amp;gl=US&amp;pli=1\" target=\"_blank\" rel=\"noopener\"><img loading=\"lazy\" decoding=\"async\" class=\"size-full wp-image-19086 alignleft\" src=\"https:\/\/agora.xtec.cat\/ceipjosepguinovart\/wp-content\/uploads\/usu421\/2023\/02\/scolarest-digital.jpg\" alt=\"\" width=\"238\" height=\"68\" \/><\/a><\/p>\n<p>Presentem l&#8217;App Scolarest Digital, una nova forma d&#8217;estar connectats i accedir a les \u00faltimes novetats del Servei de Menjador. A trav\u00e9s d&#8217;aquesta eina oferim informaci\u00f3 rellevant disponible en qualsevol moment i lloc, perqu\u00e8 l&#8217;experi\u00e8ncia de menjador estigui a l&#8217;abast de la teva m\u00e0.<\/p>\n<p>No et perdis tot el que t&#8217;ofereix Scolarest Digital i benefica&#8217;t de tots els seus avantatges:<br \/>\n\u2022 Informaci\u00f3 immediata i accessible<br \/>\n\u2022 Un servei de comunicaci\u00f3 exclusiu per a tu i les necessitats dels teus fills\/es<br \/>\n\u2022 \u00daltimes not\u00edcies, novetats i funcionalitats del nostre servei en un mateix lloc<br \/>\n\u2022 Reduir l&#8217; \u00fas del paper, fomentant la sostenibilitat de l&#8217;entorn<\/p>\n<p><strong>Qu\u00e8 t&#8217;ofereix l&#8217;App?<\/strong><br \/>\n\u2022 Publicaci\u00f3 mensual del Men\u00fa<br \/>\n\u2022 Notificaci\u00f3 abs\u00e8ncies.<br \/>\n\u2022 Consulta rebuts<br \/>\n\u2022 Butlletins<br \/>\n\u2022 Publicacions relatives al Servei de Menjador<br \/>\n\u2022 Notes quan hi ha alguna incid\u00e8ncia.<\/p>\n<p><strong>Com accedir a l&#8217;app?<\/strong><br \/>\n1. Descarrega l&#8217;app a Google Play o Apple Store.<br \/>\n2. Punxa en sol\u00b7licitud alta<br \/>\n3. Marcar Obtenir el codi del centre<br \/>\n4. Indicar l&#8217; escola i seguir els passos per completar el registre.<br \/>\nSi tens algun dubte, el departament de backoffice atendr\u00e0 les teves peticions a la seg\u00fcent adre\u00e7a de correu electr\u00f2nic: <a href=\"mailto:scolarest.iara@compass-group.es\" target=\"_blank\" rel=\"noopener\">scolarest.iara@compass-group.es<\/a><a href=\"https:\/\/agora.xtec.cat\/ceipjosepguinovart\/wp-content\/uploads\/usu421\/2023\/02\/QRappscolarest.jpg\"><img loading=\"lazy\" decoding=\"async\" class=\"wp-image-19087 alignright\" src=\"https:\/\/agora.xtec.cat\/ceipjosepguinovart\/wp-content\/uploads\/usu421\/2023\/02\/QRappscolarest.jpg\" alt=\"\" width=\"125\" height=\"170\" srcset=\"https:\/\/agora.xtec.cat\/ceipjosepguinovart\/wp-content\/uploads\/usu421\/2023\/02\/QRappscolarest.jpg 333w, https:\/\/agora.xtec.cat\/ceipjosepguinovart\/wp-content\/uploads\/usu421\/2023\/02\/QRappscolarest-221x300.jpg 221w\" sizes=\"auto, (max-width: 125px) 100vw, 125px\" \/><\/a><\/p>\n<p>Accedeix al Manual d&#8217;Usuari a trav\u00e9s del seg\u00fcent codi QR que un cop descarregat, el trobar\u00e0 a la zona de desc\u00e0rregues del seu m\u00f2bil o clicant <a href=\"https:\/\/agora.xtec.cat\/ceipjosepguinovart\/wp-content\/uploads\/usu421\/2023\/02\/1656670699831-2.pdf\" target=\"_blank\" rel=\"noopener\">aqu\u00ed<\/a><\/p>\n<hr \/>\n<p style=\"text-align: center;\" align=\"left\"><a href=\"https:\/\/agora.xtec.cat\/ceipjosepguinovart\/docs\/menus\/\" target=\"_blank\" rel=\"noopener noreferrer\">men\u00fas del mes<\/a><a href=\"https:\/\/agora.xtec.cat\/ceipjosepguinovart\/docs\/menus\/\" target=\"_blank\" rel=\"noopener noreferrer\"><img loading=\"lazy\" decoding=\"async\" class=\"aligncenter wp-image-18173\" src=\"https:\/\/agora.xtec.cat\/ceipjosepguinovart\/wp-content\/uploads\/usu421\/2021\/06\/logo-men\u00fa.jpg\" alt=\"\" width=\"150\" height=\"193\" \/><\/a><\/p>\n<hr \/>\n<p><strong><span style=\"text-decoration: underline;\"><span style=\"color: #3366ff; text-decoration: underline;\">MERCAT DE CACHAO, VENE\u00c7UELA<\/span><\/span><\/strong><\/p>\n<p style=\"text-align: left;\"><img decoding=\"async\" class=\"an1\" draggable=\"false\" src=\"https:\/\/fonts.gstatic.com\/s\/e\/notoemoji\/16.0\/1f30d\/32.png\" alt=\"\ud83c\udf0d\" data-emoji=\"\ud83c\udf0d\" aria-label=\"\ud83c\udf0d\" \/><img decoding=\"async\" class=\"an1\" draggable=\"false\" src=\"https:\/\/fonts.gstatic.com\/s\/e\/notoemoji\/16.0\/2728\/32.png\" alt=\"\u2728\" data-emoji=\"\u2728\" aria-label=\"\u2728\" \/>\u00a0El nostre viatge pels mercats m\u00e9s emblem\u00e0tics del m\u00f3n continua!<br \/>\nAquest novembre fem parada al\u00a0<strong>mercat de Cachao, a Vene\u00e7uela. <\/strong>Mmmm&#8230; que bo \u00e9s descobrir i tastar noves cultures!\u00a0<img decoding=\"async\" class=\"an1\" draggable=\"false\" src=\"https:\/\/fonts.gstatic.com\/s\/e\/notoemoji\/16.0\/1f60b\/32.png\" alt=\"\ud83d\ude0b\" data-emoji=\"\ud83d\ude0b\" aria-label=\"\ud83d\ude0b\" \/><img decoding=\"async\" class=\"an1\" draggable=\"false\" src=\"https:\/\/fonts.gstatic.com\/s\/e\/notoemoji\/16.0\/1f9e1\/32.png\" alt=\"\ud83e\udde1\" data-emoji=\"\ud83e\udde1\" aria-label=\"\ud83e\udde1\" \/><\/p>\n<p><iframe loading=\"lazy\" title=\"JORNADA MERCAT DE CACHAO\" width=\"422\" height=\"750\" src=\"https:\/\/www.youtube.com\/embed\/WtLuHN-9Ig4?feature=oembed\" frameborder=\"0\" allow=\"accelerometer; autoplay; clipboard-write; encrypted-media; gyroscope; picture-in-picture; web-share\" referrerpolicy=\"strict-origin-when-cross-origin\" allowfullscreen><\/iframe><\/p>\n","protected":false},"excerpt":{"rendered":"<p>Disposem de servei de menjador i cuina pr\u00f2pia gestionat per l&#8217;empresa privada Scolarest.<br \/>\nEn la franja hor\u00e0ria del migdia, de 12&#8217;30 a 15:00 hores, un grup de monitors\/es (cada grup en t\u00e9 un\/a d\u2019assignat) coordinats amb el professorat del centre atenen a l\u2019alumnat tot acompanyant-los i&hellip;  <a href=\"https:\/\/agora.xtec.cat\/ceipjosepguinovart\/serveis\/menjador-escolar\/\" title=\"Read Menjador escolar\">Llegeix m\u00e9s\u00bb<\/a><\/p>\n","protected":false},"author":1,"featured_media":0,"parent":66,"menu_order":2,"comment_status":"closed","ping_status":"closed","template":"","meta":{"_bbp_topic_count":0,"_bbp_reply_count":0,"_bbp_total_topic_count":0,"_bbp_total_reply_count":0,"_bbp_voice_count":0,"_bbp_anonymous_reply_count":0,"_bbp_topic_count_hidden":0,"_bbp_reply_count_hidden":0,"_bbp_forum_subforum_count":0,"footnotes":""},"class_list":["post-766","page","type-page","status-publish","hentry"],"post_mailing_queue_ids":[],"_links":{"self":[{"href":"https:\/\/agora.xtec.cat\/ceipjosepguinovart\/wp-json\/wp\/v2\/pages\/766","targetHints":{"allow":["GET"]}}],"collection":[{"href":"https:\/\/agora.xtec.cat\/ceipjosepguinovart\/wp-json\/wp\/v2\/pages"}],"about":[{"href":"https:\/\/agora.xtec.cat\/ceipjosepguinovart\/wp-json\/wp\/v2\/types\/page"}],"author":[{"embeddable":true,"href":"https:\/\/agora.xtec.cat\/ceipjosepguinovart\/wp-json\/wp\/v2\/users\/1"}],"replies":[{"embeddable":true,"href":"https:\/\/agora.xtec.cat\/ceipjosepguinovart\/wp-json\/wp\/v2\/comments?post=766"}],"version-history":[{"count":6,"href":"https:\/\/agora.xtec.cat\/ceipjosepguinovart\/wp-json\/wp\/v2\/pages\/766\/revisions"}],"predecessor-version":[{"id":20045,"href":"https:\/\/agora.xtec.cat\/ceipjosepguinovart\/wp-json\/wp\/v2\/pages\/766\/revisions\/20045"}],"up":[{"embeddable":true,"href":"https:\/\/agora.xtec.cat\/ceipjosepguinovart\/wp-json\/wp\/v2\/pages\/66"}],"wp:attachment":[{"href":"https:\/\/agora.xtec.cat\/ceipjosepguinovart\/wp-json\/wp\/v2\/media?parent=766"}],"curies":[{"name":"wp","href":"https:\/\/api.w.org\/{rel}","templated":true}]}}