{"id":64,"date":"2014-09-18T12:39:08","date_gmt":"2014-09-18T10:39:08","guid":{"rendered":"http:\/\/agora.xtec.cat\/ceipjosepguinovart\/?page_id=64"},"modified":"2023-07-11T12:44:36","modified_gmt":"2023-07-11T10:44:36","slug":"pec","status":"publish","type":"page","link":"https:\/\/agora.xtec.cat\/ceipjosepguinovart\/pec\/","title":{"rendered":"Projecte Educatiu de Centre (PEC)"},"content":{"rendered":"<p align=\"center\"><strong><span style=\"color: #333333;\"><a href=\"https:\/\/agora.xtec.cat\/ceipjosepguinovart\/wp-content\/uploads\/usu421\/2019\/02\/banderolesv4_003b.jpg\"><img loading=\"lazy\" decoding=\"async\" class=\"aligncenter size-full wp-image-15959\" src=\"https:\/\/agora.xtec.cat\/ceipjosepguinovart\/wp-content\/uploads\/usu421\/2019\/02\/banderolesv4_003b.jpg\" alt=\"\" width=\"640\" height=\"457\" srcset=\"https:\/\/agora.xtec.cat\/ceipjosepguinovart\/wp-content\/uploads\/usu421\/2019\/02\/banderolesv4_003b.jpg 640w, https:\/\/agora.xtec.cat\/ceipjosepguinovart\/wp-content\/uploads\/usu421\/2019\/02\/banderolesv4_003b-300x214.jpg 300w\" sizes=\"auto, (max-width: 640px) 100vw, 640px\" \/><\/a><\/span><\/strong><\/p>\n<p align=\"left\">\u00b7Com a Equip de mestres creiem que la comunicaci\u00f3, la coordinaci\u00f3, una bona organitzaci\u00f3 i la coher\u00e8ncia entre nosaltres s\u00f3n necess\u00e0ries per aconseguir els nostres objectius pedag\u00f2gics.<\/p>\n<p align=\"left\">\u00b7Les nostres relacions personals tenen com a base la claredat comunicativa i la cr\u00edtica constructiva: escoltant, ajudant i col\u00b7laborant per arribar a conclusions que ens permetin aprendre, canviar i millorar tant a nivell personal com institucional.<\/p>\n<p align=\"left\">\u00b7A la nostra escola hi ha i hi ha d&#8217;haver espai per a cadasc\u00fa de nosaltres, per a que tothom pugui desenvolupar la seva tasca docent i pugui integrar-se en un ambient intel\u00b7lectual i emocional de respecte i incondicionalitat.<\/p>\n<p align=\"left\"><a href=\"https:\/\/agora.xtec.cat\/ceipjosepguinovart\/wp-content\/uploads\/usu421\/2019\/02\/banderolesv4_001b.jpg\"><img loading=\"lazy\" decoding=\"async\" class=\"wp-image-15957 size-medium alignright\" src=\"https:\/\/agora.xtec.cat\/ceipjosepguinovart\/wp-content\/uploads\/usu421\/2019\/02\/banderolesv4_001b-300x214.jpg\" alt=\"\" width=\"300\" height=\"214\" srcset=\"https:\/\/agora.xtec.cat\/ceipjosepguinovart\/wp-content\/uploads\/usu421\/2019\/02\/banderolesv4_001b-300x214.jpg 300w, https:\/\/agora.xtec.cat\/ceipjosepguinovart\/wp-content\/uploads\/usu421\/2019\/02\/banderolesv4_001b.jpg 640w\" sizes=\"auto, (max-width: 300px) 100vw, 300px\" \/><\/a>\u00b7Apreciem i valorem la participaci\u00f3 de les fam\u00edlies dels nostres alumnes dins de l&#8217;entorn escolar. Creiem que l&#8217;educaci\u00f3 dels infants \u00e9s consolida plenament quan la col\u00b7laboraci\u00f3 fam\u00edlia-escola \u00e9s ferma.<\/p>\n<p align=\"left\">\u00b7Generem un marc de seguretat i confian\u00e7a amb unes normes de conviv\u00e8ncia clares que permetin fer un bon treball educatiu, un bon funcionament de la instituci\u00f3 i generin respecte entre tots els membres de la comunitat escolar.<\/p>\n<p align=\"left\">\u00b7L&#8217;inter\u00e8s pel benestar i la seguretat dels nostres alumnes est\u00e0 darrera de tots els nostres objectius, decisions i activitats.<\/p>\n<p align=\"left\">\u00b7Proposem activitats motivadores per potenciar les ganes d&#8217;aprendre dels infants<\/p>\n<p align=\"left\">\u00b7Emprem una pedagogia que tingui en compte els interessos, les capacitats intel\u00b7lectuals i la diversitat dels nostres alumnes.<\/p>\n<p align=\"left\">\u00b7La nostra metodologia parteix d&#8217;una base constructivista perqu\u00e8 entenem que el nen \u00e9s el protagonista del seu propi proc\u00e9s d&#8217;aprenentatge.<\/p>\n<p align=\"left\"><a href=\"https:\/\/agora.xtec.cat\/ceipjosepguinovart\/wp-content\/uploads\/usu421\/2019\/02\/banderolesv4_004b.jpg\"><img loading=\"lazy\" decoding=\"async\" class=\"alignleft wp-image-15954 size-medium\" src=\"https:\/\/agora.xtec.cat\/ceipjosepguinovart\/wp-content\/uploads\/usu421\/2019\/02\/banderolesv4_004b-300x214.jpg\" alt=\"\" width=\"300\" height=\"214\" srcset=\"https:\/\/agora.xtec.cat\/ceipjosepguinovart\/wp-content\/uploads\/usu421\/2019\/02\/banderolesv4_004b-300x214.jpg 300w, https:\/\/agora.xtec.cat\/ceipjosepguinovart\/wp-content\/uploads\/usu421\/2019\/02\/banderolesv4_004b.jpg 640w\" sizes=\"auto, (max-width: 300px) 100vw, 300px\" \/><\/a>\u00b7Valorem el joc com a instrument d&#8217;aprenentatge i comunicaci\u00f3, d&#8217;assimilaci\u00f3 i expressi\u00f3 de la realitat i com a medi de relaci\u00f3.<\/p>\n<p align=\"left\">\u00b7Descobrim l&#8217;\u00fas de les noves tecnologies i les utilitzem com una eina metodol\u00f2gica m\u00e9s dins del proc\u00e9s d&#8217;aprenentatge.<\/p>\n<p align=\"left\">\u00b7Introdu\u00efm els nostres alumnes en el m\u00f3n de l&#8217;art estimulant la sensibilitat envers l&#8217;expressi\u00f3 art\u00edstica i a gaudir amb la pr\u00f2pia creativitat.<br \/>\n<span style=\"font-family: Verdana, Arial, Helvetica, sans-serif; font-size: large;\"><br \/>\n<\/span>\u00b7La llengua d&#8217;aprenentatge que s&#8217;utilitza a l&#8217;escola \u00e9s el catal\u00e0 i, malgrat la pluralitat ling\u00fc\u00edstica del nostre alumnat, ens uneix en la comunicaci\u00f3.<\/p>\n<p align=\"left\">\u00b7En diferents moments del proc\u00e9s d&#8217;aprenentatge, ensenyem als nostres alumnes a ser competents en l&#8217;expressi\u00f3 i comprensi\u00f3 de la llengua castellana i anglesa.<\/p>\n<p align=\"left\">\u00b7Ajudem a con\u00e8ixer als infants el nostre entorn natural i social m\u00e9s proper com es la nostra ciutat: vivim Castelldefels!.<\/p>\n<p align=\"left\">\u00b7Ens enriquim amb el coneixent de les diferents cultures i aprenem de la seva diversitat.<\/p>\n<p>\u00b7Sensibilitzem envers la limitaci\u00f3 dels nostres recursos naturals i la necessitat de respectar el medi ambient, reciclant i promovent activitats per crear consci\u00e8ncia ecol\u00f2gica.<\/p>\n<p align=\"left\">\u00b7Participem en programes de salut. Ensenyem i practiquem amb el nostre alumnat h\u00e0bits que ajudin a millorar la qualitat de vida: alimentaci\u00f3, higiene, son, sexualitat i d&#8217;altres.<\/p>\n<p align=\"left\">\u00b7Afavorim el coneixement d&#8217;un mateix i la reflexi\u00f3 envers les pr\u00f2pies caracter\u00edstiques i inquietuds personals dels nostres alumnes per desenvolupar plenament la pr\u00f2pia personalitat i les relacions amb els altres.<\/p>\n<p align=\"left\">\u00b7Promovem actituds de solidaritat i ajut envers les dificultats econ\u00f2miques, socials i f\u00edsiques que ens diferencien als uns dels altres.<\/p>\n<p align=\"left\">\u00b7Eduquem en i per la PAU: fomentem les relacions emocionalment positives i la cooperaci\u00f3 entre els alumnes com a pr\u00e0ctica que ajudi a superar els conflictes.<\/p>\n<p align=\"left\">\u00b7Transmetem actituds no sexistes i eduquem en la igualtat de g\u00e8nere potenciant activitats que afavoreixen la coeducaci\u00f3.<\/p>\n<p align=\"left\"><span style=\"color: #2795b6;\"><span style=\"text-align: center;\"><a style=\"color: #2795b6; text-align: center;\" href=\"https:\/\/agora.xtec.cat\/ceipjosepguinovart\/wp-content\/uploads\/usu421\/2019\/02\/banderolesv4_002b.jpg\"><img loading=\"lazy\" decoding=\"async\" class=\"aligncenter size-full wp-image-15958\" src=\"https:\/\/agora.xtec.cat\/ceipjosepguinovart\/wp-content\/uploads\/usu421\/2019\/02\/banderolesv4_002b.jpg\" alt=\"\" width=\"640\" height=\"457\" srcset=\"https:\/\/agora.xtec.cat\/ceipjosepguinovart\/wp-content\/uploads\/usu421\/2019\/02\/banderolesv4_002b.jpg 640w, https:\/\/agora.xtec.cat\/ceipjosepguinovart\/wp-content\/uploads\/usu421\/2019\/02\/banderolesv4_002b-300x214.jpg 300w\" sizes=\"auto, (max-width: 640px) 100vw, 640px\" \/><\/a><\/span><\/span><\/p>\n<p style=\"text-align: center;\" align=\"left\"><a href=\"https:\/\/agora.xtec.cat\/ceipjosepguinovart\/wp-content\/uploads\/usu421\/2023\/07\/PEC-Guinovart-29-06-2023.pdf\" target=\"_blank\" rel=\"noopener\">PEC escola Josep Guinovart format PDF aqu\u00ed<\/a><\/p>\n<div style=\"text-align: center;\">\n<div style=\"margin: 8px 0px 4px;\">\n<div style=\"text-align: center;\">\n<div style=\"margin: 8px 0px 4px;\"><\/div>\n<p><iframe loading=\"lazy\" style=\"margin: 0 auto;\" src=\"\/\/v.calameo.com\/?bkcode=006175560bbeac1d9401a&amp;mode=mini\" width=\"960\" height=\"600\" frameborder=\"0\" scrolling=\"no\" allowfullscreen=\"allowfullscreen\"><\/iframe><\/p>\n<div style=\"margin: 4px 0px 8px;\"><\/div>\n<\/div>\n<\/div>\n<\/div>\n","protected":false},"excerpt":{"rendered":"<p><a href=\"https:\/\/agora.xtec.cat\/ceipjosepguinovart\/wp-content\/uploads\/usu421\/2019\/02\/banderolesv4_003b.jpg\"><\/a><br \/>\n\u00b7Com a Equip de mestres creiem que la comunicaci\u00f3, la coordinaci\u00f3, una bona organitzaci\u00f3 i la coher\u00e8ncia entre nosaltres s\u00f3n necess\u00e0ries per aconseguir els nostres objectius pedag\u00f2gics.<br \/>\n\u00b7Les nostres relacions personals tenen com a base la claredat comunicativa i la cr\u00edtica constructiva: escoltant, ajudant i&hellip;  <a href=\"https:\/\/agora.xtec.cat\/ceipjosepguinovart\/pec\/\" title=\"Read Projecte Educatiu de Centre (PEC)\">Llegeix m\u00e9s\u00bb<\/a><\/p>\n","protected":false},"author":1,"featured_media":0,"parent":0,"menu_order":15,"comment_status":"closed","ping_status":"closed","template":"","meta":{"_bbp_topic_count":0,"_bbp_reply_count":0,"_bbp_total_topic_count":0,"_bbp_total_reply_count":0,"_bbp_voice_count":0,"_bbp_anonymous_reply_count":0,"_bbp_topic_count_hidden":0,"_bbp_reply_count_hidden":0,"_bbp_forum_subforum_count":0,"footnotes":""},"class_list":["post-64","page","type-page","status-publish","hentry"],"post_mailing_queue_ids":[],"_links":{"self":[{"href":"https:\/\/agora.xtec.cat\/ceipjosepguinovart\/wp-json\/wp\/v2\/pages\/64","targetHints":{"allow":["GET"]}}],"collection":[{"href":"https:\/\/agora.xtec.cat\/ceipjosepguinovart\/wp-json\/wp\/v2\/pages"}],"about":[{"href":"https:\/\/agora.xtec.cat\/ceipjosepguinovart\/wp-json\/wp\/v2\/types\/page"}],"author":[{"embeddable":true,"href":"https:\/\/agora.xtec.cat\/ceipjosepguinovart\/wp-json\/wp\/v2\/users\/1"}],"replies":[{"embeddable":true,"href":"https:\/\/agora.xtec.cat\/ceipjosepguinovart\/wp-json\/wp\/v2\/comments?post=64"}],"version-history":[{"count":4,"href":"https:\/\/agora.xtec.cat\/ceipjosepguinovart\/wp-json\/wp\/v2\/pages\/64\/revisions"}],"predecessor-version":[{"id":19250,"href":"https:\/\/agora.xtec.cat\/ceipjosepguinovart\/wp-json\/wp\/v2\/pages\/64\/revisions\/19250"}],"wp:attachment":[{"href":"https:\/\/agora.xtec.cat\/ceipjosepguinovart\/wp-json\/wp\/v2\/media?parent=64"}],"curies":[{"name":"wp","href":"https:\/\/api.w.org\/{rel}","templated":true}]}}