{"id":529,"date":"2017-03-21T22:36:50","date_gmt":"2017-03-21T21:36:50","guid":{"rendered":"http:\/\/agora.xtec.cat\/ceipjosepguinovart\/?page_id=529"},"modified":"2026-01-22T10:01:59","modified_gmt":"2026-01-22T09:01:59","slug":"consell-escolar","status":"publish","type":"page","link":"https:\/\/agora.xtec.cat\/ceipjosepguinovart\/comunitat-educativa\/consell-escolar\/","title":{"rendered":"Consell escolar"},"content":{"rendered":"<p><em><strong>President:<\/strong><\/em>\u00a0David March\u00e1n.<br \/>\n<em><strong>Cap d&#8217;estudis:<\/strong> Ruth Camprodon<\/em>.<br \/>\n<em><strong>Secret\u00e0ria:<\/strong> <\/em>Emma Podadera.<\/p>\n<p><em><strong>Representat de l&#8217;ajuntament:<\/strong><\/em> Silvia Cangueiro.<\/p>\n<p><em><strong>Representants sector professorat:<\/strong><\/em> Roc\u00edo Rodr\u00edguez, Aurora Aznar, Xavi Gr\u00e0cia, <span style=\"font-family: inherit; font-size: 1em;\">M\u00aa Jos\u00e9 Rinc\u00f3n i Carme Garcia.<\/span><\/p>\n<p><em><strong>Representants sector pares\/mares\/tutors\/tutores:<\/strong><\/em> Marta Duarte, Silvia Gal\u00e1n, Xos\u00e9 Lu\u00eds P\u00e9rez, Roger de Miras.<\/p>\n<p><em><strong>Representant AFA:<\/strong><\/em> Ricardo Daniel Est\u00e9vez.<\/p>\n<p><em><strong>Representant sector PAS:<\/strong><\/em> Yolanda Landa.<\/p>\n<p><strong><em>Data de constituci\u00f3 del Consell Escolar: <\/em><\/strong>15-12-2025.<\/p>\n<p><em><strong>Propera renovaci\u00f3: <\/strong><\/em>2027.<\/p>\n","protected":false},"excerpt":{"rendered":"<p>President:\u00a0David March\u00e1n.<br \/>\nCap d&#8217;estudis: Ruth Camprodon.<br \/>\nSecret\u00e0ria: Emma Podadera.<br \/>\nRepresentat de l&#8217;ajuntament: Silvia Cangueiro.<br \/>\nRepresentants sector professorat: Roc\u00edo Rodr\u00edguez, Aurora Aznar, Xavi Gr\u00e0cia, M\u00aa Jos\u00e9 Rinc\u00f3n i Carme Garcia.<br \/>\nRepresentants sector pares\/mares\/tutors\/tutores: Marta Duarte, Silvia Gal\u00e1n, Xos\u00e9 Lu\u00eds P\u00e9rez, Roger de Miras.<br \/>\nRepresentant AFA: Ricardo Daniel Est\u00e9vez.<br \/>\nRepresentant sector PAS: Yolanda Landa.<br \/>\nData&hellip;  <a href=\"https:\/\/agora.xtec.cat\/ceipjosepguinovart\/comunitat-educativa\/consell-escolar\/\" title=\"Read Consell escolar\">Llegeix m\u00e9s\u00bb<\/a><\/p>\n","protected":false},"author":1,"featured_media":0,"parent":519,"menu_order":0,"comment_status":"closed","ping_status":"closed","template":"page-templates\/side-menu.php","meta":{"_bbp_topic_count":0,"_bbp_reply_count":0,"_bbp_total_topic_count":0,"_bbp_total_reply_count":0,"_bbp_voice_count":0,"_bbp_anonymous_reply_count":0,"_bbp_topic_count_hidden":0,"_bbp_reply_count_hidden":0,"_bbp_forum_subforum_count":0,"footnotes":""},"class_list":["post-529","page","type-page","status-publish","hentry"],"post_mailing_queue_ids":[],"_links":{"self":[{"href":"https:\/\/agora.xtec.cat\/ceipjosepguinovart\/wp-json\/wp\/v2\/pages\/529","targetHints":{"allow":["GET"]}}],"collection":[{"href":"https:\/\/agora.xtec.cat\/ceipjosepguinovart\/wp-json\/wp\/v2\/pages"}],"about":[{"href":"https:\/\/agora.xtec.cat\/ceipjosepguinovart\/wp-json\/wp\/v2\/types\/page"}],"author":[{"embeddable":true,"href":"https:\/\/agora.xtec.cat\/ceipjosepguinovart\/wp-json\/wp\/v2\/users\/1"}],"replies":[{"embeddable":true,"href":"https:\/\/agora.xtec.cat\/ceipjosepguinovart\/wp-json\/wp\/v2\/comments?post=529"}],"version-history":[{"count":6,"href":"https:\/\/agora.xtec.cat\/ceipjosepguinovart\/wp-json\/wp\/v2\/pages\/529\/revisions"}],"predecessor-version":[{"id":20082,"href":"https:\/\/agora.xtec.cat\/ceipjosepguinovart\/wp-json\/wp\/v2\/pages\/529\/revisions\/20082"}],"up":[{"embeddable":true,"href":"https:\/\/agora.xtec.cat\/ceipjosepguinovart\/wp-json\/wp\/v2\/pages\/519"}],"wp:attachment":[{"href":"https:\/\/agora.xtec.cat\/ceipjosepguinovart\/wp-json\/wp\/v2\/media?parent=529"}],"curies":[{"name":"wp","href":"https:\/\/api.w.org\/{rel}","templated":true}]}}