{"id":38,"date":"2014-09-18T12:34:08","date_gmt":"2014-09-18T10:34:08","guid":{"rendered":"http:\/\/agora.xtec.cat\/ceipjosepguinovart\/?page_id=38"},"modified":"2023-03-24T18:08:37","modified_gmt":"2023-03-24T17:08:37","slug":"salut","status":"publish","type":"page","link":"https:\/\/agora.xtec.cat\/ceipjosepguinovart\/informacions\/salut\/","title":{"rendered":"Salut"},"content":{"rendered":"<p><span style=\"color: #0000ff;\"><strong>SALUT I INF\u00c0NCIA. Com actuar davant una malaltia.<\/strong><span style=\"color: #3366ff;\"><a style=\"color: #3366ff;\" href=\"https:\/\/agora.xtec.cat\/ceipjosepguinovart\/wp-content\/uploads\/usu421\/2023\/03\/Diptic-Salut-Infancia.pdf\" target=\"_blank\" rel=\"noopener\">(aqu\u00ed en format pdf)<\/a><\/span><\/span><\/p>\n<p><a href=\"https:\/\/agora.xtec.cat\/ceipjosepguinovart\/wp-content\/uploads\/usu421\/2023\/03\/Diptic-Salut-Infancia-2-2-001.png\"><img loading=\"lazy\" decoding=\"async\" class=\"size-large wp-image-19120 aligncenter\" src=\"https:\/\/agora.xtec.cat\/ceipjosepguinovart\/wp-content\/uploads\/usu421\/2023\/03\/Diptic-Salut-Infancia-2-2-001-1024x717.png\" alt=\"\" width=\"1024\" height=\"717\" srcset=\"https:\/\/agora.xtec.cat\/ceipjosepguinovart\/wp-content\/uploads\/usu421\/2023\/03\/Diptic-Salut-Infancia-2-2-001-1024x717.png 1024w, https:\/\/agora.xtec.cat\/ceipjosepguinovart\/wp-content\/uploads\/usu421\/2023\/03\/Diptic-Salut-Infancia-2-2-001-300x210.png 300w, https:\/\/agora.xtec.cat\/ceipjosepguinovart\/wp-content\/uploads\/usu421\/2023\/03\/Diptic-Salut-Infancia-2-2-001-768x538.png 768w, https:\/\/agora.xtec.cat\/ceipjosepguinovart\/wp-content\/uploads\/usu421\/2023\/03\/Diptic-Salut-Infancia-2-2-001-1536x1075.png 1536w, https:\/\/agora.xtec.cat\/ceipjosepguinovart\/wp-content\/uploads\/usu421\/2023\/03\/Diptic-Salut-Infancia-2-2-001.png 1701w\" sizes=\"auto, (max-width: 1024px) 100vw, 1024px\" \/><\/a><a href=\"https:\/\/agora.xtec.cat\/ceipjosepguinovart\/wp-content\/uploads\/usu421\/2023\/03\/Diptic-Salut-Infancia-2-2-002.png\"><img loading=\"lazy\" decoding=\"async\" class=\"size-large wp-image-19121 aligncenter\" src=\"https:\/\/agora.xtec.cat\/ceipjosepguinovart\/wp-content\/uploads\/usu421\/2023\/03\/Diptic-Salut-Infancia-2-2-002-1024x717.png\" alt=\"\" width=\"1024\" height=\"717\" srcset=\"https:\/\/agora.xtec.cat\/ceipjosepguinovart\/wp-content\/uploads\/usu421\/2023\/03\/Diptic-Salut-Infancia-2-2-002-1024x717.png 1024w, https:\/\/agora.xtec.cat\/ceipjosepguinovart\/wp-content\/uploads\/usu421\/2023\/03\/Diptic-Salut-Infancia-2-2-002-300x210.png 300w, https:\/\/agora.xtec.cat\/ceipjosepguinovart\/wp-content\/uploads\/usu421\/2023\/03\/Diptic-Salut-Infancia-2-2-002-768x538.png 768w, https:\/\/agora.xtec.cat\/ceipjosepguinovart\/wp-content\/uploads\/usu421\/2023\/03\/Diptic-Salut-Infancia-2-2-002-1536x1075.png 1536w, https:\/\/agora.xtec.cat\/ceipjosepguinovart\/wp-content\/uploads\/usu421\/2023\/03\/Diptic-Salut-Infancia-2-2-002.png 1701w\" sizes=\"auto, (max-width: 1024px) 100vw, 1024px\" \/><\/a><\/p>\n<p>&nbsp;<\/p>\n<p><span style=\"color: #0000ff;\"><strong>Guia d&#8217;alimentaci\u00f3 a l&#8217;etapa escolar<\/strong><\/span><\/p>\n<div style=\"text-align: center;\">\n<div style=\"margin: 8px 0px 4px;\"><\/div>\n<p><iframe loading=\"lazy\" src=\"\/\/v.calameo.com\/?bkcode=005964998dfc8bc948e89&amp;mode=mini\" width=\"720\" height=\"450\" frameborder=\"0\"><\/iframe><\/p>\n<\/div>\n<p>&nbsp;<\/p>\n<hr \/>\n<p><span style=\"color: #0000ff;\"><strong>Coronavirus<\/strong><\/span><\/p>\n<div style=\"text-align: center;\">\n<p style=\"text-align: center;\"><iframe loading=\"lazy\" src=\"\/\/v.calameo.com\/?bkcode=006175560041f8a498974&amp;mode=mini\" width=\"672\" height=\"648\" frameborder=\"0\"><span data-mce-type=\"bookmark\" style=\"display: inline-block; width: 0px; overflow: hidden; line-height: 0;\" class=\"mce_SELRES_start\">\ufeff<\/span><\/iframe><\/p>\n<div style=\"margin: 4px 0px 8px;\"><\/div>\n<\/div>\n<hr \/>\n<p><span style=\"color: #0000ff;\"><strong>Administraci\u00f3 de medicaments<\/strong><\/span><\/p>\n<p>Quan un alumne ha de estar en\u00a0tractament prescrit pel metge i amb medicaci\u00f3, el personal del centre pot ajudar a aquelles fam\u00edlies que no poden fer-se c\u00e0rrec a administrar el medicament amb la corresponent autoritzaci\u00f3 m\u00e9dica on consta l\u2019horari i la dosis administrada. Cal autoritzaci\u00f3 escrita del pare\/mare\/tutor-a legals i la recepta del metge.<\/p>\n<p><a href=\"https:\/\/agora.xtec.cat\/ceipjosepguinovart\/docs\/autoritzacio-daministracio-de-medicaments\/\" target=\"_blank\" rel=\"noopener noreferrer\"><span style=\"text-decoration: underline; color: #3366ff;\"><em>Autoritzaci\u00f3 d&#8217;administraci\u00f3 de medicaments<\/em><\/span><\/a><\/p>\n<p><span style=\"color: #0000ff;\"><strong>Paracetamol<\/strong><\/span><\/p>\n<p style=\"text-align: justify;\">Per administrar el paracetamol als infants a les escoles, cal tenir l\u2019autoritzaci\u00f3 del pare, mare o tutor, que s\u2019ha de demanar en el moment de matriculaci\u00f3 de l\u2019alumnat. La febre \u00e9s un s\u00edmptoma caracteritzat per un augment de temperatura per sobre de 37 \u00baC que sovint s\u2019acompanya de malestar. \u00c9s molt freq\u00fcent en l\u2019infant. La febre \u00e9s en si mateixa un mecanisme de defensa de l\u2019organisme contra la malaltia i, per tant, no cal tractar-la de forma immediata amb medicaments. Podem utilitzar mesures f\u00edsiques per fer abaixar la temperatura i disminuir-ne les mol\u00e8sties: si t\u00e9 malestar, fred o esgarrifances es recomana no abrigar-lo i donar-li aigua a glopets. Davant d\u2019un infant amb febre de 38 \u00baC o m\u00e9s l\u2019escola ha de contactar amb el pare, mare o tutor i demanar-li que el reculli tan aviat com pugui. Mentrestant, si la febre \u00e9s igual o superior a 38 \u00baC es recomana administrar un antit\u00e8rmic\/analg\u00e8sic. El f\u00e0rmac de refer\u00e8ncia i m\u00e9s utilitzat arreu \u00e9s el paracetamol, per la seva bona toler\u00e0ncia i la relativa abs\u00e8ncia d\u2019efectes secundaris. Encara que no es tracti d\u2019una urg\u00e8ncia, un infant amb febre no ha de quedar-se a l\u2019escola fins que finalitzi la jornada escolar.<\/p>\n<p style=\"text-align: justify;\"><span style=\"color: #3366ff;\"><a style=\"color: #3366ff;\" href=\"https:\/\/agora.xtec.cat\/ceipjosepguinovart\/docs\/autoritzacio-per-a-ladministracio-del-paracetamol\/#doc-settings\"><span style=\"text-decoration: underline;\"><em>Autoritzaci\u00f3 administraci\u00f3 de paracetamol<\/em><\/span><\/a><\/span><\/p>\n<hr \/>\n<p><strong><span style=\"color: #0000ff;\">Polls<\/span><\/strong><\/p>\n<p>\u00c9s convenient que es revisi b\u00e9\u00a0el cap dels vostres fills i filles i feu r\u00e0pidament el tractament de prevenci\u00f3 o d&#8217;eliminaci\u00f3\u00a0si cal.<\/p>\n<p>Aquest \u00e9s un tema d&#8217;higiene, que s&#8217;ha de tractar des de \u00a0casa correctament. Tot alumnat afectat no pot assistir a l&#8217;escola fins que no sigui sotm\u00e8s a tractament, entenent per aquest l\u2019aplicaci\u00f3 de loci\u00f3 o crema i l\u2019eliminaci\u00f3 de les ll\u00e9menesi si un nen\/a en t\u00e9, ja qu\u00e8 sin\u00f3 podrien contagiar a l&#8217;alumnat sa i, d&#8217;aquesta forma, disseminar els polls a l&#8217;escola.<\/p>\n<div style=\"text-align: center;\">\n<p><iframe loading=\"lazy\" src=\"\/\/v.calameo.com\/?bkcode=005964998aaa5e0be7ef3&amp;mode=mini\" width=\"720\" height=\"450\" frameborder=\"0\"><span data-mce-type=\"bookmark\" style=\"display: inline-block; width: 0px; overflow: hidden; line-height: 0;\" class=\"mce_SELRES_start\">\ufeff<\/span><\/iframe><\/p>\n<\/div>\n","protected":false},"excerpt":{"rendered":"<p>SALUT I INF\u00c0NCIA. Com actuar davant una malaltia.<a style=\"color: #3366ff;\" href=\"https:\/\/agora.xtec.cat\/ceipjosepguinovart\/wp-content\/uploads\/usu421\/2023\/03\/Diptic-Salut-Infancia.pdf\" target=\"_blank\" rel=\"noopener\">(aqu\u00ed en format pdf)<\/a><br \/>\n<a href=\"https:\/\/agora.xtec.cat\/ceipjosepguinovart\/wp-content\/uploads\/usu421\/2023\/03\/Diptic-Salut-Infancia-2-2-001.png\"><\/a><a href=\"https:\/\/agora.xtec.cat\/ceipjosepguinovart\/wp-content\/uploads\/usu421\/2023\/03\/Diptic-Salut-Infancia-2-2-002.png\"><\/a><br \/>\n&nbsp;<br \/>\nGuia d&#8217;alimentaci\u00f3 a l&#8217;etapa escolar<\/p>\n<p>&nbsp;<\/p>\n<p>Coronavirus<\/p>\n<p>\ufeff<\/p>\n<p>Administraci\u00f3 de medicaments<br \/>\nQuan un alumne ha de estar en\u00a0tractament prescrit pel metge i amb medicaci\u00f3, el personal del centre pot ajudar a aquelles fam\u00edlies&hellip;  <a href=\"https:\/\/agora.xtec.cat\/ceipjosepguinovart\/informacions\/salut\/\" title=\"Read Salut\">Llegeix m\u00e9s\u00bb<\/a><\/p>\n","protected":false},"author":1,"featured_media":0,"parent":578,"menu_order":80,"comment_status":"closed","ping_status":"closed","template":"page-templates\/side-menu.php","meta":{"_bbp_topic_count":0,"_bbp_reply_count":0,"_bbp_total_topic_count":0,"_bbp_total_reply_count":0,"_bbp_voice_count":0,"_bbp_anonymous_reply_count":0,"_bbp_topic_count_hidden":0,"_bbp_reply_count_hidden":0,"_bbp_forum_subforum_count":0,"footnotes":""},"class_list":["post-38","page","type-page","status-publish","hentry"],"post_mailing_queue_ids":[],"_links":{"self":[{"href":"https:\/\/agora.xtec.cat\/ceipjosepguinovart\/wp-json\/wp\/v2\/pages\/38","targetHints":{"allow":["GET"]}}],"collection":[{"href":"https:\/\/agora.xtec.cat\/ceipjosepguinovart\/wp-json\/wp\/v2\/pages"}],"about":[{"href":"https:\/\/agora.xtec.cat\/ceipjosepguinovart\/wp-json\/wp\/v2\/types\/page"}],"author":[{"embeddable":true,"href":"https:\/\/agora.xtec.cat\/ceipjosepguinovart\/wp-json\/wp\/v2\/users\/1"}],"replies":[{"embeddable":true,"href":"https:\/\/agora.xtec.cat\/ceipjosepguinovart\/wp-json\/wp\/v2\/comments?post=38"}],"version-history":[{"count":3,"href":"https:\/\/agora.xtec.cat\/ceipjosepguinovart\/wp-json\/wp\/v2\/pages\/38\/revisions"}],"predecessor-version":[{"id":19123,"href":"https:\/\/agora.xtec.cat\/ceipjosepguinovart\/wp-json\/wp\/v2\/pages\/38\/revisions\/19123"}],"up":[{"embeddable":true,"href":"https:\/\/agora.xtec.cat\/ceipjosepguinovart\/wp-json\/wp\/v2\/pages\/578"}],"wp:attachment":[{"href":"https:\/\/agora.xtec.cat\/ceipjosepguinovart\/wp-json\/wp\/v2\/media?parent=38"}],"curies":[{"name":"wp","href":"https:\/\/api.w.org\/{rel}","templated":true}]}}