{"id":34,"date":"2014-09-18T12:32:18","date_gmt":"2014-09-18T11:32:18","guid":{"rendered":"http:\/\/agora.xtec.cat\/ceipjosepguinovart\/?page_id=34"},"modified":"2026-04-15T09:37:17","modified_gmt":"2026-04-15T07:37:17","slug":"preinscripcio","status":"publish","type":"page","link":"https:\/\/agora.xtec.cat\/ceipjosepguinovart\/lescola\/preinscripcio\/","title":{"rendered":"Preinscripci\u00f3 curs 2026-27"},"content":{"rendered":"<p><a href=\"https:\/\/agora.xtec.cat\/ceipjosepguinovart\/wp-content\/uploads\/usu421\/2026\/02\/preinscripcio-26-27.png\"><img loading=\"lazy\" decoding=\"async\" class=\"size-full wp-image-20111 aligncenter\" src=\"https:\/\/agora.xtec.cat\/ceipjosepguinovart\/wp-content\/uploads\/usu421\/2026\/02\/preinscripcio-26-27.png\" alt=\"\" width=\"1020\" height=\"199\" srcset=\"https:\/\/agora.xtec.cat\/ceipjosepguinovart\/wp-content\/uploads\/usu421\/2026\/02\/preinscripcio-26-27.png 1020w, https:\/\/agora.xtec.cat\/ceipjosepguinovart\/wp-content\/uploads\/usu421\/2026\/02\/preinscripcio-26-27-300x59.png 300w, https:\/\/agora.xtec.cat\/ceipjosepguinovart\/wp-content\/uploads\/usu421\/2026\/02\/preinscripcio-26-27-768x150.png 768w\" sizes=\"auto, (max-width: 1020px) 100vw, 1020px\" \/><\/a><\/p>\n<p><strong><span style=\"color: #0000ff;\">PORTES OBERTES:<\/span><\/strong> del 23 al 27 de febrer. Cal apuntar-se <a href=\"https:\/\/forms.gle\/7Mdn69zyxtYdyrX2A\" target=\"_blank\" rel=\"noopener\">aqu\u00ed<\/a><\/p>\n<p><span style=\"color: #000080;\"><strong>Codi de l&#8217;escola Guinovart: <\/strong><\/span><strong>08062924<\/strong><\/p>\n<p><span style=\"color: #3366ff; font-size: 1.125em; font-weight: bold;\">Calendari:<\/span><\/p>\n<table style=\"border-style: solid; width: 100%; border-color: #2905f7;\" border=\"0\" width=\"100%\" align=\"center\">\n<tbody>\n<tr>\n<td align=\"center\" valign=\"top\" height=\"299\">\n<p class=\"titol\" style=\"text-align: left;\"><span style=\"color: #000000;\">RESOLUCI\u00d3:\u00a0 <a href=\"https:\/\/agora.xtec.cat\/ceipjosepguinovart\/wp-content\/uploads\/usu421\/2026\/02\/RESOLUCIO-PREINSC-2627-.pdf\" target=\"_blank\" rel=\"noopener\">EDF\/293\/2026, de 6 de febrer<\/a><\/span><\/p>\n<table style=\"height: 226px; width: 100%; border-style: dashed; border-color: #0736f0; background-color: #b1fafa;\" border=\"1\" width=\"100%\">\n<tbody>\n<tr style=\"border-color: #1d0eeb; border-style: solid;\">\n<td style=\"height: 29px;\"><span style=\"color: #000000;\"><a href=\"https:\/\/agora.xtec.cat\/ceipjosepguinovart\/wp-content\/uploads\/usu421\/2026\/03\/OFERTA-INICIAL-_26-27.pdf\" target=\"_blank\" rel=\"noopener\">Oferta inicial<\/a> de places escolars.<\/span><\/td>\n<td style=\"width: 403px; height: 29px; border-style: solid; border-color: #120eeb;\">3 de mar\u00e7<\/td>\n<\/tr>\n<tr style=\"border-color: #1d0eeb; border-style: outset;\">\n<td style=\"width: 942px; height: 15px; border-style: solid; border-color: #120eeb;\"><span style=\"color: #000000;\"><strong>Presentaci\u00f3 de sol\u00b7licituds.<\/strong><\/span><\/td>\n<td style=\"width: 403px; height: 15px; border-style: solid; border-color: #120eeb;\"><span style=\"color: #000000;\"><strong><em>del 4 <\/em>al 18 de mar\u00e7<\/strong><\/span><\/td>\n<\/tr>\n<tr style=\"border-color: #1d0eeb; border-style: outset;\">\n<td style=\"width: 942px; height: 10px; border-style: solid; border-color: #120eeb;\"><span style=\"color: #000000;\"><span style=\"font-family: Arial, Helvetica, sans-serif;\">Publicaci\u00f3 de la <a href=\"https:\/\/agora.xtec.cat\/ceipjosepguinovart\/wp-content\/uploads\/usu421\/2026\/04\/INFORME_BAREM_PROVISIONAL_BAREM_2025-2026.pdf\" target=\"_blank\" rel=\"noopener\">llista de sol\u00b7licituds al centre amb el barem provisional<\/a>.<\/span><\/span><\/td>\n<td style=\"width: 403px; height: 10px; border-style: solid; border-color: #120eeb;\">15 d&#8217;abril<\/td>\n<\/tr>\n<tr style=\"border-color: #1d0eeb; border-style: outset;\">\n<td style=\"width: 942px; height: 19px; border-style: solid; border-color: #120eeb;\"><span style=\"font-family: Arial, Helvetica, sans-serif; color: #000000;\">Termini per presentar una reclamaci\u00f3 al barem provisional.<\/span><\/td>\n<td style=\"width: 403px; height: 19px; border-style: solid; border-color: #120eeb;\">del 15 al 20 d&#8217;abril<\/td>\n<\/tr>\n<tr style=\"border-color: #1d0eeb; border-style: outset;\">\n<td style=\"width: 942px; height: 16px; border-style: solid; border-color: #120eeb;\"><span style=\"font-family: Arial, Helvetica, sans-serif; color: #000000;\">Publicaci\u00f3 de la llista de sol\u00b7licituds al centre amb el barem un cop resoltes les reclamacions.<\/span><\/td>\n<td style=\"width: 403px; height: 16px; border-style: solid; border-color: #120eeb;\">23 d&#8217;abril<\/td>\n<\/tr>\n<tr style=\"border-color: #1d0eeb; border-style: outset;\">\n<td style=\"width: 942px; height: 10px; border-style: solid; border-color: #120eeb;\"><span style=\"font-family: Arial, Helvetica, sans-serif; color: #000000;\"><span style=\"font-family: Arial, Helvetica, sans-serif;\">Sorteig del n\u00famero de desempat <i>al Serveis Centrals: Via Augusta, 202, Barcelona<\/i>. n\u00famero &#8212;&#8212;&#8211;<\/span><\/span><\/td>\n<td style=\"width: 403px; height: 10px; border-style: solid; border-color: #120eeb;\">28 d&#8217;abril<\/td>\n<\/tr>\n<tr style=\"border-color: #1d0eeb; border-style: outset;\">\n<td style=\"width: 942px; height: 10px; border-style: solid; border-color: #120eeb;\"><span style=\"color: #000000;\"><strong><span style=\"font-family: Arial, Helvetica, sans-serif;\">Publicaci\u00f3 de la llista ordenada definitiva.<\/span><\/strong><\/span><\/td>\n<td style=\"width: 403px; height: 10px; border-style: solid; border-color: #120eeb;\"><strong>29 d&#8217;abril<\/strong><\/td>\n<\/tr>\n<tr style=\"height: 29px;\">\n<td style=\"width: 942px; border-style: solid; border-color: #120eeb; height: 29px;\"><span style=\"font-family: Arial, Helvetica, sans-serif; color: #000000;\">Ampliaci\u00f3 de peticions, per a alumnes NEE B que necessiten assignaci\u00f3 d&#8217;ofici i no s&#8217;han assignat per petici\u00f3 original.<br \/>\n<\/span><\/td>\n<td style=\"width: 403px; border-style: solid; border-color: #120eeb; height: 29px;\">del 13 al 14 de maig<\/td>\n<\/tr>\n<tr style=\"border-color: #1d0eeb; border-style: outset;\">\n<td style=\"width: 942px; border-style: solid; border-color: #120eeb; height: 27px;\">Ampliaci\u00f3 de peticions, per a alumnes ordinaris que necessiten assignaci\u00f3 d&#8217;ofici i no s&#8217;han assignat per petici\u00f3 original.<\/td>\n<td style=\"width: 403px; border-style: solid; border-color: #120eeb; height: 27px;\">de 1 al 3 de juny<\/td>\n<\/tr>\n<tr style=\"border-color: #1d0eeb; border-style: outset;\">\n<td style=\"width: 942px; height: 2px; border-style: solid; border-color: #120eeb;\"><span style=\"color: #000000;\">Publicaci\u00f3 de l&#8217;oferta final de places escolars.<\/span><\/td>\n<td style=\"width: 403px; height: 2px; border-style: solid; border-color: #120eeb;\">10 de juny<\/td>\n<\/tr>\n<tr style=\"border-color: #1d0eeb; border-style: outset;\">\n<td style=\"width: 942px; height: 29px; border-style: solid; border-color: #120eeb;\"><span style=\"font-family: Arial, Helvetica, sans-serif; color: #000000;\">Publicaci\u00f3 de les llistes d&#8217;alumnes admesos i, si escau, de la llista d&#8217;espera.<\/span><\/td>\n<td style=\"width: 403px; height: 29px; border-style: solid; border-color: #120eeb;\">10 de juny<\/td>\n<\/tr>\n<tr style=\"border-color: #1d0eeb; border-style: outset;\">\n<td style=\"width: 942px; height: 2px; border-style: solid; border-color: #120eeb;\"><span style=\"color: #000080;\"><strong><span style=\"font-family: Arial, Helvetica, sans-serif;\">MATR\u00cdCULA<\/span><\/strong><\/span><span style=\"font-family: Arial, Helvetica, sans-serif;\"><br \/>\n<strong>Alumnes preinscrits amb pla\u00e7a assignada.<\/strong><br \/>\n<\/span><\/td>\n<td style=\"width: 403px; height: 2px; border-style: solid; border-color: #120eeb;\"><strong>del 22 al 30 de juny<\/strong><\/td>\n<\/tr>\n<tr style=\"height: 28px;\">\n<td style=\"width: 942px; border-style: solid; border-color: #120eeb; height: 28px; text-align: left;\"><span style=\"color: #000080;\"><strong><span style=\"font-family: Arial, Helvetica, sans-serif;\">Publicaci\u00f3 de les llistes dels alumnes matriculats del proc\u00e9s de preinscripci\u00f3 i admissi\u00f3.<\/span><\/strong><\/span><\/td>\n<td style=\"width: 403px; border-style: solid; border-color: #120eeb; height: 28px; text-align: left;\">30 de setembre<\/td>\n<\/tr>\n<\/tbody>\n<\/table>\n<hr \/>\n<h4 style=\"text-align: left;\"><span style=\"color: #000080;\"><strong>DATES CLAU<\/strong><\/span><\/h4>\n<h5 style=\"text-align: left;\"><strong><em>Per\u00edode de presentaci\u00f3 de sol\u00b7licitud de preinscripci\u00f3: del 4<\/em> al 18 de mar\u00e7.<br \/>\n<\/strong><\/h5>\n<h5 style=\"text-align: left;\"><strong><em>Per\u00edode de MATRICULACI\u00d3: \u200bdel 22 al 30 de juny.<\/em><\/strong><\/h5>\n<h5 style=\"text-align: left;\"><strong>\u00a0<\/strong><\/h5>\n<hr \/>\n<div class=\"FW_sArticleFoto\">\n<div class=\"FW_sEditPro\">\n<div class=\"FW_sArticleFoto\">\n<div class=\"FW_sEditPro\">\n<div class=\"col-sm-8 columna_esquerra\">\n<div class=\"cos_bloc basic_text_peq pd-15\">\n<div class=\"col-sm-8 columna_esquerra\">\n<div class=\"cos_bloc basic_text_peq pd-15\">\n<p><strong>Recorda, nom\u00e9s es pot presentar una sol\u00b7licitud de preinscripci\u00f3 per alumne o alumna.<\/strong><\/p>\n<p>M\u00e9s informaci\u00f3 a <a title=\"preinscripcio.gencat.cat\" href=\"https:\/\/preinscripcio.gencat.cat\/ca\/inici\/\" target=\"_blank\" rel=\"noopener noreferrer\">preinscripcio.gencat.cat<\/a><\/p>\n<p style=\"color: #444444; padding-left: 30px;\">\n<\/div>\n<\/div>\n<\/div>\n<\/div>\n<\/div>\n<\/div>\n<\/div>\n<\/div>\n<\/td>\n<\/tr>\n<\/tbody>\n<\/table>\n","protected":false},"excerpt":{"rendered":"<p><a href=\"https:\/\/agora.xtec.cat\/ceipjosepguinovart\/wp-content\/uploads\/usu421\/2026\/02\/preinscripcio-26-27.png\"><\/a><br \/>\nPORTES OBERTES: del 23 al 27 de febrer. Cal apuntar-se <a href=\"https:\/\/forms.gle\/7Mdn69zyxtYdyrX2A\" target=\"_blank\" rel=\"noopener\">aqu\u00ed<\/a><br \/>\nCodi de l&#8217;escola Guinovart: 08062924<br \/>\nCalendari:<\/p>\n<p>RESOLUCI\u00d3:\u00a0 <a href=\"https:\/\/agora.xtec.cat\/ceipjosepguinovart\/wp-content\/uploads\/usu421\/2026\/02\/RESOLUCIO-PREINSC-2627-.pdf\" target=\"_blank\" rel=\"noopener\">EDF\/293\/2026, de 6 de febrer<\/a><\/p>\n<p><a href=\"https:\/\/agora.xtec.cat\/ceipjosepguinovart\/wp-content\/uploads\/usu421\/2026\/03\/OFERTA-INICIAL-_26-27.pdf\" target=\"_blank\" rel=\"noopener\">Oferta inicial<\/a> de places escolars.<br \/>\n3 de mar\u00e7<\/p>\n<p>Presentaci\u00f3 de sol\u00b7licituds.<br \/>\ndel 4 al 18 de mar\u00e7<\/p>\n<p>Publicaci\u00f3 de la&hellip;  <a href=\"https:\/\/agora.xtec.cat\/ceipjosepguinovart\/lescola\/preinscripcio\/\" title=\"Read Preinscripci\u00f3 curs 2026-27\">Llegeix m\u00e9s\u00bb<\/a><\/p>\n","protected":false},"author":1,"featured_media":0,"parent":22,"menu_order":60,"comment_status":"closed","ping_status":"closed","template":"page-templates\/side-menu.php","meta":{"_bbp_topic_count":0,"_bbp_reply_count":0,"_bbp_total_topic_count":0,"_bbp_total_reply_count":0,"_bbp_voice_count":0,"_bbp_anonymous_reply_count":0,"_bbp_topic_count_hidden":0,"_bbp_reply_count_hidden":0,"_bbp_forum_subforum_count":0,"footnotes":""},"class_list":["post-34","page","type-page","status-publish","hentry"],"post_mailing_queue_ids":[],"_links":{"self":[{"href":"https:\/\/agora.xtec.cat\/ceipjosepguinovart\/wp-json\/wp\/v2\/pages\/34","targetHints":{"allow":["GET"]}}],"collection":[{"href":"https:\/\/agora.xtec.cat\/ceipjosepguinovart\/wp-json\/wp\/v2\/pages"}],"about":[{"href":"https:\/\/agora.xtec.cat\/ceipjosepguinovart\/wp-json\/wp\/v2\/types\/page"}],"author":[{"embeddable":true,"href":"https:\/\/agora.xtec.cat\/ceipjosepguinovart\/wp-json\/wp\/v2\/users\/1"}],"replies":[{"embeddable":true,"href":"https:\/\/agora.xtec.cat\/ceipjosepguinovart\/wp-json\/wp\/v2\/comments?post=34"}],"version-history":[{"count":7,"href":"https:\/\/agora.xtec.cat\/ceipjosepguinovart\/wp-json\/wp\/v2\/pages\/34\/revisions"}],"predecessor-version":[{"id":20210,"href":"https:\/\/agora.xtec.cat\/ceipjosepguinovart\/wp-json\/wp\/v2\/pages\/34\/revisions\/20210"}],"up":[{"embeddable":true,"href":"https:\/\/agora.xtec.cat\/ceipjosepguinovart\/wp-json\/wp\/v2\/pages\/22"}],"wp:attachment":[{"href":"https:\/\/agora.xtec.cat\/ceipjosepguinovart\/wp-json\/wp\/v2\/media?parent=34"}],"curies":[{"name":"wp","href":"https:\/\/api.w.org\/{rel}","templated":true}]}}