{"id":30,"date":"2014-09-18T12:30:23","date_gmt":"2014-09-18T10:30:23","guid":{"rendered":"http:\/\/agora.xtec.cat\/ceipjosepguinovart\/?page_id=30"},"modified":"2017-03-21T21:34:26","modified_gmt":"2017-03-21T20:34:26","slug":"instal%c2%b7lacions","status":"publish","type":"page","link":"https:\/\/agora.xtec.cat\/ceipjosepguinovart\/lescola\/instal%c2%b7lacions\/","title":{"rendered":"Instal\u00b7lacions"},"content":{"rendered":"<p><span style=\"color: #808080; font-family: Comic Sans MS;\"><a href=\"http:\/\/agora.xtec.cat\/ceipjosepguinovart\/wp-content\/uploads\/usu421\/2014\/09\/cartellguinoentrada.jpg\"><img loading=\"lazy\" decoding=\"async\" class=\"size-full wp-image-492 alignleft\" src=\"http:\/\/agora.xtec.cat\/ceipjosepguinovart\/wp-content\/uploads\/usu421\/2014\/09\/cartellguinoentrada.jpg\" alt=\"cartellguinoentrada\" width=\"79\" height=\"416\" srcset=\"https:\/\/agora.xtec.cat\/ceipjosepguinovart\/wp-content\/uploads\/usu421\/2014\/09\/cartellguinoentrada.jpg 79w, https:\/\/agora.xtec.cat\/ceipjosepguinovart\/wp-content\/uploads\/usu421\/2014\/09\/cartellguinoentrada-57x300.jpg 57w\" sizes=\"auto, (max-width: 79px) 100vw, 79px\" \/><\/a><span style=\"text-decoration: underline;\"><strong><span style=\"color: #333333; text-decoration: underline;\">PRESENTACI\u00d3:<\/span><\/strong><\/span><\/span><\/p>\n<p><span style=\"color: #808080; font-family: Comic Sans MS;\"> Durant el curs 2010-2011, l&#8217;empresa <span style=\"font-family: Arial, Helvetica, sans-serif;\"><b>DECO s.a<\/b><\/span>, amb un pressupost de 5,5 milions d&#8217;euros i, amb el disseny de l&#8217;arquitecte<i> Felip Pich-Aguilera, <\/i> es va portar a terme el projecte de construcci\u00f3 del modern edifici que disposa de 3.158 m2 de superf\u00edcie \u00fatil repartits en planta baixa i primer pis.<\/span><\/p>\n<p><span style=\"color: #808080; font-family: Comic Sans MS;\">Es compon de dos cossos, associats cadasc\u00fa d&#8217;ells a activitats docents: cap al sud Educaci\u00f3 Infantil en una sola planta i Educaci\u00f3 Prim\u00e0ria al nord en planta baixa i primer pis. Entre ells, connectats en forma d&#8217;una &#8220;U&#8221;, es situa un altre bloc que alberga el menjador, la cuina, la biblioteca, els despatxos i el hall que dona acc\u00e9s al centre per l&#8217;entrada principal.<\/span><\/p>\n<p><span style=\"color: #808080; font-family: Comic Sans MS;\">A m\u00e9s a m\u00e9s, l&#8217;equipament compta amb una zona de gimn\u00e0s de 200 metres quadrats i afegint la pista esportiva i els patis, el conjunt consta de 5.255 m2 de superf\u00edcie urbanitzada.<\/span><\/p>\n<p><span style=\"color: #808080; font-family: Comic Sans MS;\">El disseny de l&#8217;edifici s&#8217;ha fet en base un estudi sobre quina \u00e9s la millor orientaci\u00f3 de cada sala. Aix\u00ed, les aules d&#8217;Infantil compten davant amb un porxo que protegeix l&#8217;aula de l&#8217;exterior i regula els rajos solars. Les de Prim\u00e0ria estan orientades al bosc, la zona m\u00e9s tranquil\u00b7la de l&#8217;entorn.<\/span><\/p>\n<p><span style=\"color: #808080; font-family: Comic Sans MS;\">Amb capacitat per a 450 alumnes el nou Josep Guinovart pot desenvolupar completament la seva tasca de doble l\u00ednia d&#8217;Educaci\u00f3 Infantil i d&#8217;Educaci\u00f3 Prim\u00e0ria.<\/span><\/p>\n","protected":false},"excerpt":{"rendered":"<p><a href=\"http:\/\/agora.xtec.cat\/ceipjosepguinovart\/wp-content\/uploads\/usu421\/2014\/09\/cartellguinoentrada.jpg\"><\/a>PRESENTACI\u00d3:<br \/>\n Durant el curs 2010-2011, l&#8217;empresa DECO s.a, amb un pressupost de 5,5 milions d&#8217;euros i, amb el disseny de l&#8217;arquitecte Felip Pich-Aguilera,  es va portar a terme el projecte de construcci\u00f3 del modern edifici que disposa de 3.158 m2 de superf\u00edcie \u00fatil&hellip;  <a href=\"https:\/\/agora.xtec.cat\/ceipjosepguinovart\/lescola\/instal%c2%b7lacions\/\" title=\"Read Instal\u00b7lacions\">Llegeix m\u00e9s\u00bb<\/a><\/p>\n","protected":false},"author":1,"featured_media":0,"parent":22,"menu_order":0,"comment_status":"closed","ping_status":"closed","template":"page-templates\/side-menu.php","meta":{"_bbp_topic_count":0,"_bbp_reply_count":0,"_bbp_total_topic_count":0,"_bbp_total_reply_count":0,"_bbp_voice_count":0,"_bbp_anonymous_reply_count":0,"_bbp_topic_count_hidden":0,"_bbp_reply_count_hidden":0,"_bbp_forum_subforum_count":0,"footnotes":""},"class_list":["post-30","page","type-page","status-publish","hentry"],"post_mailing_queue_ids":[],"_links":{"self":[{"href":"https:\/\/agora.xtec.cat\/ceipjosepguinovart\/wp-json\/wp\/v2\/pages\/30","targetHints":{"allow":["GET"]}}],"collection":[{"href":"https:\/\/agora.xtec.cat\/ceipjosepguinovart\/wp-json\/wp\/v2\/pages"}],"about":[{"href":"https:\/\/agora.xtec.cat\/ceipjosepguinovart\/wp-json\/wp\/v2\/types\/page"}],"author":[{"embeddable":true,"href":"https:\/\/agora.xtec.cat\/ceipjosepguinovart\/wp-json\/wp\/v2\/users\/1"}],"replies":[{"embeddable":true,"href":"https:\/\/agora.xtec.cat\/ceipjosepguinovart\/wp-json\/wp\/v2\/comments?post=30"}],"version-history":[{"count":3,"href":"https:\/\/agora.xtec.cat\/ceipjosepguinovart\/wp-json\/wp\/v2\/pages\/30\/revisions"}],"predecessor-version":[{"id":493,"href":"https:\/\/agora.xtec.cat\/ceipjosepguinovart\/wp-json\/wp\/v2\/pages\/30\/revisions\/493"}],"up":[{"embeddable":true,"href":"https:\/\/agora.xtec.cat\/ceipjosepguinovart\/wp-json\/wp\/v2\/pages\/22"}],"wp:attachment":[{"href":"https:\/\/agora.xtec.cat\/ceipjosepguinovart\/wp-json\/wp\/v2\/media?parent=30"}],"curies":[{"name":"wp","href":"https:\/\/api.w.org\/{rel}","templated":true}]}}