{"id":19497,"date":"2024-04-15T16:29:16","date_gmt":"2024-04-15T14:29:16","guid":{"rendered":"https:\/\/agora.xtec.cat\/ceipjosepguinovart\/?page_id=19497"},"modified":"2024-04-15T17:02:13","modified_gmt":"2024-04-15T15:02:13","slug":"atencio-a-la-diversitat","status":"publish","type":"page","link":"https:\/\/agora.xtec.cat\/ceipjosepguinovart\/atencio-a-la-diversitat\/","title":{"rendered":"Atenci\u00f3 a la diversitat"},"content":{"rendered":"<h4 class=\"NG-menu__title\"><span style=\"text-decoration: underline; color: #3366ff;\"><strong>RECURSOS DIGITALS<\/strong><\/span><\/h4>\n<ul class=\"col-sm-12 llistat_enllacos_filet_cont list-group one-column separador llista-redimensionada\">\n<li class=\"destacat_noticies list-group-item clearfix fila_0 primer-dret\">\n<div class=\"destacat_noticies_cont no-imatge\">\n<p><a title=\"Recursos digitals per al Disseny Universal de l\u2019Aprenentatge\" href=\"https:\/\/sites.google.com\/xtec.cat\/recursos-dua\/el-dua?authuser=0\" target=\"_blank\" rel=\"noopener\"><span class=\"list-group-item-wrapper-content\">Recursos digitals per al Disseny Universal de l\u2019Aprenentatge<\/span>\u00a0<\/a><\/p>\n<div class=\"bloc-mobil\">\n<div class=\"descripcio\">\n<p>Fonamentaci\u00f3 i repositori d\u2019aplicacions i recursos digitals per al DUA<\/p>\n<hr \/>\n<\/div>\n<\/div>\n<\/div>\n<\/li>\n<li class=\"destacat_noticies list-group-item clearfix fila_1\">\n<div class=\"destacat_noticies_cont no-imatge\">\n<p><a title=\"la Mosqueta\" href=\"http:\/\/www.lamosqueta.cat\/\" target=\"_blank\" rel=\"noopener\"><span class=\"list-group-item-wrapper-content\">la Mosqueta<\/span>\u00a0<\/a><\/p>\n<div class=\"bloc-mobil\">\n<div class=\"descripcio\">\n<p>Portal d&#8217;aplicacions per a nens amb NEE<\/p>\n<hr \/>\n<\/div>\n<\/div>\n<\/div>\n<\/li>\n<li class=\"destacat_noticies list-group-item clearfix fila_2\">\n<div class=\"destacat_noticies_cont no-imatge\">\n<p><a title=\"e-viacam\" href=\"http:\/\/eviacam.sourceforge.net\/\" target=\"_blank\" rel=\"noopener\"><span class=\"list-group-item-wrapper-content\">e-viacam<\/span>\u00a0<\/a><\/p>\n<div class=\"bloc-mobil\">\n<div class=\"descripcio\">\n<p>Ratol\u00ed de codi lliure control\u00b7lat amb la webcam. Funciona amb Linux i Windows<\/p>\n<hr \/>\n<\/div>\n<\/div>\n<\/div>\n<\/li>\n<li class=\"destacat_noticies list-group-item clearfix fila_3\">\n<div class=\"destacat_noticies_cont no-imatge\">\n<p><a title=\"Toolbox\" href=\"http:\/\/toolbox.mobileworldcapital.com\/\" target=\"_blank\" rel=\"noopener\"><span class=\"list-group-item-wrapper-content\">Toolbox<\/span>\u00a0<\/a><\/p>\n<div class=\"bloc-mobil\">\n<div class=\"descripcio\">\n<p>Plataforma que facilita l\u2019acc\u00e9s a un contingut m\u00f2bil educatiu de qualitat. Repositori d\u2019apps i experi\u00e8ncies d\u2019aula<\/p>\n<hr \/>\n<\/div>\n<\/div>\n<\/div>\n<\/li>\n<li class=\"destacat_noticies list-group-item clearfix fila_4\">\n<div class=\"destacat_noticies_cont no-imatge\">\n<p><a title=\"Fasiapps\" href=\"http:\/\/www.escolesfasia.cat\/web\/espai-academic\/fasiapp\/\" target=\"_blank\" rel=\"noopener\"><span class=\"list-group-item-wrapper-content\">Fasiapps<\/span>\u00a0<\/a><\/p>\n<div class=\"bloc-mobil\">\n<div class=\"descripcio\">\n<p>Recopilaci\u00f3 d\u2019aplicacions de matem\u00e0tiques, llengua, destreses b\u00e0siques, joc simb\u00f2lic, educaci\u00f3 art\u00edstica, contes, \u2026 utilitzades a les Escola F\u00e0sia<\/p>\n<hr \/>\n<\/div>\n<\/div>\n<\/div>\n<\/li>\n<li class=\"destacat_noticies list-group-item clearfix fila_5\">\n<div class=\"destacat_noticies_cont no-imatge\">\n<p><a title=\"Perfil de diversitat de la linkat\" href=\"http:\/\/linkat.xtec.cat\/portal_linkat\/wikilinkat\/index.php\/Perfil_diversitat\" target=\"_blank\" rel=\"noopener\"><span class=\"list-group-item-wrapper-content\">Perfil de diversitat de la linkat<\/span>\u00a0<\/a><\/p>\n<div class=\"bloc-mobil\">\n<div class=\"descripcio\">\n<p>Escriptori personalitzat que proporciona una interf\u00edcie gr\u00e0fica i un recull d&#8217;aplicacions destinat a persones amb problemes d&#8217;accessibilitat<\/p>\n<hr \/>\n<\/div>\n<\/div>\n<\/div>\n<\/li>\n<li class=\"destacat_noticies list-group-item clearfix fila_6\">\n<div class=\"destacat_noticies_cont no-imatge\">\n<p><a title=\"Inform\u00e1tica para Educaci\u00f3n Especial\" href=\"http:\/\/informaticaparaeducacionespecial.blogspot.com.es\/2012\/09\/pictogramagenda-para-android-una.html\" target=\"_blank\" rel=\"noopener\"><span class=\"list-group-item-wrapper-content\">Inform\u00e1tica para Educaci\u00f3n Especial<\/span>\u00a0<\/a><\/p>\n<div class=\"bloc-mobil\">\n<div class=\"descripcio\">\n<p>Blog de recursos per a sistemes augmentatius i alternatius de comunicaci\u00f3.<\/p>\n<hr \/>\n<\/div>\n<\/div>\n<\/div>\n<\/li>\n<li class=\"destacat_noticies list-group-item clearfix fila_7\">\n<div class=\"destacat_noticies_cont no-imatge\">\n<p><a title=\"Araword \u00a0\" href=\"http:\/\/ateneu.xtec.cat\/wikiform\/wikiexport\/_media\/cursos\/escola_inclusiva\/d338\/modul_3\/araword_manual.pdf\" target=\"_blank\" rel=\"noopener\"><span class=\"list-group-item-wrapper-content\">Araword <\/span>\u00a0<\/a><\/p>\n<div class=\"bloc-mobil\">\n<div class=\"descripcio\">\n<p>AraWord \u00e9s un programa que inclou la base de dades de pictogrames de ARASAAC i permet l&#8217;escriptura simult\u00e0nia amb text i pictogrames.<\/p>\n<hr \/>\n<\/div>\n<\/div>\n<\/div>\n<\/li>\n<li class=\"destacat_noticies list-group-item clearfix fila_8\">\n<div class=\"destacat_noticies_cont no-imatge\">\n<p><a title=\"Projecte Fressa\" href=\"http:\/\/www.lagares.org\/\" target=\"_blank\" rel=\"noopener\"><span class=\"list-group-item-wrapper-content\">Projecte Fressa<\/span>\u00a0<\/a><\/p>\n<div class=\"bloc-mobil\">\n<div class=\"descripcio\">\n<p>Programari Educatiu i Ajudes T\u00e8cniques per a les persones amb Discapacitat motriu i auditiva.<\/p>\n<hr \/>\n<\/div>\n<\/div>\n<\/div>\n<\/li>\n<li class=\"destacat_noticies list-group-item clearfix fila_9\">\n<div class=\"destacat_noticies_cont no-imatge\">\n<p><a title=\"Contes SPC\" href=\"http:\/\/www.edu365.cat\/primaria\/catala\/historic\/contes_spc\/index.htm\" target=\"_blank\" rel=\"noopener\"><span class=\"list-group-item-wrapper-content\">Contes SPC<\/span>\u00a0<\/a><\/p>\n<div class=\"bloc-mobil\">\n<div class=\"descripcio\">\n<p>Els\u00a0<strong>Contes SPC<\/strong>\u00a0treballen els Sistemes Augmentatius i Alternatius de la Comunicaci\u00f3 (SAAC) d&#8217;una manera l\u00fadica i motivadora per potenciar la comunicaci\u00f3 en els alumnes tenint en compte les seves limitacions.<\/p>\n<hr \/>\n<\/div>\n<\/div>\n<\/div>\n<\/li>\n<li class=\"destacat_noticies list-group-item clearfix fila_10\">\n<div class=\"destacat_noticies_cont no-imatge\">\n<p><a title=\"Open Dyslexic font\" href=\"http:\/\/opendyslexic.org\/\" target=\"_blank\" rel=\"noopener\"><span class=\"list-group-item-wrapper-content\">Open Dyslexic font<\/span>\u00a0<\/a><\/p>\n<div class=\"bloc-mobil\">\n<div class=\"descripcio\">\n<p>Font de lletres gratu\u00efta per a persones amb disl\u00e8xia<\/p>\n<hr \/>\n<\/div>\n<\/div>\n<\/div>\n<\/li>\n<li class=\"destacat_noticies list-group-item clearfix fila_11\">\n<div class=\"destacat_noticies_cont no-imatge\">\n<p><a title=\"Unitats did\u00e0ctiques de compensat\u00f2ria\" href=\"http:\/\/www.educarm.es\/udicom\/indexb.htm\" target=\"_blank\" rel=\"noopener\"><span class=\"list-group-item-wrapper-content\">Unitats did\u00e0ctiques de compensat\u00f2ria<\/span>\u00a0<\/a><\/p>\n<div class=\"bloc-mobil\">\n<div class=\"descripcio\">\n<p>Col\u00b7lecci\u00f3 d\u2019onze unitats did\u00e0ctiques de compensat\u00f2ria, amb la programaci\u00f3 de continguts i activitats.<\/p>\n<hr \/>\n<\/div>\n<\/div>\n<p><a title=\"Programes gratu\u00efts\" href=\"http:\/\/www.antoniosacco.com.ar\/prograt.htm\" target=\"_blank\" rel=\"noopener\"><span class=\"list-group-item-wrapper-content\">Programes gratu\u00efts<\/span>\u00a0<\/a><\/p>\n<div class=\"bloc-mobil\">\n<div class=\"descripcio\">\n<p>P\u00e0gina d&#8217;Antonio Sacco amb programes educatius gratu\u00efts<\/p>\n<hr \/>\n<\/div>\n<\/div>\n<\/div>\n<ul class=\"col-sm-12 llistat_enllacos_filet_cont list-group one-column separador llista-redimensionada\">\n<li class=\"destacat_noticies list-group-item clearfix fila_13 ultim-esq\">\n<div class=\"destacat_noticies_cont no-imatge\">\n<p><a title=\"ARC\" href=\"http:\/\/apliense.xtec.cat\/arc\/\" target=\"_blank\" rel=\"noopener\"><span class=\"list-group-item-wrapper-content\">ARC<\/span>\u00a0<\/a><\/p>\n<div class=\"bloc-mobil\">\n<div class=\"descripcio\">\n<p>Aplicaci\u00f3 de Recursos al Curr\u00edculum<\/p>\n<\/div>\n<hr \/>\n<hr \/>\n<div class=\"descripcio\">\n<h4 class=\"NG-menu__title\"><span style=\"text-decoration: underline; color: #3366ff;\"><strong>ENLLA\u00c7OS D&#8217;INTER\u00c8S<\/strong><\/span><\/h4>\n<ul class=\"col-sm-12 llistat_enllacos_filet_cont list-group separador llista-redimensionada\">\n<li class=\"destacat_noticies list-group-item clearfix\">\n<div class=\"destacat_noticies_cont no-imatge\">\n<p><a title=\"Educarm\" href=\"http:\/\/www.educarm.es\/admin\/webForm.php?aplicacion=ATENCION_DIVERSIDAD&amp;mode=visualizaAplicacionWeb&amp;web=93&amp;ar=644&amp;zona=PROFESORES&amp;menuSeleccionado=432\" target=\"_blank\" rel=\"noopener\"><span class=\"list-group-item-wrapper-content\">Educarm<\/span>\u00a0<\/a><\/p>\n<div class=\"bloc-mobil\">\n<div class=\"descripcio\">\n<p>Educarm \u00e9s el portal\u00a0educatiu de la Regi\u00f3 de\u00a0<strong>M\u00farcia.\u00a0<\/strong>Hi ha una \u00e0mplia p\u00e0gina d&#8217;atenci\u00f3 a la diversitat on trobar documentaci\u00f3 i d&#8217;altres recursos.<\/p>\n<hr \/>\n<\/div>\n<\/div>\n<\/div>\n<\/li>\n<li class=\"destacat_noticies list-group-item clearfix\">\n<div class=\"destacat_noticies_cont no-imatge\">\n<p><a title=\"Minusval\" href=\"https:\/\/dialnet.unirioja.es\/servlet\/revista?codigo=3235\" target=\"_blank\" rel=\"noopener\"><span class=\"list-group-item-wrapper-content\">Minusval<\/span>\u00a0<\/a><\/p>\n<div class=\"bloc-mobil\">\n<div class=\"descripcio\">\n<p><strong>Minusval\u00a0<\/strong>\u00e9s una publicaci\u00f3 bimestral dirigida a persones amb discapacitat, professionals i entitats que treballen en favor del col\u00b7lectiu de persones amb discapacitat. El seu primer n\u00famero va sortir al carrer el maig de 1974, sent des dels seus inicis instrument de di\u00e0leg entre persones amb discapacitat i sense.<\/p>\n<hr \/>\n<\/div>\n<\/div>\n<\/div>\n<\/li>\n<li class=\"destacat_noticies list-group-item clearfix\">\n<div class=\"destacat_noticies_cont no-imatge\">\n<p><a title=\"Maternell fonts de lletra manuscrita per l'escola\" href=\"http:\/\/maternellecolor.free.fr\/ldivers\/Index.html\" target=\"_blank\" rel=\"noopener\"><span class=\"list-group-item-wrapper-content\">Maternell fonts de lletra manuscrita per l&#8217;escola<\/span>\u00a0<\/a><\/p>\n<hr \/>\n<\/div>\n<\/li>\n<li class=\"destacat_noticies list-group-item clearfix\">\n<div class=\"destacat_noticies_cont no-imatge\">\n<p><a title=\"Augmentativa\" href=\"http:\/\/www.aumentativa.net\/\" target=\"_blank\" rel=\"noopener\"><span class=\"list-group-item-wrapper-content\">Augmentativa<\/span>\u00a0<\/a><\/p>\n<div class=\"bloc-mobil\">\n<div class=\"descripcio\">\n<p>Materials did\u00e0ctics per a la comunicaci\u00f3 augmentativa.<\/p>\n<hr \/>\n<\/div>\n<\/div>\n<\/div>\n<\/li>\n<li class=\"destacat_noticies list-group-item clearfix\">\n<div class=\"destacat_noticies_cont no-imatge\">\n<p><a title=\"H@z TIC\" href=\"https:\/\/www.sindromedown.net\/proyecto-down\/proyecto-hz-tic\/\" target=\"_blank\" rel=\"noopener\"><span class=\"list-group-item-wrapper-content\">H@z TIC<\/span>\u00a0<\/a><\/p>\n<div class=\"bloc-mobil\">\n<div class=\"descripcio\">\n<p>Estudi d&#8217;Apps educatives editat per la FSDown<\/p>\n<hr \/>\n<\/div>\n<\/div>\n<\/div>\n<\/li>\n<li class=\"destacat_noticies list-group-item clearfix\">\n<div class=\"destacat_noticies_cont no-imatge\">\n<p><a title=\"Videoconfer\u00e8ncia\" href=\"http:\/\/www.svisual.org\/que_video.html\" target=\"_blank\" rel=\"noopener\"><span class=\"list-group-item-wrapper-content\">Videoconfer\u00e8ncia<\/span>\u00a0<\/a><\/p>\n<div class=\"bloc-mobil\">\n<div class=\"descripcio\">\n<p>La videoconfer\u00e8ncia amb llenguatge de signes \u00e9s un innovador sistema que permet la comunicaci\u00f3 simult\u00e0nia d&#8217;\u00e0udio i v\u00eddeo.<\/p>\n<hr \/>\n<\/div>\n<\/div>\n<\/div>\n<\/li>\n<li class=\"destacat_noticies list-group-item clearfix\">\n<div class=\"destacat_noticies_cont no-imatge\">\n<p><a title=\"Solidaritat digital\" href=\"https:\/\/www.solidaridaddigital.es\/\" target=\"_blank\" rel=\"noopener\"><span class=\"list-group-item-wrapper-content\">Solidaritat digital<\/span>\u00a0<\/a><\/p>\n<div class=\"bloc-mobil\">\n<div class=\"descripcio\">\n<p><strong>Solidaritat Digital<\/strong>\u00a0\u00e9s un diari a Internet sobre discapacitat. Fa p\u00fabliques les\u00a0not\u00edcies relacionades amb el sector de la discapacitat.<\/p>\n<hr \/>\n<\/div>\n<\/div>\n<\/div>\n<\/li>\n<li class=\"destacat_noticies list-group-item clearfix\">\n<div class=\"destacat_noticies_cont no-imatge\">\n<p><a title=\"Webanywhere\" href=\"http:\/\/accesibilidadweb.dlsi.ua.es\/?menu=webanywhere\" target=\"_blank\" rel=\"noopener\"><span class=\"list-group-item-wrapper-content\">Webanywhere<\/span>\u00a0<\/a><\/p>\n<div class=\"bloc-mobil\">\n<div class=\"descripcio\">\n<p>Es tracta d&#8217;un Servei Web, que permet escriure l&#8217;adre\u00e7a de la p\u00e0gina web que volem visitar i per mitj\u00e0 d&#8217;una s\u00edntesi de veu permet la seva lectura a una persona cega sense haver precisat instal\u00b7lar cap programari a l&#8217;ordinador.<\/p>\n<hr \/>\n<\/div>\n<\/div>\n<\/div>\n<\/li>\n<li class=\"destacat_noticies list-group-item clearfix\">\n<div class=\"destacat_noticies_cont no-imatge\">\n<p><a title=\"El meu fill hi sent b\u00e9?\" href=\"http:\/\/www.xtec.cat\/serveis\/creda\/a8925261\/contingut%20index\/AUCA.pdf\" target=\"_blank\" rel=\"noopener\"><span class=\"list-group-item-wrapper-content\">El meu fill hi sent b\u00e9?<\/span>\u00a0<\/a><\/p>\n<div class=\"bloc-mobil\">\n<div class=\"descripcio\">\n<p><strong>Auca:<\/strong>\u00a0Quan heu de sospitar que el\/la vostre\/a fill\/a no hi sent b\u00e9?<\/p>\n<pre><a title=\"CREDA Baix Llobregat\" href=\"https:\/\/serveiseducatius.xtec.cat\/creda-baixllobregat\/\" target=\"_blank\" rel=\"noopener noreferrer\">CREDA Baix Llobregat<\/a><\/pre>\n<hr \/>\n<\/div>\n<\/div>\n<\/div>\n<\/li>\n<li class=\"destacat_noticies list-group-item clearfix\">\n<div class=\"destacat_noticies_cont no-imatge\">\n<p><a title=\"El m\u00f3n del Quim\" href=\"http:\/\/elmondelquim.wordpress.com\/\" target=\"_blank\" rel=\"noopener\"><span class=\"list-group-item-wrapper-content\">El m\u00f3n del Quim<\/span>\u00a0<\/a><\/p>\n<div class=\"bloc-mobil\">\n<div class=\"descripcio\">\n<p>El M\u00f3n del Quim \u00e9s un espai a Internet on el Quim de 16 anys i que t\u00e9 la S\u00edndrome de Down ens parla a trav\u00e9s del format v\u00eddeo de les seves coses amb naturalitat i llibertat.<\/p>\n<hr \/>\n<\/div>\n<\/div>\n<\/div>\n<\/li>\n<li class=\"destacat_noticies list-group-item clearfix\">\n<div class=\"destacat_noticies_cont no-imatge\">\n<p><a title=\"Lectura F\u00e0cil\" href=\"http:\/\/www.lecturafacil.net\/\" target=\"_self\" rel=\"noopener\"><span class=\"list-group-item-wrapper-content\">Lectura F\u00e0cil<\/span>\u00a0<\/a><\/p>\n<div class=\"bloc-mobil\">\n<div class=\"descripcio\">\n<p>L\u2019acc\u00e9s a la cultura, la literatura i la informaci\u00f3 \u00e9s un dret democr\u00e0tic que moltes persones troben barrat a causa de tenir limitades les seves habilitats de llegir i escriure. Els materials de<strong>\u00a0lectura f\u00e0cil<\/strong>\u00a0volen eliminar aquestes barreres d\u2019acc\u00e9s i fer possible exercir aquest dret.<\/p>\n<hr \/>\n<\/div>\n<\/div>\n<\/div>\n<\/li>\n<li class=\"destacat_noticies list-group-item clearfix\">\n<div class=\"destacat_noticies_cont no-imatge\">\n<p><a title=\"Not\u00edcies amb Lectura F\u00e0cil\" href=\"http:\/\/www.lecturafacil.net\/newslist\/\" target=\"_blank\" rel=\"noopener\"><span class=\"list-group-item-wrapper-content\">Not\u00edcies amb Lectura F\u00e0cil<\/span>\u00a0<\/a><\/p>\n<div class=\"bloc-mobil\">\n<div class=\"descripcio\">\n<p>P\u00e0gina web escrita amb la normativa de Lectura F\u00e0cil on trobareu noticies, comentaris de llibres, f\u00f2rums i altres materials.<\/p>\n<hr \/>\n<\/div>\n<\/div>\n<\/div>\n<\/li>\n<li class=\"destacat_noticies list-group-item clearfix\">\n<div class=\"destacat_noticies_cont no-imatge\">\n<p><a title=\"Unitat de T\u00e8cniques Augmentatives de Comunicaci\u00f3\" href=\"https:\/\/sites.google.com\/site\/utacub\/inici\" target=\"_blank\" rel=\"noopener\"><span class=\"list-group-item-wrapper-content\">Unitat de T\u00e8cniques Augmentatives de Comunicaci\u00f3<\/span>\u00a0<\/a><\/p>\n<div class=\"bloc-mobil\">\n<div class=\"descripcio\">\n<p>El servei\u00a0<strong>UTAC<\/strong>\u00a0s&#8217;adre\u00e7a a les persones amb discapacitat motriu que requereixen formes augmentatives i alternatives de comunicaci\u00f3 i d&#8217;acc\u00e9s a l&#8217;ordinador, joc adaptat i mobilitat assistida.<\/p>\n<\/div>\n<\/div>\n<\/div>\n<\/li>\n<\/ul>\n<\/div>\n<\/div>\n<div class=\"bloc-mobil\">\n<div class=\"descripcio\">\n<hr \/>\n<\/div>\n<\/div>\n<\/div>\n<\/li>\n<\/ul>\n<\/li>\n<\/ul>\n","protected":false},"excerpt":{"rendered":"<p>RECURSOS DIGITALS<\/p>\n<ul class=\"col-sm-12 llistat_enllacos_filet_cont list-group one-column separador llista-redimensionada\">\n<li class=\"destacat_noticies list-group-item clearfix fila_0 primer-dret\">\n<p><a title=\"Recursos digitals per al Disseny Universal de l\u2019Aprenentatge\" href=\"https:\/\/sites.google.com\/xtec.cat\/recursos-dua\/el-dua?authuser=0\" target=\"_blank\" rel=\"noopener\">Recursos digitals per al Disseny Universal de l\u2019Aprenentatge\u00a0<\/a><\/p>\n<p>Fonamentaci\u00f3 i repositori d\u2019aplicacions i recursos digitals per al DUA<\/p>\n<\/li>\n<li class=\"destacat_noticies list-group-item clearfix fila_1\">\n<p><a title=\"la&hellip;  <a href=\"https:\/\/agora.xtec.cat\/ceipjosepguinovart\/atencio-a-la-diversitat\/\" title=\"Read Atenci\u00f3 a la diversitat\">Llegeix m\u00e9s\u00bb<\/a><\/p>\n","protected":false},"author":1,"featured_media":0,"parent":0,"menu_order":0,"comment_status":"closed","ping_status":"closed","template":"","meta":{"_bbp_topic_count":0,"_bbp_reply_count":0,"_bbp_total_topic_count":0,"_bbp_total_reply_count":0,"_bbp_voice_count":0,"_bbp_anonymous_reply_count":0,"_bbp_topic_count_hidden":0,"_bbp_reply_count_hidden":0,"_bbp_forum_subforum_count":0,"footnotes":""},"class_list":["post-19497","page","type-page","status-publish","hentry"],"post_mailing_queue_ids":[],"_links":{"self":[{"href":"https:\/\/agora.xtec.cat\/ceipjosepguinovart\/wp-json\/wp\/v2\/pages\/19497","targetHints":{"allow":["GET"]}}],"collection":[{"href":"https:\/\/agora.xtec.cat\/ceipjosepguinovart\/wp-json\/wp\/v2\/pages"}],"about":[{"href":"https:\/\/agora.xtec.cat\/ceipjosepguinovart\/wp-json\/wp\/v2\/types\/page"}],"author":[{"embeddable":true,"href":"https:\/\/agora.xtec.cat\/ceipjosepguinovart\/wp-json\/wp\/v2\/users\/1"}],"replies":[{"embeddable":true,"href":"https:\/\/agora.xtec.cat\/ceipjosepguinovart\/wp-json\/wp\/v2\/comments?post=19497"}],"version-history":[{"count":3,"href":"https:\/\/agora.xtec.cat\/ceipjosepguinovart\/wp-json\/wp\/v2\/pages\/19497\/revisions"}],"predecessor-version":[{"id":19501,"href":"https:\/\/agora.xtec.cat\/ceipjosepguinovart\/wp-json\/wp\/v2\/pages\/19497\/revisions\/19501"}],"wp:attachment":[{"href":"https:\/\/agora.xtec.cat\/ceipjosepguinovart\/wp-json\/wp\/v2\/media?parent=19497"}],"curies":[{"name":"wp","href":"https:\/\/api.w.org\/{rel}","templated":true}]}}