{"id":1912,"date":"2018-10-05T16:11:48","date_gmt":"2018-10-05T14:11:48","guid":{"rendered":"http:\/\/agora.xtec.cat\/ceipjosepguinovart\/?page_id=1912"},"modified":"2024-11-08T18:10:10","modified_gmt":"2024-11-08T17:10:10","slug":"horari","status":"publish","type":"page","link":"https:\/\/agora.xtec.cat\/ceipjosepguinovart\/temps-escolar\/horari\/","title":{"rendered":"Horaris"},"content":{"rendered":"<h5><span style=\"color: #3366ff;\"><strong>HORARI GENERAL<\/strong><\/span><\/h5>\n<p><strong>9:00h.<\/strong> Entrada mat\u00ed.<br \/>\n<span style=\"font-family: inherit; font-size: 1em;\"><strong>10:55h-11:25h.<\/strong> Esbarjo.<br \/>\n<\/span><strong>12:30h.<\/strong> Sortida migdia.<\/p>\n<p><strong>15:00h.<\/strong> Entrada tarda.<br \/>\n<span style=\"font-family: inherit; font-size: 1em;\"><strong>16:30h<\/strong>. Sortida.<\/span><\/p>\n<h5><span style=\"color: #3366ff;\"><strong>HORARI INTENSIU (<em>juny<\/em>)<\/strong><\/span><\/h5>\n<p><strong>9:00h.<\/strong> Entrada mat\u00ed.<br \/>\n<span style=\"font-family: inherit; font-size: 1em;\"><strong>10:55h-11:25h.<\/strong> Esbarjo.<br \/>\n<\/span><strong>13:00h.<\/strong> Sortida migdia.<\/p>\n<p><strong>13:00h a 15:30h.<\/strong> <em>Servei de menjador.<\/em><\/p>\n<p><span style=\"color: #3366ff;\"><strong>HORARI DIRECCI\u00d3<\/strong><\/span> <span style=\"color: #999999;\"><em>Per millorar l\u2019atenci\u00f3 de les fam\u00edlies us preguem que concerteu cita pr\u00e8via.<\/em><\/span><br \/>\n<strong>Mat\u00ed:<\/strong> dilluns i dimarts de 10h a 12:30h.<br \/>\n<strong>Tarda<\/strong>: dilluns de 15:30 a 16:30h.<\/p>\n<p><span style=\"color: #3366ff;\"><strong>HORARI CAP D\u2019ESTUDIS<br \/>\n<\/strong><\/span><strong>Mat\u00ed:<\/strong> dimecres de 10 a 11:00h.<br \/>\n<strong>Tarda:<\/strong> dilluns de 15:30 a 16:30h.<\/p>\n<p><strong><span style=\"color: #3366ff;\">HORARI SECRETARIA<br \/>\n<\/span>Mat\u00ed:<\/strong> dimecres de 11:30 a 12:30h.<br \/>\n<strong>Tarda:<\/strong> dilluns de 15:30 a 16:30h.<\/p>\n","protected":false},"excerpt":{"rendered":"<p>HORARI GENERAL<br \/>\n9:00h. Entrada mat\u00ed.<br \/>\n10:55h-11:25h. Esbarjo.<br \/>\n12:30h. Sortida migdia.<br \/>\n15:00h. Entrada tarda.<br \/>\n16:30h. Sortida.<br \/>\nHORARI INTENSIU (juny)<br \/>\n9:00h. Entrada mat\u00ed.<br \/>\n10:55h-11:25h. Esbarjo.<br \/>\n13:00h. Sortida migdia.<br \/>\n13:00h a 15:30h. Servei de menjador.<br \/>\nHORARI DIRECCI\u00d3 Per millorar l\u2019atenci\u00f3 de les fam\u00edlies us preguem que concerteu cita pr\u00e8via.<br \/>\nMat\u00ed: dilluns i dimarts de 10h a 12:30h.<br \/>\nTarda: dilluns de 15:30&hellip;  <a href=\"https:\/\/agora.xtec.cat\/ceipjosepguinovart\/temps-escolar\/horari\/\" title=\"Read Horaris\">Llegeix m\u00e9s\u00bb<\/a><\/p>\n","protected":false},"author":1,"featured_media":0,"parent":18476,"menu_order":1,"comment_status":"closed","ping_status":"closed","template":"page-templates\/side-menu.php","meta":{"_bbp_topic_count":0,"_bbp_reply_count":0,"_bbp_total_topic_count":0,"_bbp_total_reply_count":0,"_bbp_voice_count":0,"_bbp_anonymous_reply_count":0,"_bbp_topic_count_hidden":0,"_bbp_reply_count_hidden":0,"_bbp_forum_subforum_count":0,"footnotes":""},"class_list":["post-1912","page","type-page","status-publish","hentry"],"post_mailing_queue_ids":[],"_links":{"self":[{"href":"https:\/\/agora.xtec.cat\/ceipjosepguinovart\/wp-json\/wp\/v2\/pages\/1912","targetHints":{"allow":["GET"]}}],"collection":[{"href":"https:\/\/agora.xtec.cat\/ceipjosepguinovart\/wp-json\/wp\/v2\/pages"}],"about":[{"href":"https:\/\/agora.xtec.cat\/ceipjosepguinovart\/wp-json\/wp\/v2\/types\/page"}],"author":[{"embeddable":true,"href":"https:\/\/agora.xtec.cat\/ceipjosepguinovart\/wp-json\/wp\/v2\/users\/1"}],"replies":[{"embeddable":true,"href":"https:\/\/agora.xtec.cat\/ceipjosepguinovart\/wp-json\/wp\/v2\/comments?post=1912"}],"version-history":[{"count":7,"href":"https:\/\/agora.xtec.cat\/ceipjosepguinovart\/wp-json\/wp\/v2\/pages\/1912\/revisions"}],"predecessor-version":[{"id":19705,"href":"https:\/\/agora.xtec.cat\/ceipjosepguinovart\/wp-json\/wp\/v2\/pages\/1912\/revisions\/19705"}],"up":[{"embeddable":true,"href":"https:\/\/agora.xtec.cat\/ceipjosepguinovart\/wp-json\/wp\/v2\/pages\/18476"}],"wp:attachment":[{"href":"https:\/\/agora.xtec.cat\/ceipjosepguinovart\/wp-json\/wp\/v2\/media?parent=1912"}],"curies":[{"name":"wp","href":"https:\/\/api.w.org\/{rel}","templated":true}]}}