{"id":18285,"date":"2021-06-22T07:47:23","date_gmt":"2021-06-22T05:47:23","guid":{"rendered":"http:\/\/agora.xtec.cat\/ceipjosepguinovart\/?page_id=18285"},"modified":"2025-03-18T12:49:45","modified_gmt":"2025-03-18T11:49:45","slug":"equipament-escolar","status":"publish","type":"page","link":"https:\/\/agora.xtec.cat\/ceipjosepguinovart\/serveis\/equipament-escolar\/","title":{"rendered":"Equipament escolar"},"content":{"rendered":"<p>L&#8217;escola ofereix a les fam\u00edlies, a trav\u00e9s de l&#8217;empresa EugeniSports, equipaci\u00f3 per educaci\u00f3 f\u00edsica i sortides, activitats del dia a dia i complements amb els colors i logo de l&#8217;escola.<\/p>\n<p style=\"font-weight: 400;\">Heu de seguir els seg\u00fcents passos:<\/p>\n<ol>\n<li style=\"font-weight: 400;\">Mesureu el\/la vostre fill\/a i seleccionar la talla correcta. Aqu\u00ed teniu el tallatge=&gt;<a href=\"https:\/\/agora.xtec.cat\/ceipjosepguinovart\/wp-content\/uploads\/usu421\/2023\/06\/TABLA-DE-MEDIDAS-EQUIPACION.pdf\" target=\"_blank\" rel=\"noopener\">Tallatge equipament<\/a><\/li>\n<li style=\"font-weight: 400;\">Descarregueu el formulari i ompli-lo <a href=\"https:\/\/agora.xtec.cat\/ceipjosepguinovart\/wp-content\/uploads\/usu421\/2022\/06\/COMANDA-EQUIPACIO-ESCOLAR-GUINOVART.pdf\" target=\"_blank\" rel=\"noopener\">FORMULARI COMANDA ROBA<\/a>. No us oblideu posar un tel\u00e8fon, el nom i cognoms del nen\/a i el curs que far\u00e0 durant l\u2019escolaritat 22-23. En el cas de germans cal cumplimentar un formulari per cada un d&#8217;ells.<\/li>\n<li>Enviar el formulari a eugenisports@yahoo.es<\/li>\n<li style=\"font-weight: 400;\">Realitzar el pagament de la suma total del producte per transfer\u00e8ncia o b\u00edzum. La tarifa de la roba \u00e9s diferent en funci\u00f3 de si la fam\u00edlia \u00e9s s\u00f2cia o no de l\u2019AFA. Destacar que Eugeni Sports corroborar\u00e0 l&#8217;afiliaci\u00f3 de la fam\u00edlia a l\u2019AFA de cada comanda. Aix\u00f2 \u00e9s possible perqu\u00e8 l\u2019AFA facilita el llistat de socis, que han autoritzat la compartici\u00f3 de dades amb els prove\u00efdors amb els que l\u2019AFA treballa, entre ells, Eugeni Sports.<\/li>\n<\/ol>\n<p><span style=\"color: #ff0000;\">En el cas que Eugeni Sports detecti que una fam\u00edlia no s\u00f2cia fa comanda com a s\u00f2cia, Eugeni Sports els informar\u00e0, amb c\u00f2pia a L\u2019AFA<\/span>, donant la opci\u00f3 d\u2019aclarir el malent\u00e8s, fer-se s\u00f2cia de l\u2019AFA o pagar la difer\u00e8ncia de la comanda. Mentre no es segueixi una d\u2019aquestes vies, Eugeni Sports retindr\u00e0 la comanda.<\/p>\n<p>*<em><strong>ATENCI\u00d3:<\/strong> Qualssevol comunicaci\u00f3, consulta i\/o reclamaci\u00f3 amb eugenisports s&#8217;ha de realitzar per escrit mitjan\u00e7ant el correu electr\u00f2nic eugenisports@yahoo.es o a trav\u00e9s de la aplicaci\u00f3 de whastapp del num. 615 349 564<\/em><\/p>\n<table style=\"border-collapse: collapse; width: 100%;\">\n<tbody>\n<tr>\n<td style=\"width: 20%;\"><img loading=\"lazy\" decoding=\"async\" class=\"alignnone size-full wp-image-18544\" src=\"https:\/\/agora.xtec.cat\/ceipjosepguinovart\/wp-content\/uploads\/usu421\/2022\/01\/bosseta.png\" alt=\"\" width=\"182\" height=\"231\" \/><\/td>\n<td style=\"width: 20%;\"><img loading=\"lazy\" decoding=\"async\" class=\"alignnone size-full wp-image-18527\" src=\"https:\/\/agora.xtec.cat\/ceipjosepguinovart\/wp-content\/uploads\/usu421\/2022\/01\/dessuadora.png\" alt=\"\" width=\"182\" height=\"231\" \/><\/td>\n<td style=\"width: 20%;\"><img loading=\"lazy\" decoding=\"async\" class=\"alignnone size-full wp-image-18528\" src=\"https:\/\/agora.xtec.cat\/ceipjosepguinovart\/wp-content\/uploads\/usu421\/2022\/01\/pantalo-llarg.png\" alt=\"\" width=\"182\" height=\"231\" \/><\/td>\n<td style=\"width: 20%;\"><img loading=\"lazy\" decoding=\"async\" class=\"alignnone size-full wp-image-18555\" src=\"https:\/\/agora.xtec.cat\/ceipjosepguinovart\/wp-content\/uploads\/usu421\/2022\/01\/samarreta-llarga.png\" alt=\"\" width=\"182\" height=\"231\" \/><\/td>\n<td style=\"width: 20%;\"><img loading=\"lazy\" decoding=\"async\" class=\"alignnone size-full wp-image-18558\" src=\"https:\/\/agora.xtec.cat\/ceipjosepguinovart\/wp-content\/uploads\/usu421\/2022\/01\/samarreta-curta-1.png\" alt=\"\" width=\"182\" height=\"230\" \/><\/td>\n<\/tr>\n<tr>\n<td style=\"width: 20%; text-align: center;\">MOTXILLA<\/td>\n<td style=\"width: 20%; text-align: center;\">JAQUETA XANDALL<\/td>\n<td style=\"width: 20%; text-align: center;\">PANTAL\u00d3 LLARG<\/td>\n<td style=\"width: 20%; text-align: center;\">SAMARRETA LLARGA<\/td>\n<td style=\"width: 20%; text-align: center;\">SAMARRETA CURTA<\/td>\n<\/tr>\n<tr>\n<td style=\"width: 20%;\"><img loading=\"lazy\" decoding=\"async\" class=\"alignnone size-full wp-image-18548\" src=\"https:\/\/agora.xtec.cat\/ceipjosepguinovart\/wp-content\/uploads\/usu421\/2022\/01\/bata-llarga.png\" alt=\"\" width=\"182\" height=\"231\" \/><\/td>\n<td style=\"width: 20%;\"><img loading=\"lazy\" decoding=\"async\" class=\"alignnone size-full wp-image-18549\" src=\"https:\/\/agora.xtec.cat\/ceipjosepguinovart\/wp-content\/uploads\/usu421\/2022\/01\/bata-curta.png\" alt=\"\" width=\"182\" height=\"231\" \/><\/td>\n<td style=\"width: 20%;\"><img loading=\"lazy\" decoding=\"async\" class=\"alignnone size-full wp-image-18550\" src=\"https:\/\/agora.xtec.cat\/ceipjosepguinovart\/wp-content\/uploads\/usu421\/2022\/01\/malles.png\" alt=\"\" width=\"182\" height=\"231\" \/><\/td>\n<td style=\"width: 20%;\"><img loading=\"lazy\" decoding=\"async\" class=\"alignnone size-full wp-image-18530\" src=\"https:\/\/agora.xtec.cat\/ceipjosepguinovart\/wp-content\/uploads\/usu421\/2022\/01\/pantalo-curt.png\" alt=\"\" width=\"182\" height=\"231\" \/><\/td>\n<td style=\"width: 20%;\"><\/td>\n<\/tr>\n<tr>\n<td style=\"width: 20%; text-align: center;\">BATA AMB M\u00c0NIGUES<\/td>\n<td style=\"width: 20%; text-align: center;\">BATA SENSE M\u00c0NIGUES<\/td>\n<td style=\"width: 20%; text-align: center;\">MALLES \u2013 LEGINS<\/td>\n<td style=\"width: 20%; text-align: center;\">PANTAL\u00d3 CURT<\/td>\n<td style=\"width: 20%; text-align: center;\"><\/td>\n<\/tr>\n<\/tbody>\n<\/table>\n<h4><\/h4>\n<h4><strong><span style=\"color: #ff0000;\">!?\ufe0f<\/span><span style=\"color: #3366ff;\">FAQS<\/span><\/strong><\/h4>\n<p><strong>&#8211; Si tinc m\u00e9s d\u2019un fill, \u00bfon s\u2019entregar\u00e0 la comanda?<\/strong> Si \u00e9s una entrega que es fa a l\u2019escola, es far\u00e0 a la classe del m\u00e9s petit\/a<\/p>\n<p><strong>&#8211; El meu fill ha perdut l\u2019equipament escolar a l\u2019escola \u00bfon puc reclamar?<\/strong> Si us poseu en contacte amb consergeria, us poden donar acc\u00e9s a objectes perduts. \u00c9s molt recomanable que etiqueteu la roba per tal de garantir-ne la recuperaci\u00f3.<\/p>\n<p><strong>&#8211; Puc fer compres fora del per\u00edode de venda?<\/strong> Eugeni Sports \u00e9s una empresa familiar i concentra la producci\u00f3 en per\u00edodes concrets per tal de donar un millor servei. Fora d\u2019aquests per\u00edodes conta amb un estoc petit per poder donar resposta a comandes excepcionals, como les de fam\u00edlies nouvingudes per matr\u00edcula viva. Si feu comandes fora de data, recomanem que, abans de fer el pagament de la comanda, confirmeu amb Eugeni Sports si t\u00e9 estoc de la talla requerida. Sigueu conscients que el per\u00edode d\u2019entrega fora de termini pot ser m\u00e9s llarg.<\/p>\n<p><strong>&#8211; He tingut una incid\u00e8ncia amb la comanda; \u00bfqu\u00e8 he de fer?<\/strong> Contacteu directament AMB Eugeni Sports per escrit a trav\u00e9s del correu electr\u00f2nic <a href=\"mailto:eugenisports@yahoo.es\" target=\"_blank\" rel=\"noopener\">eugenisports<span class=\"\">@<\/span>yahoo.es<\/a> o WhatsApp. 615 349 564<\/p>\n<p>En el cas de necessitar escalar la incid\u00e8ncia l\u2019AFA, recomanem que ho feu directament a la <strong>COMISSI\u00d3 DE LLIBRES I ROBA<\/strong> a <a href=\"mailto:afallibresiroba@escolaguinovart.cat\" target=\"_blank\" rel=\"noopener\">afallibresiroba@escolaguinovart.cat<\/a><\/p>\n<p><strong>&#8211; L\u2019AFA contempla la venda d\u2019equipament esportiu de 2a m\u00e0?<\/strong> L\u2019AFA anima a la reutilitzaci\u00f3. Sobre el maig fa una recollida de roba que no s\u2019usi i estigui en bon estat i, en funci\u00f3 del volum recollit, pot organitzar una venda de roba abans de la venda de juny.<\/p>\n","protected":false},"excerpt":{"rendered":"<p>L&#8217;escola ofereix a les fam\u00edlies, a trav\u00e9s de l&#8217;empresa EugeniSports, equipaci\u00f3 per educaci\u00f3 f\u00edsica i sortides, activitats del dia a dia i complements amb els colors i logo de l&#8217;escola.<br \/>\nHeu de seguir els seg\u00fcents passos:<\/p>\n<ol>\n<li style=\"font-weight: 400;\">Mesureu el\/la vostre fill\/a i seleccionar la talla correcta.&hellip;  <a href=\"https:\/\/agora.xtec.cat\/ceipjosepguinovart\/serveis\/equipament-escolar\/\" title=\"Read Equipament escolar\">Llegeix m\u00e9s\u00bb<\/a><br \/>\n","protected":false},"author":1,"featured_media":0,"parent":66,"menu_order":0,"comment_status":"closed","ping_status":"closed","template":"page-templates\/side-menu.php","meta":{"_bbp_topic_count":0,"_bbp_reply_count":0,"_bbp_total_topic_count":0,"_bbp_total_reply_count":0,"_bbp_voice_count":0,"_bbp_anonymous_reply_count":0,"_bbp_topic_count_hidden":0,"_bbp_reply_count_hidden":0,"_bbp_forum_subforum_count":0,"footnotes":""},"class_list":["post-18285","page","type-page","status-publish","hentry"],"post_mailing_queue_ids":[],"_links":{"self":[{"href":"https:\/\/agora.xtec.cat\/ceipjosepguinovart\/wp-json\/wp\/v2\/pages\/18285","targetHints":{"allow":["GET"]}}],"collection":[{"href":"https:\/\/agora.xtec.cat\/ceipjosepguinovart\/wp-json\/wp\/v2\/pages"}],"about":[{"href":"https:\/\/agora.xtec.cat\/ceipjosepguinovart\/wp-json\/wp\/v2\/types\/page"}],"author":[{"embeddable":true,"href":"https:\/\/agora.xtec.cat\/ceipjosepguinovart\/wp-json\/wp\/v2\/users\/1"}],"replies":[{"embeddable":true,"href":"https:\/\/agora.xtec.cat\/ceipjosepguinovart\/wp-json\/wp\/v2\/comments?post=18285"}],"version-history":[{"count":6,"href":"https:\/\/agora.xtec.cat\/ceipjosepguinovart\/wp-json\/wp\/v2\/pages\/18285\/revisions"}],"predecessor-version":[{"id":18525,"href":"https:\/\/agora.xtec.cat\/ceipjosepguinovart\/wp-json\/wp\/v2\/pages\/18285\/revisions\/18525"}],"up":[{"embeddable":true,"href":"https:\/\/agora.xtec.cat\/ceipjosepguinovart\/wp-json\/wp\/v2\/pages\/66"}],"wp:attachment":[{"href":"https:\/\/agora.xtec.cat\/ceipjosepguinovart\/wp-json\/wp\/v2\/media?parent=18285"}],"curies":[{"name":"wp","href":"https:\/\/api.w.org\/{rel}","templated":true}]}}