{"id":16463,"date":"2020-03-03T19:50:14","date_gmt":"2020-03-03T18:50:14","guid":{"rendered":"http:\/\/agora.xtec.cat\/ceipjosepguinovart\/?page_id=16463"},"modified":"2026-01-20T14:27:18","modified_gmt":"2026-01-20T13:27:18","slug":"documents-de-gestio","status":"publish","type":"page","link":"https:\/\/agora.xtec.cat\/ceipjosepguinovart\/informacions\/documents-de-gestio\/","title":{"rendered":"Documents de gesti\u00f3"},"content":{"rendered":"<p style=\"text-align: left;\">La Llei 19\/2014, del 29 de desembre, de transpar\u00e8ncia, acc\u00e9s a la informaci\u00f3 p\u00fablica i bon govern (en endavant, LTAIPBG), va entrar en vigor l&#8217;1 de juliol de 2015. Aquesta Llei regula les obligacions de publicitat activa de les administracions p\u00fabliques i detalla la informaci\u00f3 que s&#8217;ha de publicar de forma obligat\u00f2ria al portal de la Transpar\u00e8ncia de la Generalitat de Catalunya. Tamb\u00e9 estableix el dret d&#8217;acc\u00e9s a la informaci\u00f3 p\u00fablica per part de la ciutadania i crea la Comissi\u00f3 de Garantia del Dret d&#8217;Acc\u00e9s a la Informaci\u00f3 P\u00fablica (GAIP), que \u00e9s l&#8217;encarregada de vetllar pel compliment i les garanties del dret d&#8217;acc\u00e9s a la informaci\u00f3 p\u00fablica.<\/p>\n<p style=\"text-align: left;\">En aquest \u00e0mbit, el Departament d&#8217;Educaci\u00f3 ha aprovat la seva pol\u00edtica de transpar\u00e8ncia i la Instrucci\u00f3 2\/2019, de 25 de febrer, per a la tramitaci\u00f3 de les sol\u00b7licituds de dret d&#8217;acc\u00e9s a la informaci\u00f3 p\u00fablica i al compliment de les obligacions de publicitat activa, obertura de dades p\u00fabliques, bon govern i participaci\u00f3 ciutadana, que es regulen a la Llei esmentada de transpar\u00e8ncia, acc\u00e9s a la informaci\u00f3 p\u00fablica i bon govern.<\/p>\n<p>\u200b<\/p>\n<table class=\" aligncenter\" style=\"width: 57.9518%; height: 2045px;\">\n<tbody>\n<tr style=\"height: 255px;\">\n<td style=\"text-align: center; width: 286px; height: 143px; background-color: #ffffff;\"><a href=\"https:\/\/agora.xtec.cat\/ceipjosepguinovart\/pec\/\" target=\"_blank\" rel=\"noopener\"><img loading=\"lazy\" decoding=\"async\" class=\"alignnone wp-image-19244 size-full\" src=\"https:\/\/agora.xtec.cat\/ceipjosepguinovart\/wp-content\/uploads\/usu421\/2023\/07\/PEC.jpg\" alt=\"\" width=\"300\" height=\"225\" srcset=\"https:\/\/agora.xtec.cat\/ceipjosepguinovart\/wp-content\/uploads\/usu421\/2023\/07\/PEC.jpg 300w, https:\/\/agora.xtec.cat\/ceipjosepguinovart\/wp-content\/uploads\/usu421\/2023\/07\/PEC-200x150.jpg 200w\" sizes=\"auto, (max-width: 300px) 100vw, 300px\" \/><\/a><\/td>\n<td style=\"width: 393px; height: 143px; background-color: #ffffff;\"><a href=\"https:\/\/agora.xtec.cat\/ceipjosepguinovart\/pec\/\" target=\"_blank\" rel=\"noopener\">Projecte Educatiu de Centre<\/a><\/td>\n<\/tr>\n<tr style=\"height: 270px;\">\n<td style=\"width: 286px; height: 155px; background-color: #ffffff;\"><a href=\"https:\/\/agora.xtec.cat\/ceipjosepguinovart\/plc-prjoecte-linguistic-de-centre\/\"><img loading=\"lazy\" decoding=\"async\" class=\"alignnone wp-image-16467 size-medium\" src=\"https:\/\/agora.xtec.cat\/ceipjosepguinovart\/wp-content\/uploads\/usu421\/2020\/03\/PLC-300x251.jpg\" alt=\"\" width=\"300\" height=\"251\" srcset=\"https:\/\/agora.xtec.cat\/ceipjosepguinovart\/wp-content\/uploads\/usu421\/2020\/03\/PLC-300x250.jpg 300w, https:\/\/agora.xtec.cat\/ceipjosepguinovart\/wp-content\/uploads\/usu421\/2020\/03\/PLC.jpg 450w\" sizes=\"auto, (max-width: 300px) 100vw, 300px\" \/><\/a><\/td>\n<td style=\"width: 393px; height: 155px; background-color: #ffffff;\"><a href=\"https:\/\/agora.xtec.cat\/ceipjosepguinovart\/plc-prjoecte-linguistic-de-centre\/\" target=\"_blank\" rel=\"noopener\"><span style=\"background-color: #ffffff;\">Projecte Ling\u00fc\u00edstic de Centre<\/span><\/a><\/td>\n<\/tr>\n<tr style=\"height: 270px;\">\n<td style=\"width: 286px; height: 130px; background-color: #ffffff;\"><a href=\"https:\/\/agora.xtec.cat\/ceipjosepguinovart\/nofc\/\"><img loading=\"lazy\" decoding=\"async\" class=\"alignnone wp-image-16465 size-medium\" src=\"https:\/\/agora.xtec.cat\/ceipjosepguinovart\/wp-content\/uploads\/usu421\/2020\/03\/NOFC-300x251.jpg\" alt=\"\" width=\"300\" height=\"251\" srcset=\"https:\/\/agora.xtec.cat\/ceipjosepguinovart\/wp-content\/uploads\/usu421\/2020\/03\/NOFC-300x250.jpg 300w, https:\/\/agora.xtec.cat\/ceipjosepguinovart\/wp-content\/uploads\/usu421\/2020\/03\/NOFC.jpg 450w\" sizes=\"auto, (max-width: 300px) 100vw, 300px\" \/><\/a><\/td>\n<td style=\"width: 393px; height: 130px; background-color: #ffffff;\"><a href=\"https:\/\/agora.xtec.cat\/ceipjosepguinovart\/nofc\/\" target=\"_blank\" rel=\"noopener\">Normes d&#8217;Organitzaci\u00f3 i de Funcionament de Centre<\/a><\/td>\n<\/tr>\n<tr style=\"height: 270px;\">\n<td style=\"width: 286px; height: 112px; background-color: #ffffff;\"><a href=\"https:\/\/agora.xtec.cat\/ceipjosepguinovart\/informacions\/pla-de-convivencia\/\"><img loading=\"lazy\" decoding=\"async\" class=\"alignnone wp-image-16466 size-medium\" src=\"https:\/\/agora.xtec.cat\/ceipjosepguinovart\/wp-content\/uploads\/usu421\/2020\/03\/PdC-300x251.jpg\" alt=\"\" width=\"300\" height=\"251\" srcset=\"https:\/\/agora.xtec.cat\/ceipjosepguinovart\/wp-content\/uploads\/usu421\/2020\/03\/PdC-300x250.jpg 300w, https:\/\/agora.xtec.cat\/ceipjosepguinovart\/wp-content\/uploads\/usu421\/2020\/03\/PdC.jpg 450w\" sizes=\"auto, (max-width: 300px) 100vw, 300px\" \/><\/a><\/td>\n<td style=\"width: 393px; height: 112px; background-color: #ffffff;\"><a href=\"https:\/\/agora.xtec.cat\/ceipjosepguinovart\/informacions\/pla-de-convivencia\/\" target=\"_blank\" rel=\"noopener\">Projecte de Conviv\u00e8ncia<\/a><\/td>\n<\/tr>\n<tr style=\"height: 64px;\">\n<td style=\"width: 286px; height: 10px; background-color: #ffffff;\"><a href=\"https:\/\/agora.xtec.cat\/ceipjosepguinovart\/wp-content\/uploads\/usu421\/2020\/03\/PdD.jpg\"><img loading=\"lazy\" decoding=\"async\" class=\"aligncenter wp-image-16464 size-medium\" src=\"https:\/\/agora.xtec.cat\/ceipjosepguinovart\/wp-content\/uploads\/usu421\/2020\/03\/PdD-300x251.jpg\" alt=\"\" width=\"300\" height=\"251\" srcset=\"https:\/\/agora.xtec.cat\/ceipjosepguinovart\/wp-content\/uploads\/usu421\/2020\/03\/PdD-300x250.jpg 300w, https:\/\/agora.xtec.cat\/ceipjosepguinovart\/wp-content\/uploads\/usu421\/2020\/03\/PdD.jpg 450w\" sizes=\"auto, (max-width: 300px) 100vw, 300px\" \/><\/a><\/td>\n<td style=\"width: 393px; height: 10px; background-color: #ffffff;\"><span style=\"color: #3366ff;\"><strong>CONCURS DE DIRECCIONS<\/strong><\/span><\/p>\n<p style=\"font-weight: 400;\">Tal com preveuen les bases 10.10 i 10.15 de la Resoluci\u00f3 EDU\/ 1003\/2020, d\u201911 de maig, s\u2019han publicat a la web del Servei Territorial del Baix Llobregat les actes de puntuaci\u00f3 provisionals (Fase-2) corresponents a aquelles comissions que les hav\u00edem publicat per\u00f2 que, en el moment de declarar-se l\u2019estat d\u2019alarma tenien pendent de finalitzaci\u00f3 del termini de reclamacions.\u00a0Enlla\u00e7:\u00a0<a href=\"http:\/\/ensenyament.gencat.cat\/ca\/departament\/serveis-territorials\/baix-llobregat\/personal-docent\/concurs-seleccio-direccions\/\" target=\"_blank\" rel=\"noopener noreferrer\" data-saferedirecturl=\"https:\/\/www.google.com\/url?q=http:\/\/ensenyament.gencat.cat\/ca\/departament\/serveis-territorials\/baix-llobregat\/personal-docent\/concurs-seleccio-direccions\/&amp;source=gmail&amp;ust=1590002752523000&amp;usg=AFQjCNFE70Xi5UjLsXm4iXN9U42wPNaY3A\">aqu\u00ed<\/a><\/p>\n<\/td>\n<\/tr>\n<tr style=\"height: 284px;\">\n<td style=\"width: 286px; height: 150px; background-color: #ffffff;\"><img loading=\"lazy\" decoding=\"async\" class=\"alignnone wp-image-17021 size-medium\" src=\"https:\/\/agora.xtec.cat\/ceipjosepguinovart\/wp-content\/uploads\/usu421\/2020\/09\/TAC-300x251.jpg\" alt=\"\" width=\"300\" height=\"251\" srcset=\"https:\/\/agora.xtec.cat\/ceipjosepguinovart\/wp-content\/uploads\/usu421\/2020\/09\/TAC-300x250.jpg 300w, https:\/\/agora.xtec.cat\/ceipjosepguinovart\/wp-content\/uploads\/usu421\/2020\/09\/TAC.jpg 450w\" sizes=\"auto, (max-width: 300px) 100vw, 300px\" \/><\/td>\n<td style=\"width: 393px; height: 150px; background-color: #ffffff;\"><a href=\"https:\/\/sites.google.com\/escolaguinovart.cat\/edc-escola-josep-guinovart?usp=sharing\" target=\"_blank\" rel=\"noopener\">Estrat\u00e8gia Digital del Centre<\/a><\/p>\n<p><a href=\"https:\/\/agora.xtec.cat\/ceipjosepguinovart\/wp-content\/uploads\/usu421\/2023\/07\/08062924-Escola-Josep-Guinovart-Resum-de-lEDC_signed.pdf\" target=\"_blank\" rel=\"noopener\">Resum de l&#8217;EDC<\/a><\/td>\n<\/tr>\n<tr style=\"height: 173px;\">\n<td style=\"width: 286px; background-color: #ffffff; height: 173px;\"><a href=\"https:\/\/agora.xtec.cat\/ceipjosepguinovart\/wp-content\/uploads\/usu421\/2026\/01\/PES.jpg\"><img loading=\"lazy\" decoding=\"async\" class=\"alignnone size-full wp-image-20075\" src=\"https:\/\/agora.xtec.cat\/ceipjosepguinovart\/wp-content\/uploads\/usu421\/2026\/01\/PES.jpg\" alt=\"\" width=\"300\" height=\"251\" \/><\/a><\/td>\n<td style=\"width: 393px; background-color: #ffffff; height: 173px;\"><a href=\"https:\/\/agora.xtec.cat\/ceipjosepguinovart\/wp-content\/uploads\/usu421\/2026\/01\/PES-escola-Guinovart.pdf\" target=\"_blank\" rel=\"noopener\">Projecte Esportiu Escolar<\/a><\/td>\n<\/tr>\n<tr style=\"height: 173px;\">\n<td style=\"width: 286px; background-color: #ffffff; height: 173px;\"><img loading=\"lazy\" decoding=\"async\" class=\"alignnone wp-image-18442 size-medium\" style=\"font-size: 16px;\" src=\"https:\/\/agora.xtec.cat\/ceipjosepguinovart\/wp-content\/uploads\/usu421\/2021\/10\/Pla-organitzacio-300x251.jpg\" alt=\"\" width=\"300\" height=\"251\" srcset=\"https:\/\/agora.xtec.cat\/ceipjosepguinovart\/wp-content\/uploads\/usu421\/2021\/10\/Pla-organitzacio-300x250.jpg 300w, https:\/\/agora.xtec.cat\/ceipjosepguinovart\/wp-content\/uploads\/usu421\/2021\/10\/Pla-organitzacio.jpg 450w\" sizes=\"auto, (max-width: 300px) 100vw, 300px\" \/><\/td>\n<td style=\"width: 393px; background-color: #ffffff; height: 173px;\"><a href=\"https:\/\/agora.xtec.cat\/ceipjosepguinovart\/wp-content\/uploads\/usu421\/2021\/09\/PLA-ORGANITZACIO-21-22-escola-Josep-guinovart-actualitzat.pdf\" target=\"_blank\" rel=\"noopener\">Pla d\u2019organitzaci\u00f3 per al curs 2021-2022 en el marc de la pand\u00e8mia<\/a><\/td>\n<\/tr>\n<\/tbody>\n<\/table>\n","protected":false},"excerpt":{"rendered":"<p>La Llei 19\/2014, del 29 de desembre, de transpar\u00e8ncia, acc\u00e9s a la informaci\u00f3 p\u00fablica i bon govern (en endavant, LTAIPBG), va entrar en vigor l&#8217;1 de juliol de 2015. Aquesta Llei regula les obligacions de publicitat activa de les administracions p\u00fabliques i detalla la informaci\u00f3&hellip;  <a href=\"https:\/\/agora.xtec.cat\/ceipjosepguinovart\/informacions\/documents-de-gestio\/\" title=\"Read Documents de gesti\u00f3\">Llegeix m\u00e9s\u00bb<\/a><\/p>\n","protected":false},"author":1,"featured_media":0,"parent":578,"menu_order":0,"comment_status":"closed","ping_status":"closed","template":"page-templates\/side-menu.php","meta":{"_bbp_topic_count":0,"_bbp_reply_count":0,"_bbp_total_topic_count":0,"_bbp_total_reply_count":0,"_bbp_voice_count":0,"_bbp_anonymous_reply_count":0,"_bbp_topic_count_hidden":0,"_bbp_reply_count_hidden":0,"_bbp_forum_subforum_count":0,"footnotes":""},"class_list":["post-16463","page","type-page","status-publish","hentry"],"post_mailing_queue_ids":[],"_links":{"self":[{"href":"https:\/\/agora.xtec.cat\/ceipjosepguinovart\/wp-json\/wp\/v2\/pages\/16463","targetHints":{"allow":["GET"]}}],"collection":[{"href":"https:\/\/agora.xtec.cat\/ceipjosepguinovart\/wp-json\/wp\/v2\/pages"}],"about":[{"href":"https:\/\/agora.xtec.cat\/ceipjosepguinovart\/wp-json\/wp\/v2\/types\/page"}],"author":[{"embeddable":true,"href":"https:\/\/agora.xtec.cat\/ceipjosepguinovart\/wp-json\/wp\/v2\/users\/1"}],"replies":[{"embeddable":true,"href":"https:\/\/agora.xtec.cat\/ceipjosepguinovart\/wp-json\/wp\/v2\/comments?post=16463"}],"version-history":[{"count":6,"href":"https:\/\/agora.xtec.cat\/ceipjosepguinovart\/wp-json\/wp\/v2\/pages\/16463\/revisions"}],"predecessor-version":[{"id":20080,"href":"https:\/\/agora.xtec.cat\/ceipjosepguinovart\/wp-json\/wp\/v2\/pages\/16463\/revisions\/20080"}],"up":[{"embeddable":true,"href":"https:\/\/agora.xtec.cat\/ceipjosepguinovart\/wp-json\/wp\/v2\/pages\/578"}],"wp:attachment":[{"href":"https:\/\/agora.xtec.cat\/ceipjosepguinovart\/wp-json\/wp\/v2\/media?parent=16463"}],"curies":[{"name":"wp","href":"https:\/\/api.w.org\/{rel}","templated":true}]}}