{"id":15964,"date":"2019-02-21T10:42:56","date_gmt":"2019-02-21T09:42:56","guid":{"rendered":"http:\/\/agora.xtec.cat\/ceipjosepguinovart\/?page_id=15964"},"modified":"2025-07-15T13:20:50","modified_gmt":"2025-07-15T11:20:50","slug":"plc-prjoecte-linguistic-de-centre","status":"publish","type":"page","link":"https:\/\/agora.xtec.cat\/ceipjosepguinovart\/plc-prjoecte-linguistic-de-centre\/","title":{"rendered":"Projecte Ling\u00fc\u00edstic de Centre (PLC)"},"content":{"rendered":"<p>El projecte ling\u00fc\u00edstic \u00e9s el document que recull els aspectes relatius a l&#8217;ensenyament i a l&#8217;\u00fas de les lleng\u00fces en el centre educatiu.<\/p>\n<p>En aquest document queden definits el tractament de la llengua catalana i com a llengua vehicular i d&#8217;aprenentatge, el proc\u00e9s d&#8217;ensenyament i aprenentatge de la llengua castellana, les diferents opcions amb refer\u00e8ncia a les lleng\u00fces estrangeres i els criteris generals per a les adequacions de les lleng\u00fces a la realitat socioling\u00fc\u00edstica del centre.<\/p>\n<p style=\"text-align: center;\"><a href=\"https:\/\/agora.xtec.cat\/ceipjosepguinovart\/wp-content\/uploads\/usu421\/2025\/07\/PLC-Guinovart.pdf\" target=\"_blank\" rel=\"noopener\">PLC escola Josep Guinovart<\/a><\/p>\n<div style=\"text-align: center;\">\n<div style=\"margin: 8px 0px 4px;\"><\/div>\n<div style=\"text-align: center;\"><iframe loading=\"lazy\" style=\"margin: 0 auto;\" src=\"\/\/v.calameo.com\/?bkcode=0061755607ffbe282c0b6&amp;mode=mini\" width=\"960\" height=\"600\" frameborder=\"0\" scrolling=\"no\" allowfullscreen=\"allowfullscreen\"><span data-mce-type=\"bookmark\" style=\"display: inline-block; width: 0px; overflow: hidden; line-height: 0;\" class=\"mce_SELRES_start\">\ufeff<\/span><\/iframe><\/div>\n<div style=\"margin: 4px 0px 8px;\"><\/div>\n<\/div>\n","protected":false},"excerpt":{"rendered":"<p>El projecte ling\u00fc\u00edstic \u00e9s el document que recull els aspectes relatius a l&#8217;ensenyament i a l&#8217;\u00fas de les lleng\u00fces en el centre educatiu.<br \/>\nEn aquest document queden definits el tractament de la llengua catalana i com a llengua vehicular i d&#8217;aprenentatge, el proc\u00e9s d&#8217;ensenyament i aprenentatge&hellip;  <a href=\"https:\/\/agora.xtec.cat\/ceipjosepguinovart\/plc-prjoecte-linguistic-de-centre\/\" title=\"Read Projecte Ling\u00fc\u00edstic de Centre (PLC)\">Llegeix m\u00e9s\u00bb<\/a><\/p>\n","protected":false},"author":1,"featured_media":0,"parent":0,"menu_order":0,"comment_status":"closed","ping_status":"closed","template":"","meta":{"_bbp_topic_count":0,"_bbp_reply_count":0,"_bbp_total_topic_count":0,"_bbp_total_reply_count":0,"_bbp_voice_count":0,"_bbp_anonymous_reply_count":0,"_bbp_topic_count_hidden":0,"_bbp_reply_count_hidden":0,"_bbp_forum_subforum_count":0,"footnotes":""},"class_list":["post-15964","page","type-page","status-publish","hentry"],"post_mailing_queue_ids":[],"_links":{"self":[{"href":"https:\/\/agora.xtec.cat\/ceipjosepguinovart\/wp-json\/wp\/v2\/pages\/15964","targetHints":{"allow":["GET"]}}],"collection":[{"href":"https:\/\/agora.xtec.cat\/ceipjosepguinovart\/wp-json\/wp\/v2\/pages"}],"about":[{"href":"https:\/\/agora.xtec.cat\/ceipjosepguinovart\/wp-json\/wp\/v2\/types\/page"}],"author":[{"embeddable":true,"href":"https:\/\/agora.xtec.cat\/ceipjosepguinovart\/wp-json\/wp\/v2\/users\/1"}],"replies":[{"embeddable":true,"href":"https:\/\/agora.xtec.cat\/ceipjosepguinovart\/wp-json\/wp\/v2\/comments?post=15964"}],"version-history":[{"count":5,"href":"https:\/\/agora.xtec.cat\/ceipjosepguinovart\/wp-json\/wp\/v2\/pages\/15964\/revisions"}],"predecessor-version":[{"id":19938,"href":"https:\/\/agora.xtec.cat\/ceipjosepguinovart\/wp-json\/wp\/v2\/pages\/15964\/revisions\/19938"}],"wp:attachment":[{"href":"https:\/\/agora.xtec.cat\/ceipjosepguinovart\/wp-json\/wp\/v2\/media?parent=15964"}],"curies":[{"name":"wp","href":"https:\/\/api.w.org\/{rel}","templated":true}]}}