{"id":890,"date":"2015-12-05T19:08:04","date_gmt":"2015-12-05T18:08:04","guid":{"rendered":"http:\/\/agora.xtec.cat\/ceipjosepgras\/?page_id=890"},"modified":"2025-05-22T12:03:17","modified_gmt":"2025-05-22T10:03:17","slug":"ampa","status":"publish","type":"page","link":"https:\/\/agora.xtec.cat\/ceipjosepgras\/lescola\/ampa\/","title":{"rendered":"AFA"},"content":{"rendered":"<p><a href=\"https:\/\/afaescolajosepgras.cat\/\"><img loading=\"lazy\" decoding=\"async\" class=\"wp-image-5771 aligncenter\" src=\"https:\/\/agora.xtec.cat\/ceipjosepgras\/wp-content\/uploads\/usu379\/2024\/02\/Logo-Nou-AFA.2023-1018x1024.jpeg\" alt=\"\" width=\"182\" height=\"183\" srcset=\"https:\/\/agora.xtec.cat\/ceipjosepgras\/wp-content\/uploads\/usu379\/2024\/02\/Logo-Nou-AFA.2023-1018x1024.jpeg 1018w, https:\/\/agora.xtec.cat\/ceipjosepgras\/wp-content\/uploads\/usu379\/2024\/02\/Logo-Nou-AFA.2023-298x300.jpeg 298w, https:\/\/agora.xtec.cat\/ceipjosepgras\/wp-content\/uploads\/usu379\/2024\/02\/Logo-Nou-AFA.2023-150x150.jpeg 150w, https:\/\/agora.xtec.cat\/ceipjosepgras\/wp-content\/uploads\/usu379\/2024\/02\/Logo-Nou-AFA.2023-768x773.jpeg 768w, https:\/\/agora.xtec.cat\/ceipjosepgras\/wp-content\/uploads\/usu379\/2024\/02\/Logo-Nou-AFA.2023.jpeg 1333w\" sizes=\"auto, (max-width: 182px) 100vw, 182px\" \/><\/a><\/p>\n<p>L\u2019 AFA \u00e9s l\u2019Associaci\u00f3 de Fam\u00edlies de l\u2019Escola Josep Gras.<\/p>\n<p>Per m\u00e9s informaci\u00f3, <a href=\"https:\/\/afaescolajosepgras.cat\/\">podeu visitar la seva p\u00e0gina web<\/a>.<\/p>\n<p>La junta directiva, que administra i representa l\u2019associaci\u00f3, est\u00e0 formada per les persones seg\u00fcents:<\/p>\n<ul>\n<li style=\"text-align: left;\"><strong>Presidenta:<\/strong> Tai P\u00e9rez<\/li>\n<li><strong>Vicepresidenta:<\/strong> Meritxell Mart\u00ed<\/li>\n<li><strong>Secret\u00e0ria: <\/strong>Elisabeth Marco<\/li>\n<li><strong>Tresorer: <\/strong>Pere Clapers<\/li>\n<\/ul>\n<h2><b>Els objectius<\/b><\/h2>\n<p>Els objectius proposats s\u00f3n els seg\u00fcents:<\/p>\n<ul>\n<li>Fomentar la participaci\u00f3 de les fam\u00edlies a l\u2019Escola.<\/li>\n<li>Crear grups de treball amb fam\u00edlies de fora la junta (menjador, projecte pati, escola de MiP, etc.)<\/li>\n<li>Engegar\/donar recolzament a projectes nous.<\/li>\n<li>Vehicular propostes de les fam\u00edlies<\/li>\n<\/ul>\n<h2><b>Contacta amb els membres de la junta directiva<\/b><\/h2>\n<p>L&#8217;Associaci\u00f3 celebra dues assemblees ordin\u00e0ries durant el curs on es decideixen, per votaci\u00f3, tots els temes que s\u00f3n de la seva compet\u00e8ncia.<\/p>\n<p>La junta directiva representa dirigeix i administra l&#8217;associaci\u00f3 complint les l\u00ednies marcades per l&#8217;Assemblea General.<\/p>\n<p><span style=\"font-family: inherit; font-size: 1em; line-height: 1.6;\">Les reunions ordin\u00e0ries de la junta directiva actualment no tenen dia i hora fixats. P<\/span><span style=\"font-family: inherit; font-size: 1em; line-height: 1.6;\">er fer-nos saber qualsevol tema que vulgueu tractar, ens els podeu fer arribar pel mitj\u00e0 que considereu oport\u00fa.<\/span><\/p>\n<p>El correu electr\u00f2nic \u00e9s el seg\u00fcent: <a href=\"mailto:ampajosepgras@gmail.com\">ampajosepgras@gmail.com<\/a><\/p>\n<p>&nbsp;<\/p>\n<p><em>Darrera actualitzaci\u00f3: 06-05-2024<\/em><\/p>\n","protected":false},"excerpt":{"rendered":"<p><a href=\"https:\/\/afaescolajosepgras.cat\/\"><\/a><br \/>\nL\u2019 AFA \u00e9s l\u2019Associaci\u00f3 de Fam\u00edlies de l\u2019Escola Josep Gras.<br \/>\nPer m\u00e9s informaci\u00f3, <a href=\"https:\/\/afaescolajosepgras.cat\/\">podeu visitar la seva p\u00e0gina web<\/a>.<br \/>\nLa junta directiva, que administra i representa l\u2019associaci\u00f3, est\u00e0 formada per les persones seg\u00fcents:<\/p>\n<ul>\n<li style=\"text-align: left;\">Presidenta: Tai P\u00e9rez<\/li>\n<li>Vicepresidenta: Meritxell Mart\u00ed<\/li>\n<li>Secret\u00e0ria: Elisabeth Marco<\/li>\n<li>Tresorer: Pere Clapers<\/li>\n<\/ul>\n<p>Els objectius<br \/>\nEls objectius&hellip;  <a href=\"https:\/\/agora.xtec.cat\/ceipjosepgras\/lescola\/ampa\/\" title=\"Read AFA\">Llegeix m\u00e9s\u00bb<\/a><\/p>\n","protected":false},"author":1,"featured_media":0,"parent":22,"menu_order":7,"comment_status":"closed","ping_status":"closed","template":"page-templates\/side-menu.php","meta":{"_bbp_topic_count":0,"_bbp_reply_count":0,"_bbp_total_topic_count":0,"_bbp_total_reply_count":0,"_bbp_voice_count":0,"_bbp_anonymous_reply_count":0,"_bbp_topic_count_hidden":0,"_bbp_reply_count_hidden":0,"_bbp_forum_subforum_count":0,"footnotes":""},"class_list":["post-890","page","type-page","status-publish","hentry"],"post_mailing_queue_ids":[],"_links":{"self":[{"href":"https:\/\/agora.xtec.cat\/ceipjosepgras\/wp-json\/wp\/v2\/pages\/890","targetHints":{"allow":["GET"]}}],"collection":[{"href":"https:\/\/agora.xtec.cat\/ceipjosepgras\/wp-json\/wp\/v2\/pages"}],"about":[{"href":"https:\/\/agora.xtec.cat\/ceipjosepgras\/wp-json\/wp\/v2\/types\/page"}],"author":[{"embeddable":true,"href":"https:\/\/agora.xtec.cat\/ceipjosepgras\/wp-json\/wp\/v2\/users\/1"}],"replies":[{"embeddable":true,"href":"https:\/\/agora.xtec.cat\/ceipjosepgras\/wp-json\/wp\/v2\/comments?post=890"}],"version-history":[{"count":6,"href":"https:\/\/agora.xtec.cat\/ceipjosepgras\/wp-json\/wp\/v2\/pages\/890\/revisions"}],"predecessor-version":[{"id":6100,"href":"https:\/\/agora.xtec.cat\/ceipjosepgras\/wp-json\/wp\/v2\/pages\/890\/revisions\/6100"}],"up":[{"embeddable":true,"href":"https:\/\/agora.xtec.cat\/ceipjosepgras\/wp-json\/wp\/v2\/pages\/22"}],"wp:attachment":[{"href":"https:\/\/agora.xtec.cat\/ceipjosepgras\/wp-json\/wp\/v2\/media?parent=890"}],"curies":[{"name":"wp","href":"https:\/\/api.w.org\/{rel}","templated":true}]}}