{"id":73,"date":"2014-09-18T14:01:51","date_gmt":"2014-09-18T13:01:51","guid":{"rendered":"http:\/\/agora.xtec.cat\/ceipjosepgras\/?page_id=73"},"modified":"2025-05-21T09:45:10","modified_gmt":"2025-05-21T07:45:10","slug":"menjador-escolar","status":"publish","type":"page","link":"https:\/\/agora.xtec.cat\/ceipjosepgras\/serveis\/menjador-escolar\/","title":{"rendered":"Menjador escolar"},"content":{"rendered":"<div class=\"entry-content\">\n<p>L\u2019AFA gestiona el servei de menjador de l\u2019Escola, tant pel que fa a la contractaci\u00f3 i la gesti\u00f3 del personal que fa el monitoratge, com per al prove\u00efment dels men\u00fas.<\/p>\n<p>El servei de menjador \u00e9s un dels serveis cabdals del nostre centre. \u00c9s un espai gestionat per l\u2019Associaci\u00f3 de Fam\u00edlies d\u2019Alumnes i est\u00e0 pensat perqu\u00e8 les fam\u00edlies que ho necessitin puguin deixar als infants a dinar en l\u2019horari de descans lectiu del migdia.<\/p>\n<\/div>\n<p>A trav\u00e9s de l\u2019entitat de lleure\u00a0<a href=\"https:\/\/fundesplai.org\/\">FUNDESPLAI-MEV<\/a>\u00a0es gestiona el personal que fa el monitoratge. L\u2019elaboraci\u00f3 i el prove\u00efment dels men\u00fas va a c\u00e0rrec de l\u2019empresa\u00a0<a href=\"https:\/\/www.7itria.cat\/\">7 I TRIA<\/a>.<\/p>\n<p>Des de l\u2019any 2016 participem al projecte Recooperem, iniciativa social i mediambiental del Consell Comarcal i el Consorci per a la Gesti\u00f3 de Residus del Vall\u00e8s Occidental que posa eines per evitar el malbaratament alimentari.<\/p>\n<p>I som dins del\u00a0<a href=\"https:\/\/www.consellvallesoccidental.cat\/accio-social-educacio-i-formacio\/sostenibilitat-alimentaria\/recooperem-cuina-per-compartir\/\">Programa de revisi\u00f3 de men\u00fas escolars<\/a>\u00a0(PReME) de l\u2019Ag\u00e8ncia de Salut P\u00fablica de Catalunya per tal que un organisme extern valori la idone\u00eftat de l\u2019alimentaci\u00f3 que oferim des del Menjador escolar.<\/p>\n<div class=\"entry-content\">\n<header class=\"entry-header\"><strong style=\"font-size: 1.6875em;\">Tarifes del Servei<\/strong><\/header>\n<header><\/header>\n<p>Les tarifes del servei de menjador s\u00f3n les aprovades per l\u2019assemblea general i s\u00f3n els preus que estipula el Departament d\u2019Ensenyament. El preu compr\u00e8n, a m\u00e9s de l\u2019\u00e0pat, l\u2019atenci\u00f3 directe a l\u2019alumnat des de que acaben les classes al mat\u00ed fins que comencen les de la tarda.<\/p>\n<\/div>\n<p>Per m\u00e9s informaci\u00f3, podeu consultar <a href=\"https:\/\/afaescolajosepgras.cat\/menjador-i-acollida\/\">la p\u00e0gina web de l&#8217;AFA<\/a>.<\/p>\n<header class=\"entry-header\">\n<pre class=\"entry-title\"><\/pre>\n<\/header>\n<div class=\"entry-content\">\n<p>&nbsp;<\/p>\n<\/div>\n","protected":false},"excerpt":{"rendered":"<p>L\u2019AFA gestiona el servei de menjador de l\u2019Escola, tant pel que fa a la contractaci\u00f3 i la gesti\u00f3 del personal que fa el monitoratge, com per al prove\u00efment dels men\u00fas.<br \/>\nEl servei de menjador \u00e9s un dels serveis cabdals del nostre centre. \u00c9s un espai gestionat&hellip;  <a href=\"https:\/\/agora.xtec.cat\/ceipjosepgras\/serveis\/menjador-escolar\/\" title=\"Read Menjador escolar\">Llegeix m\u00e9s\u00bb<\/a><\/p>\n","protected":false},"author":1,"featured_media":0,"parent":66,"menu_order":10,"comment_status":"closed","ping_status":"closed","template":"page-templates\/side-menu.php","meta":{"_bbp_topic_count":0,"_bbp_reply_count":0,"_bbp_total_topic_count":0,"_bbp_total_reply_count":0,"_bbp_voice_count":0,"_bbp_anonymous_reply_count":0,"_bbp_topic_count_hidden":0,"_bbp_reply_count_hidden":0,"_bbp_forum_subforum_count":0,"footnotes":""},"class_list":["post-73","page","type-page","status-publish","hentry"],"post_mailing_queue_ids":[],"_links":{"self":[{"href":"https:\/\/agora.xtec.cat\/ceipjosepgras\/wp-json\/wp\/v2\/pages\/73","targetHints":{"allow":["GET"]}}],"collection":[{"href":"https:\/\/agora.xtec.cat\/ceipjosepgras\/wp-json\/wp\/v2\/pages"}],"about":[{"href":"https:\/\/agora.xtec.cat\/ceipjosepgras\/wp-json\/wp\/v2\/types\/page"}],"author":[{"embeddable":true,"href":"https:\/\/agora.xtec.cat\/ceipjosepgras\/wp-json\/wp\/v2\/users\/1"}],"replies":[{"embeddable":true,"href":"https:\/\/agora.xtec.cat\/ceipjosepgras\/wp-json\/wp\/v2\/comments?post=73"}],"version-history":[{"count":7,"href":"https:\/\/agora.xtec.cat\/ceipjosepgras\/wp-json\/wp\/v2\/pages\/73\/revisions"}],"predecessor-version":[{"id":6097,"href":"https:\/\/agora.xtec.cat\/ceipjosepgras\/wp-json\/wp\/v2\/pages\/73\/revisions\/6097"}],"up":[{"embeddable":true,"href":"https:\/\/agora.xtec.cat\/ceipjosepgras\/wp-json\/wp\/v2\/pages\/66"}],"wp:attachment":[{"href":"https:\/\/agora.xtec.cat\/ceipjosepgras\/wp-json\/wp\/v2\/media?parent=73"}],"curies":[{"name":"wp","href":"https:\/\/api.w.org\/{rel}","templated":true}]}}