{"id":6093,"date":"2025-03-25T13:51:56","date_gmt":"2025-03-25T12:51:56","guid":{"rendered":"https:\/\/agora.xtec.cat\/ceipjosepgras\/?page_id=6093"},"modified":"2026-02-11T12:10:47","modified_gmt":"2026-02-11T11:10:47","slug":"pressupost-escola","status":"publish","type":"page","link":"https:\/\/agora.xtec.cat\/ceipjosepgras\/lescola\/documents\/pressupost-escola\/","title":{"rendered":"PRESSUPOST ESCOLA"},"content":{"rendered":"<p>D&#8217;acord amb l&#8217;article 11.1 de la Llei 19\/2014, del 29 de desembre, de transpar\u00e8ncia, acc\u00e9s a la informaci\u00f3 p\u00fablica i bon govern, els centres han de fer p\u00fablic en el seu web o en un altre mitj\u00e0, el seu pressupost, amb la descripci\u00f3 de les partides pressupost\u00e0ries anuals i les dades de la seva execuci\u00f3 i de la seva liquidaci\u00f3, i el compliment dels objectius d&#8217;estabilitat pressupost\u00e0ria i sostenibilitat financera.<\/p>\n<p>\u00c9s per aix\u00f2 que aqu\u00ed detallem els pressupostos i les seves liquidacions.<\/p>\n<table style=\"border-collapse: collapse; width: 100%; height: 160px;\">\n<tbody>\n<tr style=\"height: 32px;\">\n<td style=\"width: 50%; height: 32px;\"><strong>Document<\/strong><\/td>\n<td style=\"width: 50%; height: 32px;\"><strong>Curs escolar<\/strong><\/td>\n<\/tr>\n<tr>\n<td style=\"width: 50%;\"><a href=\"https:\/\/drive.google.com\/file\/d\/13WunsGytC8MlxTt0XIunhtpcrIKs2tI7\/view?usp=sharing\">Pressupost del 2026<\/a><\/td>\n<td style=\"width: 50%;\">2025-2026<\/td>\n<\/tr>\n<tr>\n<td style=\"width: 50%;\">Liquidaci\u00f3 pressupost 2025 (properament)<\/td>\n<td style=\"width: 50%;\">2025-2026<\/td>\n<\/tr>\n<tr style=\"height: 32px;\">\n<td style=\"width: 50%; height: 32px;\"><a href=\"https:\/\/drive.google.com\/file\/d\/1i2AmKQL275zsWGJLHynvI1F-201L2XGd\/view?usp=sharing\">Pressupost del 2025<\/a><\/td>\n<td style=\"width: 50%; height: 32px;\">2024-2025<\/td>\n<\/tr>\n<tr style=\"height: 32px;\">\n<td style=\"width: 50%; height: 32px;\"><a href=\"https:\/\/drive.google.com\/file\/d\/1JvFtZdeT0UpIGJRT_wyQlufRedhNT5Aw\/view?usp=sharing\">Liquidaci\u00f3 pressupost 2024<\/a><\/td>\n<td style=\"width: 50%; height: 32px;\">2024-2025<\/td>\n<\/tr>\n<tr style=\"height: 32px;\">\n<td style=\"width: 50%; height: 32px;\"><a href=\"https:\/\/drive.google.com\/file\/d\/1NJm7OGgAniE1RWjRTW9343_IUGagiLKb\/view?usp=sharing\">Pressupost del 2024<\/a><\/td>\n<td style=\"width: 50%; height: 32px;\">2023-2024<\/td>\n<\/tr>\n<tr style=\"height: 32px;\">\n<td style=\"width: 50%; height: 32px;\"><a href=\"https:\/\/drive.google.com\/file\/d\/13yrewu1ytAz8k-RFqCwt433l75JPsuke\/view?usp=sharing\">Liquidaci\u00f3 pressupost 2023<\/a><\/td>\n<td style=\"width: 50%; height: 32px;\">2023-2024<\/td>\n<\/tr>\n<\/tbody>\n<\/table>\n","protected":false},"excerpt":{"rendered":"<p>D&#8217;acord amb l&#8217;article 11.1 de la Llei 19\/2014, del 29 de desembre, de transpar\u00e8ncia, acc\u00e9s a la informaci\u00f3 p\u00fablica i bon govern, els centres han de fer p\u00fablic en el seu web o en un altre mitj\u00e0, el seu pressupost, amb la descripci\u00f3 de les&hellip;  <a href=\"https:\/\/agora.xtec.cat\/ceipjosepgras\/lescola\/documents\/pressupost-escola\/\" title=\"Read PRESSUPOST ESCOLA\">Llegeix m\u00e9s\u00bb<\/a><\/p>\n","protected":false},"author":1,"featured_media":0,"parent":5452,"menu_order":8,"comment_status":"closed","ping_status":"closed","template":"page-templates\/side-menu.php","meta":{"_bbp_topic_count":0,"_bbp_reply_count":0,"_bbp_total_topic_count":0,"_bbp_total_reply_count":0,"_bbp_voice_count":0,"_bbp_anonymous_reply_count":0,"_bbp_topic_count_hidden":0,"_bbp_reply_count_hidden":0,"_bbp_forum_subforum_count":0,"footnotes":""},"class_list":["post-6093","page","type-page","status-publish","hentry"],"post_mailing_queue_ids":[],"_links":{"self":[{"href":"https:\/\/agora.xtec.cat\/ceipjosepgras\/wp-json\/wp\/v2\/pages\/6093","targetHints":{"allow":["GET"]}}],"collection":[{"href":"https:\/\/agora.xtec.cat\/ceipjosepgras\/wp-json\/wp\/v2\/pages"}],"about":[{"href":"https:\/\/agora.xtec.cat\/ceipjosepgras\/wp-json\/wp\/v2\/types\/page"}],"author":[{"embeddable":true,"href":"https:\/\/agora.xtec.cat\/ceipjosepgras\/wp-json\/wp\/v2\/users\/1"}],"replies":[{"embeddable":true,"href":"https:\/\/agora.xtec.cat\/ceipjosepgras\/wp-json\/wp\/v2\/comments?post=6093"}],"version-history":[{"count":2,"href":"https:\/\/agora.xtec.cat\/ceipjosepgras\/wp-json\/wp\/v2\/pages\/6093\/revisions"}],"predecessor-version":[{"id":6308,"href":"https:\/\/agora.xtec.cat\/ceipjosepgras\/wp-json\/wp\/v2\/pages\/6093\/revisions\/6308"}],"up":[{"embeddable":true,"href":"https:\/\/agora.xtec.cat\/ceipjosepgras\/wp-json\/wp\/v2\/pages\/5452"}],"wp:attachment":[{"href":"https:\/\/agora.xtec.cat\/ceipjosepgras\/wp-json\/wp\/v2\/media?parent=6093"}],"curies":[{"name":"wp","href":"https:\/\/api.w.org\/{rel}","templated":true}]}}