{"id":5654,"date":"2023-12-18T19:25:16","date_gmt":"2023-12-18T18:25:16","guid":{"rendered":"https:\/\/agora.xtec.cat\/ceipjosepgras\/?page_id=5654"},"modified":"2024-02-12T22:25:35","modified_gmt":"2024-02-12T21:25:35","slug":"projecte-de-coresponsabilitat-2023-27","status":"publish","type":"page","link":"https:\/\/agora.xtec.cat\/ceipjosepgras\/linia-educativa\/projecte-de-coresponsabilitat-2023-27\/","title":{"rendered":"PROJECTE DE CORESPONSABILITAT 2023-27"},"content":{"rendered":"<p>Aquest any, coincidint amb l&#8217;inici del projecte de direcci\u00f3 hem decidit signar una acord de coresponsabilitat amb el Departament d&#8217;Educaci\u00f3.<\/p>\n<p>La voluntat d&#8217;aquest acord \u00e9s treballar conjuntament per la millora dels resultats educatius i per una equitat social de tot l&#8217;alumnat del nostre centre. Alhora que ens ha de permetre implicar-nos amb el treball en xarxa amb altres centres de la zona, concretament aquest any comencem a formar part de la <a href=\"https:\/\/sites.google.com\/xtec.cat\/xarxa-xiep\/inici\">XIEP ( Xarxa d&#8217;Innovaci\u00f3 d&#8217;Escoles de Prim\u00e0ria)<\/a><\/p>\n<p>El passat 12 de desembre vam formalitzar l&#8217;acord, signant aquest cam\u00ed conjunt entre el Departament i l&#8217;escola. Estem molt contentes de formar-ne part, i seguir fent cr\u00e8ixer l&#8217;escola, reflexionant conjuntament i avan\u00e7ant en el cam\u00ed dels aprenentatges!<\/p>\n<p>&nbsp;<\/p>\n","protected":false},"excerpt":{"rendered":"<p>Aquest any, coincidint amb l&#8217;inici del projecte de direcci\u00f3 hem decidit signar una acord de coresponsabilitat amb el Departament d&#8217;Educaci\u00f3.<br \/>\nLa voluntat d&#8217;aquest acord \u00e9s treballar conjuntament per la millora dels resultats educatius i per una equitat social de tot l&#8217;alumnat del nostre centre. Alhora que&hellip;  <a href=\"https:\/\/agora.xtec.cat\/ceipjosepgras\/linia-educativa\/projecte-de-coresponsabilitat-2023-27\/\" title=\"Read PROJECTE DE CORESPONSABILITAT 2023-27\">Llegeix m\u00e9s\u00bb<\/a><\/p>\n","protected":false},"author":1,"featured_media":0,"parent":205,"menu_order":0,"comment_status":"closed","ping_status":"closed","template":"page-templates\/side-menu.php","meta":{"_bbp_topic_count":0,"_bbp_reply_count":0,"_bbp_total_topic_count":0,"_bbp_total_reply_count":0,"_bbp_voice_count":0,"_bbp_anonymous_reply_count":0,"_bbp_topic_count_hidden":0,"_bbp_reply_count_hidden":0,"_bbp_forum_subforum_count":0,"footnotes":""},"class_list":["post-5654","page","type-page","status-publish","hentry"],"post_mailing_queue_ids":[],"_links":{"self":[{"href":"https:\/\/agora.xtec.cat\/ceipjosepgras\/wp-json\/wp\/v2\/pages\/5654","targetHints":{"allow":["GET"]}}],"collection":[{"href":"https:\/\/agora.xtec.cat\/ceipjosepgras\/wp-json\/wp\/v2\/pages"}],"about":[{"href":"https:\/\/agora.xtec.cat\/ceipjosepgras\/wp-json\/wp\/v2\/types\/page"}],"author":[{"embeddable":true,"href":"https:\/\/agora.xtec.cat\/ceipjosepgras\/wp-json\/wp\/v2\/users\/1"}],"replies":[{"embeddable":true,"href":"https:\/\/agora.xtec.cat\/ceipjosepgras\/wp-json\/wp\/v2\/comments?post=5654"}],"version-history":[{"count":1,"href":"https:\/\/agora.xtec.cat\/ceipjosepgras\/wp-json\/wp\/v2\/pages\/5654\/revisions"}],"predecessor-version":[{"id":5655,"href":"https:\/\/agora.xtec.cat\/ceipjosepgras\/wp-json\/wp\/v2\/pages\/5654\/revisions\/5655"}],"up":[{"embeddable":true,"href":"https:\/\/agora.xtec.cat\/ceipjosepgras\/wp-json\/wp\/v2\/pages\/205"}],"wp:attachment":[{"href":"https:\/\/agora.xtec.cat\/ceipjosepgras\/wp-json\/wp\/v2\/media?parent=5654"}],"curies":[{"name":"wp","href":"https:\/\/api.w.org\/{rel}","templated":true}]}}