{"id":3727,"date":"2019-07-05T13:19:09","date_gmt":"2019-07-05T11:19:09","guid":{"rendered":"http:\/\/agora.xtec.cat\/ceipjosepgras\/?page_id=3727"},"modified":"2024-02-12T22:23:11","modified_gmt":"2024-02-12T21:23:11","slug":"projecte-de-direccio-2019-20123","status":"publish","type":"page","link":"https:\/\/agora.xtec.cat\/ceipjosepgras\/lescola\/documents\/projecte-de-direccio-2019-20123\/","title":{"rendered":"PROJECTE DE DIRECCI\u00d3 2023-27"},"content":{"rendered":"<p>Aquest any inicia un nou projecte de direcci\u00f3 que neix amb la il\u00b7lusi\u00f3 de seguir transformant el centre per esdevenir una palanca de transformaci\u00f3 real. Entre totes les persones implicades tra\u00e7arem un cam\u00ed conjunt perqu\u00e8 els infants puguin esdevenir cr\u00edtics, responsables i respectuosos. Som-hi!<\/p>\n<p style=\"margin: 12px auto 6px auto; font-family: Helvetica,Arial,Sans-serif; font-style: normal; font-variant: normal; font-weight: normal; font-size: 14px; line-height: normal; font-size-adjust: none; font-stretch: normal; -x-system-font: none; display: block;\">\n<p><iframe loading=\"lazy\" id=\"doc_49285\" class=\"scribd_iframe_embed\" title=\"Projecte de direcci\u00f3 - Iris Alonso Albertus 23-27\" src=\"https:\/\/www.scribd.com\/embeds\/684261881\/content?start_page=1&amp;view_mode=scroll&amp;access_key=key-IQqxKP1XPZcJbCJ7MyVm\" width=\"600\" height=\"800\" frameborder=\"0\" scrolling=\"no\" data-auto-height=\"false\" data-aspect-ratio=\"0.7080062794348508\"><\/iframe><\/p>\n","protected":false},"excerpt":{"rendered":"<p>Aquest any inicia un nou projecte de direcci\u00f3 que neix amb la il\u00b7lusi\u00f3 de seguir transformant el centre per esdevenir una palanca de transformaci\u00f3 real. Entre totes les persones implicades tra\u00e7arem un cam\u00ed conjunt perqu\u00e8 els infants puguin esdevenir cr\u00edtics, responsables i respectuosos. Som-hi!<\/p>\n","protected":false},"author":1,"featured_media":0,"parent":5452,"menu_order":9,"comment_status":"closed","ping_status":"closed","template":"page-templates\/side-menu.php","meta":{"_bbp_topic_count":0,"_bbp_reply_count":0,"_bbp_total_topic_count":0,"_bbp_total_reply_count":0,"_bbp_voice_count":0,"_bbp_anonymous_reply_count":0,"_bbp_topic_count_hidden":0,"_bbp_reply_count_hidden":0,"_bbp_forum_subforum_count":0,"footnotes":""},"class_list":["post-3727","page","type-page","status-publish","hentry"],"post_mailing_queue_ids":[],"_links":{"self":[{"href":"https:\/\/agora.xtec.cat\/ceipjosepgras\/wp-json\/wp\/v2\/pages\/3727","targetHints":{"allow":["GET"]}}],"collection":[{"href":"https:\/\/agora.xtec.cat\/ceipjosepgras\/wp-json\/wp\/v2\/pages"}],"about":[{"href":"https:\/\/agora.xtec.cat\/ceipjosepgras\/wp-json\/wp\/v2\/types\/page"}],"author":[{"embeddable":true,"href":"https:\/\/agora.xtec.cat\/ceipjosepgras\/wp-json\/wp\/v2\/users\/1"}],"replies":[{"embeddable":true,"href":"https:\/\/agora.xtec.cat\/ceipjosepgras\/wp-json\/wp\/v2\/comments?post=3727"}],"version-history":[{"count":4,"href":"https:\/\/agora.xtec.cat\/ceipjosepgras\/wp-json\/wp\/v2\/pages\/3727\/revisions"}],"predecessor-version":[{"id":5621,"href":"https:\/\/agora.xtec.cat\/ceipjosepgras\/wp-json\/wp\/v2\/pages\/3727\/revisions\/5621"}],"up":[{"embeddable":true,"href":"https:\/\/agora.xtec.cat\/ceipjosepgras\/wp-json\/wp\/v2\/pages\/5452"}],"wp:attachment":[{"href":"https:\/\/agora.xtec.cat\/ceipjosepgras\/wp-json\/wp\/v2\/media?parent=3727"}],"curies":[{"name":"wp","href":"https:\/\/api.w.org\/{rel}","templated":true}]}}