{"id":3689,"date":"2019-02-12T11:21:09","date_gmt":"2019-02-12T10:21:09","guid":{"rendered":"http:\/\/agora.xtec.cat\/ceipjosepgras\/?page_id=3689"},"modified":"2024-02-12T22:23:32","modified_gmt":"2024-02-12T21:23:32","slug":"plc-projecte-linguistic-de-centre-en-revisio","status":"publish","type":"page","link":"https:\/\/agora.xtec.cat\/ceipjosepgras\/lescola\/documents\/plc-projecte-linguistic-de-centre-en-revisio\/","title":{"rendered":"PLC: Projecte Ling\u00fc\u00edstic de Centre"},"content":{"rendered":"<p>Projecte Ling\u00fc\u00edstic de Centre, Escola Josep Gras (revisi\u00f3 2022)<\/p>\n<p><iframe loading=\"lazy\" id=\"doc_95339\" class=\"scribd_iframe_embed\" title=\"PLC Revisat 2022\" src=\"https:\/\/www.scribd.com\/embeds\/684262785\/content?start_page=1&amp;view_mode=scroll&amp;access_key=key-0OX4e10wFXJFav0JQTEf\" width=\"600\" height=\"800\" frameborder=\"0\" scrolling=\"no\" data-auto-height=\"false\" data-aspect-ratio=\"0.7080062794348508\"><\/iframe><\/p>\n","protected":false},"excerpt":{"rendered":"<p>Projecte Ling\u00fc\u00edstic de Centre, Escola Josep Gras (revisi\u00f3 2022)<\/p>\n","protected":false},"author":1,"featured_media":0,"parent":5452,"menu_order":11,"comment_status":"closed","ping_status":"closed","template":"page-templates\/side-menu.php","meta":{"_bbp_topic_count":0,"_bbp_reply_count":0,"_bbp_total_topic_count":0,"_bbp_total_reply_count":0,"_bbp_voice_count":0,"_bbp_anonymous_reply_count":0,"_bbp_topic_count_hidden":0,"_bbp_reply_count_hidden":0,"_bbp_forum_subforum_count":0,"footnotes":""},"class_list":["post-3689","page","type-page","status-publish","hentry"],"post_mailing_queue_ids":[],"_links":{"self":[{"href":"https:\/\/agora.xtec.cat\/ceipjosepgras\/wp-json\/wp\/v2\/pages\/3689","targetHints":{"allow":["GET"]}}],"collection":[{"href":"https:\/\/agora.xtec.cat\/ceipjosepgras\/wp-json\/wp\/v2\/pages"}],"about":[{"href":"https:\/\/agora.xtec.cat\/ceipjosepgras\/wp-json\/wp\/v2\/types\/page"}],"author":[{"embeddable":true,"href":"https:\/\/agora.xtec.cat\/ceipjosepgras\/wp-json\/wp\/v2\/users\/1"}],"replies":[{"embeddable":true,"href":"https:\/\/agora.xtec.cat\/ceipjosepgras\/wp-json\/wp\/v2\/comments?post=3689"}],"version-history":[{"count":4,"href":"https:\/\/agora.xtec.cat\/ceipjosepgras\/wp-json\/wp\/v2\/pages\/3689\/revisions"}],"predecessor-version":[{"id":5622,"href":"https:\/\/agora.xtec.cat\/ceipjosepgras\/wp-json\/wp\/v2\/pages\/3689\/revisions\/5622"}],"up":[{"embeddable":true,"href":"https:\/\/agora.xtec.cat\/ceipjosepgras\/wp-json\/wp\/v2\/pages\/5452"}],"wp:attachment":[{"href":"https:\/\/agora.xtec.cat\/ceipjosepgras\/wp-json\/wp\/v2\/media?parent=3689"}],"curies":[{"name":"wp","href":"https:\/\/api.w.org\/{rel}","templated":true}]}}