{"id":3685,"date":"2019-02-12T11:18:35","date_gmt":"2019-02-12T10:18:35","guid":{"rendered":"http:\/\/agora.xtec.cat\/ceipjosepgras\/?page_id=3685"},"modified":"2025-07-03T11:14:30","modified_gmt":"2025-07-03T09:14:30","slug":"pga-programacio-general-anual-2018-19","status":"publish","type":"page","link":"https:\/\/agora.xtec.cat\/ceipjosepgras\/lescola\/documents\/pga-programacio-general-anual-2018-19\/","title":{"rendered":"Programaci\u00f3 General Anual i Mem\u00f2ria Anual"},"content":{"rendered":"<p>A continuaci\u00f3 us presentem la PGA que recull la concreci\u00f3 dels objectius pel curs 24-25 (aprovada en Claustre i en Consell Escolar)<\/p>\n<div style=\"position: relative; width: 100%; height: 0; padding-top: 56.2500%; padding-bottom: 0; box-shadow: 0 2px 8px 0 rgba(63,69,81,0.16); margin-top: 1.6em; margin-bottom: 0.9em; overflow: hidden; border-radius: 8px; will-change: transform;\"><iframe style=\"position: absolute; width: 100%; height: 100%; top: 0; left: 0; border: none; padding: 0; margin: 0;\" src=\"https:\/\/www.canva.com\/design\/DAGTHFDgqEw\/_csjHbn8qoVvHEShkuuJ1Q\/view?embed\" allowfullscreen=\"allowfullscreen\"><br \/>\n<\/iframe><\/div>\n<p><a href=\"https:\/\/www.canva.com\/design\/DAGTHFDgqEw\/_csjHbn8qoVvHEShkuuJ1Q\/view?utm_content=DAGTHFDgqEw&amp;utm_campaign=designshare&amp;utm_medium=embeds&amp;utm_source=link\" target=\"_blank\" rel=\"noopener\">PGA 2425<\/a><\/p>\n<p>I a continuaci\u00f3, la mem\u00f2ria realitzada a partir dels objectius proposats durant el curs 24-25 (aprovada en Claustre i en Consell Escolar)<\/p>\n<div style=\"position: relative; width: 100%; height: 0; padding-top: 56.2500%; padding-bottom: 0; box-shadow: 0 2px 8px 0 rgba(63,69,81,0.16); margin-top: 1.6em; margin-bottom: 0.9em; overflow: hidden; border-radius: 8px; will-change: transform;\"><iframe style=\"position: absolute; width: 100%; height: 100%; top: 0; left: 0; border: none; padding: 0; margin: 0;\" src=\"https:\/\/www.canva.com\/design\/DAGsGXJubls\/6y1Yi8e2hug9d9YhX1_gfg\/view?embed\" allowfullscreen=\"allowfullscreen\"><br \/>\n<\/iframe><\/div>\n<p><a href=\"https:\/\/www.canva.com\/design\/DAGsGXJubls\/6y1Yi8e2hug9d9YhX1_gfg\/view?utm_content=DAGsGXJubls&amp;utm_campaign=designshare&amp;utm_medium=embeds&amp;utm_source=link\" target=\"_blank\" rel=\"noopener\">(web) Mem\u00f2ria JG 24-25<\/a><\/p>\n<p>&nbsp;<\/p>\n","protected":false},"excerpt":{"rendered":"<p>A continuaci\u00f3 us presentem la PGA que recull la concreci\u00f3 dels objectius pel curs 24-25 (aprovada en Claustre i en Consell Escolar)<\/p>\n<p><a href=\"https:\/\/www.canva.com\/design\/DAGTHFDgqEw\/_csjHbn8qoVvHEShkuuJ1Q\/view?utm_content=DAGTHFDgqEw&amp;utm_campaign=designshare&amp;utm_medium=embeds&amp;utm_source=link\" target=\"_blank\" rel=\"noopener\">PGA 2425<\/a><br \/>\nI a continuaci\u00f3, la mem\u00f2ria realitzada a partir dels objectius proposats durant el curs 24-25 (aprovada en Claustre i en&hellip;  <a href=\"https:\/\/agora.xtec.cat\/ceipjosepgras\/lescola\/documents\/pga-programacio-general-anual-2018-19\/\" title=\"Read Programaci\u00f3 General Anual i Mem\u00f2ria Anual\">Llegeix m\u00e9s\u00bb<\/a><\/p>\n","protected":false},"author":1,"featured_media":0,"parent":5452,"menu_order":10,"comment_status":"closed","ping_status":"closed","template":"page-templates\/side-menu.php","meta":{"_bbp_topic_count":0,"_bbp_reply_count":0,"_bbp_total_topic_count":0,"_bbp_total_reply_count":0,"_bbp_voice_count":0,"_bbp_anonymous_reply_count":0,"_bbp_topic_count_hidden":0,"_bbp_reply_count_hidden":0,"_bbp_forum_subforum_count":0,"footnotes":""},"class_list":["post-3685","page","type-page","status-publish","hentry"],"post_mailing_queue_ids":[],"_links":{"self":[{"href":"https:\/\/agora.xtec.cat\/ceipjosepgras\/wp-json\/wp\/v2\/pages\/3685","targetHints":{"allow":["GET"]}}],"collection":[{"href":"https:\/\/agora.xtec.cat\/ceipjosepgras\/wp-json\/wp\/v2\/pages"}],"about":[{"href":"https:\/\/agora.xtec.cat\/ceipjosepgras\/wp-json\/wp\/v2\/types\/page"}],"author":[{"embeddable":true,"href":"https:\/\/agora.xtec.cat\/ceipjosepgras\/wp-json\/wp\/v2\/users\/1"}],"replies":[{"embeddable":true,"href":"https:\/\/agora.xtec.cat\/ceipjosepgras\/wp-json\/wp\/v2\/comments?post=3685"}],"version-history":[{"count":6,"href":"https:\/\/agora.xtec.cat\/ceipjosepgras\/wp-json\/wp\/v2\/pages\/3685\/revisions"}],"predecessor-version":[{"id":6176,"href":"https:\/\/agora.xtec.cat\/ceipjosepgras\/wp-json\/wp\/v2\/pages\/3685\/revisions\/6176"}],"up":[{"embeddable":true,"href":"https:\/\/agora.xtec.cat\/ceipjosepgras\/wp-json\/wp\/v2\/pages\/5452"}],"wp:attachment":[{"href":"https:\/\/agora.xtec.cat\/ceipjosepgras\/wp-json\/wp\/v2\/media?parent=3685"}],"curies":[{"name":"wp","href":"https:\/\/api.w.org\/{rel}","templated":true}]}}