{"id":3677,"date":"2019-02-12T11:07:41","date_gmt":"2019-02-12T10:07:41","guid":{"rendered":"http:\/\/agora.xtec.cat\/ceipjosepgras\/?page_id=3677"},"modified":"2025-07-03T11:45:45","modified_gmt":"2025-07-03T09:45:45","slug":"carta-de-compromis","status":"publish","type":"page","link":"https:\/\/agora.xtec.cat\/ceipjosepgras\/lescola\/documents\/carta-de-compromis\/","title":{"rendered":"CARTA DE COMPROM\u00cdS"},"content":{"rendered":"<p><span style=\"font-weight: 400;\">Tots sabem la gran import\u00e0ncia que t\u00e9 la fam\u00edlia en el desenvolupament i l\u2019educaci\u00f3 dels fills\/es. Tamb\u00e9 som conscients que un cop comencen l\u2019escolaritzaci\u00f3 \u00e9s molt important una bona comunicaci\u00f3 entre la fam\u00edlia i l\u2019escola per a continuar aquesta educaci\u00f3 i formaci\u00f3. Per a obtenir els millors resultats educatius i formatius cal que hi hagi respecte mutu i confian\u00e7a entre la fam\u00edlia, principal educador, i l\u2019escola. \u00c9s per aix\u00f2 que la carta de comprom\u00eds enumera uns punts claus per la reflexi\u00f3 que corresponen a cada sector i que intervenen directament en el progr\u00e9s de l&#8217;alumnat.<\/span><\/p>\n<p><iframe loading=\"lazy\" class=\"scribd_iframe_embed\" tabindex=\"0\" title=\"Carta Comprom\u00eds 2526\" src=\"https:\/\/www.scribd.com\/embeds\/883808319\/content?start_page=1&amp;view_mode=scroll&amp;access_key=key-OG6uIYqwk05EjckJ2gpp\" width=\"100%\" height=\"600\" frameborder=\"0\" scrolling=\"no\" data-auto-height=\"true\" data-aspect-ratio=\"0.7080062794348508\"><\/iframe><\/p>\n<p style=\"margin: 12px auto 6px auto; font-family: Helvetica,Arial,Sans-serif; font-size: 14px; line-height: normal; display: block;\"><a style=\"color: #098642; text-decoration: underline;\" title=\"View Carta Comprom\u00eds 2526 on Scribd\" href=\"https:\/\/www.scribd.com\/document\/883808319\/Carta-Compromis-2526#from_embed\"> Carta Comprom\u00eds 2526\u00a0<\/a><\/p>\n","protected":false},"excerpt":{"rendered":"<p>Tots sabem la gran import\u00e0ncia que t\u00e9 la fam\u00edlia en el desenvolupament i l\u2019educaci\u00f3 dels fills\/es. Tamb\u00e9 som conscients que un cop comencen l\u2019escolaritzaci\u00f3 \u00e9s molt important una bona comunicaci\u00f3 entre la fam\u00edlia i l\u2019escola per a continuar aquesta educaci\u00f3 i formaci\u00f3. Per a obtenir&hellip;  <a href=\"https:\/\/agora.xtec.cat\/ceipjosepgras\/lescola\/documents\/carta-de-compromis\/\" title=\"Read CARTA DE COMPROM\u00cdS\">Llegeix m\u00e9s\u00bb<\/a><\/p>\n","protected":false},"author":1,"featured_media":0,"parent":5452,"menu_order":14,"comment_status":"closed","ping_status":"closed","template":"page-templates\/side-menu.php","meta":{"_bbp_topic_count":0,"_bbp_reply_count":0,"_bbp_total_topic_count":0,"_bbp_total_reply_count":0,"_bbp_voice_count":0,"_bbp_anonymous_reply_count":0,"_bbp_topic_count_hidden":0,"_bbp_reply_count_hidden":0,"_bbp_forum_subforum_count":0,"footnotes":""},"class_list":["post-3677","page","type-page","status-publish","hentry"],"post_mailing_queue_ids":[],"_links":{"self":[{"href":"https:\/\/agora.xtec.cat\/ceipjosepgras\/wp-json\/wp\/v2\/pages\/3677","targetHints":{"allow":["GET"]}}],"collection":[{"href":"https:\/\/agora.xtec.cat\/ceipjosepgras\/wp-json\/wp\/v2\/pages"}],"about":[{"href":"https:\/\/agora.xtec.cat\/ceipjosepgras\/wp-json\/wp\/v2\/types\/page"}],"author":[{"embeddable":true,"href":"https:\/\/agora.xtec.cat\/ceipjosepgras\/wp-json\/wp\/v2\/users\/1"}],"replies":[{"embeddable":true,"href":"https:\/\/agora.xtec.cat\/ceipjosepgras\/wp-json\/wp\/v2\/comments?post=3677"}],"version-history":[{"count":5,"href":"https:\/\/agora.xtec.cat\/ceipjosepgras\/wp-json\/wp\/v2\/pages\/3677\/revisions"}],"predecessor-version":[{"id":6179,"href":"https:\/\/agora.xtec.cat\/ceipjosepgras\/wp-json\/wp\/v2\/pages\/3677\/revisions\/6179"}],"up":[{"embeddable":true,"href":"https:\/\/agora.xtec.cat\/ceipjosepgras\/wp-json\/wp\/v2\/pages\/5452"}],"wp:attachment":[{"href":"https:\/\/agora.xtec.cat\/ceipjosepgras\/wp-json\/wp\/v2\/media?parent=3677"}],"curies":[{"name":"wp","href":"https:\/\/api.w.org\/{rel}","templated":true}]}}