{"id":32,"date":"2014-09-18T12:31:33","date_gmt":"2014-09-18T10:31:33","guid":{"rendered":"http:\/\/agora.xtec.cat\/ceipjosepgras\/?page_id=32"},"modified":"2025-07-16T12:07:48","modified_gmt":"2025-07-16T10:07:48","slug":"calendari-del-curs","status":"publish","type":"page","link":"https:\/\/agora.xtec.cat\/ceipjosepgras\/lescola\/calendari-del-curs\/","title":{"rendered":"Calendari del curs"},"content":{"rendered":"<p>L\u2019<b>horari lectiu<\/b> de l&#8217;escola \u00e9s de 9 a 12:30 h i de 15:00 a 16:30 h per a tots els infants del centre. L&#8217;horari de l&#8217;espai de migdia \u00e9s de 12:30 a 15h.<\/p>\n<p>Els dies de <strong>jornada intensiva<\/strong> es realitza horari compactat de 9 a 13h. Si opten per utilitzar el servei de menjador, l&#8217;horari de l&#8217;espai de migdia \u00e9s de 13 a 15:30h.<\/p>\n<p>Per als infants que inicien l\u2019escolaritzaci\u00f3 a 3 anys, s\u2019organitza un breu per\u00edode d\u2019adaptaci\u00f3 que suposa una certa modificaci\u00f3 dels horaris dels primers dies d&#8217;escola, i que es fa saber a les fam\u00edlies en les reunions pr\u00e8vies corresponents.\u00a0Aquest any el <strong>per\u00edode de familiaritzaci\u00f3<\/strong> aprovat pel Departament \u00e9s:<\/p>\n<ul>\n<li>dilluns 8, dimarts 9 i dimecres 11 de setembre de 9.30h a 12.30h.<\/li>\n<\/ul>\n<p>El <strong>calendari<\/strong> d&#8217;aquest curs 25-26 \u00e9s el seg\u00fcent:<\/p>\n<p><img loading=\"lazy\" decoding=\"async\" class=\"alignleft size-large wp-image-6187\" src=\"https:\/\/agora.xtec.cat\/ceipjosepgras\/wp-content\/uploads\/usu379\/2025\/07\/Calendari-anual-25-26-1-724x1024.png\" alt=\"\" width=\"724\" height=\"1024\" srcset=\"https:\/\/agora.xtec.cat\/ceipjosepgras\/wp-content\/uploads\/usu379\/2025\/07\/Calendari-anual-25-26-1-724x1024.png 724w, https:\/\/agora.xtec.cat\/ceipjosepgras\/wp-content\/uploads\/usu379\/2025\/07\/Calendari-anual-25-26-1-212x300.png 212w, https:\/\/agora.xtec.cat\/ceipjosepgras\/wp-content\/uploads\/usu379\/2025\/07\/Calendari-anual-25-26-1-768x1086.png 768w, https:\/\/agora.xtec.cat\/ceipjosepgras\/wp-content\/uploads\/usu379\/2025\/07\/Calendari-anual-25-26-1-1086x1536.png 1086w, https:\/\/agora.xtec.cat\/ceipjosepgras\/wp-content\/uploads\/usu379\/2025\/07\/Calendari-anual-25-26-1-1448x2048.png 1448w, https:\/\/agora.xtec.cat\/ceipjosepgras\/wp-content\/uploads\/usu379\/2025\/07\/Calendari-anual-25-26-1.png 1587w\" sizes=\"auto, (max-width: 724px) 100vw, 724px\" \/><\/p>\n<p>&nbsp;<\/p>\n","protected":false},"excerpt":{"rendered":"<p>L\u2019horari lectiu de l&#8217;escola \u00e9s de 9 a 12:30 h i de 15:00 a 16:30 h per a tots els infants del centre. L&#8217;horari de l&#8217;espai de migdia \u00e9s de 12:30 a 15h.<br \/>\nEls dies de jornada intensiva es realitza horari compactat de 9 a 13h.&hellip;  <a href=\"https:\/\/agora.xtec.cat\/ceipjosepgras\/lescola\/calendari-del-curs\/\" title=\"Read Calendari del curs\">Llegeix m\u00e9s\u00bb<\/a><\/p>\n","protected":false},"author":1,"featured_media":0,"parent":22,"menu_order":2,"comment_status":"closed","ping_status":"closed","template":"page-templates\/side-menu.php","meta":{"_bbp_topic_count":0,"_bbp_reply_count":0,"_bbp_total_topic_count":0,"_bbp_total_reply_count":0,"_bbp_voice_count":0,"_bbp_anonymous_reply_count":0,"_bbp_topic_count_hidden":0,"_bbp_reply_count_hidden":0,"_bbp_forum_subforum_count":0,"footnotes":""},"class_list":["post-32","page","type-page","status-publish","hentry"],"post_mailing_queue_ids":[],"_links":{"self":[{"href":"https:\/\/agora.xtec.cat\/ceipjosepgras\/wp-json\/wp\/v2\/pages\/32","targetHints":{"allow":["GET"]}}],"collection":[{"href":"https:\/\/agora.xtec.cat\/ceipjosepgras\/wp-json\/wp\/v2\/pages"}],"about":[{"href":"https:\/\/agora.xtec.cat\/ceipjosepgras\/wp-json\/wp\/v2\/types\/page"}],"author":[{"embeddable":true,"href":"https:\/\/agora.xtec.cat\/ceipjosepgras\/wp-json\/wp\/v2\/users\/1"}],"replies":[{"embeddable":true,"href":"https:\/\/agora.xtec.cat\/ceipjosepgras\/wp-json\/wp\/v2\/comments?post=32"}],"version-history":[{"count":7,"href":"https:\/\/agora.xtec.cat\/ceipjosepgras\/wp-json\/wp\/v2\/pages\/32\/revisions"}],"predecessor-version":[{"id":6188,"href":"https:\/\/agora.xtec.cat\/ceipjosepgras\/wp-json\/wp\/v2\/pages\/32\/revisions\/6188"}],"up":[{"embeddable":true,"href":"https:\/\/agora.xtec.cat\/ceipjosepgras\/wp-json\/wp\/v2\/pages\/22"}],"wp:attachment":[{"href":"https:\/\/agora.xtec.cat\/ceipjosepgras\/wp-json\/wp\/v2\/media?parent=32"}],"curies":[{"name":"wp","href":"https:\/\/api.w.org\/{rel}","templated":true}]}}