{"id":2946,"date":"2017-01-27T14:29:42","date_gmt":"2017-01-27T13:29:42","guid":{"rendered":"http:\/\/agora.xtec.cat\/ceipjosepgras\/?page_id=2946"},"modified":"2024-02-12T22:41:44","modified_gmt":"2024-02-12T21:41:44","slug":"protocol-en-cas-de-nevades","status":"publish","type":"page","link":"https:\/\/agora.xtec.cat\/ceipjosepgras\/linia-educativa\/protocol-en-cas-de-nevades\/","title":{"rendered":"Protocol en cas de nevades"},"content":{"rendered":"<p>Partim del sup\u00f2sit de dues possibles situacions:<\/p>\n<p><strong>1. EN CAS QUE LA NEVADA COMENCI ABANS D&#8217;INICIAR LES CLASSES<\/strong><\/p>\n<p>La direcci\u00f3 del centre i l\u2019Ajuntament decideixen conjuntament la conveni\u00e8ncia o no de tancar l\u2019escola.<\/p>\n<p>En cas de tancament de l\u2019escola les actuacions immediates foren:<\/p>\n<ul>\n<li>Notificar a les fam\u00edlies, a trav\u00e9s d\u2019un r\u00e8tol informatiu a la porta de l\u2019escola, la decisi\u00f3 del tancament de l\u2019escola. S\u2019avisar\u00e0 igualment al Consell de fam\u00edlies delegades a trav\u00e9s del whatsapp.<\/li>\n<li>Notificar al CECAT la situaci\u00f3.<\/li>\n<li>Notificar a la Inspecci\u00f3 territorial d\u2019Educaci\u00f3 de Catalunya Central.<\/li>\n<\/ul>\n<p><strong>2. EN CAS QUE LA NEVADA COMENCI JUST ABANS D&#8217;INICIAR LES CLASSES O B\u00c9 QUAL ELS INFANTS ESTAN DINS L&#8217;ESCOLA.<\/strong><\/p>\n<p>La direcci\u00f3 del centre i l\u2019Ajuntament decideixen conjuntament la possibilitat o no de tancar l\u2019escola. Els alumnes restaran a l\u2019escola fins que les fam\u00edlies els vinguin a buscar.<\/p>\n<p><strong>2.1. Suposant que la nevada fos al mat\u00ed<\/strong>, les actuacions immediates foren:<\/p>\n<ul>\n<li>Notificar a les<strong> fam\u00edlies<\/strong>, a trav\u00e9s d\u2019un r\u00e8tol informatiu a la porta de l\u2019escola, la decisi\u00f3 del tancament de l\u2019escola i anul\u00b7laci\u00f3 de les classes de la tarda i\/o els dies seg\u00fcents. S\u2019avisar\u00e0 igualment al Consell de fam\u00edlies delegades a trav\u00e9s del whatsapp.<\/li>\n<\/ul>\n<ul>\n<li><strong>Els alumnes<\/strong> restaran dins l\u2019escola fins que cada fam\u00edlia, respectant les possibilitats i ritmes, puguin venir a buscar-los. Es telefonar\u00e0 a les fam\u00edlies dels alumnes que es quedin al menjador per tal que els vinguin a buscar el m\u00e9s aviat possible.<\/li>\n<\/ul>\n<ul>\n<li>Els <strong>mestres<\/strong> que viuen fora de Sant Lloren\u00e7 Savall, decidiran conjuntament amb la direcci\u00f3 del centre, la conveni\u00e8ncia de marxar del centre una vegada ho creguin oport\u00fa. Els mestres que viuen dins el poble marxaran del centre quan de forma conjunta es decideixi.<\/li>\n<\/ul>\n<ul>\n<li>El <strong>conserge <\/strong>vetllar\u00e0 per mantenir l\u2019acc\u00e9s a l\u2019escola practicable. Tirar\u00e0 sal i retirar\u00e0 la neu de la rampa d\u2019entrada al centre per evitar possibles riscos de caigudes de les persones que transiten.<\/li>\n<\/ul>\n<ul>\n<li>L\u2019<strong>Ajuntament<\/strong> estar\u00e0, en tot moment,\u00a0 en contacte amb la direcci\u00f3 del centre i portar\u00e0 a terme les actuacions oportunes per tal de mantenir informada a les fam\u00edlies i persones implicades i interessades.<\/li>\n<\/ul>\n<p><strong>\u00a0<\/strong><\/p>\n<p><strong>2.2. Suposant que la nevada fos a la tarda<\/strong>, les actuacions immediates foren:<\/p>\n<ul>\n<li><strong>Els alumnes<\/strong> restaran dins l\u2019escola fins que cada fam\u00edlia, respectant les possibilitats i ritmes, puguin venir a buscar-los.<\/li>\n<\/ul>\n<ul>\n<li>Notificar a les<strong> fam\u00edlies<\/strong>, a trav\u00e9s d\u2019un r\u00e8tol informatiu a la porta de l\u2019escola, la possibilitats del tancament de l\u2019escola el dia seg\u00fcent depenent de la informaci\u00f3 meteorol\u00f2gica i les quantitat de neu acumulada durant la nit.<\/li>\n<\/ul>\n<p>&nbsp;<\/p>\n","protected":false},"excerpt":{"rendered":"<p>Partim del sup\u00f2sit de dues possibles situacions:<br \/>\n1. EN CAS QUE LA NEVADA COMENCI ABANS D&#8217;INICIAR LES CLASSES<br \/>\nLa direcci\u00f3 del centre i l\u2019Ajuntament decideixen conjuntament la conveni\u00e8ncia o no de tancar l\u2019escola.<br \/>\nEn cas de tancament de l\u2019escola les actuacions immediates foren:<\/p>\n<ul>\n<li>Notificar a les fam\u00edlies, a trav\u00e9s&hellip;  <a href=\"https:\/\/agora.xtec.cat\/ceipjosepgras\/linia-educativa\/protocol-en-cas-de-nevades\/\" title=\"Read Protocol en cas de nevades\">Llegeix m\u00e9s\u00bb<\/a><br \/>\n","protected":false},"author":1,"featured_media":0,"parent":205,"menu_order":13,"comment_status":"closed","ping_status":"closed","template":"page-templates\/side-menu.php","meta":{"_bbp_topic_count":0,"_bbp_reply_count":0,"_bbp_total_topic_count":0,"_bbp_total_reply_count":0,"_bbp_voice_count":0,"_bbp_anonymous_reply_count":0,"_bbp_topic_count_hidden":0,"_bbp_reply_count_hidden":0,"_bbp_forum_subforum_count":0,"footnotes":""},"class_list":["post-2946","page","type-page","status-publish","hentry"],"post_mailing_queue_ids":[],"_links":{"self":[{"href":"https:\/\/agora.xtec.cat\/ceipjosepgras\/wp-json\/wp\/v2\/pages\/2946","targetHints":{"allow":["GET"]}}],"collection":[{"href":"https:\/\/agora.xtec.cat\/ceipjosepgras\/wp-json\/wp\/v2\/pages"}],"about":[{"href":"https:\/\/agora.xtec.cat\/ceipjosepgras\/wp-json\/wp\/v2\/types\/page"}],"author":[{"embeddable":true,"href":"https:\/\/agora.xtec.cat\/ceipjosepgras\/wp-json\/wp\/v2\/users\/1"}],"replies":[{"embeddable":true,"href":"https:\/\/agora.xtec.cat\/ceipjosepgras\/wp-json\/wp\/v2\/comments?post=2946"}],"version-history":[{"count":3,"href":"https:\/\/agora.xtec.cat\/ceipjosepgras\/wp-json\/wp\/v2\/pages\/2946\/revisions"}],"predecessor-version":[{"id":2951,"href":"https:\/\/agora.xtec.cat\/ceipjosepgras\/wp-json\/wp\/v2\/pages\/2946\/revisions\/2951"}],"up":[{"embeddable":true,"href":"https:\/\/agora.xtec.cat\/ceipjosepgras\/wp-json\/wp\/v2\/pages\/205"}],"wp:attachment":[{"href":"https:\/\/agora.xtec.cat\/ceipjosepgras\/wp-json\/wp\/v2\/media?parent=2946"}],"curies":[{"name":"wp","href":"https:\/\/api.w.org\/{rel}","templated":true}]}}