{"id":28,"date":"2014-09-18T12:29:35","date_gmt":"2014-09-18T10:29:35","guid":{"rendered":"http:\/\/agora.xtec.cat\/ceipjosepgras\/?page_id=28"},"modified":"2024-02-12T22:20:10","modified_gmt":"2024-02-12T21:20:10","slug":"consell-escolar","status":"publish","type":"page","link":"https:\/\/agora.xtec.cat\/ceipjosepgras\/lescola\/consell-escolar\/","title":{"rendered":"Consell escolar"},"content":{"rendered":"<p>CONSULTA AQU\u00cd:<\/p>\n<p><a href=\"https:\/\/agora.xtec.cat\/ceipjosepgras\/?page_id=5706&amp;preview=true\"><img loading=\"lazy\" decoding=\"async\" class=\"alignleft wp-image-5707\" title=\"CONSULTA AQU\u00cd\" src=\"https:\/\/agora.xtec.cat\/ceipjosepgras\/wp-content\/uploads\/usu379\/2024\/01\/Actes-consell-escolar-logo.png\" alt=\"CONSULTA AQU\u00cd\" width=\"205\" height=\"205\" srcset=\"https:\/\/agora.xtec.cat\/ceipjosepgras\/wp-content\/uploads\/usu379\/2024\/01\/Actes-consell-escolar-logo.png 500w, https:\/\/agora.xtec.cat\/ceipjosepgras\/wp-content\/uploads\/usu379\/2024\/01\/Actes-consell-escolar-logo-300x300.png 300w, https:\/\/agora.xtec.cat\/ceipjosepgras\/wp-content\/uploads\/usu379\/2024\/01\/Actes-consell-escolar-logo-150x150.png 150w\" sizes=\"auto, (max-width: 205px) 100vw, 205px\" \/><\/a>El consell escolar \u00e9s l\u2019<strong>\u00f2rgan col\u00b7legiat de participaci\u00f3<\/strong>\u00a0de la comunitat escolar en el govern de l\u2019Escola. En el consell escolar hi ha representats tots els col\u00b7lectius que intervenen en la comunitat educativa: professorat, personal d\u2019administraci\u00f3 i de serveis, ajuntament i fam\u00edlies.<\/p>\n<p>La funci\u00f3 principal del consell escolar \u00e9s participar en la presa de decisions en relaci\u00f3 amb aquells temes importants per al funcionament i l\u2019organitzaci\u00f3 del centre: el projecte educatiu, la programaci\u00f3 general, la gesti\u00f3 econ\u00f2mica, etc.<\/p>\n<p>Els membres del consell escolar s\u00f3n elegits per un per\u00edode de 4 anys i es renoven per meitats cada 2 anys.<\/p>\n<h2><strong>Les funcions<\/strong><\/h2>\n<p>Corresponen al consell escolar les funcions seg\u00fcents:<\/p>\n<ol>\n<li>Participar en l\u2019aprovaci\u00f3 del projecte educatiu i les seves modificacions. El consell escolar ha de ser consultat per la directora de manera preceptiva per valorar la proposta del projecte educatiu i manifestar el seu suport amb una majoria de les tres cinquenes parts dels membres.<\/li>\n<li>Participar en l\u2019aprovaci\u00f3 de la programaci\u00f3 general anual, de les normes de funcionament i de la gesti\u00f3 econ\u00f2mica del centre. El consell escolar ha de ser consultat de manera preceptiva per valorar cada una de les propostes i manifestar el seu suport per majoria simple dels membres.<\/li>\n<li>Avaluar l\u2019aplicaci\u00f3 del projecte educatiu i de les seves modificacions aix\u00ed com de la resta de documents de gesti\u00f3 del centre.<\/li>\n<li>Aprovar les propostes d\u2019acords de coresponsabilitat, convenis i altres acords de col\u00b7laboraci\u00f3 del centre amb entitats i institucions.<\/li>\n<li>Intervenir en el procediment d\u2019admissi\u00f3 d\u2019alumnes.<\/li>\n<li>Participar en el procediment de selecci\u00f3 i en la proposta de cessament de la directora.<\/li>\n<li>Intervenir en la resoluci\u00f3 dels conflictes i, si escau, revisar les sancions als alumnes.<\/li>\n<li>Aprovar les directrius per a la programaci\u00f3 d\u2019activitats escolars complement\u00e0ries i d\u2019activitats extraescolars, i avaluar-ne el desenvolupament.<\/li>\n<li>Participar en les an\u00e0lisis i les avaluacions del funcionament general del centre i con\u00e8ixer l\u2019evoluci\u00f3 del rendiment escolar.<\/li>\n<li>Aprovar els criteris de col\u00b7laboraci\u00f3 amb altres centres i amb l\u2019entorn.<\/li>\n<li>Qualsevol altre que li sigui atribu\u00efda per les normes legals o reglament\u00e0ries.<\/li>\n<\/ol>\n<h2><strong>La composici\u00f3<\/strong><\/h2>\n<p>El consell escolar est\u00e0 integrat per les seg\u00fcents persones:<\/p>\n<ul>\n<li><strong>Directora: <\/strong>Iris Alonso\u00a0(que presideix el consell)<\/li>\n<li><strong>Cap d\u2019estudis: <\/strong>Cristina Rodr\u00edguez<\/li>\n<li><strong>Secretaria: <\/strong>Ana Bel\u00e9n Gallardo (amb veu i sense vot)<\/li>\n<li><strong>Representant de l\u2019Ajuntament: <\/strong>Sergi Jo<\/li>\n<li><strong>Representants del professorat: <\/strong>Marta Lle\u00f3, Montse Roca, Anna Ventura i Llu\u00efsa Pascuet<\/li>\n<li><strong>Representants del personat d<\/strong><strong>\u2019a<\/strong><strong>dministraci\u00f3 i serveis:\u00a0<\/strong>Elisenda Egea<\/li>\n<li><strong>Representants de les fam\u00edles: <\/strong>Brisa Ronda, Lisette Vall, Georgina Puig i Maite Montfort (representant de l\u2018AMPA)<\/li>\n<\/ul>\n<p>La secret\u00e0ria de l\u2019escola\u00a0no \u00e9s membre del consell escolar, per\u00f2\u00a0hi assisteix amb veu i sense vot i exerceix la secretaria del consell.<\/p>\n<h2><strong>El funcionament<\/strong><\/h2>\n<p>El consell escolar ha d\u2019aprovar les seves normes de funcionament. En all\u00f2 que no estigui previst s\u2019han d\u2019aplicar les normes reguladores dels \u00f2rgans col\u00b7legiats de l\u2019Administraci\u00f3 de la Generalitat.<\/p>\n<p>El consell escolar del centre es reuneix preceptivament una vegada al trimestre i sempre que el convoca el director o directora del centre o ho sol\u00b7licita al menys un ter\u00e7 de les seves persones membres. A m\u00e9s, s\u2019ha de fer una reuni\u00f3 a principi de curs i una altra a la seva finalitzaci\u00f3.<\/p>\n<p>El consell escolar actua normalment en ple. Es poden constituir comissions espec\u00edfiques d\u2019estudi i informaci\u00f3, a les quals, en tot cas, s\u2019hi ha d\u2019incorporar la direcci\u00f3 del centre, o en la seva representaci\u00f3, un altre \u00f2rgan unipersonal de direcci\u00f3, un docent, o una representant del sector fam\u00edlies. Els centres de titularitat p\u00fablica, a m\u00e9s, hi ha d\u2019haver preceptivament una <strong>comissi\u00f3 econ\u00f2mica<\/strong>\u00a0que supervisa la gesti\u00f3 econ\u00f2mica del centre. Tamb\u00e9 s&#8217;anomena la <strong>comissi\u00f3 permanent<\/strong> per a fer reunions extraordin\u00e0ries puntual i un <strong>referent de coeducaci\u00f3<\/strong> a fi de promoure accions preventives de viol\u00e8ncia de g\u00e8nere i de foment de la igualtat de g\u00e8nere.<\/p>\n<p><em>Darrera actualitzaci\u00f3:<\/em>\u00a0<em>2-12-23<\/em><\/p>\n<h3><strong>Per qu\u00e8 \u00e9s important que les fam\u00edlies participeu en el consell escolar?<\/strong><\/h3>\n<p>Els professionals dels centres i les fam\u00edlies compartim un objectiu:\u00a0l&#8217;\u00e8xit social i personal dels fills. Les decisions que es prenen al consell escolar s\u00f3n claus\u00a0per al funcionament i la millora del centre i, per tant, tamb\u00e9 per a l&#8217;\u00e8xit educatiu de tots els alumnes. \u00c9s per aquest motiu que la participaci\u00f3 i implicaci\u00f3 dels pares en les eleccions al consell escolar \u00e9s tan important.<\/p>\n<p>Quan les fam\u00edlies participeu en les eleccions, doneu suport al vostre candidat i delegueu en la seva veu i representaci\u00f3. Aix\u00ed feu arribar les seves opinions i aportacions. \u00c9s important que participeu en les eleccions al consell escolar perqu\u00e8:<\/p>\n<ul>\n<li>Sou els responsables de la formaci\u00f3 dels vostres fills i \u00e9s important tenir uns bons representants al consell escolar que us informin i facin arribar la vostra veu.<\/li>\n<li>Les fam\u00edlies i els docents compartim un mateix objectiu. Per aix\u00f2 hem de ser capa\u00e7os de decidir, entre tots, a qu\u00e8 ens comprometem per aconseguir-ho.<\/li>\n<li>Les fam\u00edlies teniu el dret de participar de manera democr\u00e0tica en l\u2019organitzaci\u00f3 del centre. Aquesta \u00e9s una manera de valorar l&#8217;escola i tamb\u00e9 contribu\u00efu que el vostre fill la valori.<\/li>\n<li>L&#8217;\u00e8xit educatiu del vostre fill tamb\u00e9 dep\u00e8n del funcionament i el clima de centre. Implicar-vos en el seguiment i l&#8217;avaluaci\u00f3 d&#8217;aquest funcionament incideix en el desenvolupament i creixement personal dels vostres fills.<\/li>\n<li>\u00c9s la manera de fer arribar la vostra veu en temes que us poden preocupar, com activitats extraescolars o quina \u00e9s l&#8217;alimentaci\u00f3 que han de rebre en el menjador escolar.<\/li>\n<li>\u00c9s important tenir una escola oberta a l&#8217;entorn, que col\u00b7labori amb els altres centres i les diferents entitats i que entre tots pugueu fer del vostre municipi, barri o poble un entorn m\u00e9s educatiu i cohesionat. El consell escolar decideix quines han de ser aquestes relacions.<\/li>\n<\/ul>\n<h3><strong>Qu\u00e8 vol dir ser representant de les fam\u00edlies al consell escolar?<\/strong><\/h3>\n<p>Les mares i pares representants al consell opinen, aproven, avaluen i elaboren propostes per a la millora del funcionament del centre educatiu.<\/p>\n<p>La seva participaci\u00f3 en el consell escolar vol dir, tamb\u00e9, fer una tasca de representaci\u00f3. Aix\u00f2 significa que, com a membres del consell, la seva participaci\u00f3 no \u00e9s a t\u00edtol individual sin\u00f3 en representaci\u00f3 de totes les fam\u00edlies, donant veu a les seves peticions, preocupacions i iniciatives.<\/p>\n<p>Per representar de manera efica\u00e7 totes les fam\u00edlies del centre, s&#8217;han de recollir les seves propostes i opinions i portar-les al consell escolar. D&#8217;altra banda, tamb\u00e9 cal que els representats informin de tots els assumptes que es tracten en el consell escolar.<\/p>\n<h3><strong>Orientacions per als representants de les fam\u00edlies en el consell escolar<\/strong><\/h3>\n<p><strong>Abans de les reunions<\/strong><\/p>\n<p>Si heu estat escollits com a representants de les fam\u00edlies al consell escolar, cal que prepareu pr\u00e8viament les reunions per fer una bona tasca representativa. Per aquest motiu:<\/p>\n<ul>\n<li>Compartiu amb la resta de les fam\u00edlies els temes que es tractaran en el proper consell escolar. En aquest sentit, podeu fer servir:<\/li>\n<li>els canals de comunicaci\u00f3 del centre (espai de les fam\u00edlies al web del centre, AMPA&#8230;),<\/li>\n<li>els mitjans tecnol\u00f2gics, en general, que obren noves possibilitats per difondre informaci\u00f3.<\/li>\n<li>Recolliu les opinions, aportacions i propostes de les fam\u00edlies. Podeu fer servir:<\/li>\n<li>els canals de comunicaci\u00f3 del centre,<\/li>\n<li>els mitjans tecnol\u00f2gics, en general, per exemple, disposar d&#8217;una adre\u00e7a electr\u00f2nica pr\u00f2pia per als representants de les fam\u00edlies,<\/li>\n<li>la b\u00fastia a l&#8217;entrada del centre i la de l&#8217;AMPA,<\/li>\n<li>tamb\u00e9 podeu passar enquestes o q\u00fcestionaris, en format paper o en l\u00ednia.<\/li>\n<li>Organitzeu les aportacions de les fam\u00edlies per poder-les traslladar al consell escolar d&#8217;una manera entenedora.<\/li>\n<li>Penseu en el context social del centre i adapteu aquestes propostes a la realitat.<\/li>\n<\/ul>\n<p><strong>Durant les reunions<\/strong><\/p>\n<p>Per aconseguir que les reunions siguin espais de reflexi\u00f3 i treball conjunt cal que:<\/p>\n<ul>\n<li>Assistiu a les reunions del consell escolar amb una actitud oberta i constructiva.<\/li>\n<li>Procureu, entre tots, que el clima de la reuni\u00f3 sigui dialogant i participatiu, on s&#8217;escoltin totes les opinions i s&#8217;arribin a acords amb el m\u00e0xim consens possible.<\/li>\n<li>Presenteu de manera clara i objectiva les propostes concretes i aportacions que les fam\u00edlies us hagin fet arribar.<\/li>\n<li>Prengueu nota dels acords que es prenguin en el consell escolar.<\/li>\n<\/ul>\n<p><strong>Despr\u00e9s de les reunions<\/strong><\/p>\n<p>Un cop finalitzada la reuni\u00f3 del consell escolar, cal que:<\/p>\n<ul>\n<li>Feu arribar la informaci\u00f3 dels temes tractats i acordats al consell escolar a la resta de les fam\u00edlies. Podeu fer servir:<\/li>\n<li>els canals f\u00edsics de comunicaci\u00f3 del centre, taulells informatius, circulars en paper, la b\u00fastia a l&#8217;entrada del centre i la de l&#8217;AMPA,<\/li>\n<li>els mitjans tecnol\u00f2gics, per exemple, l&#8217;espai per fam\u00edlies del web, llistes de difusi\u00f3, butlletins electr\u00f2nics o xarxes socials.<\/li>\n<\/ul>\n<h3><strong>Actes Consell Escolar<\/strong><\/h3>\n<p>Podeu consultar totes <a href=\"https:\/\/agora.xtec.cat\/ceipjosepgras\/?page_id=5706&amp;preview=true\">les actes del Consell Escolar aqu\u00ed<\/a>.<\/p>\n","protected":false},"excerpt":{"rendered":"<p>CONSULTA AQU\u00cd:<br \/>\n<a href=\"https:\/\/agora.xtec.cat\/ceipjosepgras\/?page_id=5706&amp;preview=true\"><\/a>El consell escolar \u00e9s l\u2019\u00f2rgan col\u00b7legiat de participaci\u00f3\u00a0de la comunitat escolar en el govern de l\u2019Escola. En el consell escolar hi ha representats tots els col\u00b7lectius que intervenen en la comunitat educativa: professorat, personal d\u2019administraci\u00f3 i de serveis, ajuntament i fam\u00edlies.<br \/>\nLa funci\u00f3 principal&hellip;  <a href=\"https:\/\/agora.xtec.cat\/ceipjosepgras\/lescola\/consell-escolar\/\" title=\"Read Consell escolar\">Llegeix m\u00e9s\u00bb<\/a><\/p>\n","protected":false},"author":1,"featured_media":0,"parent":22,"menu_order":4,"comment_status":"closed","ping_status":"closed","template":"page-templates\/side-menu.php","meta":{"_bbp_topic_count":0,"_bbp_reply_count":0,"_bbp_total_topic_count":0,"_bbp_total_reply_count":0,"_bbp_voice_count":0,"_bbp_anonymous_reply_count":0,"_bbp_topic_count_hidden":0,"_bbp_reply_count_hidden":0,"_bbp_forum_subforum_count":0,"footnotes":""},"class_list":["post-28","page","type-page","status-publish","hentry"],"post_mailing_queue_ids":[],"_links":{"self":[{"href":"https:\/\/agora.xtec.cat\/ceipjosepgras\/wp-json\/wp\/v2\/pages\/28","targetHints":{"allow":["GET"]}}],"collection":[{"href":"https:\/\/agora.xtec.cat\/ceipjosepgras\/wp-json\/wp\/v2\/pages"}],"about":[{"href":"https:\/\/agora.xtec.cat\/ceipjosepgras\/wp-json\/wp\/v2\/types\/page"}],"author":[{"embeddable":true,"href":"https:\/\/agora.xtec.cat\/ceipjosepgras\/wp-json\/wp\/v2\/users\/1"}],"replies":[{"embeddable":true,"href":"https:\/\/agora.xtec.cat\/ceipjosepgras\/wp-json\/wp\/v2\/comments?post=28"}],"version-history":[{"count":6,"href":"https:\/\/agora.xtec.cat\/ceipjosepgras\/wp-json\/wp\/v2\/pages\/28\/revisions"}],"predecessor-version":[{"id":5730,"href":"https:\/\/agora.xtec.cat\/ceipjosepgras\/wp-json\/wp\/v2\/pages\/28\/revisions\/5730"}],"up":[{"embeddable":true,"href":"https:\/\/agora.xtec.cat\/ceipjosepgras\/wp-json\/wp\/v2\/pages\/22"}],"wp:attachment":[{"href":"https:\/\/agora.xtec.cat\/ceipjosepgras\/wp-json\/wp\/v2\/media?parent=28"}],"curies":[{"name":"wp","href":"https:\/\/api.w.org\/{rel}","templated":true}]}}