{"id":2307,"date":"2016-04-06T23:05:30","date_gmt":"2016-04-06T21:05:30","guid":{"rendered":"http:\/\/agora.xtec.cat\/ceipjosepgras\/?page_id=2307"},"modified":"2024-02-12T22:20:54","modified_gmt":"2024-02-12T21:20:54","slug":"consell-de-families-delegades","status":"publish","type":"page","link":"https:\/\/agora.xtec.cat\/ceipjosepgras\/lescola\/consell-de-families-delegades\/","title":{"rendered":"Consell de fam\u00edlies"},"content":{"rendered":"<p>Des de l&#8217;any passat, el curs 22-23, es va introduir l&#8217;aplicaci\u00f3 Tellfy com a eina de comunicaci\u00f3 entre docents i fam\u00edlies, a part del correu electr\u00f2nic. Aix\u00f2 ens va fer reflexionar sobre el sentit de les fam\u00edlies delegades. Teniem molt clar que vol\u00edem que les fam\u00edlies fossin un elements important a l&#8217;escola i la seva participaci\u00f3 i veu fos escoltada.<\/p>\n<p>Aix\u00ed, cada dos mesos, s&#8217;organitza un espai on compartir tem\u00e0tiques i debats per anar reflexionant plegats sobre l&#8217;educaci\u00f3 dels infants. Es fa la convocat\u00f2ria amb la tem\u00e0tica que es vol tractar i s&#8217;obre a totes les fam\u00edlies. Les tem\u00e0tiques s\u00f3n transversals i interpel\u00b7len a qualsevol edat.<\/p>\n<p>L&#8217;objectiu \u00e9s potenciar la participaci\u00f3 de les fam\u00edlies a l&#8217;escola, aix\u00ed com compartir i construir idees i reflexions sobre diversitat de tem\u00e0tiques, per poder millorar l&#8217;educaci\u00f3 dels infants de l&#8217;escola. Amb din\u00e0miques, i debats a partir de documents diversos (v\u00eddeos, articles, &#8230;) ens plantegem preguntes que ens ajuden a entendre i acompanyar millor el proc\u00e9s d&#8217;aprenentatge dels infants, i ho fem conjuntament, amb les fam\u00edlies participants.<\/p>\n<p>La primera va ser molt engrescadora i motivadora, ens va servir per tra\u00e7ar la primera l\u00ednia d&#8217;aquest dibuix, que s&#8217;intueix potent i important\u00edssim!<\/p>\n<p>Gr\u00e0cies fam\u00edlies per sumar i aportar! Tenim un gran repte i plegats el cam\u00ed \u00e9s millor.<\/p>\n<p><img loading=\"lazy\" decoding=\"async\" class=\"alignleft size-large wp-image-5686\" src=\"https:\/\/agora.xtec.cat\/ceipjosepgras\/wp-content\/uploads\/usu379\/2024\/01\/flyer-catalogo-productos-elegante-minimal-beis-724x1024.png\" alt=\"\" width=\"724\" height=\"1024\" srcset=\"https:\/\/agora.xtec.cat\/ceipjosepgras\/wp-content\/uploads\/usu379\/2024\/01\/flyer-catalogo-productos-elegante-minimal-beis-724x1024.png 724w, https:\/\/agora.xtec.cat\/ceipjosepgras\/wp-content\/uploads\/usu379\/2024\/01\/flyer-catalogo-productos-elegante-minimal-beis-212x300.png 212w, https:\/\/agora.xtec.cat\/ceipjosepgras\/wp-content\/uploads\/usu379\/2024\/01\/flyer-catalogo-productos-elegante-minimal-beis-768x1086.png 768w, https:\/\/agora.xtec.cat\/ceipjosepgras\/wp-content\/uploads\/usu379\/2024\/01\/flyer-catalogo-productos-elegante-minimal-beis-1086x1536.png 1086w, https:\/\/agora.xtec.cat\/ceipjosepgras\/wp-content\/uploads\/usu379\/2024\/01\/flyer-catalogo-productos-elegante-minimal-beis.png 1414w\" sizes=\"auto, (max-width: 724px) 100vw, 724px\" \/><\/p>\n<p>&nbsp;<\/p>\n","protected":false},"excerpt":{"rendered":"<p>Des de l&#8217;any passat, el curs 22-23, es va introduir l&#8217;aplicaci\u00f3 Tellfy com a eina de comunicaci\u00f3 entre docents i fam\u00edlies, a part del correu electr\u00f2nic. Aix\u00f2 ens va fer reflexionar sobre el sentit de les fam\u00edlies delegades. Teniem molt clar que vol\u00edem que les&hellip;  <a href=\"https:\/\/agora.xtec.cat\/ceipjosepgras\/lescola\/consell-de-families-delegades\/\" title=\"Read Consell de fam\u00edlies\">Llegeix m\u00e9s\u00bb<\/a><\/p>\n","protected":false},"author":1,"featured_media":0,"parent":22,"menu_order":6,"comment_status":"closed","ping_status":"closed","template":"page-templates\/side-menu.php","meta":{"_bbp_topic_count":0,"_bbp_reply_count":0,"_bbp_total_topic_count":0,"_bbp_total_reply_count":0,"_bbp_voice_count":0,"_bbp_anonymous_reply_count":0,"_bbp_topic_count_hidden":0,"_bbp_reply_count_hidden":0,"_bbp_forum_subforum_count":0,"footnotes":""},"class_list":["post-2307","page","type-page","status-publish","hentry"],"post_mailing_queue_ids":[],"_links":{"self":[{"href":"https:\/\/agora.xtec.cat\/ceipjosepgras\/wp-json\/wp\/v2\/pages\/2307","targetHints":{"allow":["GET"]}}],"collection":[{"href":"https:\/\/agora.xtec.cat\/ceipjosepgras\/wp-json\/wp\/v2\/pages"}],"about":[{"href":"https:\/\/agora.xtec.cat\/ceipjosepgras\/wp-json\/wp\/v2\/types\/page"}],"author":[{"embeddable":true,"href":"https:\/\/agora.xtec.cat\/ceipjosepgras\/wp-json\/wp\/v2\/users\/1"}],"replies":[{"embeddable":true,"href":"https:\/\/agora.xtec.cat\/ceipjosepgras\/wp-json\/wp\/v2\/comments?post=2307"}],"version-history":[{"count":5,"href":"https:\/\/agora.xtec.cat\/ceipjosepgras\/wp-json\/wp\/v2\/pages\/2307\/revisions"}],"predecessor-version":[{"id":5687,"href":"https:\/\/agora.xtec.cat\/ceipjosepgras\/wp-json\/wp\/v2\/pages\/2307\/revisions\/5687"}],"up":[{"embeddable":true,"href":"https:\/\/agora.xtec.cat\/ceipjosepgras\/wp-json\/wp\/v2\/pages\/22"}],"wp:attachment":[{"href":"https:\/\/agora.xtec.cat\/ceipjosepgras\/wp-json\/wp\/v2\/media?parent=2307"}],"curies":[{"name":"wp","href":"https:\/\/api.w.org\/{rel}","templated":true}]}}