{"id":220,"date":"2015-12-02T10:50:55","date_gmt":"2015-12-02T09:50:55","guid":{"rendered":"http:\/\/agora.xtec.cat\/ceipjosepgras\/?page_id=220"},"modified":"2024-02-12T22:34:06","modified_gmt":"2024-02-12T21:34:06","slug":"escola-verda","status":"publish","type":"page","link":"https:\/\/agora.xtec.cat\/ceipjosepgras\/linia-educativa\/escola-verda\/","title":{"rendered":"Escola verda"},"content":{"rendered":"<p><a href=\"http:\/\/mediambient.gencat.cat\/ca\/05_ambits_dactuacio\/educacio_i_sostenibilitat\/educacio_per_a_la_sostenibilitat\/escoles_verdes\/\" target=\"_blank\" rel=\"noopener\"><img loading=\"lazy\" decoding=\"async\" class=\"alignleft wp-image-1791 size-medium\" src=\"http:\/\/agora.xtec.cat\/ceipjosepgras\/wp-content\/uploads\/usu379\/2015\/12\/escolaVerda1-300x163.jpeg\" alt=\"\" width=\"300\" height=\"163\" srcset=\"https:\/\/agora.xtec.cat\/ceipjosepgras\/wp-content\/uploads\/usu379\/2015\/12\/escolaVerda1-300x163.jpeg 300w, https:\/\/agora.xtec.cat\/ceipjosepgras\/wp-content\/uploads\/usu379\/2015\/12\/escolaVerda1-1024x555.jpeg 1024w, https:\/\/agora.xtec.cat\/ceipjosepgras\/wp-content\/uploads\/usu379\/2015\/12\/escolaVerda1.jpeg 1355w\" sizes=\"auto, (max-width: 300px) 100vw, 300px\" \/><\/a>El Programa Escoles Verdes neix l\u2019any 2000 com un comprom\u00eds per donar suport a tots els centres educatius de Catalunya que volen innovar, incloure, avan\u00e7ar, sistematitzar i organitzar accions educatives que tinguin la finalitat d&#8217;afrontar, des de l&#8217;educaci\u00f3, els nous reptes i valors de la sostenibilitat.<\/p>\n<p>La nostra escola hi \u00e9s adherida des de 2001, renovant peri\u00f2dicament el nostre comprom\u00eds.<\/p>\n<p>&nbsp;<\/p>\n<p><em>Darrera actualitzaci\u00f3:<\/em>\u00a002<em>-12-2015<\/em><\/p>\n","protected":false},"excerpt":{"rendered":"<p><a href=\"http:\/\/mediambient.gencat.cat\/ca\/05_ambits_dactuacio\/educacio_i_sostenibilitat\/educacio_per_a_la_sostenibilitat\/escoles_verdes\/\" target=\"_blank\" rel=\"noopener\"><\/a>El Programa Escoles Verdes neix l\u2019any 2000 com un comprom\u00eds per donar suport a tots els centres educatius de Catalunya que volen innovar, incloure, avan\u00e7ar, sistematitzar i organitzar accions educatives que tinguin la finalitat d&#8217;afrontar, des de l&#8217;educaci\u00f3, els nous reptes i&hellip;  <a href=\"https:\/\/agora.xtec.cat\/ceipjosepgras\/linia-educativa\/escola-verda\/\" title=\"Read Escola verda\">Llegeix m\u00e9s\u00bb<\/a><\/p>\n","protected":false},"author":1,"featured_media":0,"parent":205,"menu_order":3,"comment_status":"closed","ping_status":"closed","template":"page-templates\/side-menu.php","meta":{"_bbp_topic_count":0,"_bbp_reply_count":0,"_bbp_total_topic_count":0,"_bbp_total_reply_count":0,"_bbp_voice_count":0,"_bbp_anonymous_reply_count":0,"_bbp_topic_count_hidden":0,"_bbp_reply_count_hidden":0,"_bbp_forum_subforum_count":0,"footnotes":""},"class_list":["post-220","page","type-page","status-publish","hentry"],"post_mailing_queue_ids":[],"_links":{"self":[{"href":"https:\/\/agora.xtec.cat\/ceipjosepgras\/wp-json\/wp\/v2\/pages\/220","targetHints":{"allow":["GET"]}}],"collection":[{"href":"https:\/\/agora.xtec.cat\/ceipjosepgras\/wp-json\/wp\/v2\/pages"}],"about":[{"href":"https:\/\/agora.xtec.cat\/ceipjosepgras\/wp-json\/wp\/v2\/types\/page"}],"author":[{"embeddable":true,"href":"https:\/\/agora.xtec.cat\/ceipjosepgras\/wp-json\/wp\/v2\/users\/1"}],"replies":[{"embeddable":true,"href":"https:\/\/agora.xtec.cat\/ceipjosepgras\/wp-json\/wp\/v2\/comments?post=220"}],"version-history":[{"count":5,"href":"https:\/\/agora.xtec.cat\/ceipjosepgras\/wp-json\/wp\/v2\/pages\/220\/revisions"}],"predecessor-version":[{"id":5774,"href":"https:\/\/agora.xtec.cat\/ceipjosepgras\/wp-json\/wp\/v2\/pages\/220\/revisions\/5774"}],"up":[{"embeddable":true,"href":"https:\/\/agora.xtec.cat\/ceipjosepgras\/wp-json\/wp\/v2\/pages\/205"}],"wp:attachment":[{"href":"https:\/\/agora.xtec.cat\/ceipjosepgras\/wp-json\/wp\/v2\/media?parent=220"}],"curies":[{"name":"wp","href":"https:\/\/api.w.org\/{rel}","templated":true}]}}