{"id":218,"date":"2015-12-02T10:50:28","date_gmt":"2015-12-02T09:50:28","guid":{"rendered":"http:\/\/agora.xtec.cat\/ceipjosepgras\/?page_id=218"},"modified":"2024-02-12T22:33:55","modified_gmt":"2024-02-12T21:33:55","slug":"socialitzacio-de-material","status":"publish","type":"page","link":"https:\/\/agora.xtec.cat\/ceipjosepgras\/linia-educativa\/socialitzacio-de-material\/","title":{"rendered":"Socialitzaci\u00f3 de material"},"content":{"rendered":"<header class=\"entry-header\">\n<h1 class=\"entry-title\"><\/h1>\n<p><a href=\"http:\/\/agora.xtec.cat\/ceipjosepgras\/wp-content\/uploads\/usu379\/2015\/12\/MATERIAL-ESCOLAR.jpg\"><img loading=\"lazy\" decoding=\"async\" class=\"alignleft wp-image-1804 size-medium\" src=\"http:\/\/agora.xtec.cat\/ceipjosepgras\/wp-content\/uploads\/usu379\/2015\/12\/MATERIAL-ESCOLAR-300x210.jpg\" alt=\"School supplies and green apple isolated on white background.\" width=\"300\" height=\"210\" srcset=\"https:\/\/agora.xtec.cat\/ceipjosepgras\/wp-content\/uploads\/usu379\/2015\/12\/MATERIAL-ESCOLAR-300x210.jpg 300w, https:\/\/agora.xtec.cat\/ceipjosepgras\/wp-content\/uploads\/usu379\/2015\/12\/MATERIAL-ESCOLAR-1024x716.jpg 1024w, https:\/\/agora.xtec.cat\/ceipjosepgras\/wp-content\/uploads\/usu379\/2015\/12\/MATERIAL-ESCOLAR.jpg 1550w\" sizes=\"auto, (max-width: 300px) 100vw, 300px\" \/><\/a>A la nostra escola els llibres i material que utilitzen el nens i nenes \u00e9s d\u2019\u00fas com\u00fa. Pensem que aquesta opci\u00f3 afavoreix l\u2019h\u00e0bit del respecte, l\u2019aprofitament i la conservaci\u00f3 del que \u00e9s de tots i, a la vegada, els alumnes aprenen a compartir sense fer difer\u00e8ncies.\u00a0Aix\u00f2 vol dir que els infants no han de portar cap tipus de material de casa, tret d\u2019aquell que els\/les mestres puguin demanar de forma puntual.<\/p>\n<\/header>\n<div class=\"entry-content\">\n<p>A partir de les necessitats que planteja el desenvolupament del projecte educatiu del centre i quan no ho cobreix el Departament d\u2019Ensenyament, l\u2019AMPA s\u2019encarrega de comprar el material necessari: material fungible, llibres de consulta, llibres de lectura, material educatiu, etc.<\/p>\n<p>L\u2019AMPA s\u2019encarrega de la\u00a0revisio\u0301 dels llibres retornats pels alumnes. Tamb\u00e9 gestiona els ingressos en concepte de quota\u00a0a partir de la qual es cobreixen totes aquestes despeses. El preu d\u2019aquesta quota s\u2019aprova en Assemblea General i es paga entre juliol i agost.<\/p>\n<p><em>Darrera actualitzaci\u00f3:<\/em>\u00a002<em>-11-2015<\/em><\/p>\n<\/div>\n","protected":false},"excerpt":{"rendered":"<p><a href=\"http:\/\/agora.xtec.cat\/ceipjosepgras\/wp-content\/uploads\/usu379\/2015\/12\/MATERIAL-ESCOLAR.jpg\"><\/a>A la nostra escola els llibres i material que utilitzen el nens i nenes \u00e9s d\u2019\u00fas com\u00fa. Pensem que aquesta opci\u00f3 afavoreix l\u2019h\u00e0bit del respecte, l\u2019aprofitament i la conservaci\u00f3 del que \u00e9s de tots i, a la vegada, els alumnes aprenen a compartir sense&hellip;  <a href=\"https:\/\/agora.xtec.cat\/ceipjosepgras\/linia-educativa\/socialitzacio-de-material\/\" title=\"Read Socialitzaci\u00f3 de material\">Llegeix m\u00e9s\u00bb<\/a><\/p>\n","protected":false},"author":1,"featured_media":0,"parent":205,"menu_order":2,"comment_status":"closed","ping_status":"closed","template":"page-templates\/side-menu.php","meta":{"_bbp_topic_count":0,"_bbp_reply_count":0,"_bbp_total_topic_count":0,"_bbp_total_reply_count":0,"_bbp_voice_count":0,"_bbp_anonymous_reply_count":0,"_bbp_topic_count_hidden":0,"_bbp_reply_count_hidden":0,"_bbp_forum_subforum_count":0,"footnotes":""},"class_list":["post-218","page","type-page","status-publish","hentry"],"post_mailing_queue_ids":[],"_links":{"self":[{"href":"https:\/\/agora.xtec.cat\/ceipjosepgras\/wp-json\/wp\/v2\/pages\/218","targetHints":{"allow":["GET"]}}],"collection":[{"href":"https:\/\/agora.xtec.cat\/ceipjosepgras\/wp-json\/wp\/v2\/pages"}],"about":[{"href":"https:\/\/agora.xtec.cat\/ceipjosepgras\/wp-json\/wp\/v2\/types\/page"}],"author":[{"embeddable":true,"href":"https:\/\/agora.xtec.cat\/ceipjosepgras\/wp-json\/wp\/v2\/users\/1"}],"replies":[{"embeddable":true,"href":"https:\/\/agora.xtec.cat\/ceipjosepgras\/wp-json\/wp\/v2\/comments?post=218"}],"version-history":[{"count":3,"href":"https:\/\/agora.xtec.cat\/ceipjosepgras\/wp-json\/wp\/v2\/pages\/218\/revisions"}],"predecessor-version":[{"id":2568,"href":"https:\/\/agora.xtec.cat\/ceipjosepgras\/wp-json\/wp\/v2\/pages\/218\/revisions\/2568"}],"up":[{"embeddable":true,"href":"https:\/\/agora.xtec.cat\/ceipjosepgras\/wp-json\/wp\/v2\/pages\/205"}],"wp:attachment":[{"href":"https:\/\/agora.xtec.cat\/ceipjosepgras\/wp-json\/wp\/v2\/media?parent=218"}],"curies":[{"name":"wp","href":"https:\/\/api.w.org\/{rel}","templated":true}]}}