{"id":849,"date":"2017-07-29T18:12:00","date_gmt":"2017-07-29T16:12:00","guid":{"rendered":"http:\/\/agora.xtec.cat\/ceipjoncadella\/?page_id=849"},"modified":"2024-10-16T21:28:45","modified_gmt":"2024-10-16T19:28:45","slug":"la-nostra-escola","status":"publish","type":"page","link":"https:\/\/agora.xtec.cat\/ceipjoncadella\/lescola\/historia\/la-nostra-escola\/","title":{"rendered":"Un xic d&#8217;hist\u00f2ria"},"content":{"rendered":"<p style=\"text-align: justify;\">L\u2019origen de l\u2019escola data del 1965 al carrer del Sol. Una escola molt petita que de seguida esdev\u00e9 insuficient. L\u2019any 1969 s\u2019autoritza la construcci\u00f3 de quatre noves classes en el mateix lloc. Molt r\u00e0pidament es duplica el nombre d\u2019habitants i es fa necess\u00e0ria la creaci\u00f3 de m\u00e9s places escolars.<\/p>\n<p style=\"text-align: justify;\">L\u2019abril de 1972 s\u2019aprova l\u2019edificaci\u00f3 d\u2019un nou grup escolar, de vuit aules, al carrer Escoles. En el nou edifici s&#8217;hi van comen\u00e7ar a impartir les classes al setembre de 1974 \u00a0i va ser inaugurat oficialment a final de curs, el 23 de juny de 1975. Ben aviat torna a quedar petit i el 1978 s\u2019hi fa una ampliaci\u00f3 amb un edifici de 6 aules m\u00e9s, conegut com &#8220;L&#8217;Aulari&#8221;.<\/p>\n<p style=\"text-align: justify;\">Durant uns anys es d\u00f3na la paradoxa que la mateixa escola t\u00e9 dos noms diferents: Joncadella, la part antiga al carrer del Sol i Mare de D\u00e9u del Carme, la part nova al carrer Escoles. El curs 1991-1992 s\u2019unifica el nom del dos edificis i passa a dir-se oficialment Joncadella, nom primigeni arrelat al municipi i a la comarca.<\/p>\n<p style=\"text-align: justify;\">Durant molts anys han estat dos edificis: l\u2019Educaci\u00f3 Prim\u00e0ria al carrer \u00a0Escoles i \u00a0l\u2019Educaci\u00f3 Infantil al carrer del Sol.<\/p>\n<p style=\"text-align: justify;\">L&#8217;any 2000 es va celebrar el 25\u00e8 aniversari de l&#8217;escola Joncadella.<\/p>\n<p style=\"text-align: justify;\">El setembre del 2010 s\u2019estrena l\u2019actual edifici: un \u00fanic espai per tota la comunitat educativa.<\/p>\n<p>Han passat ja uns quants anys des de que es va iniciar el recorregut d&#8217;aquesta escola. L&#8217;any 2025 l&#8217;escola\u00a0 celebra el seu 50\u00e8 aniversari. Felicitats!<\/p>\n<p><a href=\"https:\/\/photos.app.goo.gl\/R2DNr9vUwuR1Sh926\"><img loading=\"lazy\" decoding=\"async\" class=\"wp-image-11736 aligncenter\" src=\"https:\/\/agora.xtec.cat\/ceipjoncadella\/wp-content\/uploads\/usu1525\/2020\/02\/IMG_20200225_180357.jpg\" alt=\"\" width=\"392\" height=\"139\" srcset=\"https:\/\/agora.xtec.cat\/ceipjoncadella\/wp-content\/uploads\/usu1525\/2020\/02\/IMG_20200225_180357.jpg 684w, https:\/\/agora.xtec.cat\/ceipjoncadella\/wp-content\/uploads\/usu1525\/2020\/02\/IMG_20200225_180357-300x107.jpg 300w\" sizes=\"auto, (max-width: 392px) 100vw, 392px\" \/><\/a><\/p>\n<p>&nbsp;<\/p>\n<p>&nbsp;<\/p>\n<p>&nbsp;<\/p>\n","protected":false},"excerpt":{"rendered":"<p>L\u2019origen de l\u2019escola data del 1965 al carrer del Sol. Una escola molt petita que de seguida esdev\u00e9 insuficient. L\u2019any 1969 s\u2019autoritza la construcci\u00f3 de quatre noves classes en el mateix lloc. Molt r\u00e0pidament es duplica el nombre d\u2019habitants i es fa necess\u00e0ria la creaci\u00f3 de m\u00e9s places escolars. L\u2019abril de 1972 s\u2019aprova l\u2019edificaci\u00f3 d\u2019un [&hellip;]<\/p>\n","protected":false},"author":1,"featured_media":0,"parent":26,"menu_order":0,"comment_status":"closed","ping_status":"closed","template":"page-templates\/side-menu.php","meta":{"_bbp_topic_count":0,"_bbp_reply_count":0,"_bbp_total_topic_count":0,"_bbp_total_reply_count":0,"_bbp_voice_count":0,"_bbp_anonymous_reply_count":0,"_bbp_topic_count_hidden":0,"_bbp_reply_count_hidden":0,"_bbp_forum_subforum_count":0,"site-sidebar-layout":"default","site-content-layout":"","ast-site-content-layout":"","site-content-style":"default","site-sidebar-style":"default","ast-global-header-display":"","ast-banner-title-visibility":"","ast-main-header-display":"","ast-hfb-above-header-display":"","ast-hfb-below-header-display":"","ast-hfb-mobile-header-display":"","site-post-title":"","ast-breadcrumbs-content":"","ast-featured-img":"","footer-sml-layout":"","theme-transparent-header-meta":"","adv-header-id-meta":"","stick-header-meta":"","header-above-stick-meta":"","header-main-stick-meta":"","header-below-stick-meta":"","astra-migrate-meta-layouts":"default","ast-page-background-enabled":"default","ast-page-background-meta":{"desktop":{"background-color":"var(--ast-global-color-4)","background-image":"","background-repeat":"repeat","background-position":"center center","background-size":"auto","background-attachment":"scroll","background-type":"","background-media":"","overlay-type":"","overlay-color":"","overlay-opacity":"","overlay-gradient":""},"tablet":{"background-color":"","background-image":"","background-repeat":"repeat","background-position":"center center","background-size":"auto","background-attachment":"scroll","background-type":"","background-media":"","overlay-type":"","overlay-color":"","overlay-opacity":"","overlay-gradient":""},"mobile":{"background-color":"","background-image":"","background-repeat":"repeat","background-position":"center center","background-size":"auto","background-attachment":"scroll","background-type":"","background-media":"","overlay-type":"","overlay-color":"","overlay-opacity":"","overlay-gradient":""}},"ast-content-background-meta":{"desktop":{"background-color":"var(--ast-global-color-5)","background-image":"","background-repeat":"repeat","background-position":"center center","background-size":"auto","background-attachment":"scroll","background-type":"","background-media":"","overlay-type":"","overlay-color":"","overlay-opacity":"","overlay-gradient":""},"tablet":{"background-color":"var(--ast-global-color-5)","background-image":"","background-repeat":"repeat","background-position":"center center","background-size":"auto","background-attachment":"scroll","background-type":"","background-media":"","overlay-type":"","overlay-color":"","overlay-opacity":"","overlay-gradient":""},"mobile":{"background-color":"var(--ast-global-color-5)","background-image":"","background-repeat":"repeat","background-position":"center center","background-size":"auto","background-attachment":"scroll","background-type":"","background-media":"","overlay-type":"","overlay-color":"","overlay-opacity":"","overlay-gradient":""}},"footnotes":""},"class_list":["post-849","page","type-page","status-publish","hentry"],"post_mailing_queue_ids":[],"_links":{"self":[{"href":"https:\/\/agora.xtec.cat\/ceipjoncadella\/wp-json\/wp\/v2\/pages\/849","targetHints":{"allow":["GET"]}}],"collection":[{"href":"https:\/\/agora.xtec.cat\/ceipjoncadella\/wp-json\/wp\/v2\/pages"}],"about":[{"href":"https:\/\/agora.xtec.cat\/ceipjoncadella\/wp-json\/wp\/v2\/types\/page"}],"author":[{"embeddable":true,"href":"https:\/\/agora.xtec.cat\/ceipjoncadella\/wp-json\/wp\/v2\/users\/1"}],"replies":[{"embeddable":true,"href":"https:\/\/agora.xtec.cat\/ceipjoncadella\/wp-json\/wp\/v2\/comments?post=849"}],"version-history":[{"count":5,"href":"https:\/\/agora.xtec.cat\/ceipjoncadella\/wp-json\/wp\/v2\/pages\/849\/revisions"}],"predecessor-version":[{"id":16859,"href":"https:\/\/agora.xtec.cat\/ceipjoncadella\/wp-json\/wp\/v2\/pages\/849\/revisions\/16859"}],"up":[{"embeddable":true,"href":"https:\/\/agora.xtec.cat\/ceipjoncadella\/wp-json\/wp\/v2\/pages\/26"}],"wp:attachment":[{"href":"https:\/\/agora.xtec.cat\/ceipjoncadella\/wp-json\/wp\/v2\/media?parent=849"}],"curies":[{"name":"wp","href":"https:\/\/api.w.org\/{rel}","templated":true}]}}