{"id":842,"date":"2017-07-29T17:11:53","date_gmt":"2017-07-29T15:11:53","guid":{"rendered":"http:\/\/agora.xtec.cat\/ceipjoncadella\/?page_id=842"},"modified":"2025-11-15T10:49:32","modified_gmt":"2025-11-15T09:49:32","slug":"festes","status":"publish","type":"page","link":"https:\/\/agora.xtec.cat\/ceipjoncadella\/festes\/","title":{"rendered":"FESTES"},"content":{"rendered":"<h6 style=\"background-color: #ffffff; text-align: center;\"><strong> <a href=\"http:\/\/agora.xtec.cat\/ceipjoncadella\/categoria\/castanyada\/\"><strong>La castanyada<\/strong><\/a><\/strong> | <a href=\"http:\/\/agora.xtec.cat\/ceipjoncadella\/categoria\/dia-de-la-musica\/\"><strong>Dia de la m\u00fasica<\/strong><\/a> | <a href=\"http:\/\/agora.xtec.cat\/ceipjoncadella\/categoria\/nadal\/\"><strong>Nadal<\/strong><\/a> | <a href=\"http:\/\/agora.xtec.cat\/ceipjoncadella\/categoria\/carnestoltes\/\"><strong>Carnestoltes<\/strong><\/a> | <a href=\"http:\/\/agora.xtec.cat\/ceipjoncadella\/categoria\/caramelles\/\"><strong>Caramelles<\/strong><\/a> |<a href=\"http:\/\/agora.xtec.cat\/ceipjoncadella\/categoria\/sant-jordi\/\"><strong>Sant Jordi<\/strong><\/a>| <a href=\"http:\/\/agora.xtec.cat\/ceipjoncadella\/categoria\/cloenda-programa-si\/\"><strong>Cloenda Programa SI!<\/strong><\/a> | <a href=\"http:\/\/agora.xtec.cat\/ceipjoncadella\/categoria\/festa-de-lescola\/\"><strong>Festa de l&#8217;escola<\/strong><\/a><\/h6>\n<p><a href=\"https:\/\/agora.xtec.cat\/ceipjoncadella\/wp-content\/uploads\/usu1525\/2019\/02\/festotes1.gif\"><img loading=\"lazy\" decoding=\"async\" class=\"wp-image-10228 aligncenter\" src=\"https:\/\/agora.xtec.cat\/ceipjoncadella\/wp-content\/uploads\/usu1525\/2019\/02\/festotes1.gif\" alt=\"\" width=\"180\" height=\"213\" \/><\/a><\/p>\n<div align=\"left\">\n<p><span style=\"font-family: Verdana, Arial, Helvetica, sans-serif; font-size: medium;\">S\u00f3c el\u00a0<strong>FESTOTES<\/strong>\u00a0i vinc del Pa\u00eds de les Festes. En aquest pa\u00eds tan lluny\u00e0, fet de somnis i colors, tots treballem per poder portar als infants espurnes de felicitat, alegria, il\u00b7lusi\u00f3 i sobretot molta gresca.<br \/>\nLa meva feina \u00e9s anunciar als\/ a les menuts\/des de l&#8217;escola la festa que s&#8217;est\u00e0 apropant i les activitats que es portaran a terme.\u00a0<\/span>Ells\/es ja saben que\u2026<\/p>\n<p><b style=\"font-family: Verdana, Arial, Helvetica, sans-serif; font-size: large; color: #6f6f6f;\"><i><span style=\"color: #000000;\">Quan el timbal senten tocar\u00a0<\/span><\/i><\/b><b style=\"font-family: Verdana, Arial, Helvetica, sans-serif; font-size: large; color: #6f6f6f;\"><i><span style=\"color: #000000;\">\u00e9s que la Festotes arribar\u00e0\u00a0<\/span><\/i><\/b><b style=\"font-family: Verdana, Arial, Helvetica, sans-serif; font-size: large; color: #6f6f6f;\"><i><span style=\"color: #000000;\">i una festa els anunciar\u00e0.<\/span><\/i><\/b><\/p>\n<\/div>\n<blockquote>\n<div align=\"left\">\n<p align=\"center\"><span class=\"verd\" style=\"color: #00cc00; font-family: Verdana, Arial, Helvetica, sans-serif; font-size: large;\"><strong>LLETRA DE LA CAN\u00c7\u00d3 EN EL PA\u00cdS DE LES FESTES<\/strong><\/span><\/p>\n<p class=\"verdf\" align=\"center\"><span style=\"font-size: large;\"><b>En el pa\u00eds de les festes<\/b><\/span><br \/>\n<span style=\"font-size: large;\"><b>on tot \u00e9s molt bonic.<\/b><\/span><br \/>\n<span style=\"font-size: large;\"><b>Preparem molt la gresca<br \/>\nperqu\u00e8 tothom sigui feli\u00e7.<br \/>\nOlar\u00e0 liria<br \/>\n<\/b><\/span><span style=\"font-size: large;\"><b>olar\u00e0 liro.<\/b><\/span><br \/>\n<span style=\"font-size: large;\"><b>Olar\u00e0 liria<\/b><\/span><br \/>\n<span style=\"font-size: large;\"><b>olar\u00e0 liro.<\/b><\/span><\/p>\n<\/div>\n<\/blockquote>\n","protected":false},"excerpt":{"rendered":"<p>La castanyada | Dia de la m\u00fasica | Nadal | Carnestoltes | Caramelles |Sant Jordi| Cloenda Programa SI! | Festa de l&#8217;escola S\u00f3c el\u00a0FESTOTES\u00a0i vinc del Pa\u00eds de les Festes. En aquest pa\u00eds tan lluny\u00e0, fet de somnis i colors, tots treballem per poder portar als infants espurnes de felicitat, alegria, il\u00b7lusi\u00f3 i sobretot molta [&hellip;]<\/p>\n","protected":false},"author":1,"featured_media":0,"parent":0,"menu_order":0,"comment_status":"closed","ping_status":"closed","template":"","meta":{"_bbp_topic_count":0,"_bbp_reply_count":0,"_bbp_total_topic_count":0,"_bbp_total_reply_count":0,"_bbp_voice_count":0,"_bbp_anonymous_reply_count":0,"_bbp_topic_count_hidden":0,"_bbp_reply_count_hidden":0,"_bbp_forum_subforum_count":0,"site-sidebar-layout":"default","site-content-layout":"","ast-site-content-layout":"default","site-content-style":"default","site-sidebar-style":"default","ast-global-header-display":"","ast-banner-title-visibility":"","ast-main-header-display":"","ast-hfb-above-header-display":"","ast-hfb-below-header-display":"","ast-hfb-mobile-header-display":"","site-post-title":"","ast-breadcrumbs-content":"","ast-featured-img":"","footer-sml-layout":"","theme-transparent-header-meta":"default","adv-header-id-meta":"","stick-header-meta":"","header-above-stick-meta":"","header-main-stick-meta":"","header-below-stick-meta":"","astra-migrate-meta-layouts":"set","ast-page-background-enabled":"default","ast-page-background-meta":{"desktop":{"background-color":"var(--ast-global-color-4)","background-image":"","background-repeat":"repeat","background-position":"center center","background-size":"auto","background-attachment":"scroll","background-type":"","background-media":"","overlay-type":"","overlay-color":"","overlay-opacity":"","overlay-gradient":""},"tablet":{"background-color":"","background-image":"","background-repeat":"repeat","background-position":"center center","background-size":"auto","background-attachment":"scroll","background-type":"","background-media":"","overlay-type":"","overlay-color":"","overlay-opacity":"","overlay-gradient":""},"mobile":{"background-color":"","background-image":"","background-repeat":"repeat","background-position":"center center","background-size":"auto","background-attachment":"scroll","background-type":"","background-media":"","overlay-type":"","overlay-color":"","overlay-opacity":"","overlay-gradient":""}},"ast-content-background-meta":{"desktop":{"background-color":"var(--ast-global-color-5)","background-image":"","background-repeat":"repeat","background-position":"center center","background-size":"auto","background-attachment":"scroll","background-type":"","background-media":"","overlay-type":"","overlay-color":"","overlay-opacity":"","overlay-gradient":""},"tablet":{"background-color":"var(--ast-global-color-5)","background-image":"","background-repeat":"repeat","background-position":"center center","background-size":"auto","background-attachment":"scroll","background-type":"","background-media":"","overlay-type":"","overlay-color":"","overlay-opacity":"","overlay-gradient":""},"mobile":{"background-color":"var(--ast-global-color-5)","background-image":"","background-repeat":"repeat","background-position":"center center","background-size":"auto","background-attachment":"scroll","background-type":"","background-media":"","overlay-type":"","overlay-color":"","overlay-opacity":"","overlay-gradient":""}},"footnotes":""},"class_list":["post-842","page","type-page","status-publish","hentry"],"post_mailing_queue_ids":[],"_links":{"self":[{"href":"https:\/\/agora.xtec.cat\/ceipjoncadella\/wp-json\/wp\/v2\/pages\/842","targetHints":{"allow":["GET"]}}],"collection":[{"href":"https:\/\/agora.xtec.cat\/ceipjoncadella\/wp-json\/wp\/v2\/pages"}],"about":[{"href":"https:\/\/agora.xtec.cat\/ceipjoncadella\/wp-json\/wp\/v2\/types\/page"}],"author":[{"embeddable":true,"href":"https:\/\/agora.xtec.cat\/ceipjoncadella\/wp-json\/wp\/v2\/users\/1"}],"replies":[{"embeddable":true,"href":"https:\/\/agora.xtec.cat\/ceipjoncadella\/wp-json\/wp\/v2\/comments?post=842"}],"version-history":[{"count":5,"href":"https:\/\/agora.xtec.cat\/ceipjoncadella\/wp-json\/wp\/v2\/pages\/842\/revisions"}],"predecessor-version":[{"id":17538,"href":"https:\/\/agora.xtec.cat\/ceipjoncadella\/wp-json\/wp\/v2\/pages\/842\/revisions\/17538"}],"wp:attachment":[{"href":"https:\/\/agora.xtec.cat\/ceipjoncadella\/wp-json\/wp\/v2\/media?parent=842"}],"curies":[{"name":"wp","href":"https:\/\/api.w.org\/{rel}","templated":true}]}}