{"id":672,"date":"2017-07-21T20:45:19","date_gmt":"2017-07-21T18:45:19","guid":{"rendered":"http:\/\/agora.xtec.cat\/ceipjoncadella\/?page_id=672"},"modified":"2026-04-19T14:19:16","modified_gmt":"2026-04-19T12:19:16","slug":"documents-de-centre","status":"publish","type":"page","link":"https:\/\/agora.xtec.cat\/ceipjoncadella\/documents-de-centre\/","title":{"rendered":"Documents de centre"},"content":{"rendered":"<p>&nbsp;<\/p>\n<table style=\"height: 682px; width: 1017px; border-style: solid; border-color: #000000; background-color: #dce0e0;\" width=\"1017\">\n<tbody>\n<tr style=\"height: 49px;\">\n<td style=\"width: 218px; height: 49px;\">\n<h5 style=\"text-align: center;\"><span style=\"color: #003366;\">\u00a0<strong>T\u00edtol<\/strong><\/span><\/h5>\n<\/td>\n<td style=\"width: 582px; height: 49px;\">\n<h5 style=\"text-align: center;\"><span style=\"color: #003366;\"><strong>Descripci\u00f3<br \/>\n<\/strong><\/span><\/h5>\n<\/td>\n<td style=\"width: 103px; text-align: center; height: 49px;\">\n<h5><span style=\"color: #003366;\"><strong>\u00a0Creat<\/strong><\/span><\/h5>\n<\/td>\n<td style=\"width: 102px; text-align: center; height: 49px;\">\n<h5><span style=\"color: #003366;\"><strong>Actualitzat<\/strong><\/span><\/h5>\n<\/td>\n<\/tr>\n<tr style=\"height: 56px;\">\n<td style=\"width: 218px; height: 21px;\">\n<h5><\/h5>\n<h5 style=\"text-align: left;\"><a href=\"https:\/\/agora.xtec.cat\/ceipjoncadella\/wp-content\/uploads\/usu1525\/2023\/11\/PEC-ESCOLA-JONCADELLA-codis-QR-1.pdf\"><span style=\"color: #003366;\"><strong><span style=\"color: #003366;\">PEC ACTUALITZAT (versi\u00f3 2)<\/span><\/strong><\/span><\/a><\/h5>\n<p>&nbsp;<\/p>\n<p><a href=\"https:\/\/agora.xtec.cat\/ceipjoncadella\/wp-content\/uploads\/usu1525\/2023\/11\/PEC-ESCOLA-JONCADELLA-codis-QR-1.pdf\"><span style=\"color: #003366;\"><strong>D\u00cdPTIC PEC<\/strong><\/span><\/a><\/p>\n<p>&nbsp;<\/td>\n<td style=\"width: 582px; text-align: center; height: 21px;\"><span style=\"color: #003366;\">El projecte educatiu de centre (PEC) \u00e9s un document que inclou els trets d\u2019identitat del centre, els principis pedag\u00f2gics i els principis organitzatius.<\/span><\/td>\n<td style=\"width: 103px; height: 21px;\">\n<p style=\"text-align: center;\"><span style=\"color: #003366;\">6 de juny de 2012<\/span><\/p>\n<\/td>\n<td style=\"width: 102px; height: 21px; text-align: center;\"><span style=\"color: #003366;\">Aprovat 15 de juny de 2023<\/span><\/td>\n<\/tr>\n<tr style=\"height: 44px;\">\n<td style=\"width: 218px; height: 44px;\">\n<h5><a href=\"https:\/\/agora.xtec.cat\/ceipjoncadella\/wp-content\/uploads\/usu1525\/2026\/04\/NOFC-aprovat-06-novembre-2024-OK.docx.pdf\"><strong><span style=\"color: #003366;\">NOFC<\/span><\/strong><\/a><\/h5>\n<p><a href=\"https:\/\/agora.xtec.cat\/ceipjoncadella\/wp-content\/uploads\/usu1525\/2024\/03\/Us-digital-al-centre-NOFC-5.pdf\"><span style=\"color: #003366;\"><strong>Addenda digital NOFC<\/strong><\/span><\/a><\/p>\n<p><a href=\"https:\/\/agora.xtec.cat\/ceipjoncadella\/wp-content\/uploads\/usu1525\/2024\/02\/Addenda-telefons-mobils-als-centres-educatius.pdf\"><strong><span style=\"color: #003366;\">Addenda tel\u00e8fons m\u00f2bils i smartwatch<\/span><\/strong><\/a><\/p>\n<p><span style=\"color: #003366;\"><a style=\"color: #003366;\" href=\"https:\/\/agora.xtec.cat\/ceipjoncadella\/wp-content\/uploads\/usu1525\/2020\/11\/ANNEX-NOFC-EN-SITUACI\u00d3-DE-PAND\u00c8MIA.docx-1.pdf\"><strong>Addenda\u00a0 NOFC en situaci\u00f3 de pand\u00e8mia<\/strong><\/a><\/span><\/td>\n<td style=\"width: 582px; text-align: center; height: 44px;\">\n<p style=\"text-align: left;\"><span style=\"color: #003366;\">La Llei d\u2019educaci\u00f3 de Catalunya (LEC) estableix que un dels principis organitzatius pel qual s\u2019ha de regir el sistema educatiu ha de ser el de l\u2019autonomia de cada centre. Aix\u00ed doncs, la present Normativa d\u2019Organitzaci\u00f3 i Funcionament de Centre ha estat elaborada per l\u2019Equip Directiu amb l\u2019aportaci\u00f3 de criteris i propostes per part del claustre docent.<\/span><\/p>\n<p style=\"text-align: left;\"><span style=\"color: #003366;\">Aprovat en sessi\u00f3 de Claustre i Consell Escolar, d\u2019acord amb la normativa vigent, el mes de gener de 2021.<\/span><\/p>\n<\/td>\n<td style=\"width: 103px; height: 44px;\">\n<p style=\"text-align: center;\"><span style=\"color: #003366;\">20 d&#8217;octubre de 2011<\/span><\/p>\n<\/td>\n<td style=\"width: 102px; height: 44px;\">\n<p style=\"text-align: center;\"><span style=\"color: #003366;\">Aprovat i actualitzat 28 gener de 2021<\/span><\/p>\n<p style=\"text-align: center;\"><span style=\"color: #003366;\">Addendes aprovades gener 2024<\/span><\/p>\n<\/td>\n<\/tr>\n<tr style=\"height: 56px;\">\n<td style=\"width: 218px; height: 56px;\">\n<h5><span style=\"color: #003366;\"><strong><a style=\"color: #003366;\" href=\"https:\/\/agora.xtec.cat\/ceipjoncadella\/wp-content\/uploads\/usu1525\/2019\/03\/Projecte-Ling\u00fc\u00edstic.pdf\">PLC<\/a><\/strong><\/span><\/h5>\n<\/td>\n<td style=\"width: 582px; text-align: center; height: 56px;\"><span style=\"color: #003366;\">Projecte Ling\u00fc\u00edstic de Centre<\/span><\/td>\n<td style=\"width: 103px; height: 56px;\"><\/td>\n<td style=\"width: 102px; height: 56px;\"><span style=\"color: #003366;\">En proc\u00e9s d&#8217;actualitzaci\u00f3<\/span><\/td>\n<\/tr>\n<tr style=\"height: 78px;\">\n<td style=\"width: 218px; height: 78px;\">\n<h5><a href=\"https:\/\/drive.google.com\/file\/d\/1qDazsPZyHzrXUPX8ey93V6L4eox8oKdH\/view?usp=sharing\"><span style=\"color: #003366;\"><strong>Projecte de Conviv\u00e8ncia<\/strong><\/span><\/a><\/h5>\n<\/td>\n<td style=\"width: 582px; text-align: center; height: 78px;\"><span style=\"color: #003366;\">Projecte de Conviv\u00e8ncia de l&#8217;escola<\/span><\/td>\n<td style=\"width: 103px; height: 78px;\">\n<p style=\"text-align: center;\"><span style=\"color: #003366;\">novembre de 2011<\/span><\/p>\n<\/td>\n<td style=\"width: 102px; height: 78px;\">\n<p style=\"text-align: center;\"><span style=\"color: #003366;\">gener de 2021-revisat octubre 2024<\/span><\/p>\n<\/td>\n<\/tr>\n<tr style=\"height: 56px;\">\n<td style=\"width: 218px; height: 56px;\">\n<h5><a href=\"https:\/\/drive.google.com\/file\/d\/1xOeoRgtBhRh34xOywAe8uAdqMh9Grerj\/view?usp=sharing\"><span style=\"color: #003366;\"><strong>Pla d&#8217;atenci\u00f3 a la Diversitat<\/strong><\/span><\/a><\/h5>\n<\/td>\n<td style=\"width: 582px; text-align: center; height: 56px;\">\n<h5><\/h5>\n<\/td>\n<td style=\"width: 103px; height: 56px;\">\n<p style=\"text-align: center;\"><span style=\"color: #003366;\">desembre 2010<\/span><\/p>\n<\/td>\n<td style=\"width: 102px; height: 56px;\">\n<p style=\"text-align: center;\"><span style=\"color: #003366;\">mar\u00e7 2020<\/span><\/p>\n<\/td>\n<\/tr>\n<tr style=\"height: 122px;\">\n<td style=\"width: 218px; height: 122px;\">\n<h5><a href=\"https:\/\/view.genial.ly\/61080dcb4b16990ddddccbb6\/interactive-content-pla-dacollida\"><span style=\"color: #003366;\"><strong>Pla d&#8217;acollida<\/strong><\/span><\/a><\/h5>\n<\/td>\n<td style=\"width: 582px; text-align: center; height: 122px;\">\n<p style=\"text-align: left;\"><span style=\"color: #003366;\">L\u2019acollida \u00e9s el conjunt sistem\u00e0tic d\u2019actituds i actuacions que el centre educatiu posa en<\/span><br \/>\n<span style=\"color: #003366;\">funcionament per acompanyar els nous membres de la comunitat educativa, o els que<\/span><br \/>\n<span style=\"color: #003366;\">s\u2019incorporen despr\u00e9s de processos d\u2019abs\u00e8ncia, en la vida i la cultura del centre i, alhora, fer-los part\u00edcips dels projectes que s\u2019hi desenvolupen.<\/span><\/p>\n<\/td>\n<td style=\"width: 103px; height: 122px;\">\n<p style=\"text-align: center;\"><span style=\"color: #003366;\">\u00a0Versi\u00f3 2<\/span><\/p>\n<p style=\"text-align: center;\"><span style=\"color: #003366;\">Curs 2019-2020<\/span><\/p>\n<\/td>\n<td style=\"width: 102px; height: 122px;\">\n<p style=\"text-align: center;\"><span style=\"color: #003366;\">\u00a0Actualitzat curs 2022-2023<\/span><\/p>\n<\/td>\n<\/tr>\n<tr>\n<td style=\"width: 218px;\">\n<h5><span style=\"color: #003366;\"><strong>Projecte coeducaci\u00f3<\/strong><\/span><\/h5>\n<\/td>\n<td style=\"width: 582px; text-align: center;\">\n<p style=\"text-align: left;\"><span style=\"color: #003366;\">Document que recull el conjunt d\u2019estrat\u00e8gies i pautes d\u2019actuaci\u00f3 que tenen com a objectiu la implementaci\u00f3 de la Coeducaci\u00f3 i la Igualtat en la pr\u00e0ctica pedag\u00f2gica del centre educatiu.<\/span><\/p>\n<\/td>\n<td style=\"width: 103px;\">\n<p style=\"text-align: center;\"><span style=\"color: #003366;\">Abril de\u00a0<\/span><span style=\"color: #003366;\">2022<\/span><\/p>\n<\/td>\n<td style=\"width: 102px;\">\n<p style=\"text-align: center;\"><span style=\"color: #003366;\">Actualitzat curs 2023-2024<\/span><\/p>\n<\/td>\n<\/tr>\n<tr>\n<td style=\"width: 218px;\">\n<h5><a href=\"https:\/\/sites.google.com\/xtec.cat\/edc-joncadella\"><span style=\"color: #003366;\"><strong>Estret\u00e8gia Digital de Centre (EDC)<\/strong><\/span><\/a><\/h5>\n<\/td>\n<td style=\"width: 582px; text-align: center;\">\n<p style=\"text-align: left;\"><span style=\"color: #003366;\"><span class=\"C9DxTc \">L&#8217;estrat\u00e8gia digital de centre (EDC) \u00e9s un document que defineix i concreta les l\u00ednies d&#8217;actuaci\u00f3 del centre que fan possible que\u00a0<\/span><span class=\"C9DxTc \">docents, alumnat i centre assoleixin la compet\u00e8ncia digital<\/span><span class=\"C9DxTc \">. Ha de tenir com a referent el Pla d&#8217;educaci\u00f3 digital de Catalunya (PEDC), on s&#8217;indica la necessitat d&#8217;assolir la fita d&#8217;una societat digitalment competent, fent \u00e8mfasi en l&#8217;equitat i tenint en compte l&#8217;evoluci\u00f3 del\u00a0<\/span><span class=\"C9DxTc \">context social i tecnol\u00f2gic<\/span><span class=\"C9DxTc \">.\u00a0<\/span><\/span><\/p>\n<\/td>\n<td style=\"width: 103px;\">\n<p style=\"text-align: center;\"><span style=\"color: #003366;\">curs 2022-2023<\/span><\/p>\n<\/td>\n<td style=\"width: 102px;\">\n<p style=\"text-align: center;\"><span style=\"color: #003366;\">Actualitzat curs 2023-2024<\/span><\/p>\n<\/td>\n<\/tr>\n<tr style=\"height: 56px;\">\n<td style=\"width: 218px; height: 56px;\">\n<h5><span style=\"color: #003366;\"><a style=\"color: #003366;\" href=\"https:\/\/agora.xtec.cat\/ceipjoncadella\/wp-content\/uploads\/usu1525\/2020\/09\/Autoritzacions-PCR-Families-.pdf\"><strong>PCR<\/strong><\/a><\/span><\/h5>\n<\/td>\n<td style=\"width: 582px; text-align: center; height: 56px;\"><span style=\"color: #003366;\">autoritzaci\u00f3 PCR<\/span><\/td>\n<td style=\"width: 103px; height: 56px; text-align: center;\"><span style=\"color: #003366;\">setembre de 2021<\/span><\/td>\n<td style=\"width: 102px; height: 56px; text-align: center;\"><\/td>\n<\/tr>\n<tr style=\"height: 44px;\">\n<td style=\"width: 218px; height: 44px;\">\n<h5><span style=\"color: #003366;\"><strong><a style=\"color: #003366;\" href=\"https:\/\/agora.xtec.cat\/ceipjoncadella\/wp-content\/uploads\/usu1525\/2019\/10\/Carta-de-comprom\u00eds-INFANTIL.pdf\">Carta de comprom\u00eds infantil<\/a><\/strong><\/span><\/h5>\n<\/td>\n<td style=\"width: 582px; text-align: center; height: 44px;\">\n<p style=\"text-align: left;\"><span style=\"color: #003366;\">La carta de comprom\u00eds educatiu \u00e9s un document que t\u00e9 com a finalitat potenciar la comunicaci\u00f3, la participaci\u00f3, la implicaci\u00f3, el comprom\u00eds i la coresponsabilitat entre els centres i les fam\u00edlies en l\u2019educaci\u00f3 d\u2019infants i joves.<\/span><\/p>\n<\/td>\n<td style=\"width: 103px; height: 44px; text-align: center;\"><span style=\"color: #003366;\">setembre de 2020<\/span><\/td>\n<td style=\"width: 102px; height: 44px; text-align: center;\"><span style=\"color: #003366;\">setembre 2021-revisat octubre 2024<\/span><\/td>\n<\/tr>\n<tr style=\"height: 44px;\">\n<td style=\"width: 218px; height: 44px;\">\n<h5><span style=\"color: #003366;\"><strong><a style=\"color: #003366;\" href=\"https:\/\/agora.xtec.cat\/ceipjoncadella\/wp-content\/uploads\/usu1525\/2019\/10\/Carta-de-comprom\u00eds-PRIMARIA.pdf\">Carta de comprom\u00eds prim\u00e0ria<\/a><\/strong><\/span><\/h5>\n<\/td>\n<td style=\"width: 582px; text-align: center; height: 44px;\"><\/td>\n<td style=\"width: 103px; height: 44px; text-align: center;\"><span style=\"color: #003366;\">setembre de 2020<\/span><\/td>\n<td style=\"width: 102px; height: 44px; text-align: center;\"><span style=\"color: #003366;\">setembre 2021-revisat octubre 2024<\/span><\/td>\n<\/tr>\n<tr style=\"height: 56px;\">\n<td style=\"width: 218px; height: 56px;\">\n<h5><span style=\"color: #003366;\"><strong>Sortida de l&#8217;escola<\/strong><\/span><\/h5>\n<\/td>\n<td style=\"width: 582px; text-align: center; height: 56px;\"><\/td>\n<td style=\"width: 103px; height: 56px; text-align: center;\"><span style=\"color: #003366;\">Setembre 2021 es tramita per l&#8217;app<\/span><\/td>\n<td style=\"width: 102px; height: 56px; text-align: center;\"><span style=\"color: #003366;\">Es revisa i s&#8217;actualitza cada curs escolar<\/span><\/td>\n<\/tr>\n<tr style=\"height: 56px;\">\n<td style=\"width: 218px; height: 56px;\">\n<h5><span style=\"color: #003366;\"><strong>Sortida pel poble o voltants<\/strong><\/span><\/h5>\n<\/td>\n<td style=\"width: 582px; text-align: center; height: 56px;\"><\/td>\n<td style=\"width: 103px; height: 56px; text-align: center;\"><span style=\"color: #003366;\">Setembre 2021 es tramita per l&#8217;app<\/span><\/td>\n<td style=\"width: 102px; height: 56px; text-align: center;\"><span style=\"color: #003366;\">Es revisa i s&#8217;actualitza cada curs escolar<\/span><\/td>\n<\/tr>\n<tr>\n<td style=\"width: 218px;\">\n<h5><span style=\"color: #003366;\"><strong>Confirmaci\u00f3 de pla\u00e7a al centre escolar<\/strong><\/span><\/h5>\n<\/td>\n<td style=\"width: 582px; text-align: center;\"><\/td>\n<td style=\"width: 103px; text-align: center;\"><span style=\"color: #003366;\">Febrer 2024 es tramita per l&#8217;app<\/span><\/td>\n<td style=\"width: 102px; text-align: center;\"><span style=\"color: #003366;\">Es revisa i s&#8217;actualitza cada curs escolar<\/span><\/td>\n<\/tr>\n<\/tbody>\n<\/table>\n<p style=\"text-align: center;\">\n","protected":false},"excerpt":{"rendered":"<p>&nbsp; \u00a0T\u00edtol Descripci\u00f3 \u00a0Creat Actualitzat PEC ACTUALITZAT (versi\u00f3 2) &nbsp; D\u00cdPTIC PEC &nbsp; El projecte educatiu de centre (PEC) \u00e9s un document que inclou els trets d\u2019identitat del centre, els principis pedag\u00f2gics i els principis organitzatius. 6 de juny de 2012 Aprovat 15 de juny de 2023 NOFC Addenda digital NOFC Addenda tel\u00e8fons m\u00f2bils i [&hellip;]<\/p>\n","protected":false},"author":1,"featured_media":0,"parent":0,"menu_order":0,"comment_status":"closed","ping_status":"closed","template":"","meta":{"_bbp_topic_count":0,"_bbp_reply_count":0,"_bbp_total_topic_count":0,"_bbp_total_reply_count":0,"_bbp_voice_count":0,"_bbp_anonymous_reply_count":0,"_bbp_topic_count_hidden":0,"_bbp_reply_count_hidden":0,"_bbp_forum_subforum_count":0,"site-sidebar-layout":"default","site-content-layout":"","ast-site-content-layout":"default","site-content-style":"default","site-sidebar-style":"default","ast-global-header-display":"","ast-banner-title-visibility":"","ast-main-header-display":"","ast-hfb-above-header-display":"","ast-hfb-below-header-display":"","ast-hfb-mobile-header-display":"","site-post-title":"","ast-breadcrumbs-content":"","ast-featured-img":"","footer-sml-layout":"","theme-transparent-header-meta":"default","adv-header-id-meta":"","stick-header-meta":"","header-above-stick-meta":"","header-main-stick-meta":"","header-below-stick-meta":"","astra-migrate-meta-layouts":"set","ast-page-background-enabled":"default","ast-page-background-meta":{"desktop":{"background-color":"var(--ast-global-color-4)","background-image":"","background-repeat":"repeat","background-position":"center center","background-size":"auto","background-attachment":"scroll","background-type":"","background-media":"","overlay-type":"","overlay-color":"","overlay-opacity":"","overlay-gradient":""},"tablet":{"background-color":"","background-image":"","background-repeat":"repeat","background-position":"center center","background-size":"auto","background-attachment":"scroll","background-type":"","background-media":"","overlay-type":"","overlay-color":"","overlay-opacity":"","overlay-gradient":""},"mobile":{"background-color":"","background-image":"","background-repeat":"repeat","background-position":"center center","background-size":"auto","background-attachment":"scroll","background-type":"","background-media":"","overlay-type":"","overlay-color":"","overlay-opacity":"","overlay-gradient":""}},"ast-content-background-meta":{"desktop":{"background-color":"var(--ast-global-color-5)","background-image":"","background-repeat":"repeat","background-position":"center center","background-size":"auto","background-attachment":"scroll","background-type":"","background-media":"","overlay-type":"","overlay-color":"","overlay-opacity":"","overlay-gradient":""},"tablet":{"background-color":"var(--ast-global-color-5)","background-image":"","background-repeat":"repeat","background-position":"center center","background-size":"auto","background-attachment":"scroll","background-type":"","background-media":"","overlay-type":"","overlay-color":"","overlay-opacity":"","overlay-gradient":""},"mobile":{"background-color":"var(--ast-global-color-5)","background-image":"","background-repeat":"repeat","background-position":"center center","background-size":"auto","background-attachment":"scroll","background-type":"","background-media":"","overlay-type":"","overlay-color":"","overlay-opacity":"","overlay-gradient":""}},"footnotes":""},"class_list":["post-672","page","type-page","status-publish","hentry"],"post_mailing_queue_ids":[],"_links":{"self":[{"href":"https:\/\/agora.xtec.cat\/ceipjoncadella\/wp-json\/wp\/v2\/pages\/672","targetHints":{"allow":["GET"]}}],"collection":[{"href":"https:\/\/agora.xtec.cat\/ceipjoncadella\/wp-json\/wp\/v2\/pages"}],"about":[{"href":"https:\/\/agora.xtec.cat\/ceipjoncadella\/wp-json\/wp\/v2\/types\/page"}],"author":[{"embeddable":true,"href":"https:\/\/agora.xtec.cat\/ceipjoncadella\/wp-json\/wp\/v2\/users\/1"}],"replies":[{"embeddable":true,"href":"https:\/\/agora.xtec.cat\/ceipjoncadella\/wp-json\/wp\/v2\/comments?post=672"}],"version-history":[{"count":9,"href":"https:\/\/agora.xtec.cat\/ceipjoncadella\/wp-json\/wp\/v2\/pages\/672\/revisions"}],"predecessor-version":[{"id":17855,"href":"https:\/\/agora.xtec.cat\/ceipjoncadella\/wp-json\/wp\/v2\/pages\/672\/revisions\/17855"}],"wp:attachment":[{"href":"https:\/\/agora.xtec.cat\/ceipjoncadella\/wp-json\/wp\/v2\/media?parent=672"}],"curies":[{"name":"wp","href":"https:\/\/api.w.org\/{rel}","templated":true}]}}