{"id":638,"date":"2017-09-19T22:41:06","date_gmt":"2017-09-19T20:41:06","guid":{"rendered":"http:\/\/agora.xtec.cat\/ceipjoncadella\/?page_id=638"},"modified":"2025-09-01T18:57:52","modified_gmt":"2025-09-01T16:57:52","slug":"equip-docent","status":"publish","type":"page","link":"https:\/\/agora.xtec.cat\/ceipjoncadella\/organigrama\/equip-docent\/","title":{"rendered":"Equip docent"},"content":{"rendered":"<p><strong>CURS 2025- 2026<\/strong><\/p>\n<p>Actualment a l&#8217;escola tenim un <a href=\"https:\/\/agora.xtec.cat\/ceipjoncadella\/wp-content\/uploads\/usu1525\/2025\/09\/tutors-especialistes-altres-professionals-CURS-25-26.pdf\">equip docent <\/a>de 28,5\u00a0 mestres\u00a0 distribu\u00efts entre prim\u00e0ria i infantil. Especialistes de prim\u00e0ria, educaci\u00f3 f\u00edsica, angl\u00e8s , m\u00fasica, educaci\u00f3 especial, personal pas i vetlladora.<\/p>\n<p>Sempre es vetlla per oferir la m\u00e0xima qualitat. Donem el\u00a0 recolzament necessari per fer front i arribar a un millor desenvolupament de l&#8217;aprenentatge de tots els infants, atenent a les seves caracter\u00edstiques.<\/p>\n","protected":false},"excerpt":{"rendered":"<p>CURS 2025- 2026 Actualment a l&#8217;escola tenim un equip docent de 28,5\u00a0 mestres\u00a0 distribu\u00efts entre prim\u00e0ria i infantil. Especialistes de prim\u00e0ria, educaci\u00f3 f\u00edsica, angl\u00e8s , m\u00fasica, educaci\u00f3 especial, personal pas i vetlladora. Sempre es vetlla per oferir la m\u00e0xima qualitat. Donem el\u00a0 recolzament necessari per fer front i arribar a un millor desenvolupament de l&#8217;aprenentatge [&hellip;]<\/p>\n","protected":false},"author":1,"featured_media":0,"parent":634,"menu_order":2,"comment_status":"closed","ping_status":"closed","template":"page-templates\/side-menu.php","meta":{"_bbp_topic_count":0,"_bbp_reply_count":0,"_bbp_total_topic_count":0,"_bbp_total_reply_count":0,"_bbp_voice_count":0,"_bbp_anonymous_reply_count":0,"_bbp_topic_count_hidden":0,"_bbp_reply_count_hidden":0,"_bbp_forum_subforum_count":0,"site-sidebar-layout":"default","site-content-layout":"","ast-site-content-layout":"","site-content-style":"default","site-sidebar-style":"default","ast-global-header-display":"","ast-banner-title-visibility":"","ast-main-header-display":"","ast-hfb-above-header-display":"","ast-hfb-below-header-display":"","ast-hfb-mobile-header-display":"","site-post-title":"","ast-breadcrumbs-content":"","ast-featured-img":"","footer-sml-layout":"","theme-transparent-header-meta":"","adv-header-id-meta":"","stick-header-meta":"","header-above-stick-meta":"","header-main-stick-meta":"","header-below-stick-meta":"","astra-migrate-meta-layouts":"default","ast-page-background-enabled":"default","ast-page-background-meta":{"desktop":{"background-color":"var(--ast-global-color-4)","background-image":"","background-repeat":"repeat","background-position":"center center","background-size":"auto","background-attachment":"scroll","background-type":"","background-media":"","overlay-type":"","overlay-color":"","overlay-opacity":"","overlay-gradient":""},"tablet":{"background-color":"","background-image":"","background-repeat":"repeat","background-position":"center center","background-size":"auto","background-attachment":"scroll","background-type":"","background-media":"","overlay-type":"","overlay-color":"","overlay-opacity":"","overlay-gradient":""},"mobile":{"background-color":"","background-image":"","background-repeat":"repeat","background-position":"center center","background-size":"auto","background-attachment":"scroll","background-type":"","background-media":"","overlay-type":"","overlay-color":"","overlay-opacity":"","overlay-gradient":""}},"ast-content-background-meta":{"desktop":{"background-color":"var(--ast-global-color-5)","background-image":"","background-repeat":"repeat","background-position":"center center","background-size":"auto","background-attachment":"scroll","background-type":"","background-media":"","overlay-type":"","overlay-color":"","overlay-opacity":"","overlay-gradient":""},"tablet":{"background-color":"var(--ast-global-color-5)","background-image":"","background-repeat":"repeat","background-position":"center center","background-size":"auto","background-attachment":"scroll","background-type":"","background-media":"","overlay-type":"","overlay-color":"","overlay-opacity":"","overlay-gradient":""},"mobile":{"background-color":"var(--ast-global-color-5)","background-image":"","background-repeat":"repeat","background-position":"center center","background-size":"auto","background-attachment":"scroll","background-type":"","background-media":"","overlay-type":"","overlay-color":"","overlay-opacity":"","overlay-gradient":""}},"footnotes":""},"class_list":["post-638","page","type-page","status-publish","hentry"],"post_mailing_queue_ids":[],"_links":{"self":[{"href":"https:\/\/agora.xtec.cat\/ceipjoncadella\/wp-json\/wp\/v2\/pages\/638","targetHints":{"allow":["GET"]}}],"collection":[{"href":"https:\/\/agora.xtec.cat\/ceipjoncadella\/wp-json\/wp\/v2\/pages"}],"about":[{"href":"https:\/\/agora.xtec.cat\/ceipjoncadella\/wp-json\/wp\/v2\/types\/page"}],"author":[{"embeddable":true,"href":"https:\/\/agora.xtec.cat\/ceipjoncadella\/wp-json\/wp\/v2\/users\/1"}],"replies":[{"embeddable":true,"href":"https:\/\/agora.xtec.cat\/ceipjoncadella\/wp-json\/wp\/v2\/comments?post=638"}],"version-history":[{"count":8,"href":"https:\/\/agora.xtec.cat\/ceipjoncadella\/wp-json\/wp\/v2\/pages\/638\/revisions"}],"predecessor-version":[{"id":17312,"href":"https:\/\/agora.xtec.cat\/ceipjoncadella\/wp-json\/wp\/v2\/pages\/638\/revisions\/17312"}],"up":[{"embeddable":true,"href":"https:\/\/agora.xtec.cat\/ceipjoncadella\/wp-json\/wp\/v2\/pages\/634"}],"wp:attachment":[{"href":"https:\/\/agora.xtec.cat\/ceipjoncadella\/wp-json\/wp\/v2\/media?parent=638"}],"curies":[{"name":"wp","href":"https:\/\/api.w.org\/{rel}","templated":true}]}}