{"id":32,"date":"2017-07-18T12:31:33","date_gmt":"2017-07-18T10:31:33","guid":{"rendered":"http:\/\/agora.xtec.cat\/ceipjoncadella\/?page_id=32"},"modified":"2025-09-01T18:46:01","modified_gmt":"2025-09-01T16:46:01","slug":"calendari-del-curs","status":"publish","type":"page","link":"https:\/\/agora.xtec.cat\/ceipjoncadella\/calendari-del-curs\/","title":{"rendered":"Calendari escolar 25-26"},"content":{"rendered":"<p><\/p>\r\n<p><strong>CALENDARI CURS 2025-2026<\/strong><\/p>\r\n<p><a href=\"https:\/\/agora.xtec.cat\/ceipjoncadella\/wp-content\/uploads\/usu1525\/2025\/09\/calendari-2025-2026-ok-ultim.jpg\"><img loading=\"lazy\" decoding=\"async\" class=\"alignnone size-full wp-image-17305\" src=\"https:\/\/agora.xtec.cat\/ceipjoncadella\/wp-content\/uploads\/usu1525\/2025\/09\/calendari-2025-2026-ok-ultim.jpg\" alt=\"\" width=\"832\" height=\"583\" srcset=\"https:\/\/agora.xtec.cat\/ceipjoncadella\/wp-content\/uploads\/usu1525\/2025\/09\/calendari-2025-2026-ok-ultim.jpg 832w, https:\/\/agora.xtec.cat\/ceipjoncadella\/wp-content\/uploads\/usu1525\/2025\/09\/calendari-2025-2026-ok-ultim-300x210.jpg 300w, https:\/\/agora.xtec.cat\/ceipjoncadella\/wp-content\/uploads\/usu1525\/2025\/09\/calendari-2025-2026-ok-ultim-768x538.jpg 768w\" sizes=\"auto, (max-width: 832px) 100vw, 832px\" \/><\/a><\/p>\r\n<h5><strong>Inici de curs<\/strong><\/h5>\r\n<p>Dilluns 8 de setembre de 2025. Mat\u00ed i tarda.<\/p>\r\n<h5><strong>Vacances<\/strong><\/h5>\r\n<p><strong>Vacances de Nadal:<\/strong> del 20 de desembre de 2025 al 7 de gener de 2026(ambd\u00f3s inclosos)<\/p>\r\n<p><strong>Vacances de Setmana Santa<\/strong>: del 30 de mar\u00e7 al 6 d\u2019abril \u00a0de 2026 (ambd\u00f3s inclosos)<\/p>\r\n<p><strong>Vacances d\u2019estiu<\/strong>: A partir del 19 de juny de 2026<\/p>\r\n<h5><strong>Dies festius de lliure disposici\u00f3 (acordats en Consell Escolar Municipal)<\/strong><\/h5>\r\n<p>Divendres 10 d&#8217;octubre de 2025<\/p>\r\n<p>Dilluns 03 de novembre de 2025<\/p>\r\n<p>Dimarts 09 de desembre de 2025<\/p>\r\n<p>Divendres 20\u00a0 de febrer de 2026<\/p>\r\n<p>Dilluns 04 de maig de 2026<\/p>\r\n<p>Dilluns 25 de maig de 2026<\/p>\r\n<p><strong>Festes locals:<\/strong><\/p>\r\n<p>21 de febrer de 2026<\/p>\r\n<p>25 de juny de 2026<\/p>\r\n<h5><strong>Jornada intensiva (Horari de 9h a 13h)<\/strong><\/h5>\r\n<p>19 de desembre de 2025<\/p>\r\n<p>Del 8 al 19 de juny de 2026 (ambd\u00f3s inclosos)<\/p>\r\n<h5><strong>Horari lectiu<\/strong><\/h5>\r\n<p>Aquest curs escolar\u00a0<strong>l&#8217;horari<\/strong> <strong>de setembre<\/strong> <strong>a juny<\/strong><strong>\u00a0 per tot l&#8217;alumna<\/strong>t \u00a0ser\u00e0:<\/p>\r\n<p>&#8211;\u00a0<strong>matins: 9 a 12:30h.<\/strong><\/p>\r\n<p>&#8211;\u00a0<strong>tardes: 15h a 16:30h<\/strong><\/p>\r\n<p>&#8211; Pels alumnes d&#8217;I3 es far\u00e0 entrada esglaonada a partir del <strong>8 i fins el 12 de setembre<\/strong>. A cada fam\u00edlia se li ha comunicat el dia que haur\u00e0 de comen\u00e7ar el seu fill o filla. Durant l\u2019entrada esglaonada l\u2019horari dels nens i nenes ser\u00e0 de\u00a0<strong>9h a 12:30h<\/strong>. Per aquest motiu,\u00a0 recomanem que la primera setmana els i les \u00a0alumnes puguin marxar a dinar a casa.<\/p>\r\n<p>&#8211; <strong>L&#8217;horari de menjador ser\u00e0 de 12:30h \u00a0a 15:00h<\/strong>.<\/p>\r\n<p>&#8211; <strong>Extraescolars<\/strong>:\u00a0 aquest curs a partir del 15 de setembre per l&#8217;alumnat d&#8217;I4 a 6\u00e8 i de l&#8217;1 d&#8217;octubre per l&#8217;alumnat I3, l&#8217;AFA oferir\u00e0 el servei d<strong>&#8216;extraescolars a les 16:30h<\/strong>: https:\/\/afajoncadella.wordpress.com\/<\/p>","protected":false},"excerpt":{"rendered":"<p>CALENDARI CURS 2025-2026 Inici de curs Dilluns 8 de setembre de 2025. Mat\u00ed i tarda. Vacances Vacances de Nadal: del 20 de desembre de 2025 al 7 de gener de 2026(ambd\u00f3s inclosos) Vacances de Setmana Santa: del 30 de mar\u00e7 al 6 d\u2019abril \u00a0de 2026 (ambd\u00f3s inclosos) Vacances d\u2019estiu: A partir del 19 de juny [&hellip;]<\/p>\n","protected":false},"author":1,"featured_media":0,"parent":0,"menu_order":6,"comment_status":"closed","ping_status":"closed","template":"page-templates\/side-menu.php","meta":{"_bbp_topic_count":0,"_bbp_reply_count":0,"_bbp_total_topic_count":0,"_bbp_total_reply_count":0,"_bbp_voice_count":0,"_bbp_anonymous_reply_count":0,"_bbp_topic_count_hidden":0,"_bbp_reply_count_hidden":0,"_bbp_forum_subforum_count":0,"site-sidebar-layout":"default","site-content-layout":"","ast-site-content-layout":"","site-content-style":"default","site-sidebar-style":"default","ast-global-header-display":"","ast-banner-title-visibility":"","ast-main-header-display":"","ast-hfb-above-header-display":"","ast-hfb-below-header-display":"","ast-hfb-mobile-header-display":"","site-post-title":"","ast-breadcrumbs-content":"","ast-featured-img":"","footer-sml-layout":"","theme-transparent-header-meta":"","adv-header-id-meta":"","stick-header-meta":"","header-above-stick-meta":"","header-main-stick-meta":"","header-below-stick-meta":"","astra-migrate-meta-layouts":"default","ast-page-background-enabled":"default","ast-page-background-meta":{"desktop":{"background-color":"var(--ast-global-color-4)","background-image":"","background-repeat":"repeat","background-position":"center center","background-size":"auto","background-attachment":"scroll","background-type":"","background-media":"","overlay-type":"","overlay-color":"","overlay-opacity":"","overlay-gradient":""},"tablet":{"background-color":"","background-image":"","background-repeat":"repeat","background-position":"center center","background-size":"auto","background-attachment":"scroll","background-type":"","background-media":"","overlay-type":"","overlay-color":"","overlay-opacity":"","overlay-gradient":""},"mobile":{"background-color":"","background-image":"","background-repeat":"repeat","background-position":"center center","background-size":"auto","background-attachment":"scroll","background-type":"","background-media":"","overlay-type":"","overlay-color":"","overlay-opacity":"","overlay-gradient":""}},"ast-content-background-meta":{"desktop":{"background-color":"var(--ast-global-color-5)","background-image":"","background-repeat":"repeat","background-position":"center center","background-size":"auto","background-attachment":"scroll","background-type":"","background-media":"","overlay-type":"","overlay-color":"","overlay-opacity":"","overlay-gradient":""},"tablet":{"background-color":"var(--ast-global-color-5)","background-image":"","background-repeat":"repeat","background-position":"center center","background-size":"auto","background-attachment":"scroll","background-type":"","background-media":"","overlay-type":"","overlay-color":"","overlay-opacity":"","overlay-gradient":""},"mobile":{"background-color":"var(--ast-global-color-5)","background-image":"","background-repeat":"repeat","background-position":"center center","background-size":"auto","background-attachment":"scroll","background-type":"","background-media":"","overlay-type":"","overlay-color":"","overlay-opacity":"","overlay-gradient":""}},"footnotes":""},"class_list":["post-32","page","type-page","status-publish","hentry"],"post_mailing_queue_ids":[],"_links":{"self":[{"href":"https:\/\/agora.xtec.cat\/ceipjoncadella\/wp-json\/wp\/v2\/pages\/32","targetHints":{"allow":["GET"]}}],"collection":[{"href":"https:\/\/agora.xtec.cat\/ceipjoncadella\/wp-json\/wp\/v2\/pages"}],"about":[{"href":"https:\/\/agora.xtec.cat\/ceipjoncadella\/wp-json\/wp\/v2\/types\/page"}],"author":[{"embeddable":true,"href":"https:\/\/agora.xtec.cat\/ceipjoncadella\/wp-json\/wp\/v2\/users\/1"}],"replies":[{"embeddable":true,"href":"https:\/\/agora.xtec.cat\/ceipjoncadella\/wp-json\/wp\/v2\/comments?post=32"}],"version-history":[{"count":7,"href":"https:\/\/agora.xtec.cat\/ceipjoncadella\/wp-json\/wp\/v2\/pages\/32\/revisions"}],"predecessor-version":[{"id":15215,"href":"https:\/\/agora.xtec.cat\/ceipjoncadella\/wp-json\/wp\/v2\/pages\/32\/revisions\/15215"}],"wp:attachment":[{"href":"https:\/\/agora.xtec.cat\/ceipjoncadella\/wp-json\/wp\/v2\/media?parent=32"}],"curies":[{"name":"wp","href":"https:\/\/api.w.org\/{rel}","templated":true}]}}