{"id":22,"date":"2017-07-21T12:19:57","date_gmt":"2017-07-21T10:19:57","guid":{"rendered":"http:\/\/agora.xtec.cat\/ceipjoncadella\/?page_id=22"},"modified":"2025-11-18T12:56:30","modified_gmt":"2025-11-18T11:56:30","slug":"lescola","status":"publish","type":"page","link":"https:\/\/agora.xtec.cat\/ceipjoncadella\/lescola\/","title":{"rendered":"L&#8217;ESCOLA"},"content":{"rendered":"<p style=\"text-align: justify;\">La nostra escola est\u00e0 situada a Sant Joan de Vilatorrada, a la comarca del Bages, a 3 Km. de Manresa, la capital de la comarca. \u00c9s un centre d&#8217;educaci\u00f3 infantil i prim\u00e0ria de doble l\u00ednia, amb un alumnat que supera per poc els 400 alumnes.<\/p>\n<p style=\"text-align: justify;\"><strong>El cam\u00ed proposat<\/strong> , sense oblidar aspectes que ja s\u2019estan duent a terme i que ja funcionen, va encaminat a:<\/p>\n<p style=\"text-align: justify;\">\u2605 Millorar <strong>l\u2019\u00e8xit escolar<\/strong>.<\/p>\n<p style=\"text-align: justify;\">\u2605La base de tot \u00e9s una bona\u00a0 <strong>comunicaci\u00f3<\/strong>, la qual ha de ser un cam\u00ed d\u2019anada i tornada per\u00a0 tenir en compte totes les opinions. Volem que <span style=\"color: #0000ff;\">tots<\/span> els membres de la comunitat educativa tinguin el sentiment de pertinen\u00e7a al col\u00b7lectiu i que ning\u00fa se\u2019n senti excl\u00f2s.<\/p>\n<p style=\"text-align: justify;\">\u2605La <strong>planificaci\u00f3 <\/strong>\u00e9s essencial. Saber d\u2019on partim, saber cap on volem anar, buscant solucions futures que estiguin al nostre abast i tenir clar de quins mitjans disposem, per donar la millor resposta d\u2019acord als criteris pedag\u00f2gics i organitzatius del centre.<\/p>\n<p style=\"text-align: justify;\">\u2605Apliquem una <strong>avaluaci\u00f3 planificada<\/strong>, hem de ser conscients de portar a terme un proc\u00e9s d\u2019 avaluaci\u00f3 formativa i sumativa basada en la reflexi\u00f3 i que ens servir\u00e0 com a motor de l\u2019acci\u00f3 directiva, per anar avan\u00e7ant en el nostre full de ruta sense perdre de vista els nostres objectius.<\/p>\n<p style=\"text-align: justify;\">\u2605<strong>Escola inclusiva, <\/strong>potenciant un ambient acollidor, afectiu i solidari on tot l\u2019alumnat se senti at\u00e8s i on es tinguin en compte les necessitats educatives i les diferents capacitats i ritmes d\u2019aprenentatge.<\/p>\n<p style=\"text-align: justify;\">\u2605Pretenem que la nostra escola sigui <strong>emocionalment intel\u00b7ligent<\/strong>. Dotant\u00a0 els\u00a0\u00a0 alumnes\u00a0\u00a0 d\u2019estrat\u00e8gies relacionades amb la consci\u00e8ncia emocional, la regulaci\u00f3 de les emocions, l\u2019autonomia personal, la compet\u00e8ncia social, i l\u2019autoestima per la vida i el benestar.<\/p>\n<p style=\"text-align: justify;\">\u2605<strong>Tecnologia a l\u2019aula. <\/strong>Potenciem l\u2019\u00fas de les noves tecnologies en la vida di\u00e0ria dels alumnes, afavorint els treballs en grup, individuals, de recerca i produccions variades, com tamb\u00e9 per donar impuls al curr\u00edculum digital mitjan\u00e7ant la rob\u00f2tica i la programaci\u00f3 inform\u00e0tica.<\/p>\n<p style=\"text-align: justify;\">La l\u00ednia de l&#8217;escola \u00e9s\u00a0 treballar per facilitar el coneixement de les innovacions pedag\u00f2giques que ens ajudin a introduir estrat\u00e8gies metodol\u00f2giques efectives, que repercuteixin en la bona formaci\u00f3 integral dels nostres alumnes, mantenint un bon clima de conviv\u00e8ncia en el claustre, portant una gesti\u00f3 organitzada, acurada i actualitzada, tot afavorint una bona relaci\u00f3 entre tots els membres de la comunitat escolar (personal docent i no docent), AMPA, altres centres escolars i institucions municipals.<\/p>\n<p>&nbsp;<\/p>\n\r\n\t<div class=\"slideshow_container slideshow_container_style-light\" style=\"height: 600px; \" data-slideshow-id=\"17595\" data-style-name=\"style-light\" data-style-version=\"2.3.1\" >\r\n\r\n\t\t\t\t\t<div class=\"slideshow_loading_icon\"><\/div>\r\n\t\t\r\n\t\t<div class=\"slideshow_content\" style=\"display: none;\">\r\n\r\n\t\t\t<div class=\"slideshow_view\">\r\n\t\t\t\t<div class=\"slideshow_slide slideshow_slide_image\">\r\n\t\t\t\t\t\t\t\t\t\t\t<img src=\"https:\/\/agora.xtec.cat\/ceipjoncadella\/wp-content\/uploads\/usu1525\/2025\/11\/Escola-1.jpeg\" alt=\"Escola\" width=\"1600\" height=\"895\" \/>\r\n\t\t\t\t\t\t\t\t\t\t<div class=\"slideshow_description_box slideshow_transparent\">\r\n\t\t\t\t\t\t<div class=\"slideshow_title\">Escola<\/div>\t\t\t\t\t\t\t\t\t\t\t<\/div>\r\n\t\t\t\t<\/div>\r\n\r\n\t\t\t\t\t\t<div style=\"clear: both;\"><\/div><\/div><div class=\"slideshow_view\">\r\n\t\t\t\t<div class=\"slideshow_slide slideshow_slide_image\">\r\n\t\t\t\t\t\t\t\t\t\t\t<img src=\"https:\/\/agora.xtec.cat\/ceipjoncadella\/wp-content\/uploads\/usu1525\/2025\/11\/Pati.jpeg\" alt=\"Pati\" width=\"1600\" height=\"900\" \/>\r\n\t\t\t\t\t\t\t\t\t\t<div class=\"slideshow_description_box slideshow_transparent\">\r\n\t\t\t\t\t\t<div class=\"slideshow_title\">Pati<\/div>\t\t\t\t\t\t\t\t\t\t\t<\/div>\r\n\t\t\t\t<\/div>\r\n\r\n\t\t\t\t\t\t<div style=\"clear: both;\"><\/div><\/div><div class=\"slideshow_view\">\r\n\t\t\t\t<div class=\"slideshow_slide slideshow_slide_image\">\r\n\t\t\t\t\t\t\t\t\t\t\t<img src=\"https:\/\/agora.xtec.cat\/ceipjoncadella\/wp-content\/uploads\/usu1525\/2025\/11\/1764068976553.jpg\" alt=\"1764068976553\" width=\"1024\" height=\"768\" \/>\r\n\t\t\t\t\t\t\t\t\t\t<div class=\"slideshow_description_box slideshow_transparent\">\r\n\t\t\t\t\t\t<div class=\"slideshow_title\">1764068976553<\/div>\t\t\t\t\t\t\t\t\t\t\t<\/div>\r\n\t\t\t\t<\/div>\r\n\r\n\t\t\t\t\t\t<div style=\"clear: both;\"><\/div><\/div><div class=\"slideshow_view\">\r\n\t\t\t\t<div class=\"slideshow_slide slideshow_slide_image\">\r\n\t\t\t\t\t\t\t\t\t\t\t<img src=\"https:\/\/agora.xtec.cat\/ceipjoncadella\/wp-content\/uploads\/usu1525\/2025\/11\/1764068261309.jpg\" alt=\"1764068261309\" width=\"2048\" height=\"1536\" \/>\r\n\t\t\t\t\t\t\t\t\t\t<div class=\"slideshow_description_box slideshow_transparent\">\r\n\t\t\t\t\t\t<div class=\"slideshow_title\">1764068261309<\/div>\t\t\t\t\t\t\t\t\t\t\t<\/div>\r\n\t\t\t\t<\/div>\r\n\r\n\t\t\t\t\t\t<div style=\"clear: both;\"><\/div><\/div>\r\n\t\t<\/div>\r\n\r\n\t\t<div class=\"slideshow_controlPanel slideshow_transparent\" style=\"display: none;\"><ul><li class=\"slideshow_togglePlay\" data-play-text=\"Visualitza\" data-pause-text=\"Pausa\"><\/li><\/ul><\/div>\r\n\r\n\t\t<div class=\"slideshow_button slideshow_previous slideshow_transparent\" role=\"button\" data-previous-text=\"Anterior\" style=\"display: none;\"><\/div>\r\n\t\t<div class=\"slideshow_button slideshow_next slideshow_transparent\" role=\"button\" data-next-text=\"Seg\u00fcent\" style=\"display: none;\"><\/div>\r\n\r\n\t\t<div class=\"slideshow_pagination\" style=\"display: none;\" data-go-to-text=\"V\u00e9s a la diapositiva\"><div class=\"slideshow_pagination_center\"><\/div><\/div>\r\n\r\n\t\t<!-- WordPress Slideshow Version 2.3.1 -->\r\n\r\n\t\t\t<\/div>\r\n\r\n\n","protected":false},"excerpt":{"rendered":"<p>La nostra escola est\u00e0 situada a Sant Joan de Vilatorrada, a la comarca del Bages, a 3 Km. de Manresa, la capital de la comarca. \u00c9s un centre d&#8217;educaci\u00f3 infantil i prim\u00e0ria de doble l\u00ednia, amb un alumnat que supera per poc els 400 alumnes. El cam\u00ed proposat , sense oblidar aspectes que ja s\u2019estan [&hellip;]<\/p>\n","protected":false},"author":1,"featured_media":0,"parent":0,"menu_order":0,"comment_status":"closed","ping_status":"closed","template":"","meta":{"_bbp_topic_count":0,"_bbp_reply_count":0,"_bbp_total_topic_count":0,"_bbp_total_reply_count":0,"_bbp_voice_count":0,"_bbp_anonymous_reply_count":0,"_bbp_topic_count_hidden":0,"_bbp_reply_count_hidden":0,"_bbp_forum_subforum_count":0,"site-sidebar-layout":"default","site-content-layout":"","ast-site-content-layout":"default","site-content-style":"default","site-sidebar-style":"default","ast-global-header-display":"","ast-banner-title-visibility":"","ast-main-header-display":"","ast-hfb-above-header-display":"","ast-hfb-below-header-display":"","ast-hfb-mobile-header-display":"","site-post-title":"","ast-breadcrumbs-content":"","ast-featured-img":"","footer-sml-layout":"","theme-transparent-header-meta":"default","adv-header-id-meta":"","stick-header-meta":"","header-above-stick-meta":"","header-main-stick-meta":"","header-below-stick-meta":"","astra-migrate-meta-layouts":"set","ast-page-background-enabled":"default","ast-page-background-meta":{"desktop":{"background-color":"var(--ast-global-color-4)","background-image":"","background-repeat":"repeat","background-position":"center center","background-size":"auto","background-attachment":"scroll","background-type":"","background-media":"","overlay-type":"","overlay-color":"","overlay-opacity":"","overlay-gradient":""},"tablet":{"background-color":"","background-image":"","background-repeat":"repeat","background-position":"center center","background-size":"auto","background-attachment":"scroll","background-type":"","background-media":"","overlay-type":"","overlay-color":"","overlay-opacity":"","overlay-gradient":""},"mobile":{"background-color":"","background-image":"","background-repeat":"repeat","background-position":"center center","background-size":"auto","background-attachment":"scroll","background-type":"","background-media":"","overlay-type":"","overlay-color":"","overlay-opacity":"","overlay-gradient":""}},"ast-content-background-meta":{"desktop":{"background-color":"var(--ast-global-color-5)","background-image":"","background-repeat":"repeat","background-position":"center center","background-size":"auto","background-attachment":"scroll","background-type":"","background-media":"","overlay-type":"","overlay-color":"","overlay-opacity":"","overlay-gradient":""},"tablet":{"background-color":"var(--ast-global-color-5)","background-image":"","background-repeat":"repeat","background-position":"center center","background-size":"auto","background-attachment":"scroll","background-type":"","background-media":"","overlay-type":"","overlay-color":"","overlay-opacity":"","overlay-gradient":""},"mobile":{"background-color":"var(--ast-global-color-5)","background-image":"","background-repeat":"repeat","background-position":"center center","background-size":"auto","background-attachment":"scroll","background-type":"","background-media":"","overlay-type":"","overlay-color":"","overlay-opacity":"","overlay-gradient":""}},"footnotes":""},"class_list":["post-22","page","type-page","status-publish","hentry"],"post_mailing_queue_ids":[],"_links":{"self":[{"href":"https:\/\/agora.xtec.cat\/ceipjoncadella\/wp-json\/wp\/v2\/pages\/22","targetHints":{"allow":["GET"]}}],"collection":[{"href":"https:\/\/agora.xtec.cat\/ceipjoncadella\/wp-json\/wp\/v2\/pages"}],"about":[{"href":"https:\/\/agora.xtec.cat\/ceipjoncadella\/wp-json\/wp\/v2\/types\/page"}],"author":[{"embeddable":true,"href":"https:\/\/agora.xtec.cat\/ceipjoncadella\/wp-json\/wp\/v2\/users\/1"}],"replies":[{"embeddable":true,"href":"https:\/\/agora.xtec.cat\/ceipjoncadella\/wp-json\/wp\/v2\/comments?post=22"}],"version-history":[{"count":7,"href":"https:\/\/agora.xtec.cat\/ceipjoncadella\/wp-json\/wp\/v2\/pages\/22\/revisions"}],"predecessor-version":[{"id":17600,"href":"https:\/\/agora.xtec.cat\/ceipjoncadella\/wp-json\/wp\/v2\/pages\/22\/revisions\/17600"}],"wp:attachment":[{"href":"https:\/\/agora.xtec.cat\/ceipjoncadella\/wp-json\/wp\/v2\/media?parent=22"}],"curies":[{"name":"wp","href":"https:\/\/api.w.org\/{rel}","templated":true}]}}