{"id":887,"date":"2022-09-08T11:08:15","date_gmt":"2022-09-08T09:08:15","guid":{"rendered":"https:\/\/agora.xtec.cat\/ceipjoaquimruyra\/?page_id=887"},"modified":"2025-12-15T12:36:17","modified_gmt":"2025-12-15T11:36:17","slug":"professorat-curs-23-24","status":"publish","type":"page","link":"https:\/\/agora.xtec.cat\/ceipjoaquimruyra\/lescola\/professorat-curs-23-24\/","title":{"rendered":"Professorat curs 25-26"},"content":{"rendered":"<p><strong>Plantilla de professorat pel curs 24-25<\/strong><\/p>\n<table style=\"border-collapse: collapse; width: 100%; height: 161px;\">\n<tbody>\n<tr style=\"height: 23px;\">\n<td style=\"width: 50%; height: 23px;\">Infantil 3A<\/td>\n<td style=\"width: 50%; height: 23px;\">Beatriz Surribas<\/td>\n<\/tr>\n<tr style=\"height: 23px;\">\n<td style=\"width: 50%; height: 23px;\">Infantil 3B<\/td>\n<td style=\"width: 50%; height: 23px;\">Clara Fern\u00e0ndez<\/td>\n<\/tr>\n<tr style=\"height: 23px;\">\n<td style=\"width: 50%; height: 23px;\">Infantil 4A<\/td>\n<td style=\"width: 50%; height: 23px;\">Visi Palacino<\/td>\n<\/tr>\n<tr style=\"height: 23px;\">\n<td style=\"width: 50%; height: 23px;\">Infantil 4B<\/td>\n<td style=\"width: 50%; height: 23px;\">Noelia S\u00e1nchez<\/td>\n<\/tr>\n<tr style=\"height: 23px;\">\n<td style=\"width: 50%; height: 23px;\">Infantil 5A<\/td>\n<td style=\"width: 50%; height: 23px;\">Susana Zarauza<\/td>\n<\/tr>\n<tr style=\"height: 23px;\">\n<td style=\"width: 50%; height: 23px;\">Infantil 5B<\/td>\n<td style=\"width: 50%; height: 23px;\">Ariadna Gonz\u00e0lez<\/td>\n<\/tr>\n<tr style=\"height: 23px;\">\n<td style=\"width: 50%; height: 23px;\">Refor\u00e7 infantil<\/td>\n<td style=\"width: 50%; height: 23px;\">Maria Millan<\/td>\n<\/tr>\n<\/tbody>\n<\/table>\n<table style=\"border-collapse: collapse; width: 100%; height: 489px;\">\n<tbody>\n<tr style=\"height: 32px;\">\n<td style=\"width: 50%; height: 32px;\">Prim\u00e0ria 1A<\/td>\n<td style=\"width: 50%; height: 32px;\">Jos\u00e9 Redondo<\/td>\n<\/tr>\n<tr style=\"height: 32px;\">\n<td style=\"width: 50%; height: 32px;\">Prim\u00e0ria 1B<\/td>\n<td style=\"width: 50%; height: 32px;\">X\u00e8nia Segura<\/td>\n<\/tr>\n<tr style=\"height: 32px;\">\n<td style=\"width: 50%; height: 32px;\">Prim\u00e0ria 2A<\/td>\n<td style=\"width: 50%; height: 32px;\">Silvana Otero<\/td>\n<\/tr>\n<tr style=\"height: 32px;\">\n<td style=\"width: 50%; height: 32px;\">Prim\u00e0ria 2B<\/td>\n<td style=\"width: 50%; height: 32px;\">Jacinto Pizarro<\/td>\n<\/tr>\n<tr style=\"height: 32px;\">\n<td style=\"width: 50%; height: 32px;\">Prim\u00e0ria 3A<\/td>\n<td style=\"width: 50%; height: 32px;\">\u00c8lia S\u00e0nchez<\/td>\n<\/tr>\n<tr style=\"height: 32px;\">\n<td style=\"width: 50%; height: 32px;\">Prim\u00e0ria 3B<\/td>\n<td style=\"width: 50%; height: 32px;\">Laia Mur<\/td>\n<\/tr>\n<tr style=\"height: 32px;\">\n<td style=\"width: 50%; height: 32px;\">Prim\u00e0ria 4A<\/td>\n<td style=\"width: 50%; height: 32px;\">Joaquin Nieto<\/td>\n<\/tr>\n<tr style=\"height: 32px;\">\n<td style=\"width: 50%; height: 32px;\">Prim\u00e0ria 4B<\/td>\n<td style=\"width: 50%; height: 32px;\">Patr\u00edcia Torn\u00e9<\/td>\n<\/tr>\n<tr style=\"height: 32px;\">\n<td style=\"width: 50%; height: 32px;\">Prim\u00e0ria 5A<\/td>\n<td style=\"width: 50%; height: 32px;\">\u00a0Mar Ojeda<\/td>\n<\/tr>\n<tr style=\"height: 32px;\">\n<td style=\"width: 50%; height: 32px;\">Prim\u00e0ria 5B<\/td>\n<td style=\"width: 50%; height: 32px;\">Neus Capdevila<\/td>\n<\/tr>\n<tr style=\"height: 31px;\">\n<td style=\"width: 50%; height: 31px;\">Prim\u00e0ria 6A<\/td>\n<td style=\"width: 50%; height: 31px;\">Judit Ruiz<\/td>\n<\/tr>\n<tr style=\"height: 23px;\">\n<td style=\"width: 50%; height: 23px;\">Prim\u00e0ria 6B<\/td>\n<td style=\"width: 50%; height: 23px;\">Noe Mart\u00ednez<\/td>\n<\/tr>\n<tr style=\"height: 46px;\">\n<td style=\"width: 50%; height: 46px;\">Refor\u00e7<\/td>\n<td style=\"width: 50%; height: 46px;\">Merc\u00e8 L\u00f3pez, Sergi Fern\u00e0ndez<\/td>\n<\/tr>\n<tr style=\"height: 23px;\">\n<td style=\"width: 50%; height: 23px;\">Atenci\u00f3 a la diversitat -EE<\/td>\n<td style=\"width: 50%; height: 23px;\">Laura Alcaraz<\/td>\n<\/tr>\n<tr style=\"height: 23px;\">\n<td style=\"width: 50%; height: 23px;\">T\u00e8cnic d&#8217;educaci\u00f3 social<\/td>\n<td style=\"width: 50%; height: 23px;\">Raquel Garc\u00eda<\/td>\n<\/tr>\n<tr style=\"height: 23px;\">\n<td style=\"width: 50%; height: 23px;\">Mestre d&#8217;educaci\u00f3 especial SIEI<\/td>\n<td style=\"width: 50%; height: 23px;\">Cristina Vicente<\/td>\n<\/tr>\n<\/tbody>\n<\/table>\n<table style=\"border-collapse: collapse; width: 100%; height: 230px;\">\n<tbody>\n<tr style=\"height: 23px;\">\n<td style=\"width: 50%; height: 23px;\">Direcci\u00f3<\/td>\n<td style=\"width: 50%; height: 23px;\">Alicia Fern\u00e1ndez<\/td>\n<\/tr>\n<tr style=\"height: 23px;\">\n<td style=\"width: 50%; height: 23px;\">Cap d&#8217;Estudis<\/td>\n<td style=\"width: 50%; height: 23px;\">Antoni G\u00f3mez<\/td>\n<\/tr>\n<tr style=\"height: 23px;\">\n<td style=\"width: 50%; height: 23px;\">Secretari<\/td>\n<td style=\"width: 50%; height: 23px;\">Oriol P\u00e9rez<\/td>\n<\/tr>\n<tr style=\"height: 23px;\">\n<td style=\"width: 50%; height: 23px;\">M\u00fasica-pl\u00e0stica<\/td>\n<td style=\"width: 50%; height: 23px;\">Estel Marin<\/td>\n<\/tr>\n<tr style=\"height: 23px;\">\n<td style=\"width: 50%; height: 23px;\">Angl\u00e8s 1<\/td>\n<td style=\"width: 50%; height: 23px;\">Hugo Bernabeu<\/td>\n<\/tr>\n<tr style=\"height: 23px;\">\n<td style=\"width: 50%; height: 23px;\">Angl\u00e8s 2<\/td>\n<td style=\"width: 50%; height: 23px;\">Adri\u00e0n Rodr\u00edguez<\/td>\n<\/tr>\n<tr style=\"height: 23px;\">\n<td style=\"width: 50%; height: 23px;\">Educaci\u00f3 F\u00edsica<\/td>\n<td style=\"width: 50%; height: 23px;\">Irene Mart\u00ednez<\/td>\n<\/tr>\n<tr style=\"height: 23px;\">\n<td style=\"width: 50%; height: 23px;\">Ensenyament globalitzat\/refor\u00e7<\/td>\n<td style=\"width: 50%; height: 23px;\">Carme Mosqueda<\/td>\n<\/tr>\n<tr style=\"height: 23px;\">\n<td style=\"width: 50%; height: 23px;\">Aula Acollida<\/td>\n<td style=\"width: 50%; height: 23px;\">Jos\u00e8 Saez<\/td>\n<\/tr>\n<tr style=\"height: 23px;\">\n<td style=\"width: 50%; height: 23px;\">Rob\u00f2tica Educativa<\/td>\n<td style=\"width: 50%; height: 23px;\">Gl\u00f2ria Aranda<\/td>\n<\/tr>\n<tr>\n<td style=\"width: 50%;\">Coordinaci\u00f3 Infantil<\/td>\n<td style=\"width: 50%;\">Mar\u00eda Millan<\/td>\n<\/tr>\n<\/tbody>\n<\/table>\n","protected":false},"excerpt":{"rendered":"<p>Plantilla de professorat pel curs 24-25 Infantil 3A Beatriz Surribas Infantil 3B Clara Fern\u00e0ndez Infantil 4A Visi Palacino Infantil 4B Noelia S\u00e1nchez Infantil 5A Susana Zarauza Infantil 5B Ariadna Gonz\u00e0lez Refor\u00e7 infantil Maria Millan Prim\u00e0ria 1A Jos\u00e9 Redondo Prim\u00e0ria 1B X\u00e8nia Segura Prim\u00e0ria 2A Silvana Otero Prim\u00e0ria 2B Jacinto Pizarro Prim\u00e0ria 3A \u00c8lia S\u00e0nchez Prim\u00e0ria [&hellip;]<\/p>\n","protected":false},"author":1,"featured_media":0,"parent":22,"menu_order":4,"comment_status":"closed","ping_status":"closed","template":"","meta":{"_bbp_topic_count":0,"_bbp_reply_count":0,"_bbp_total_topic_count":0,"_bbp_total_reply_count":0,"_bbp_voice_count":0,"_bbp_anonymous_reply_count":0,"_bbp_topic_count_hidden":0,"_bbp_reply_count_hidden":0,"_bbp_forum_subforum_count":0,"site-sidebar-layout":"default","site-content-layout":"","ast-site-content-layout":"default","site-content-style":"default","site-sidebar-style":"default","ast-global-header-display":"","ast-banner-title-visibility":"","ast-main-header-display":"","ast-hfb-above-header-display":"","ast-hfb-below-header-display":"","ast-hfb-mobile-header-display":"","site-post-title":"","ast-breadcrumbs-content":"","ast-featured-img":"","footer-sml-layout":"","theme-transparent-header-meta":"","adv-header-id-meta":"","stick-header-meta":"","header-above-stick-meta":"","header-main-stick-meta":"","header-below-stick-meta":"","astra-migrate-meta-layouts":"set","ast-page-background-enabled":"default","ast-page-background-meta":{"desktop":{"background-color":"var(--ast-global-color-4)","background-image":"","background-repeat":"repeat","background-position":"center center","background-size":"auto","background-attachment":"scroll","background-type":"","background-media":"","overlay-type":"","overlay-color":"","overlay-opacity":"","overlay-gradient":""},"tablet":{"background-color":"","background-image":"","background-repeat":"repeat","background-position":"center center","background-size":"auto","background-attachment":"scroll","background-type":"","background-media":"","overlay-type":"","overlay-color":"","overlay-opacity":"","overlay-gradient":""},"mobile":{"background-color":"","background-image":"","background-repeat":"repeat","background-position":"center center","background-size":"auto","background-attachment":"scroll","background-type":"","background-media":"","overlay-type":"","overlay-color":"","overlay-opacity":"","overlay-gradient":""}},"ast-content-background-meta":{"desktop":{"background-color":"var(--ast-global-color-5)","background-image":"","background-repeat":"repeat","background-position":"center center","background-size":"auto","background-attachment":"scroll","background-type":"","background-media":"","overlay-type":"","overlay-color":"","overlay-opacity":"","overlay-gradient":""},"tablet":{"background-color":"var(--ast-global-color-5)","background-image":"","background-repeat":"repeat","background-position":"center center","background-size":"auto","background-attachment":"scroll","background-type":"","background-media":"","overlay-type":"","overlay-color":"","overlay-opacity":"","overlay-gradient":""},"mobile":{"background-color":"var(--ast-global-color-5)","background-image":"","background-repeat":"repeat","background-position":"center center","background-size":"auto","background-attachment":"scroll","background-type":"","background-media":"","overlay-type":"","overlay-color":"","overlay-opacity":"","overlay-gradient":""}},"footnotes":""},"class_list":["post-887","page","type-page","status-publish","hentry"],"post_mailing_queue_ids":[],"_links":{"self":[{"href":"https:\/\/agora.xtec.cat\/ceipjoaquimruyra\/wp-json\/wp\/v2\/pages\/887","targetHints":{"allow":["GET"]}}],"collection":[{"href":"https:\/\/agora.xtec.cat\/ceipjoaquimruyra\/wp-json\/wp\/v2\/pages"}],"about":[{"href":"https:\/\/agora.xtec.cat\/ceipjoaquimruyra\/wp-json\/wp\/v2\/types\/page"}],"author":[{"embeddable":true,"href":"https:\/\/agora.xtec.cat\/ceipjoaquimruyra\/wp-json\/wp\/v2\/users\/1"}],"replies":[{"embeddable":true,"href":"https:\/\/agora.xtec.cat\/ceipjoaquimruyra\/wp-json\/wp\/v2\/comments?post=887"}],"version-history":[{"count":5,"href":"https:\/\/agora.xtec.cat\/ceipjoaquimruyra\/wp-json\/wp\/v2\/pages\/887\/revisions"}],"predecessor-version":[{"id":4228,"href":"https:\/\/agora.xtec.cat\/ceipjoaquimruyra\/wp-json\/wp\/v2\/pages\/887\/revisions\/4228"}],"up":[{"embeddable":true,"href":"https:\/\/agora.xtec.cat\/ceipjoaquimruyra\/wp-json\/wp\/v2\/pages\/22"}],"wp:attachment":[{"href":"https:\/\/agora.xtec.cat\/ceipjoaquimruyra\/wp-json\/wp\/v2\/media?parent=887"}],"curies":[{"name":"wp","href":"https:\/\/api.w.org\/{rel}","templated":true}]}}