{"id":882,"date":"2022-09-07T13:39:34","date_gmt":"2022-09-07T11:39:34","guid":{"rendered":"https:\/\/agora.xtec.cat\/ceipjoaquimruyra\/?page_id=882"},"modified":"2025-09-12T15:52:19","modified_gmt":"2025-09-12T13:52:19","slug":"activitats-extraescolars-2023-2024","status":"publish","type":"page","link":"https:\/\/agora.xtec.cat\/ceipjoaquimruyra\/serveis\/activitats-extraescolars-2023-2024\/","title":{"rendered":"Activitats extraescolars 2025-2026"},"content":{"rendered":"<p>Les activitats extraescolars del centre les porta l&#8217;Associaci\u00f3 Esportiva Escolar Joaquim Ruyra que va ser fundada l&#8217;any 2008.<a href=\"https:\/\/agora.xtec.cat\/ceipjoaquimruyra\/wp-content\/uploads\/usu2918\/2024\/10\/Pista2.jpg\"><img loading=\"lazy\" decoding=\"async\" class=\"alignright size-thumbnail wp-image-2268\" src=\"https:\/\/agora.xtec.cat\/ceipjoaquimruyra\/wp-content\/uploads\/usu2918\/2024\/10\/Pista2-150x150.jpg\" alt=\"\" width=\"150\" height=\"150\" srcset=\"https:\/\/agora.xtec.cat\/ceipjoaquimruyra\/wp-content\/uploads\/usu2918\/2024\/10\/Pista2-150x150.jpg 150w, https:\/\/agora.xtec.cat\/ceipjoaquimruyra\/wp-content\/uploads\/usu2918\/2024\/10\/Pista2-300x300.jpg 300w, https:\/\/agora.xtec.cat\/ceipjoaquimruyra\/wp-content\/uploads\/usu2918\/2024\/10\/Pista2-1024x1024.jpg 1024w, https:\/\/agora.xtec.cat\/ceipjoaquimruyra\/wp-content\/uploads\/usu2918\/2024\/10\/Pista2-768x768.jpg 768w, https:\/\/agora.xtec.cat\/ceipjoaquimruyra\/wp-content\/uploads\/usu2918\/2024\/10\/Pista2-1536x1536.jpg 1536w, https:\/\/agora.xtec.cat\/ceipjoaquimruyra\/wp-content\/uploads\/usu2918\/2024\/10\/Pista2.jpg 2000w\" sizes=\"auto, (max-width: 150px) 100vw, 150px\" \/><\/a><\/p>\n<p>Les activitats esportives que oferim s\u00f3n:<\/p>\n<p><a href=\"https:\/\/agora.xtec.cat\/ceipjoaquimruyra\/wp-content\/uploads\/usu2918\/2025\/06\/AEE-EXTRAESCOLARS-25-26.pdf\">AEE EXTRAESCOLARS 25-26<\/a><\/p>\n<div class=\"wp-block-button has-custom-font-size is-style-fill\" style=\"font-size: 10px !important; padding: 5px 10px !important;\"><\/div>\n<div>Els codis de les activitats per demanar la subvenci\u00f3 se us facilitaran a trav\u00e9s de CalssDojo<\/div>\n<p><strong>Recordeu el per\u00edode per demanar ajuts \u00e9s del 16 de setembre al 9 d&#8217;octubre. Podeu entrar fent click:<\/strong><\/p>\n<div class=\"wp-block-button has-custom-font-size is-style-fill\" style=\"font-size: 10px !important; padding: 3px 6px !important;\"><strong><a class=\"wp-block-button__link has-black-color has-vivid-cyan-blue-background-color has-text-color has-background has-link-color wp-element-button\" style=\"font-size: 15px !important; padding: 10px 10px !important;\" href=\"https:\/\/www.plaesportescolarbcn.cat\/ca\/subvencions_302069\"> Pla de subvencions <\/a><\/strong><\/div>\n<p>EL Pla de Barris ofereix enguany unes activitats extraescolars art\u00edstiques\u00a0 gratu\u00eftes els dimarts i els dijous a partir de les 17h.<\/p>\n<div class=\"wp-block-button has-custom-font-size is-style-fill\" style=\"font-size: 10px !important; padding: 5px 10px !important;\"><a class=\"wp-block-button__link has-black-color has-vivid-cyan-blue-background-color has-text-color has-background has-link-color wp-element-button\" style=\"font-size: 15px !important; padding: 10px 10px !important;\" href=\"https:\/\/agora.xtec.cat\/ceipjoaquimruyra\/wp-content\/uploads\/usu2918\/2023\/04\/entidad-homologada-35x7cm-pdf-_375933.pdf\"> Entitat homologada per l&#8217;Ajuntament de Barcelona <\/a><\/div>\n<div class=\"wp-block-button has-custom-font-size is-style-fill\" style=\"font-size: 30px !important; padding: 5px 10px !important;\"><a class=\"wp-block-button__link has-black-color has-vivid-cyan-blue-background-color has-text-color has-background has-link-color wp-element-button\" style=\"font-size: 15px !important; padding: 10px 10px !important;\" href=\"https:\/\/eu.docworkspace.com\/d\/sIMPg_9zhAaK8nrgG\"> PROJECTE ESPORTIU <\/a><\/div>\n","protected":false},"excerpt":{"rendered":"<p>Les activitats extraescolars del centre les porta l&#8217;Associaci\u00f3 Esportiva Escolar Joaquim Ruyra que va ser fundada l&#8217;any 2008. Les activitats esportives que oferim s\u00f3n: AEE EXTRAESCOLARS 25-26 Els codis de les activitats per demanar la subvenci\u00f3 se us facilitaran a trav\u00e9s de CalssDojo Recordeu el per\u00edode per demanar ajuts \u00e9s del 16 de setembre al [&hellip;]<\/p>\n","protected":false},"author":1,"featured_media":0,"parent":66,"menu_order":4,"comment_status":"closed","ping_status":"closed","template":"page-templates\/side-menu.php","meta":{"_bbp_topic_count":0,"_bbp_reply_count":0,"_bbp_total_topic_count":0,"_bbp_total_reply_count":0,"_bbp_voice_count":0,"_bbp_anonymous_reply_count":0,"_bbp_topic_count_hidden":0,"_bbp_reply_count_hidden":0,"_bbp_forum_subforum_count":0,"site-sidebar-layout":"default","site-content-layout":"","ast-site-content-layout":"","site-content-style":"default","site-sidebar-style":"default","ast-global-header-display":"","ast-banner-title-visibility":"","ast-main-header-display":"","ast-hfb-above-header-display":"","ast-hfb-below-header-display":"","ast-hfb-mobile-header-display":"","site-post-title":"","ast-breadcrumbs-content":"","ast-featured-img":"","footer-sml-layout":"","theme-transparent-header-meta":"","adv-header-id-meta":"","stick-header-meta":"","header-above-stick-meta":"","header-main-stick-meta":"","header-below-stick-meta":"","astra-migrate-meta-layouts":"default","ast-page-background-enabled":"default","ast-page-background-meta":{"desktop":{"background-color":"var(--ast-global-color-4)","background-image":"","background-repeat":"repeat","background-position":"center center","background-size":"auto","background-attachment":"scroll","background-type":"","background-media":"","overlay-type":"","overlay-color":"","overlay-opacity":"","overlay-gradient":""},"tablet":{"background-color":"","background-image":"","background-repeat":"repeat","background-position":"center center","background-size":"auto","background-attachment":"scroll","background-type":"","background-media":"","overlay-type":"","overlay-color":"","overlay-opacity":"","overlay-gradient":""},"mobile":{"background-color":"","background-image":"","background-repeat":"repeat","background-position":"center center","background-size":"auto","background-attachment":"scroll","background-type":"","background-media":"","overlay-type":"","overlay-color":"","overlay-opacity":"","overlay-gradient":""}},"ast-content-background-meta":{"desktop":{"background-color":"var(--ast-global-color-5)","background-image":"","background-repeat":"repeat","background-position":"center center","background-size":"auto","background-attachment":"scroll","background-type":"","background-media":"","overlay-type":"","overlay-color":"","overlay-opacity":"","overlay-gradient":""},"tablet":{"background-color":"var(--ast-global-color-5)","background-image":"","background-repeat":"repeat","background-position":"center center","background-size":"auto","background-attachment":"scroll","background-type":"","background-media":"","overlay-type":"","overlay-color":"","overlay-opacity":"","overlay-gradient":""},"mobile":{"background-color":"var(--ast-global-color-5)","background-image":"","background-repeat":"repeat","background-position":"center center","background-size":"auto","background-attachment":"scroll","background-type":"","background-media":"","overlay-type":"","overlay-color":"","overlay-opacity":"","overlay-gradient":""}},"footnotes":""},"class_list":["post-882","page","type-page","status-publish","hentry"],"post_mailing_queue_ids":[],"_links":{"self":[{"href":"https:\/\/agora.xtec.cat\/ceipjoaquimruyra\/wp-json\/wp\/v2\/pages\/882","targetHints":{"allow":["GET"]}}],"collection":[{"href":"https:\/\/agora.xtec.cat\/ceipjoaquimruyra\/wp-json\/wp\/v2\/pages"}],"about":[{"href":"https:\/\/agora.xtec.cat\/ceipjoaquimruyra\/wp-json\/wp\/v2\/types\/page"}],"author":[{"embeddable":true,"href":"https:\/\/agora.xtec.cat\/ceipjoaquimruyra\/wp-json\/wp\/v2\/users\/1"}],"replies":[{"embeddable":true,"href":"https:\/\/agora.xtec.cat\/ceipjoaquimruyra\/wp-json\/wp\/v2\/comments?post=882"}],"version-history":[{"count":6,"href":"https:\/\/agora.xtec.cat\/ceipjoaquimruyra\/wp-json\/wp\/v2\/pages\/882\/revisions"}],"predecessor-version":[{"id":4005,"href":"https:\/\/agora.xtec.cat\/ceipjoaquimruyra\/wp-json\/wp\/v2\/pages\/882\/revisions\/4005"}],"up":[{"embeddable":true,"href":"https:\/\/agora.xtec.cat\/ceipjoaquimruyra\/wp-json\/wp\/v2\/pages\/66"}],"wp:attachment":[{"href":"https:\/\/agora.xtec.cat\/ceipjoaquimruyra\/wp-json\/wp\/v2\/media?parent=882"}],"curies":[{"name":"wp","href":"https:\/\/api.w.org\/{rel}","templated":true}]}}