{"id":82,"date":"2014-09-18T14:10:51","date_gmt":"2014-09-18T13:10:51","guid":{"rendered":"http:\/\/agora.xtec.cat\/ceipjoaquimruyra\/?page_id=82"},"modified":"2026-04-24T11:54:22","modified_gmt":"2026-04-24T09:54:22","slug":"casal-destiu","status":"publish","type":"page","link":"https:\/\/agora.xtec.cat\/ceipjoaquimruyra\/serveis\/casal-destiu\/","title":{"rendered":"Casal d&#8217;estiu"},"content":{"rendered":"<p><a href=\"https:\/\/agora.xtec.cat\/ceipjoaquimruyra\/wp-content\/uploads\/usu2918\/2023\/03\/IllaFantasia.jpg\"><img loading=\"lazy\" decoding=\"async\" class=\"alignright size-full wp-image-1123\" src=\"https:\/\/agora.xtec.cat\/ceipjoaquimruyra\/wp-content\/uploads\/usu2918\/2023\/03\/IllaFantasia.jpg\" alt=\"\" width=\"299\" height=\"168\" \/><\/a><\/p>\n<p>Inscripcions del 5 al 22 de maig de 2026.<\/p>\n<p>S&#8217;haur\u00e0 de pagar el 50% del preu d&#8217;inscripci\u00f3.<\/p>\n<p>Els alumnes amb dret a\u00a0 \u00a0 subvenci\u00f3 ( van fer la demanda al gener), nom\u00e9s hauran d&#8217;abonar el 50 %del percentage no becat.<\/p>\n<p>M\u00e9s informaci\u00f3 a secretaria. Demaneu cita pr\u00e8via al tel\u00e8fon de l&#8217;escola.<\/p>\n<p>Les dates del casal d&#8217;enguany s\u00f3n des del 22 de juny fins al 24 de juliol ambd\u00f3s inclosos. L&#8217;horari \u00e9s de 9 a 16 h<\/p>\n<p>El preu per setmana amb menjador \u00e9s de 145 euros a la setmana(9-16h)<\/p>\n<p>i 71 euros a la setmana sense menjador de 9-13h.<\/p>\n<p>El casal d&#8217;estiu el porta a terme l&#8217;Associaci\u00f3 Esportiva Joaquim Ruyra.<\/p>\n<p>\u00c9s un casal homologat per l&#8217;Ajuntament de Barcelona i t\u00e9 places obertes a alumnes de fora del centre.<\/p>\n<p>Fem sortides a la platja i a l&#8217;Illa fantasia<\/p>\n","protected":false},"excerpt":{"rendered":"<p>Inscripcions del 5 al 22 de maig de 2026. S&#8217;haur\u00e0 de pagar el 50% del preu d&#8217;inscripci\u00f3. Els alumnes amb dret a\u00a0 \u00a0 subvenci\u00f3 ( van fer la demanda al gener), nom\u00e9s hauran d&#8217;abonar el 50 %del percentage no becat. M\u00e9s informaci\u00f3 a secretaria. Demaneu cita pr\u00e8via al tel\u00e8fon de l&#8217;escola. Les dates del casal [&hellip;]<\/p>\n","protected":false},"author":1,"featured_media":0,"parent":66,"menu_order":6,"comment_status":"closed","ping_status":"closed","template":"","meta":{"_bbp_topic_count":0,"_bbp_reply_count":0,"_bbp_total_topic_count":0,"_bbp_total_reply_count":0,"_bbp_voice_count":0,"_bbp_anonymous_reply_count":0,"_bbp_topic_count_hidden":0,"_bbp_reply_count_hidden":0,"_bbp_forum_subforum_count":0,"site-sidebar-layout":"default","site-content-layout":"","ast-site-content-layout":"default","site-content-style":"default","site-sidebar-style":"default","ast-global-header-display":"","ast-banner-title-visibility":"","ast-main-header-display":"","ast-hfb-above-header-display":"","ast-hfb-below-header-display":"","ast-hfb-mobile-header-display":"","site-post-title":"","ast-breadcrumbs-content":"","ast-featured-img":"","footer-sml-layout":"","theme-transparent-header-meta":"","adv-header-id-meta":"","stick-header-meta":"","header-above-stick-meta":"","header-main-stick-meta":"","header-below-stick-meta":"","astra-migrate-meta-layouts":"set","ast-page-background-enabled":"default","ast-page-background-meta":{"desktop":{"background-color":"var(--ast-global-color-4)","background-image":"","background-repeat":"repeat","background-position":"center center","background-size":"auto","background-attachment":"scroll","background-type":"","background-media":"","overlay-type":"","overlay-color":"","overlay-opacity":"","overlay-gradient":""},"tablet":{"background-color":"","background-image":"","background-repeat":"repeat","background-position":"center center","background-size":"auto","background-attachment":"scroll","background-type":"","background-media":"","overlay-type":"","overlay-color":"","overlay-opacity":"","overlay-gradient":""},"mobile":{"background-color":"","background-image":"","background-repeat":"repeat","background-position":"center center","background-size":"auto","background-attachment":"scroll","background-type":"","background-media":"","overlay-type":"","overlay-color":"","overlay-opacity":"","overlay-gradient":""}},"ast-content-background-meta":{"desktop":{"background-color":"var(--ast-global-color-5)","background-image":"","background-repeat":"repeat","background-position":"center center","background-size":"auto","background-attachment":"scroll","background-type":"","background-media":"","overlay-type":"","overlay-color":"","overlay-opacity":"","overlay-gradient":""},"tablet":{"background-color":"var(--ast-global-color-5)","background-image":"","background-repeat":"repeat","background-position":"center center","background-size":"auto","background-attachment":"scroll","background-type":"","background-media":"","overlay-type":"","overlay-color":"","overlay-opacity":"","overlay-gradient":""},"mobile":{"background-color":"var(--ast-global-color-5)","background-image":"","background-repeat":"repeat","background-position":"center center","background-size":"auto","background-attachment":"scroll","background-type":"","background-media":"","overlay-type":"","overlay-color":"","overlay-opacity":"","overlay-gradient":""}},"footnotes":""},"class_list":["post-82","page","type-page","status-publish","hentry"],"post_mailing_queue_ids":[],"_links":{"self":[{"href":"https:\/\/agora.xtec.cat\/ceipjoaquimruyra\/wp-json\/wp\/v2\/pages\/82","targetHints":{"allow":["GET"]}}],"collection":[{"href":"https:\/\/agora.xtec.cat\/ceipjoaquimruyra\/wp-json\/wp\/v2\/pages"}],"about":[{"href":"https:\/\/agora.xtec.cat\/ceipjoaquimruyra\/wp-json\/wp\/v2\/types\/page"}],"author":[{"embeddable":true,"href":"https:\/\/agora.xtec.cat\/ceipjoaquimruyra\/wp-json\/wp\/v2\/users\/1"}],"replies":[{"embeddable":true,"href":"https:\/\/agora.xtec.cat\/ceipjoaquimruyra\/wp-json\/wp\/v2\/comments?post=82"}],"version-history":[{"count":6,"href":"https:\/\/agora.xtec.cat\/ceipjoaquimruyra\/wp-json\/wp\/v2\/pages\/82\/revisions"}],"predecessor-version":[{"id":4744,"href":"https:\/\/agora.xtec.cat\/ceipjoaquimruyra\/wp-json\/wp\/v2\/pages\/82\/revisions\/4744"}],"up":[{"embeddable":true,"href":"https:\/\/agora.xtec.cat\/ceipjoaquimruyra\/wp-json\/wp\/v2\/pages\/66"}],"wp:attachment":[{"href":"https:\/\/agora.xtec.cat\/ceipjoaquimruyra\/wp-json\/wp\/v2\/media?parent=82"}],"curies":[{"name":"wp","href":"https:\/\/api.w.org\/{rel}","templated":true}]}}