{"id":71,"date":"2014-09-18T12:44:56","date_gmt":"2014-09-18T11:44:56","guid":{"rendered":"http:\/\/agora.xtec.cat\/ceipjoaquimruyra\/?page_id=71"},"modified":"2025-02-26T11:02:00","modified_gmt":"2025-02-26T10:02:00","slug":"serveis-digitals","status":"publish","type":"page","link":"https:\/\/agora.xtec.cat\/ceipjoaquimruyra\/serveis\/serveis-digitals\/","title":{"rendered":"Serveis digitals"},"content":{"rendered":"<p><a href=\"https:\/\/agora.xtec.cat\/ceipjoaquimruyra\/wp-content\/uploads\/usu2918\/2023\/03\/Ordenador.jpg\"><img loading=\"lazy\" decoding=\"async\" class=\"alignleft size-full wp-image-1117\" src=\"https:\/\/agora.xtec.cat\/ceipjoaquimruyra\/wp-content\/uploads\/usu2918\/2023\/03\/Ordenador.jpg\" alt=\"\" width=\"235\" height=\"214\" \/><\/a>L&#8217;escola t\u00e9 un domini G Suite propi &#8221; escolajoaquimruyra.com&#8221;, tots els treballadors, professorat i alumnat a partir de prim\u00e0ria disposa d&#8217;un correu electr\u00f2nic associat a aquest domini.<\/p>\n<p>El centre deixa en pr\u00e9stec tauletes Huawei media pad T5 a tot l&#8217;alumnat de\u00a0 CI i CM .<\/p>\n<p>Hem rebut del Departament d&#8217;educaci\u00f3 cromebooks per tot l&#8217;alumnat de 5\u00e8 i\u00a0 6\u00e8 de prim\u00e0ria.<\/p>\n<p>Els alumnes de Cicle superior que no disposin d&#8217;internet a casa per problemes econ\u00f2mics poden sol\u00b7licitar una MIFI de dades al centre i d&#8217;aquesta manera poder tenir acc\u00e9s a programacions i altre material digital tamb\u00e9 des de casa.<\/p>\n<p>EL professorat est\u00e0 format a l&#8217;ensenyament amb la plataforma Gsuit i en concret en classroom .<\/p>\n<p>La app\u00a0 de comunicaci\u00f3 principal amb les fam\u00edlies\u00a0 \u00e9s <a class=\"wp-block-button__link has-black-color has-vivid-cyan-blue-background-color has-text-color has-background has-link-color wp-element-button\" style=\"font-size: 15px !important; padding: 10px 10px !important;\" href=\"https:\/\/www.classdojo.com\/es-es\/\">ClassDojo<\/a> , a trav\u00e9s d&#8217;aquesta plataforma anem incrementant la comunicaci\u00f3\u00a0 de forma r\u00e0pida i eficient.<\/p>\n","protected":false},"excerpt":{"rendered":"<p>L&#8217;escola t\u00e9 un domini G Suite propi &#8221; escolajoaquimruyra.com&#8221;, tots els treballadors, professorat i alumnat a partir de prim\u00e0ria disposa d&#8217;un correu electr\u00f2nic associat a aquest domini. El centre deixa en pr\u00e9stec tauletes Huawei media pad T5 a tot l&#8217;alumnat de\u00a0 CI i CM . Hem rebut del Departament d&#8217;educaci\u00f3 cromebooks per tot l&#8217;alumnat de [&hellip;]<\/p>\n","protected":false},"author":1,"featured_media":0,"parent":66,"menu_order":1,"comment_status":"closed","ping_status":"closed","template":"page-templates\/side-menu.php","meta":{"_bbp_topic_count":0,"_bbp_reply_count":0,"_bbp_total_topic_count":0,"_bbp_total_reply_count":0,"_bbp_voice_count":0,"_bbp_anonymous_reply_count":0,"_bbp_topic_count_hidden":0,"_bbp_reply_count_hidden":0,"_bbp_forum_subforum_count":0,"site-sidebar-layout":"default","site-content-layout":"","ast-site-content-layout":"","site-content-style":"default","site-sidebar-style":"default","ast-global-header-display":"","ast-banner-title-visibility":"","ast-main-header-display":"","ast-hfb-above-header-display":"","ast-hfb-below-header-display":"","ast-hfb-mobile-header-display":"","site-post-title":"","ast-breadcrumbs-content":"","ast-featured-img":"","footer-sml-layout":"","theme-transparent-header-meta":"","adv-header-id-meta":"","stick-header-meta":"","header-above-stick-meta":"","header-main-stick-meta":"","header-below-stick-meta":"","astra-migrate-meta-layouts":"default","ast-page-background-enabled":"default","ast-page-background-meta":{"desktop":{"background-color":"var(--ast-global-color-4)","background-image":"","background-repeat":"repeat","background-position":"center center","background-size":"auto","background-attachment":"scroll","background-type":"","background-media":"","overlay-type":"","overlay-color":"","overlay-opacity":"","overlay-gradient":""},"tablet":{"background-color":"","background-image":"","background-repeat":"repeat","background-position":"center center","background-size":"auto","background-attachment":"scroll","background-type":"","background-media":"","overlay-type":"","overlay-color":"","overlay-opacity":"","overlay-gradient":""},"mobile":{"background-color":"","background-image":"","background-repeat":"repeat","background-position":"center center","background-size":"auto","background-attachment":"scroll","background-type":"","background-media":"","overlay-type":"","overlay-color":"","overlay-opacity":"","overlay-gradient":""}},"ast-content-background-meta":{"desktop":{"background-color":"var(--ast-global-color-5)","background-image":"","background-repeat":"repeat","background-position":"center center","background-size":"auto","background-attachment":"scroll","background-type":"","background-media":"","overlay-type":"","overlay-color":"","overlay-opacity":"","overlay-gradient":""},"tablet":{"background-color":"var(--ast-global-color-5)","background-image":"","background-repeat":"repeat","background-position":"center center","background-size":"auto","background-attachment":"scroll","background-type":"","background-media":"","overlay-type":"","overlay-color":"","overlay-opacity":"","overlay-gradient":""},"mobile":{"background-color":"var(--ast-global-color-5)","background-image":"","background-repeat":"repeat","background-position":"center center","background-size":"auto","background-attachment":"scroll","background-type":"","background-media":"","overlay-type":"","overlay-color":"","overlay-opacity":"","overlay-gradient":""}},"footnotes":""},"class_list":["post-71","page","type-page","status-publish","hentry"],"post_mailing_queue_ids":[],"_links":{"self":[{"href":"https:\/\/agora.xtec.cat\/ceipjoaquimruyra\/wp-json\/wp\/v2\/pages\/71","targetHints":{"allow":["GET"]}}],"collection":[{"href":"https:\/\/agora.xtec.cat\/ceipjoaquimruyra\/wp-json\/wp\/v2\/pages"}],"about":[{"href":"https:\/\/agora.xtec.cat\/ceipjoaquimruyra\/wp-json\/wp\/v2\/types\/page"}],"author":[{"embeddable":true,"href":"https:\/\/agora.xtec.cat\/ceipjoaquimruyra\/wp-json\/wp\/v2\/users\/1"}],"replies":[{"embeddable":true,"href":"https:\/\/agora.xtec.cat\/ceipjoaquimruyra\/wp-json\/wp\/v2\/comments?post=71"}],"version-history":[{"count":5,"href":"https:\/\/agora.xtec.cat\/ceipjoaquimruyra\/wp-json\/wp\/v2\/pages\/71\/revisions"}],"predecessor-version":[{"id":3133,"href":"https:\/\/agora.xtec.cat\/ceipjoaquimruyra\/wp-json\/wp\/v2\/pages\/71\/revisions\/3133"}],"up":[{"embeddable":true,"href":"https:\/\/agora.xtec.cat\/ceipjoaquimruyra\/wp-json\/wp\/v2\/pages\/66"}],"wp:attachment":[{"href":"https:\/\/agora.xtec.cat\/ceipjoaquimruyra\/wp-json\/wp\/v2\/media?parent=71"}],"curies":[{"name":"wp","href":"https:\/\/api.w.org\/{rel}","templated":true}]}}