{"id":36,"date":"2014-09-18T12:33:11","date_gmt":"2014-09-18T11:33:11","guid":{"rendered":"http:\/\/agora.xtec.cat\/ceipjoaquimruyra\/?page_id=36"},"modified":"2023-06-23T12:19:22","modified_gmt":"2023-06-23T10:19:22","slug":"material-escolar","status":"publish","type":"page","link":"https:\/\/agora.xtec.cat\/ceipjoaquimruyra\/lescola\/material-escolar\/","title":{"rendered":"Material escolar"},"content":{"rendered":"<p>Les fam\u00edlies fan una aportaci\u00f3 de 130 euros a l&#8217;any\u00a0 que enguany es veu minorada en 50 euros gr\u00e0cies al programa per la millora d&#8217;oportunitats PMOE-Proa+. En conseq\u00fc\u00e8ncia, nom\u00e9s paguen 80 euros que inclouen alguns llibres, material, sortides i \u00fas d&#8217;una tauleta interactiva individual des de 1r fins a 4t, i unes viatgeres que s&#8217;utilitzen des de P3 fins P5. Els alumnes de 5\u00e8 i 6\u00e8 utilitzen cromebooks procedents del Pla Digital del Departament d&#8217;Educaci\u00f3.<\/p>\n<p>Les col\u00f2nies, el menjador i les extraescolars van a part. Ara b\u00e9 el Consorci dona ajuts de menjador i l&#8217;Ajuntament ajuts per les extraescolars.<\/p>\n<p>El Consorci subvenciona aquestes quotes a l&#8217;alumnat considerat del Pla de Xoc i no paguen cap quota.\u00a0 Els que s\u00f3n catalogats coma vulnerables reben 40 euros m\u00e9s del programa PMOE -Proa+, amb la qual cosa nom\u00e9s han d&#8217;aportar 40 \u20ac per la quota unificada de tot el curs i 35 euros per les col\u00f2nies que tamb\u00e9 estan subvencionades, parcialment, pel programa PROA+( fons europeus).<\/p>\n<p><a href=\"https:\/\/agora.xtec.cat\/ceipjoaquimruyra\/wp-content\/uploads\/usu2918\/2023\/03\/Cromebooks-1-scaled.jpg\"><img loading=\"lazy\" decoding=\"async\" class=\"alignright size-thumbnail wp-image-1208\" src=\"https:\/\/agora.xtec.cat\/ceipjoaquimruyra\/wp-content\/uploads\/usu2918\/2023\/03\/Cromebooks-1-150x150.jpg\" alt=\"\" width=\"150\" height=\"150\" \/><\/a><\/p>\n<p>&nbsp;<\/p>\n","protected":false},"excerpt":{"rendered":"<p>Les fam\u00edlies fan una aportaci\u00f3 de 130 euros a l&#8217;any\u00a0 que enguany es veu minorada en 50 euros gr\u00e0cies al programa per la millora d&#8217;oportunitats PMOE-Proa+. En conseq\u00fc\u00e8ncia, nom\u00e9s paguen 80 euros que inclouen alguns llibres, material, sortides i \u00fas d&#8217;una tauleta interactiva individual des de 1r fins a 4t, i unes viatgeres que s&#8217;utilitzen [&hellip;]<\/p>\n","protected":false},"author":1,"featured_media":0,"parent":22,"menu_order":6,"comment_status":"closed","ping_status":"closed","template":"page-templates\/side-menu.php","meta":{"_bbp_topic_count":0,"_bbp_reply_count":0,"_bbp_total_topic_count":0,"_bbp_total_reply_count":0,"_bbp_voice_count":0,"_bbp_anonymous_reply_count":0,"_bbp_topic_count_hidden":0,"_bbp_reply_count_hidden":0,"_bbp_forum_subforum_count":0,"site-sidebar-layout":"default","site-content-layout":"","ast-site-content-layout":"","site-content-style":"default","site-sidebar-style":"default","ast-global-header-display":"","ast-banner-title-visibility":"","ast-main-header-display":"","ast-hfb-above-header-display":"","ast-hfb-below-header-display":"","ast-hfb-mobile-header-display":"","site-post-title":"","ast-breadcrumbs-content":"","ast-featured-img":"","footer-sml-layout":"","theme-transparent-header-meta":"","adv-header-id-meta":"","stick-header-meta":"","header-above-stick-meta":"","header-main-stick-meta":"","header-below-stick-meta":"","astra-migrate-meta-layouts":"default","ast-page-background-enabled":"default","ast-page-background-meta":{"desktop":{"background-color":"var(--ast-global-color-4)","background-image":"","background-repeat":"repeat","background-position":"center center","background-size":"auto","background-attachment":"scroll","background-type":"","background-media":"","overlay-type":"","overlay-color":"","overlay-opacity":"","overlay-gradient":""},"tablet":{"background-color":"","background-image":"","background-repeat":"repeat","background-position":"center center","background-size":"auto","background-attachment":"scroll","background-type":"","background-media":"","overlay-type":"","overlay-color":"","overlay-opacity":"","overlay-gradient":""},"mobile":{"background-color":"","background-image":"","background-repeat":"repeat","background-position":"center center","background-size":"auto","background-attachment":"scroll","background-type":"","background-media":"","overlay-type":"","overlay-color":"","overlay-opacity":"","overlay-gradient":""}},"ast-content-background-meta":{"desktop":{"background-color":"var(--ast-global-color-5)","background-image":"","background-repeat":"repeat","background-position":"center center","background-size":"auto","background-attachment":"scroll","background-type":"","background-media":"","overlay-type":"","overlay-color":"","overlay-opacity":"","overlay-gradient":""},"tablet":{"background-color":"var(--ast-global-color-5)","background-image":"","background-repeat":"repeat","background-position":"center center","background-size":"auto","background-attachment":"scroll","background-type":"","background-media":"","overlay-type":"","overlay-color":"","overlay-opacity":"","overlay-gradient":""},"mobile":{"background-color":"var(--ast-global-color-5)","background-image":"","background-repeat":"repeat","background-position":"center center","background-size":"auto","background-attachment":"scroll","background-type":"","background-media":"","overlay-type":"","overlay-color":"","overlay-opacity":"","overlay-gradient":""}},"footnotes":""},"class_list":["post-36","page","type-page","status-publish","hentry"],"post_mailing_queue_ids":[],"_links":{"self":[{"href":"https:\/\/agora.xtec.cat\/ceipjoaquimruyra\/wp-json\/wp\/v2\/pages\/36","targetHints":{"allow":["GET"]}}],"collection":[{"href":"https:\/\/agora.xtec.cat\/ceipjoaquimruyra\/wp-json\/wp\/v2\/pages"}],"about":[{"href":"https:\/\/agora.xtec.cat\/ceipjoaquimruyra\/wp-json\/wp\/v2\/types\/page"}],"author":[{"embeddable":true,"href":"https:\/\/agora.xtec.cat\/ceipjoaquimruyra\/wp-json\/wp\/v2\/users\/1"}],"replies":[{"embeddable":true,"href":"https:\/\/agora.xtec.cat\/ceipjoaquimruyra\/wp-json\/wp\/v2\/comments?post=36"}],"version-history":[{"count":2,"href":"https:\/\/agora.xtec.cat\/ceipjoaquimruyra\/wp-json\/wp\/v2\/pages\/36\/revisions"}],"predecessor-version":[{"id":1498,"href":"https:\/\/agora.xtec.cat\/ceipjoaquimruyra\/wp-json\/wp\/v2\/pages\/36\/revisions\/1498"}],"up":[{"embeddable":true,"href":"https:\/\/agora.xtec.cat\/ceipjoaquimruyra\/wp-json\/wp\/v2\/pages\/22"}],"wp:attachment":[{"href":"https:\/\/agora.xtec.cat\/ceipjoaquimruyra\/wp-json\/wp\/v2\/media?parent=36"}],"curies":[{"name":"wp","href":"https:\/\/api.w.org\/{rel}","templated":true}]}}