{"id":3223,"date":"2025-03-11T12:28:47","date_gmt":"2025-03-11T11:28:47","guid":{"rendered":"https:\/\/agora.xtec.cat\/ceipjoaquimruyra\/?page_id=3223"},"modified":"2025-03-11T12:32:44","modified_gmt":"2025-03-11T11:32:44","slug":"projecte-caliu-les-families-tambe-aprenem","status":"publish","type":"page","link":"https:\/\/agora.xtec.cat\/ceipjoaquimruyra\/projecte-caliu-les-families-tambe-aprenem\/","title":{"rendered":"Projecte Caliu: Les fam\u00edlies tamb\u00e9 aprenem!"},"content":{"rendered":"\n<figure class=\"wp-block-gallery has-nested-images columns-default is-cropped wp-block-gallery-1 is-layout-flex wp-block-gallery-is-layout-flex\">\n<figure class=\"wp-block-image size-large\"><a href=\"https:\/\/agora.xtec.cat\/ceipjoaquimruyra\/wp-content\/uploads\/usu2918\/2025\/03\/WhatsApp-Image-2025-03-11-at-12.14.48-PM-1-1.jpeg\"><img loading=\"lazy\" decoding=\"async\" width=\"1024\" height=\"472\" data-id=\"3224\" src=\"https:\/\/agora.xtec.cat\/ceipjoaquimruyra\/wp-content\/uploads\/usu2918\/2025\/03\/WhatsApp-Image-2025-03-11-at-12.14.48-PM-1-1-1024x472.jpeg\" alt=\"\" class=\"wp-image-3224\" srcset=\"https:\/\/agora.xtec.cat\/ceipjoaquimruyra\/wp-content\/uploads\/usu2918\/2025\/03\/WhatsApp-Image-2025-03-11-at-12.14.48-PM-1-1-1024x472.jpeg 1024w, https:\/\/agora.xtec.cat\/ceipjoaquimruyra\/wp-content\/uploads\/usu2918\/2025\/03\/WhatsApp-Image-2025-03-11-at-12.14.48-PM-1-1-300x138.jpeg 300w, https:\/\/agora.xtec.cat\/ceipjoaquimruyra\/wp-content\/uploads\/usu2918\/2025\/03\/WhatsApp-Image-2025-03-11-at-12.14.48-PM-1-1-768x354.jpeg 768w, https:\/\/agora.xtec.cat\/ceipjoaquimruyra\/wp-content\/uploads\/usu2918\/2025\/03\/WhatsApp-Image-2025-03-11-at-12.14.48-PM-1-1-1536x708.jpeg 1536w, https:\/\/agora.xtec.cat\/ceipjoaquimruyra\/wp-content\/uploads\/usu2918\/2025\/03\/WhatsApp-Image-2025-03-11-at-12.14.48-PM-1-1.jpeg 1600w\" sizes=\"auto, (max-width: 1024px) 100vw, 1024px\" \/><\/a><\/figure>\n\n\n\n<figure class=\"wp-block-image size-large\"><a href=\"https:\/\/agora.xtec.cat\/ceipjoaquimruyra\/wp-content\/uploads\/usu2918\/2025\/03\/WhatsApp-Image-2025-03-11-at-12.14.48-PM-2.jpeg\"><img loading=\"lazy\" decoding=\"async\" width=\"1024\" height=\"472\" data-id=\"3225\" src=\"https:\/\/agora.xtec.cat\/ceipjoaquimruyra\/wp-content\/uploads\/usu2918\/2025\/03\/WhatsApp-Image-2025-03-11-at-12.14.48-PM-2-1024x472.jpeg\" alt=\"\" class=\"wp-image-3225\" srcset=\"https:\/\/agora.xtec.cat\/ceipjoaquimruyra\/wp-content\/uploads\/usu2918\/2025\/03\/WhatsApp-Image-2025-03-11-at-12.14.48-PM-2-1024x472.jpeg 1024w, https:\/\/agora.xtec.cat\/ceipjoaquimruyra\/wp-content\/uploads\/usu2918\/2025\/03\/WhatsApp-Image-2025-03-11-at-12.14.48-PM-2-300x138.jpeg 300w, https:\/\/agora.xtec.cat\/ceipjoaquimruyra\/wp-content\/uploads\/usu2918\/2025\/03\/WhatsApp-Image-2025-03-11-at-12.14.48-PM-2-768x354.jpeg 768w, https:\/\/agora.xtec.cat\/ceipjoaquimruyra\/wp-content\/uploads\/usu2918\/2025\/03\/WhatsApp-Image-2025-03-11-at-12.14.48-PM-2-1536x708.jpeg 1536w, https:\/\/agora.xtec.cat\/ceipjoaquimruyra\/wp-content\/uploads\/usu2918\/2025\/03\/WhatsApp-Image-2025-03-11-at-12.14.48-PM-2.jpeg 1600w\" sizes=\"auto, (max-width: 1024px) 100vw, 1024px\" \/><\/a><\/figure>\n<\/figure>\n\n\n\n<hr class=\"wp-block-separator has-alpha-channel-opacity\"\/>\n\n\n\n<p>Aquest curs, 24-25, iniciem a l\u2019escola el Projecte Caliu!<\/p>\n\n\n\n<p>El projecte Caliu neix amb l\u2019objectiu d\u2019ensenyar les lleng\u00fces de castell\u00e0 i catal\u00e0 a les fam\u00edlies de l\u2019escola. Les classes de llengua es presenten com un espai d\u2019acollida de la llengua castellana i catalana per tal d\u2019ajudar a desenvolupar les capacitats b\u00e0siques que afavoreixin el desenvolupament individual dels participants en l\u2019entorn educatiu i al barri.<\/p>\n\n\n\n<p>A part, a trav\u00e9s d\u2019aquest projecte, apropem a les fam\u00edlies a l\u2019escola i al sistema educatiu formant part de la comunitat educativa, creant xarxa a l\u2019escola i al barri.<\/p>\n\n\n\n<p>Aquest projecte es duu a terme gr\u00e0cies a la participaci\u00f3 i col\u00b7laboraci\u00f3 de Martinet Solidari, que proporcionen una professional que dinamitza la classe.<\/p>\n\n\n\n<p>El projecte el portem a terme cada dimarts i dijous de 9.00h a 10.30h a l\u2019escola. Tamb\u00e9 disposem d\u2019un espai d\u2019acollida per aquelles fam\u00edlies que tenen infants de 0-3 anys.<\/p>\n","protected":false},"excerpt":{"rendered":"<p>Aquest curs, 24-25, iniciem a l\u2019escola el Projecte Caliu! El projecte Caliu neix amb l\u2019objectiu d\u2019ensenyar les lleng\u00fces de castell\u00e0 i catal\u00e0 a les fam\u00edlies de l\u2019escola. Les classes de llengua es presenten com un espai d\u2019acollida de la llengua castellana i catalana per tal d\u2019ajudar a desenvolupar les capacitats b\u00e0siques que afavoreixin el desenvolupament [&hellip;]<\/p>\n","protected":false},"author":17,"featured_media":0,"parent":0,"menu_order":0,"comment_status":"closed","ping_status":"close","template":"","meta":{"_bbp_topic_count":0,"_bbp_reply_count":0,"_bbp_total_topic_count":0,"_bbp_total_reply_count":0,"_bbp_voice_count":0,"_bbp_anonymous_reply_count":0,"_bbp_topic_count_hidden":0,"_bbp_reply_count_hidden":0,"_bbp_forum_subforum_count":0,"site-sidebar-layout":"default","site-content-layout":"","ast-site-content-layout":"","site-content-style":"default","site-sidebar-style":"default","ast-global-header-display":"","ast-banner-title-visibility":"","ast-main-header-display":"","ast-hfb-above-header-display":"","ast-hfb-below-header-display":"","ast-hfb-mobile-header-display":"","site-post-title":"","ast-breadcrumbs-content":"","ast-featured-img":"","footer-sml-layout":"","theme-transparent-header-meta":"","adv-header-id-meta":"","stick-header-meta":"","header-above-stick-meta":"","header-main-stick-meta":"","header-below-stick-meta":"","astra-migrate-meta-layouts":"default","ast-page-background-enabled":"default","ast-page-background-meta":{"desktop":{"background-color":"var(--ast-global-color-4)","background-image":"","background-repeat":"repeat","background-position":"center center","background-size":"auto","background-attachment":"scroll","background-type":"","background-media":"","overlay-type":"","overlay-color":"","overlay-opacity":"","overlay-gradient":""},"tablet":{"background-color":"","background-image":"","background-repeat":"repeat","background-position":"center center","background-size":"auto","background-attachment":"scroll","background-type":"","background-media":"","overlay-type":"","overlay-color":"","overlay-opacity":"","overlay-gradient":""},"mobile":{"background-color":"","background-image":"","background-repeat":"repeat","background-position":"center center","background-size":"auto","background-attachment":"scroll","background-type":"","background-media":"","overlay-type":"","overlay-color":"","overlay-opacity":"","overlay-gradient":""}},"ast-content-background-meta":{"desktop":{"background-color":"var(--ast-global-color-5)","background-image":"","background-repeat":"repeat","background-position":"center center","background-size":"auto","background-attachment":"scroll","background-type":"","background-media":"","overlay-type":"","overlay-color":"","overlay-opacity":"","overlay-gradient":""},"tablet":{"background-color":"var(--ast-global-color-5)","background-image":"","background-repeat":"repeat","background-position":"center center","background-size":"auto","background-attachment":"scroll","background-type":"","background-media":"","overlay-type":"","overlay-color":"","overlay-opacity":"","overlay-gradient":""},"mobile":{"background-color":"var(--ast-global-color-5)","background-image":"","background-repeat":"repeat","background-position":"center center","background-size":"auto","background-attachment":"scroll","background-type":"","background-media":"","overlay-type":"","overlay-color":"","overlay-opacity":"","overlay-gradient":""}},"footnotes":""},"class_list":["post-3223","page","type-page","status-publish","hentry"],"post_mailing_queue_ids":[],"_links":{"self":[{"href":"https:\/\/agora.xtec.cat\/ceipjoaquimruyra\/wp-json\/wp\/v2\/pages\/3223","targetHints":{"allow":["GET"]}}],"collection":[{"href":"https:\/\/agora.xtec.cat\/ceipjoaquimruyra\/wp-json\/wp\/v2\/pages"}],"about":[{"href":"https:\/\/agora.xtec.cat\/ceipjoaquimruyra\/wp-json\/wp\/v2\/types\/page"}],"author":[{"embeddable":true,"href":"https:\/\/agora.xtec.cat\/ceipjoaquimruyra\/wp-json\/wp\/v2\/users\/17"}],"replies":[{"embeddable":true,"href":"https:\/\/agora.xtec.cat\/ceipjoaquimruyra\/wp-json\/wp\/v2\/comments?post=3223"}],"version-history":[{"count":2,"href":"https:\/\/agora.xtec.cat\/ceipjoaquimruyra\/wp-json\/wp\/v2\/pages\/3223\/revisions"}],"predecessor-version":[{"id":3232,"href":"https:\/\/agora.xtec.cat\/ceipjoaquimruyra\/wp-json\/wp\/v2\/pages\/3223\/revisions\/3232"}],"wp:attachment":[{"href":"https:\/\/agora.xtec.cat\/ceipjoaquimruyra\/wp-json\/wp\/v2\/media?parent=3223"}],"curies":[{"name":"wp","href":"https:\/\/api.w.org\/{rel}","templated":true}]}}