{"id":28,"date":"2014-09-18T12:29:35","date_gmt":"2014-09-18T11:29:35","guid":{"rendered":"http:\/\/agora.xtec.cat\/ceipjoaquimruyra\/?page_id=28"},"modified":"2024-02-27T12:34:49","modified_gmt":"2024-02-27T11:34:49","slug":"consell-escolar","status":"publish","type":"page","link":"https:\/\/agora.xtec.cat\/ceipjoaquimruyra\/lescola\/consell-escolar\/","title":{"rendered":"Consell escolar"},"content":{"rendered":"<p><a href=\"https:\/\/agora.xtec.cat\/ceipjoaquimruyra\/wp-content\/uploads\/usu2918\/2023\/03\/Consell-Escolar.jpg\"><img loading=\"lazy\" decoding=\"async\" class=\"alignright size-full wp-image-1145\" src=\"https:\/\/agora.xtec.cat\/ceipjoaquimruyra\/wp-content\/uploads\/usu2918\/2023\/03\/Consell-Escolar.jpg\" alt=\"\" width=\"259\" height=\"194\" srcset=\"https:\/\/agora.xtec.cat\/ceipjoaquimruyra\/wp-content\/uploads\/usu2918\/2023\/03\/Consell-Escolar.jpg 259w, https:\/\/agora.xtec.cat\/ceipjoaquimruyra\/wp-content\/uploads\/usu2918\/2023\/03\/Consell-Escolar-200x150.jpg 200w\" sizes=\"auto, (max-width: 259px) 100vw, 259px\" \/><\/a><strong>Composici\u00f3 del Consell Escolar<\/strong><\/p>\n<p><strong><u>Equip directiu<\/u><\/strong><\/p>\n<p>1.-Alicia Maria Fern\u00e1ndez Otamendi<\/p>\n<p>2.-Antoni G\u00f3mez Cabezas<\/p>\n<p>3.-Oriol P\u00e9rez Art\u00e9s<\/p>\n<p><strong><u>Sector mestres<\/u><\/strong><\/p>\n<p>4.-Jos\u00e9 Antonio Redondo Aguilera<\/p>\n<p>5.-Beatriz Surribas Real<\/p>\n<p>6.-Mar Ojeda Cruz<\/p>\n<p>7.-Susana Zarauza Valcarcel<\/p>\n<p><strong><u>Sector pares i mares<\/u><\/strong><\/p>\n<p>8.-Miriam Agila Barragan \u00a0mare de Jared Balzamo<\/p>\n<p>9.-Virginia G\u00f3mez Gonz\u00e1lez \u00a0mare\u00a0 de Mohamed Rahan\u00a0 i Joussef<\/p>\n<p>10.- Sandra Barriga de los Reyes mare de\u00a0 Emanuel Gutierrez<\/p>\n<p>11.- AMPA lloc vacant, l&#8217;ampa est\u00e0 refundant-se en aquests moments i encara no ha designat ning\u00fa.<\/p>\n<p><strong><u>PAS<\/u><\/strong><\/p>\n<p>12.-Angels Cid Aulestia<\/p>\n<p><strong><u>AJUNTAMENT<\/u><\/strong><\/p>\n<p>13.-Juan Jos\u00e9 Gonz\u00e1lez ( pla\u00e7a de designaci\u00f3)<\/p>\n<p>&nbsp;<\/p>\n","protected":false},"excerpt":{"rendered":"<p>Composici\u00f3 del Consell Escolar Equip directiu 1.-Alicia Maria Fern\u00e1ndez Otamendi 2.-Antoni G\u00f3mez Cabezas 3.-Oriol P\u00e9rez Art\u00e9s Sector mestres 4.-Jos\u00e9 Antonio Redondo Aguilera 5.-Beatriz Surribas Real 6.-Mar Ojeda Cruz 7.-Susana Zarauza Valcarcel Sector pares i mares 8.-Miriam Agila Barragan \u00a0mare de Jared Balzamo 9.-Virginia G\u00f3mez Gonz\u00e1lez \u00a0mare\u00a0 de Mohamed Rahan\u00a0 i Joussef 10.- Sandra Barriga de [&hellip;]<\/p>\n","protected":false},"author":1,"featured_media":0,"parent":22,"menu_order":3,"comment_status":"closed","ping_status":"closed","template":"page-templates\/side-menu.php","meta":{"_bbp_topic_count":0,"_bbp_reply_count":0,"_bbp_total_topic_count":0,"_bbp_total_reply_count":0,"_bbp_voice_count":0,"_bbp_anonymous_reply_count":0,"_bbp_topic_count_hidden":0,"_bbp_reply_count_hidden":0,"_bbp_forum_subforum_count":0,"site-sidebar-layout":"default","site-content-layout":"","ast-site-content-layout":"","site-content-style":"default","site-sidebar-style":"default","ast-global-header-display":"","ast-banner-title-visibility":"","ast-main-header-display":"","ast-hfb-above-header-display":"","ast-hfb-below-header-display":"","ast-hfb-mobile-header-display":"","site-post-title":"","ast-breadcrumbs-content":"","ast-featured-img":"","footer-sml-layout":"","theme-transparent-header-meta":"","adv-header-id-meta":"","stick-header-meta":"","header-above-stick-meta":"","header-main-stick-meta":"","header-below-stick-meta":"","astra-migrate-meta-layouts":"default","ast-page-background-enabled":"default","ast-page-background-meta":{"desktop":{"background-color":"var(--ast-global-color-4)","background-image":"","background-repeat":"repeat","background-position":"center center","background-size":"auto","background-attachment":"scroll","background-type":"","background-media":"","overlay-type":"","overlay-color":"","overlay-opacity":"","overlay-gradient":""},"tablet":{"background-color":"","background-image":"","background-repeat":"repeat","background-position":"center center","background-size":"auto","background-attachment":"scroll","background-type":"","background-media":"","overlay-type":"","overlay-color":"","overlay-opacity":"","overlay-gradient":""},"mobile":{"background-color":"","background-image":"","background-repeat":"repeat","background-position":"center center","background-size":"auto","background-attachment":"scroll","background-type":"","background-media":"","overlay-type":"","overlay-color":"","overlay-opacity":"","overlay-gradient":""}},"ast-content-background-meta":{"desktop":{"background-color":"var(--ast-global-color-5)","background-image":"","background-repeat":"repeat","background-position":"center center","background-size":"auto","background-attachment":"scroll","background-type":"","background-media":"","overlay-type":"","overlay-color":"","overlay-opacity":"","overlay-gradient":""},"tablet":{"background-color":"var(--ast-global-color-5)","background-image":"","background-repeat":"repeat","background-position":"center center","background-size":"auto","background-attachment":"scroll","background-type":"","background-media":"","overlay-type":"","overlay-color":"","overlay-opacity":"","overlay-gradient":""},"mobile":{"background-color":"var(--ast-global-color-5)","background-image":"","background-repeat":"repeat","background-position":"center center","background-size":"auto","background-attachment":"scroll","background-type":"","background-media":"","overlay-type":"","overlay-color":"","overlay-opacity":"","overlay-gradient":""}},"footnotes":""},"class_list":["post-28","page","type-page","status-publish","hentry"],"post_mailing_queue_ids":[],"_links":{"self":[{"href":"https:\/\/agora.xtec.cat\/ceipjoaquimruyra\/wp-json\/wp\/v2\/pages\/28","targetHints":{"allow":["GET"]}}],"collection":[{"href":"https:\/\/agora.xtec.cat\/ceipjoaquimruyra\/wp-json\/wp\/v2\/pages"}],"about":[{"href":"https:\/\/agora.xtec.cat\/ceipjoaquimruyra\/wp-json\/wp\/v2\/types\/page"}],"author":[{"embeddable":true,"href":"https:\/\/agora.xtec.cat\/ceipjoaquimruyra\/wp-json\/wp\/v2\/users\/1"}],"replies":[{"embeddable":true,"href":"https:\/\/agora.xtec.cat\/ceipjoaquimruyra\/wp-json\/wp\/v2\/comments?post=28"}],"version-history":[{"count":4,"href":"https:\/\/agora.xtec.cat\/ceipjoaquimruyra\/wp-json\/wp\/v2\/pages\/28\/revisions"}],"predecessor-version":[{"id":1986,"href":"https:\/\/agora.xtec.cat\/ceipjoaquimruyra\/wp-json\/wp\/v2\/pages\/28\/revisions\/1986"}],"up":[{"embeddable":true,"href":"https:\/\/agora.xtec.cat\/ceipjoaquimruyra\/wp-json\/wp\/v2\/pages\/22"}],"wp:attachment":[{"href":"https:\/\/agora.xtec.cat\/ceipjoaquimruyra\/wp-json\/wp\/v2\/media?parent=28"}],"curies":[{"name":"wp","href":"https:\/\/api.w.org\/{rel}","templated":true}]}}