{"id":2047,"date":"2024-02-29T09:40:02","date_gmt":"2024-02-29T08:40:02","guid":{"rendered":"https:\/\/agora.xtec.cat\/ceipjoaquimruyra\/?page_id=2047"},"modified":"2025-01-13T09:55:46","modified_gmt":"2025-01-13T08:55:46","slug":"pla-dacollida-dalumnes-en-practiques","status":"publish","type":"page","link":"https:\/\/agora.xtec.cat\/ceipjoaquimruyra\/projectes\/pla-dacollida-dalumnes-en-practiques\/","title":{"rendered":"Pla d&#8217;acollida d&#8217;alumnes en pr\u00e0ctiques"},"content":{"rendered":"<p><span style=\"font-weight: 400;\">OBJECTIUS\u00a0<\/span><\/p>\n<ol>\n<li><span style=\"font-weight: 400;\"> Col\u00b7laborar amb les Universitats en la formaci\u00f3 dels nous i noves professionals de l\u2019ensenyament i aix\u00ed complementar la seva tasca.\u00a0<\/span><\/li>\n<li><span style=\"font-weight: 400;\"> Oferir als\/les estudiants el context professional per desenvolupar les seves destreses.\u00a0<\/span><\/li>\n<li><span style=\"font-weight: 400;\"> Realitzar, per part del professorat de l\u2019escola, l\u2019acompanyament del practicant\/a en el seu proc\u00e9s d\u2019aprenentatge.\u00a0<\/span><\/li>\n<li><span style=\"font-weight: 400;\"> Aprofitar, per part de l\u2019escola, les aportacions que puguin venir dels aprenents.\u00a0<\/span><\/li>\n<li><span style=\"font-weight: 400;\"> Mantenir una relaci\u00f3 directa amb el m\u00f3n universitari que ens permeti estar al dia i obri oportunitats de reforma i actualitzaci\u00f3.<\/span><\/li>\n<\/ol>\n","protected":false},"excerpt":{"rendered":"<p>OBJECTIUS\u00a0 Col\u00b7laborar amb les Universitats en la formaci\u00f3 dels nous i noves professionals de l\u2019ensenyament i aix\u00ed complementar la seva tasca.\u00a0 Oferir als\/les estudiants el context professional per desenvolupar les seves destreses.\u00a0 Realitzar, per part del professorat de l\u2019escola, l\u2019acompanyament del practicant\/a en el seu proc\u00e9s d\u2019aprenentatge.\u00a0 Aprofitar, per part de l\u2019escola, les aportacions que [&hellip;]<\/p>\n","protected":false},"author":1,"featured_media":0,"parent":1366,"menu_order":0,"comment_status":"closed","ping_status":"closed","template":"page-templates\/side-menu.php","meta":{"_bbp_topic_count":0,"_bbp_reply_count":0,"_bbp_total_topic_count":0,"_bbp_total_reply_count":0,"_bbp_voice_count":0,"_bbp_anonymous_reply_count":0,"_bbp_topic_count_hidden":0,"_bbp_reply_count_hidden":0,"_bbp_forum_subforum_count":0,"site-sidebar-layout":"default","site-content-layout":"","ast-site-content-layout":"","site-content-style":"default","site-sidebar-style":"default","ast-global-header-display":"","ast-banner-title-visibility":"","ast-main-header-display":"","ast-hfb-above-header-display":"","ast-hfb-below-header-display":"","ast-hfb-mobile-header-display":"","site-post-title":"","ast-breadcrumbs-content":"","ast-featured-img":"","footer-sml-layout":"","theme-transparent-header-meta":"","adv-header-id-meta":"","stick-header-meta":"","header-above-stick-meta":"","header-main-stick-meta":"","header-below-stick-meta":"","astra-migrate-meta-layouts":"default","ast-page-background-enabled":"default","ast-page-background-meta":{"desktop":{"background-color":"var(--ast-global-color-4)","background-image":"","background-repeat":"repeat","background-position":"center center","background-size":"auto","background-attachment":"scroll","background-type":"","background-media":"","overlay-type":"","overlay-color":"","overlay-opacity":"","overlay-gradient":""},"tablet":{"background-color":"","background-image":"","background-repeat":"repeat","background-position":"center center","background-size":"auto","background-attachment":"scroll","background-type":"","background-media":"","overlay-type":"","overlay-color":"","overlay-opacity":"","overlay-gradient":""},"mobile":{"background-color":"","background-image":"","background-repeat":"repeat","background-position":"center center","background-size":"auto","background-attachment":"scroll","background-type":"","background-media":"","overlay-type":"","overlay-color":"","overlay-opacity":"","overlay-gradient":""}},"ast-content-background-meta":{"desktop":{"background-color":"var(--ast-global-color-5)","background-image":"","background-repeat":"repeat","background-position":"center center","background-size":"auto","background-attachment":"scroll","background-type":"","background-media":"","overlay-type":"","overlay-color":"","overlay-opacity":"","overlay-gradient":""},"tablet":{"background-color":"var(--ast-global-color-5)","background-image":"","background-repeat":"repeat","background-position":"center center","background-size":"auto","background-attachment":"scroll","background-type":"","background-media":"","overlay-type":"","overlay-color":"","overlay-opacity":"","overlay-gradient":""},"mobile":{"background-color":"var(--ast-global-color-5)","background-image":"","background-repeat":"repeat","background-position":"center center","background-size":"auto","background-attachment":"scroll","background-type":"","background-media":"","overlay-type":"","overlay-color":"","overlay-opacity":"","overlay-gradient":""}},"footnotes":""},"class_list":["post-2047","page","type-page","status-publish","hentry"],"post_mailing_queue_ids":[],"_links":{"self":[{"href":"https:\/\/agora.xtec.cat\/ceipjoaquimruyra\/wp-json\/wp\/v2\/pages\/2047","targetHints":{"allow":["GET"]}}],"collection":[{"href":"https:\/\/agora.xtec.cat\/ceipjoaquimruyra\/wp-json\/wp\/v2\/pages"}],"about":[{"href":"https:\/\/agora.xtec.cat\/ceipjoaquimruyra\/wp-json\/wp\/v2\/types\/page"}],"author":[{"embeddable":true,"href":"https:\/\/agora.xtec.cat\/ceipjoaquimruyra\/wp-json\/wp\/v2\/users\/1"}],"replies":[{"embeddable":true,"href":"https:\/\/agora.xtec.cat\/ceipjoaquimruyra\/wp-json\/wp\/v2\/comments?post=2047"}],"version-history":[{"count":2,"href":"https:\/\/agora.xtec.cat\/ceipjoaquimruyra\/wp-json\/wp\/v2\/pages\/2047\/revisions"}],"predecessor-version":[{"id":2050,"href":"https:\/\/agora.xtec.cat\/ceipjoaquimruyra\/wp-json\/wp\/v2\/pages\/2047\/revisions\/2050"}],"up":[{"embeddable":true,"href":"https:\/\/agora.xtec.cat\/ceipjoaquimruyra\/wp-json\/wp\/v2\/pages\/1366"}],"wp:attachment":[{"href":"https:\/\/agora.xtec.cat\/ceipjoaquimruyra\/wp-json\/wp\/v2\/media?parent=2047"}],"curies":[{"name":"wp","href":"https:\/\/api.w.org\/{rel}","templated":true}]}}