{"id":1981,"date":"2024-02-27T12:31:10","date_gmt":"2024-02-27T11:31:10","guid":{"rendered":"https:\/\/agora.xtec.cat\/ceipjoaquimruyra\/?page_id=1981"},"modified":"2025-01-14T12:28:51","modified_gmt":"2025-01-14T11:28:51","slug":"transformem-els-patis-curs-23-24","status":"publish","type":"page","link":"https:\/\/agora.xtec.cat\/ceipjoaquimruyra\/projectes\/transformem-els-patis-curs-23-24\/","title":{"rendered":"Transformem els patis"},"content":{"rendered":"<p>Transformem els patis \u00e9s un programa impulsat per l&#8217;Ajuntament de Barcelona, a trav\u00e9s de la Direcci\u00f3 d&#8217;Educaci\u00f3, amb la col\u00b7laboraci\u00f3 de l&#8217;Institut Inf\u00e0ncia i Adolesc\u00e8ncia de Barcelona i l&#8217;Associaci\u00f3 de Mestres Rosa Sensat, que pret\u00e9n\u202fmillorar l&#8217;espai d&#8217;esbarjo i de joc\u202fperqu\u00e8 esdevingui m\u00e9s\u202fnaturalitzat, fomentar les\u202fdin\u00e0miques i relacions igualit\u00e0ries\u202fque es produeixen en aquest entorn a partir de la\u202fdiversificaci\u00f3 del joc, i\u202fpromoure els usos comunitaris\u202fcom a equipament de barri.<br \/>Es treballa perqu\u00e8 al 2030 tots els patis d\u2019educaci\u00f3 infantil, prim\u00e0ria, instituts escoles i centres d\u2019educaci\u00f3 especial de la ciutat de Barcelona siguin coeducatius, verds i comunitaris en els espais i les din\u00e0miques.<br \/>El programa t\u00e9 com a objectius:<br \/>&#8211; Recon\u00e8ixer els patis com a espais de joc per excel\u00b7l\u00e8ncia.<br \/>&#8211; Millorar la naturalitzaci\u00f3 dels patis per garantir espais de promoci\u00f3 de la salut i benestar.<br \/>&#8211; Fomentar la coeducaci\u00f3 en els patis per establir din\u00e0miques i relacions equitatives entre els infants i la<br \/>comunitat educativa.<br \/>&#8211; Preservar l\u2019espai del Pati com un espai per al joc actiu, l\u2019activitat f\u00edsica i el moviment, en conviv\u00e8ncia amb<br \/>altres tipus d\u2019activitat.<br \/>&#8211; Afavorir l&#8217;obertura dels patis a la comunitat per crear vincles amb la societat i l&#8217;entorn oferint nous espais<br \/>educatius i culturals per a tothom, de manera que el pati incorpori una intencionalitat comunit\u00e0ria.<\/p>\n\n\n<div class=\"wp-block-columns is-layout-flex wp-container-core-columns-is-layout-1 wp-block-columns-is-layout-flex\">\n<div class=\"wp-block-column is-layout-flow wp-block-column-is-layout-flow\">\n<figure class=\"wp-block-image size-large\"><a href=\"https:\/\/agora.xtec.cat\/ceipjoaquimruyra\/wp-content\/uploads\/usu2918\/2025\/01\/WhatsApp-Image-2025-01-14-at-12.25.33-PM.jpeg\"><img loading=\"lazy\" decoding=\"async\" width=\"1024\" height=\"576\" src=\"https:\/\/agora.xtec.cat\/ceipjoaquimruyra\/wp-content\/uploads\/usu2918\/2025\/01\/WhatsApp-Image-2025-01-14-at-12.25.33-PM-1024x576.jpeg\" alt=\"\" class=\"wp-image-2576\" srcset=\"https:\/\/agora.xtec.cat\/ceipjoaquimruyra\/wp-content\/uploads\/usu2918\/2025\/01\/WhatsApp-Image-2025-01-14-at-12.25.33-PM-1024x576.jpeg 1024w, https:\/\/agora.xtec.cat\/ceipjoaquimruyra\/wp-content\/uploads\/usu2918\/2025\/01\/WhatsApp-Image-2025-01-14-at-12.25.33-PM-300x169.jpeg 300w, https:\/\/agora.xtec.cat\/ceipjoaquimruyra\/wp-content\/uploads\/usu2918\/2025\/01\/WhatsApp-Image-2025-01-14-at-12.25.33-PM-768x432.jpeg 768w, https:\/\/agora.xtec.cat\/ceipjoaquimruyra\/wp-content\/uploads\/usu2918\/2025\/01\/WhatsApp-Image-2025-01-14-at-12.25.33-PM-1536x864.jpeg 1536w, https:\/\/agora.xtec.cat\/ceipjoaquimruyra\/wp-content\/uploads\/usu2918\/2025\/01\/WhatsApp-Image-2025-01-14-at-12.25.33-PM.jpeg 1920w\" sizes=\"auto, (max-width: 1024px) 100vw, 1024px\" \/><\/a><\/figure>\n<\/div>\n\n\n\n<div class=\"wp-block-column is-layout-flow wp-block-column-is-layout-flow\">\n<figure class=\"wp-block-image size-large\"><a href=\"https:\/\/agora.xtec.cat\/ceipjoaquimruyra\/wp-content\/uploads\/usu2918\/2025\/01\/WhatsApp-Image-2025-01-14-at-12.25.43-PM.jpeg\"><img loading=\"lazy\" decoding=\"async\" width=\"1024\" height=\"576\" src=\"https:\/\/agora.xtec.cat\/ceipjoaquimruyra\/wp-content\/uploads\/usu2918\/2025\/01\/WhatsApp-Image-2025-01-14-at-12.25.43-PM-1024x576.jpeg\" alt=\"\" class=\"wp-image-2575\" srcset=\"https:\/\/agora.xtec.cat\/ceipjoaquimruyra\/wp-content\/uploads\/usu2918\/2025\/01\/WhatsApp-Image-2025-01-14-at-12.25.43-PM-1024x576.jpeg 1024w, https:\/\/agora.xtec.cat\/ceipjoaquimruyra\/wp-content\/uploads\/usu2918\/2025\/01\/WhatsApp-Image-2025-01-14-at-12.25.43-PM-300x169.jpeg 300w, https:\/\/agora.xtec.cat\/ceipjoaquimruyra\/wp-content\/uploads\/usu2918\/2025\/01\/WhatsApp-Image-2025-01-14-at-12.25.43-PM-768x432.jpeg 768w, https:\/\/agora.xtec.cat\/ceipjoaquimruyra\/wp-content\/uploads\/usu2918\/2025\/01\/WhatsApp-Image-2025-01-14-at-12.25.43-PM-1536x864.jpeg 1536w, https:\/\/agora.xtec.cat\/ceipjoaquimruyra\/wp-content\/uploads\/usu2918\/2025\/01\/WhatsApp-Image-2025-01-14-at-12.25.43-PM.jpeg 1920w\" sizes=\"auto, (max-width: 1024px) 100vw, 1024px\" \/><\/a><\/figure>\n<\/div>\n<\/div>\n\n\n\n<div class=\"wp-block-columns is-layout-flex wp-container-core-columns-is-layout-2 wp-block-columns-is-layout-flex\">\n<div class=\"wp-block-column is-layout-flow wp-block-column-is-layout-flow\">\n<figure class=\"wp-block-image size-large\"><a href=\"https:\/\/agora.xtec.cat\/ceipjoaquimruyra\/wp-content\/uploads\/usu2918\/2025\/01\/WhatsApp-Image-2025-01-14-at-12.26.04-PM.jpeg\"><img loading=\"lazy\" decoding=\"async\" width=\"1024\" height=\"576\" src=\"https:\/\/agora.xtec.cat\/ceipjoaquimruyra\/wp-content\/uploads\/usu2918\/2025\/01\/WhatsApp-Image-2025-01-14-at-12.26.04-PM-1024x576.jpeg\" alt=\"\" class=\"wp-image-2577\" srcset=\"https:\/\/agora.xtec.cat\/ceipjoaquimruyra\/wp-content\/uploads\/usu2918\/2025\/01\/WhatsApp-Image-2025-01-14-at-12.26.04-PM-1024x576.jpeg 1024w, https:\/\/agora.xtec.cat\/ceipjoaquimruyra\/wp-content\/uploads\/usu2918\/2025\/01\/WhatsApp-Image-2025-01-14-at-12.26.04-PM-300x169.jpeg 300w, https:\/\/agora.xtec.cat\/ceipjoaquimruyra\/wp-content\/uploads\/usu2918\/2025\/01\/WhatsApp-Image-2025-01-14-at-12.26.04-PM-768x432.jpeg 768w, https:\/\/agora.xtec.cat\/ceipjoaquimruyra\/wp-content\/uploads\/usu2918\/2025\/01\/WhatsApp-Image-2025-01-14-at-12.26.04-PM-1536x864.jpeg 1536w, https:\/\/agora.xtec.cat\/ceipjoaquimruyra\/wp-content\/uploads\/usu2918\/2025\/01\/WhatsApp-Image-2025-01-14-at-12.26.04-PM.jpeg 1599w\" sizes=\"auto, (max-width: 1024px) 100vw, 1024px\" \/><\/a><\/figure>\n<\/div>\n\n\n\n<div class=\"wp-block-column is-layout-flow wp-block-column-is-layout-flow\">\n<figure class=\"wp-block-image size-large\"><a href=\"https:\/\/agora.xtec.cat\/ceipjoaquimruyra\/wp-content\/uploads\/usu2918\/2025\/01\/WhatsApp-Image-2025-01-14-at-12.26.29-PM.jpeg\"><img loading=\"lazy\" decoding=\"async\" width=\"1024\" height=\"576\" src=\"https:\/\/agora.xtec.cat\/ceipjoaquimruyra\/wp-content\/uploads\/usu2918\/2025\/01\/WhatsApp-Image-2025-01-14-at-12.26.29-PM-1024x576.jpeg\" alt=\"\" class=\"wp-image-2578\" srcset=\"https:\/\/agora.xtec.cat\/ceipjoaquimruyra\/wp-content\/uploads\/usu2918\/2025\/01\/WhatsApp-Image-2025-01-14-at-12.26.29-PM-1024x576.jpeg 1024w, https:\/\/agora.xtec.cat\/ceipjoaquimruyra\/wp-content\/uploads\/usu2918\/2025\/01\/WhatsApp-Image-2025-01-14-at-12.26.29-PM-300x169.jpeg 300w, https:\/\/agora.xtec.cat\/ceipjoaquimruyra\/wp-content\/uploads\/usu2918\/2025\/01\/WhatsApp-Image-2025-01-14-at-12.26.29-PM-768x432.jpeg 768w, https:\/\/agora.xtec.cat\/ceipjoaquimruyra\/wp-content\/uploads\/usu2918\/2025\/01\/WhatsApp-Image-2025-01-14-at-12.26.29-PM-1536x864.jpeg 1536w, https:\/\/agora.xtec.cat\/ceipjoaquimruyra\/wp-content\/uploads\/usu2918\/2025\/01\/WhatsApp-Image-2025-01-14-at-12.26.29-PM.jpeg 1920w\" sizes=\"auto, (max-width: 1024px) 100vw, 1024px\" \/><\/a><\/figure>\n<\/div>\n<\/div>\n","protected":false},"excerpt":{"rendered":"<p>Transformem els patis \u00e9s un programa impulsat per l&#8217;Ajuntament de Barcelona, a trav\u00e9s de la Direcci\u00f3 d&#8217;Educaci\u00f3, amb la col\u00b7laboraci\u00f3 de l&#8217;Institut Inf\u00e0ncia i Adolesc\u00e8ncia de Barcelona i l&#8217;Associaci\u00f3 de Mestres Rosa Sensat, que pret\u00e9n\u202fmillorar l&#8217;espai d&#8217;esbarjo i de joc\u202fperqu\u00e8 esdevingui m\u00e9s\u202fnaturalitzat, fomentar les\u202fdin\u00e0miques i relacions igualit\u00e0ries\u202fque es produeixen en aquest entorn a partir de [&hellip;]<\/p>\n","protected":false},"author":1,"featured_media":0,"parent":1366,"menu_order":0,"comment_status":"closed","ping_status":"closed","template":"page-templates\/side-menu.php","meta":{"_bbp_topic_count":0,"_bbp_reply_count":0,"_bbp_total_topic_count":0,"_bbp_total_reply_count":0,"_bbp_voice_count":0,"_bbp_anonymous_reply_count":0,"_bbp_topic_count_hidden":0,"_bbp_reply_count_hidden":0,"_bbp_forum_subforum_count":0,"site-sidebar-layout":"default","site-content-layout":"","ast-site-content-layout":"","site-content-style":"default","site-sidebar-style":"default","ast-global-header-display":"","ast-banner-title-visibility":"","ast-main-header-display":"","ast-hfb-above-header-display":"","ast-hfb-below-header-display":"","ast-hfb-mobile-header-display":"","site-post-title":"","ast-breadcrumbs-content":"","ast-featured-img":"","footer-sml-layout":"","theme-transparent-header-meta":"","adv-header-id-meta":"","stick-header-meta":"","header-above-stick-meta":"","header-main-stick-meta":"","header-below-stick-meta":"","astra-migrate-meta-layouts":"default","ast-page-background-enabled":"default","ast-page-background-meta":{"desktop":{"background-color":"var(--ast-global-color-4)","background-image":"","background-repeat":"repeat","background-position":"center center","background-size":"auto","background-attachment":"scroll","background-type":"","background-media":"","overlay-type":"","overlay-color":"","overlay-opacity":"","overlay-gradient":""},"tablet":{"background-color":"","background-image":"","background-repeat":"repeat","background-position":"center center","background-size":"auto","background-attachment":"scroll","background-type":"","background-media":"","overlay-type":"","overlay-color":"","overlay-opacity":"","overlay-gradient":""},"mobile":{"background-color":"","background-image":"","background-repeat":"repeat","background-position":"center center","background-size":"auto","background-attachment":"scroll","background-type":"","background-media":"","overlay-type":"","overlay-color":"","overlay-opacity":"","overlay-gradient":""}},"ast-content-background-meta":{"desktop":{"background-color":"var(--ast-global-color-5)","background-image":"","background-repeat":"repeat","background-position":"center center","background-size":"auto","background-attachment":"scroll","background-type":"","background-media":"","overlay-type":"","overlay-color":"","overlay-opacity":"","overlay-gradient":""},"tablet":{"background-color":"var(--ast-global-color-5)","background-image":"","background-repeat":"repeat","background-position":"center center","background-size":"auto","background-attachment":"scroll","background-type":"","background-media":"","overlay-type":"","overlay-color":"","overlay-opacity":"","overlay-gradient":""},"mobile":{"background-color":"var(--ast-global-color-5)","background-image":"","background-repeat":"repeat","background-position":"center center","background-size":"auto","background-attachment":"scroll","background-type":"","background-media":"","overlay-type":"","overlay-color":"","overlay-opacity":"","overlay-gradient":""}},"footnotes":""},"class_list":["post-1981","page","type-page","status-publish","hentry"],"post_mailing_queue_ids":[],"_links":{"self":[{"href":"https:\/\/agora.xtec.cat\/ceipjoaquimruyra\/wp-json\/wp\/v2\/pages\/1981","targetHints":{"allow":["GET"]}}],"collection":[{"href":"https:\/\/agora.xtec.cat\/ceipjoaquimruyra\/wp-json\/wp\/v2\/pages"}],"about":[{"href":"https:\/\/agora.xtec.cat\/ceipjoaquimruyra\/wp-json\/wp\/v2\/types\/page"}],"author":[{"embeddable":true,"href":"https:\/\/agora.xtec.cat\/ceipjoaquimruyra\/wp-json\/wp\/v2\/users\/1"}],"replies":[{"embeddable":true,"href":"https:\/\/agora.xtec.cat\/ceipjoaquimruyra\/wp-json\/wp\/v2\/comments?post=1981"}],"version-history":[{"count":4,"href":"https:\/\/agora.xtec.cat\/ceipjoaquimruyra\/wp-json\/wp\/v2\/pages\/1981\/revisions"}],"predecessor-version":[{"id":2580,"href":"https:\/\/agora.xtec.cat\/ceipjoaquimruyra\/wp-json\/wp\/v2\/pages\/1981\/revisions\/2580"}],"up":[{"embeddable":true,"href":"https:\/\/agora.xtec.cat\/ceipjoaquimruyra\/wp-json\/wp\/v2\/pages\/1366"}],"wp:attachment":[{"href":"https:\/\/agora.xtec.cat\/ceipjoaquimruyra\/wp-json\/wp\/v2\/media?parent=1981"}],"curies":[{"name":"wp","href":"https:\/\/api.w.org\/{rel}","templated":true}]}}